{"id":13523,"date":"2025-07-18T03:30:00","date_gmt":"2025-07-18T03:30:00","guid":{"rendered":"https:\/\/hanwuji.shengjit.com\/?page_id=13523"},"modified":"2025-07-29T10:52:12","modified_gmt":"2025-07-29T10:52:12","slug":"haufig-faqs","status":"publish","type":"page","link":"https:\/\/keylessbest.com\/de\/haufig-faqs\/","title":{"rendered":"FAQ\u2019s"},"content":{"rendered":"<div data-elementor-type=\"wp-page\" data-elementor-id=\"13523\" class=\"elementor elementor-13523\" data-elementor-post-type=\"page\">\n\t\t\t\t<div class=\"elementor-element elementor-element-8c36c7c e-flex e-con-boxed e-con e-parent\" data-id=\"8c36c7c\" data-element_type=\"container\">\n\t\t\t\t\t<div class=\"e-con-inner\">\n\t\t\t\t<div class=\"elementor-element elementor-element-88c91b6 elementor-widget elementor-widget-heading\" data-id=\"88c91b6\" data-element_type=\"widget\" data-widget_type=\"heading.default\">\n\t\t\t\t\t<h2 class=\"elementor-heading-title elementor-size-default\">F: Frage, welchen Schl\u00fcsselanh\u00e4nger Sie ben\u00f6tigen? <\/h2>\t\t\t\t<\/div>\n\t\t\t\t<div class=\"elementor-element elementor-element-ee6740e elementor-widget elementor-widget-text-editor\" data-id=\"ee6740e\" data-element_type=\"widget\" data-widget_type=\"text-editor.default\">\n\t\t\t\t\t\t\t\t\t<p>A: Wir haben den Prozess f\u00fcr Sie vereinfacht. Suchen Sie einfach anhand des Baujahrs, der Marke und des Modells Ihres Fahrzeugs. Falls Ihre Suche mehrere Schl\u00fcsselanh\u00e4nger-Optionen ergibt, vergleichen Sie einfach das Tastenlayout Ihres aktuellen Fernbedienung mit denen in den Suchergebnissen. Und selbst wenn Sie den falschen w\u00e4hlen, besteht eine hohe Wahrscheinlichkeit, dass einer der aufgef\u00fchrten Schl\u00fcsselanh\u00e4nger trotzdem mit Ihrem Fahrzeug kompatibel ist.<\/p>\t\t\t\t\t\t\t\t<\/div>\n\t\t\t\t\t<\/div>\n\t\t\t\t<\/div>\n\t\t<div class=\"elementor-element elementor-element-98463d3 e-flex e-con-boxed e-con e-parent\" data-id=\"98463d3\" data-element_type=\"container\">\n\t\t\t\t\t<div class=\"e-con-inner\">\n\t\t\t\t<div class=\"elementor-element elementor-element-5404164 elementor-widget elementor-widget-heading\" data-id=\"5404164\" data-element_type=\"widget\" data-widget_type=\"heading.default\">\n\t\t\t\t\t<h2 class=\"elementor-heading-title elementor-size-default\">F: Wie programmiere ich meine Fernbedienung, damit sie mit meinem Fahrzeug funktioniert?<\/h2>\t\t\t\t<\/div>\n\t\t\t\t<div class=\"elementor-element elementor-element-c309721 elementor-widget elementor-widget-text-editor\" data-id=\"c309721\" data-element_type=\"widget\" data-widget_type=\"text-editor.default\">\n\t\t\t\t\t\t\t\t\t<p>A: Jeder Schl\u00fcsselanh\u00e4nger muss vor der Verwendung f\u00fcr Ihr spezielles Fahrzeug programmiert werden. Es gibt zwei M\u00f6glichkeiten dazu:<\/p><p>Selbstprogrammierung<br \/>Wenn Ihr Fahrzeug-Schl\u00fcsselanh\u00e4nger die Selbstprogrammierung unterst\u00fctzt, folgen Sie einfach den Anweisungen des Herstellers. Das Timing kann etwas knifflig sein, also nehmen Sie sich Zeit und folgen Sie jedem Schritt genau.<\/p><p>Professionelle Programmierung<br \/>Bestimmte Fahrzeuge erfordern spezielle Ger\u00e4te, um den Schl\u00fcsselanh\u00e4nger zu programmieren. In solchen F\u00e4llen m\u00fcssen Sie einen professionellen Programmierer finden \u2013 das kann ein H\u00e4ndler, ein Schl\u00fcsseldienst oder ein Mechaniker sein.<\/p>\t\t\t\t\t\t\t\t<\/div>\n\t\t\t\t\t<\/div>\n\t\t\t\t<\/div>\n\t\t<div class=\"elementor-element elementor-element-b7223a6 e-flex e-con-boxed e-con e-parent\" data-id=\"b7223a6\" data-element_type=\"container\">\n\t\t\t\t\t<div class=\"e-con-inner\">\n\t\t\t\t<div class=\"elementor-element elementor-element-7bf0a11 elementor-widget elementor-widget-heading\" data-id=\"7bf0a11\" data-element_type=\"widget\" data-widget_type=\"heading.default\">\n\t\t\t\t\t<h2 class=\"elementor-heading-title elementor-size-default\">F: Haben Sie Schwierigkeiten, Ihren Fernbedienung selbst zu programmieren?<\/h2>\t\t\t\t<\/div>\n\t\t\t\t<div class=\"elementor-element elementor-element-053a419 elementor-widget elementor-widget-text-editor\" data-id=\"053a419\" data-element_type=\"widget\" data-widget_type=\"text-editor.default\">\n\t\t\t\t\t\t\t\t\t<p>A: Stellen Sie zun\u00e4chst sicher, dass Ihr Fahrzeug erfolgreich in den Programmiermodus wechselt \u2013 Sie erkennen es daran, dass die Schl\u00f6sser sich bewegen, die Hupe piept oder die Lichter blinken. Wenn das nicht passiert, versuchen Sie, den Modus erneut zu aktivieren \u2013 das richtige Timing ist hier entscheidend.<\/p><p>Wenn sich das Fahrzeug im Programmiermodus befindet, aber die Fernbedienung trotzdem nicht synchronisiert:<\/p><ul><li>\u00dcberpr\u00fcfen Sie die Batterie im Schl\u00fcsselanh\u00e4nger.<\/li><li>\u00dcberpr\u00fcfen Sie die Ausrichtung der Batterie (stellen Sie sicher, dass die positive Seite mit dem '+'-Symbol \u00fcbereinstimmt).<\/li><li>Best\u00e4tigen Sie, dass die Teilenummern auf der R\u00fcckseite des Anh\u00e4ngers mit denen eines bereits funktionierenden Fernbedienung \u00fcbereinstimmen. Falls nicht, senden Sie eine E-Mail an xxxx.<\/li><\/ul><p>Funktioniert immer noch nicht? Trennen Sie die Autobatterie f\u00fcr 10 Minuten, schlie\u00dfen Sie sie wieder an und starten Sie den Programmierprozess erneut.<\/p>\t\t\t\t\t\t\t\t<\/div>\n\t\t\t\t\t<\/div>\n\t\t\t\t<\/div>\n\t\t<div class=\"elementor-element elementor-element-f4ecbea e-flex e-con-boxed e-con e-parent\" data-id=\"f4ecbea\" data-element_type=\"container\">\n\t\t\t\t\t<div class=\"e-con-inner\">\n\t\t\t\t<div class=\"elementor-element elementor-element-ed63757 elementor-widget elementor-widget-heading\" data-id=\"ed63757\" data-element_type=\"widget\" data-widget_type=\"heading.default\">\n\t\t\t\t\t<h2 class=\"elementor-heading-title elementor-size-default\">F: Ich habe meinen H\u00e4ndler angerufen, und er sagte, mein Fernbedienung k\u00f6nne NUR mit ihren Computern oder Werkzeugen programmiert werden \u2013 das kostet ein Verm\u00f6gen. Gibt es eine M\u00f6glichkeit, es ohne gro\u00dfe Kosten zu programmieren?<\/h2>\t\t\t\t<\/div>\n\t\t\t\t<div class=\"elementor-element elementor-element-57edee9 elementor-widget elementor-widget-text-editor\" data-id=\"57edee9\" data-element_type=\"widget\" data-widget_type=\"text-editor.default\">\n\t\t\t\t\t\t\t\t\t<p>In einigen F\u00e4llen k\u00f6nnen Sie es selbst programmieren, ohne Werkzeuge oder spezielle technische F\u00e4higkeiten zu ben\u00f6tigen. Typischerweise ben\u00f6tigen Sie nur die Fernbedienung, Ihren Z\u00fcndschl\u00fcssel und Ihr Fahrzeug. F\u00fcr Fernbedienungen, bei denen die Selbstprogrammierung m\u00f6glich ist, stellen wir kostenlose Programmieranleitungen bereit.<\/p>\t\t\t\t\t\t\t\t<\/div>\n\t\t\t\t\t<\/div>\n\t\t\t\t<\/div>\n\t\t<div class=\"elementor-element elementor-element-acea352 e-flex e-con-boxed e-con e-parent\" data-id=\"acea352\" data-element_type=\"container\">\n\t\t\t\t\t<div class=\"e-con-inner\">\n\t\t\t\t<div class=\"elementor-element elementor-element-ae6fd4d elementor-widget elementor-widget-heading\" data-id=\"ae6fd4d\" data-element_type=\"widget\" data-widget_type=\"heading.default\">\n\t\t\t\t\t<h2 class=\"elementor-heading-title elementor-size-default\">F: Wie k\u00f6nnen Sie feststellen, ob die Batterie Ihres Schl\u00fcsselanh\u00e4ngers schwach wird?<\/h2>\t\t\t\t<\/div>\n\t\t\t\t<div class=\"elementor-element elementor-element-b44f7b6 elementor-widget elementor-widget-text-editor\" data-id=\"b44f7b6\" data-element_type=\"widget\" data-widget_type=\"text-editor.default\">\n\t\t\t\t\t\t\t\t\t<p>A: Es gibt einige Anzeichen daf\u00fcr, dass die Batterie Ihres Schl\u00fcsselanh\u00e4ngers schw\u00e4cher wird: Sie m\u00fcssen die Tasten m\u00f6glicherweise mehrfach dr\u00fccken, bevor sie reagieren, oder das Signal des Schl\u00fcsselanh\u00e4ngers erreicht das Fahrzeug nicht mehr so weit wie fr\u00fcher. Leider haben die meisten Schl\u00fcsselanh\u00e4nger keinen eingebauten Indikator, der Sie warnt, wenn die Batterie schwach ist \u2013 es ist daher ratsam, eine Ersatzbatterie bereitzuhalten, falls die aktuelle unerwartet versagt.<\/p>\t\t\t\t\t\t\t\t<\/div>\n\t\t\t\t\t<\/div>\n\t\t\t\t<\/div>\n\t\t\t\t<\/div>","protected":false},"excerpt":{"rendered":"<p>Q: Wondering which key fob you require? A: We\u2019ve simplified the process for you. Just search using your vehicle\u2019s year, make, and model. In case your search yields multiple key fob options, simply match the button layout of your current remote with those in the search results. And even if you happen to choose the&#8230;<\/p>","protected":false},"author":1,"featured_media":0,"parent":0,"menu_order":0,"comment_status":"closed","ping_status":"closed","template":"","meta":{"_bst_post_transparent":"","_bst_post_title":"hide","_bst_post_layout":"fullwidth","_bst_post_sidebar_id":"","_bst_post_content_style":"unboxed","_bst_post_vertical_padding":"hide","_bst_post_feature":"hide","_bst_post_feature_position":"","_bst_post_header":false,"_bst_post_footer":false,"footnotes":""},"class_list":["post-13523","page","type-page","status-publish","hentry"],"_links":{"self":[{"href":"https:\/\/keylessbest.com\/de\/wp-json\/wp\/v2\/pages\/13523","targetHints":{"allow":["GET"]}}],"collection":[{"href":"https:\/\/keylessbest.com\/de\/wp-json\/wp\/v2\/pages"}],"about":[{"href":"https:\/\/keylessbest.com\/de\/wp-json\/wp\/v2\/types\/page"}],"author":[{"embeddable":true,"href":"https:\/\/keylessbest.com\/de\/wp-json\/wp\/v2\/users\/1"}],"replies":[{"embeddable":true,"href":"https:\/\/keylessbest.com\/de\/wp-json\/wp\/v2\/comments?post=13523"}],"version-history":[{"count":4,"href":"https:\/\/keylessbest.com\/de\/wp-json\/wp\/v2\/pages\/13523\/revisions"}],"predecessor-version":[{"id":13605,"href":"https:\/\/keylessbest.com\/de\/wp-json\/wp\/v2\/pages\/13523\/revisions\/13605"}],"wp:attachment":[{"href":"https:\/\/keylessbest.com\/de\/wp-json\/wp\/v2\/media?parent=13523"}],"curies":[{"name":"wp","href":"https:\/\/api.w.org\/{rel}","templated":true}]}}