{"id":13533,"date":"2025-07-18T03:40:10","date_gmt":"2025-07-18T03:40:10","guid":{"rendered":"https:\/\/hanwuji.shengjit.com\/?page_id=13533"},"modified":"2025-07-29T11:17:14","modified_gmt":"2025-07-29T11:17:14","slug":"versandinformationen","status":"publish","type":"page","link":"https:\/\/keylessbest.com\/de\/versandinformationen\/","title":{"rendered":"Versandinformationen"},"content":{"rendered":"<div data-elementor-type=\"wp-page\" data-elementor-id=\"13533\" class=\"elementor elementor-13533\" data-elementor-post-type=\"page\">\n\t\t\t\t<div class=\"elementor-element elementor-element-d7988d4 e-flex e-con-boxed e-con e-parent\" data-id=\"d7988d4\" data-element_type=\"container\">\n\t\t\t\t\t<div class=\"e-con-inner\">\n\t\t\t\t<div class=\"elementor-element elementor-element-7f4de3a elementor-widget elementor-widget-text-editor\" data-id=\"7f4de3a\" data-element_type=\"widget\" data-widget_type=\"text-editor.default\">\n\t\t\t\t\t\t\t\t\t<p><strong>Versandoptionen<\/strong><br \/>Standardbrief (4-7 Werktage ab Versanddatum)<br \/>Priority Mail (2-3 Werktage ab Versanddatum)<br \/>Expressversand (1-2 Werktage ab Versanddatum)<br \/>UPS Next Day Air (zugestellt am n\u00e4chsten Werktag nach Versanddatum)<\/p><p><strong>Versandkosten<\/strong><br \/>Alle Preise sind der verhandelte niedrige Vorzugsrate.<\/p><p><strong>Lieferzeit<\/strong><br \/>Bestellungen, die nach 14:00 Uhr Eastern Time aufgegeben werden, werden am n\u00e4chsten Werktag versendet. Nicht dringende Versandoptionen ben\u00f6tigen 1 Tag Bearbeitungszeit. Versandwerktage sind Montag bis Freitag, ohne Feiertage.<\/p><p>Logistik-Tracking-Informationen<br \/>Wir stellen Ihnen Logistik-Tracking-Informationen zur Verf\u00fcgung, damit Sie den Bestellstatus \u00fcberpr\u00fcfen k\u00f6nnen.<\/p><p><strong>Internationaler Versand<\/strong><br \/>USPS International Surface Mail Service ist verf\u00fcgbar. Internationale Kunden beachten Sie bitte: Sie sind verantwortlich f\u00fcr Steuern und Z\u00f6lle (einschlie\u00dflich US-Territorien au\u00dferhalb der zusammenh\u00e4ngenden Vereinigten Staaten).<\/p><p><strong>Kundendienst<\/strong><br \/>Unser Online-Kundendienstteam ist sieben Tage die Woche verf\u00fcgbar, um alle weiteren Fragen zum Versandprozess zu beantworten.<\/p>\t\t\t\t\t\t\t\t<\/div>\n\t\t\t\t\t<\/div>\n\t\t\t\t<\/div>\n\t\t\t\t<\/div>","protected":false},"excerpt":{"rendered":"<p>Shipping OptionsStandard Mail (4-7 business days from the shipping date)Priority Mail (2-3 business days from the shipping date)Express Mail (1-2 business days from the shipping date)UPS Next Day Air (delivered on the next business day after the shipping date) Shipping CostsAll pricing is the negotiated low preferential rate. Delivery TimeOrders placed after 2:00 PM Eastern&#8230;<\/p>","protected":false},"author":1,"featured_media":0,"parent":0,"menu_order":0,"comment_status":"closed","ping_status":"closed","template":"","meta":{"_bst_post_transparent":"","_bst_post_title":"hide","_bst_post_layout":"fullwidth","_bst_post_sidebar_id":"","_bst_post_content_style":"unboxed","_bst_post_vertical_padding":"hide","_bst_post_feature":"hide","_bst_post_feature_position":"","_bst_post_header":false,"_bst_post_footer":false,"footnotes":""},"class_list":["post-13533","page","type-page","status-publish","hentry"],"_links":{"self":[{"href":"https:\/\/keylessbest.com\/de\/wp-json\/wp\/v2\/pages\/13533","targetHints":{"allow":["GET"]}}],"collection":[{"href":"https:\/\/keylessbest.com\/de\/wp-json\/wp\/v2\/pages"}],"about":[{"href":"https:\/\/keylessbest.com\/de\/wp-json\/wp\/v2\/types\/page"}],"author":[{"embeddable":true,"href":"https:\/\/keylessbest.com\/de\/wp-json\/wp\/v2\/users\/1"}],"replies":[{"embeddable":true,"href":"https:\/\/keylessbest.com\/de\/wp-json\/wp\/v2\/comments?post=13533"}],"version-history":[{"count":4,"href":"https:\/\/keylessbest.com\/de\/wp-json\/wp\/v2\/pages\/13533\/revisions"}],"predecessor-version":[{"id":13617,"href":"https:\/\/keylessbest.com\/de\/wp-json\/wp\/v2\/pages\/13533\/revisions\/13617"}],"wp:attachment":[{"href":"https:\/\/keylessbest.com\/de\/wp-json\/wp\/v2\/media?parent=13533"}],"curies":[{"name":"wp","href":"https:\/\/api.w.org\/{rel}","templated":true}]}}