{"id":13672,"date":"2025-07-31T11:17:02","date_gmt":"2025-07-31T11:17:02","guid":{"rendered":"https:\/\/hanwuji.shengjit.com\/?page_id=13672"},"modified":"2025-07-31T11:19:28","modified_gmt":"2025-07-31T11:19:28","slug":"servicezentrum","status":"publish","type":"page","link":"https:\/\/keylessbest.com\/de\/servicezentrum\/","title":{"rendered":"Servicezentrum"},"content":{"rendered":"<div data-elementor-type=\"wp-page\" data-elementor-id=\"13672\" class=\"elementor elementor-13672\" data-elementor-post-type=\"page\">\n\t\t\t\t<div class=\"elementor-element elementor-element-a64d101 e-flex e-con-boxed e-con e-parent\" data-id=\"a64d101\" data-element_type=\"container\">\n\t\t\t\t\t<div class=\"e-con-inner\">\n\t\t\t\t<div class=\"elementor-element elementor-element-024a4ae elementor-widget elementor-widget-heading\" data-id=\"024a4ae\" data-element_type=\"widget\" data-widget_type=\"heading.default\">\n\t\t\t\t\t<h2 class=\"elementor-heading-title elementor-size-default\">Wie best\u00e4tige ich das richtige Produkt?<\/h2>\t\t\t\t<\/div>\n\t\t\t\t<div class=\"elementor-element elementor-element-8b281f4 elementor-widget elementor-widget-text-editor\" data-id=\"8b281f4\" data-element_type=\"widget\" data-widget_type=\"text-editor.default\">\n\t\t\t\t\t\t\t\t\t<p>\u00a0Bitte best\u00e4tigen Sie, dass die folgenden Details mit Ihrem Fahrzeug \u00fcbereinstimmen, bevor Sie bestellen: FCC ID, Teilenummer, Baujahr, IC, Frequenz, Chip und Tasten.<\/p>\t\t\t\t\t\t\t\t<\/div>\n\t\t\t\t\t<\/div>\n\t\t\t\t<\/div>\n\t\t<div class=\"elementor-element elementor-element-3928f84 e-flex e-con-boxed e-con e-parent\" data-id=\"3928f84\" data-element_type=\"container\">\n\t\t\t\t\t<div class=\"e-con-inner\">\n\t\t\t\t<div class=\"elementor-element elementor-element-6650928 elementor-widget elementor-widget-heading\" data-id=\"6650928\" data-element_type=\"widget\" data-widget_type=\"heading.default\">\n\t\t\t\t\t<h2 class=\"elementor-heading-title elementor-size-default\">Wie wechselt man die Batterie?<\/h2>\t\t\t\t<\/div>\n\t\t\t\t<div class=\"elementor-element elementor-element-9fa0c98 elementor-widget elementor-widget-text-editor\" data-id=\"9fa0c98\" data-element_type=\"widget\" data-widget_type=\"text-editor.default\">\n\t\t\t\t\t\t\t\t\t<p>Zuerst demontieren Sie den Fernschl\u00fcssel. Dann nehmen Sie die alte Batterie heraus, die keinen Strom mehr hat. Neue Batterie, achten Sie auf die positive und negative Polung. Setzen Sie die neue Batterie ein und montieren Sie den Schl\u00fcsselanh\u00e4nger wieder. Nach erfolgreichem Test ist alles erledigt!<\/p>\t\t\t\t\t\t\t\t<\/div>\n\t\t\t\t\t<\/div>\n\t\t\t\t<\/div>\n\t\t<div class=\"elementor-element elementor-element-48c971e e-flex e-con-boxed e-con e-parent\" data-id=\"48c971e\" data-element_type=\"container\">\n\t\t\t\t\t<div class=\"e-con-inner\">\n\t\t\t\t<div class=\"elementor-element elementor-element-d91d4d6 elementor-widget elementor-widget-heading\" data-id=\"d91d4d6\" data-element_type=\"widget\" data-widget_type=\"heading.default\">\n\t\t\t\t\t<h2 class=\"elementor-heading-title elementor-size-default\">Wie programmiere ich den Schl\u00fcsselanh\u00e4nger?<\/h2>\t\t\t\t<\/div>\n\t\t\t\t<div class=\"elementor-element elementor-element-e9c7e6f elementor-widget elementor-widget-text-editor\" data-id=\"e9c7e6f\" data-element_type=\"widget\" data-widget_type=\"text-editor.default\">\n\t\t\t\t\t\t\t\t\t<p>Zun\u00e4chst m\u00fcssen Sie best\u00e4tigen, ob Ihr Schl\u00fcssel-Fernbedienung selbst programmiert werden kann oder ob Sie einen Fachmann daf\u00fcr ben\u00f6tigen. Zweitens, wenn Ihr Fahrzeug die Selbstprogrammierung unterst\u00fctzt, k\u00f6nnen Sie die Anleitung zur Programmierung des Schl\u00fcssel-Fernbedienung befolgen, um die Programmierung selbst durchzuf\u00fchren. Wenn Ihr Fahrzeug von einem Fachmann programmiert werden muss, wenden Sie sich an Ihren \u00f6rtlichen Schl\u00fcsseldienst oder H\u00e4ndler, der die Programmierung \u00fcbernimmt. Am wichtigsten ist, dass Sie sicherstellen, dass der von Ihnen gekaufte Autoschl\u00fcssel mit Ihrem Fahrzeug kompatibel ist, und falls die Programmierung aufgrund eines falschen Kaufs fehlschl\u00e4gt, tut mir das wirklich leid.<\/p>\t\t\t\t\t\t\t\t<\/div>\n\t\t\t\t\t<\/div>\n\t\t\t\t<\/div>\n\t\t\t\t<\/div>","protected":false},"excerpt":{"rendered":"<p>How to confirm correct product? \u00a0Please confirm the following details match your vehicle before ordering: FCC ID , Part Number , Year Model , IC , Frequency, Chip, and Buttons. How to change battery? First, disassemble the remote key. Then, take out the old battery that has run out of power.New battery, pay attention to&#8230;<\/p>","protected":false},"author":1,"featured_media":0,"parent":0,"menu_order":0,"comment_status":"closed","ping_status":"closed","template":"","meta":{"_bst_post_transparent":"","_bst_post_title":"hide","_bst_post_layout":"fullwidth","_bst_post_sidebar_id":"","_bst_post_content_style":"unboxed","_bst_post_vertical_padding":"hide","_bst_post_feature":"hide","_bst_post_feature_position":"","_bst_post_header":false,"_bst_post_footer":false,"footnotes":""},"class_list":["post-13672","page","type-page","status-publish","hentry"],"_links":{"self":[{"href":"https:\/\/keylessbest.com\/de\/wp-json\/wp\/v2\/pages\/13672","targetHints":{"allow":["GET"]}}],"collection":[{"href":"https:\/\/keylessbest.com\/de\/wp-json\/wp\/v2\/pages"}],"about":[{"href":"https:\/\/keylessbest.com\/de\/wp-json\/wp\/v2\/types\/page"}],"author":[{"embeddable":true,"href":"https:\/\/keylessbest.com\/de\/wp-json\/wp\/v2\/users\/1"}],"replies":[{"embeddable":true,"href":"https:\/\/keylessbest.com\/de\/wp-json\/wp\/v2\/comments?post=13672"}],"version-history":[{"count":0,"href":"https:\/\/keylessbest.com\/de\/wp-json\/wp\/v2\/pages\/13672\/revisions"}],"wp:attachment":[{"href":"https:\/\/keylessbest.com\/de\/wp-json\/wp\/v2\/media?parent=13672"}],"curies":[{"name":"wp","href":"https:\/\/api.w.org\/{rel}","templated":true}]}}