{"id":16,"date":"2025-07-14T04:04:21","date_gmt":"2025-07-14T04:04:21","guid":{"rendered":"https:\/\/hanwuji.shengjit.com\/?page_id=16"},"modified":"2025-11-19T09:07:00","modified_gmt":"2025-11-19T09:07:00","slug":"ruckerstattung_ruckgaben","status":"publish","type":"page","link":"https:\/\/keylessbest.com\/de\/ruckerstattung_ruckgaben\/","title":{"rendered":"R\u00fcckerstattungs- und R\u00fcckgaberecht"},"content":{"rendered":"<div data-elementor-type=\"wp-page\" data-elementor-id=\"16\" class=\"elementor elementor-16\" data-elementor-post-type=\"page\">\n\t\t\t\t<div class=\"elementor-element elementor-element-7b77fe3 e-flex e-con-boxed e-con e-parent\" data-id=\"7b77fe3\" data-element_type=\"container\">\n\t\t\t\t\t<div class=\"e-con-inner\">\n\t\t\t\t<div class=\"elementor-element elementor-element-56b78aa elementor-widget elementor-widget-heading\" data-id=\"56b78aa\" data-element_type=\"widget\" data-widget_type=\"heading.default\">\n\t\t\t\t\t<h1 class=\"elementor-heading-title elementor-size-default\"><a href=\"https:\/\/keylessbest.com\/de\/\">KeylessBest Auto-Schl\u00fcsselanh\u00e4nger R\u00fcckerstattungs- und R\u00fcckgaberecht<\/a><\/h1>\t\t\t\t<\/div>\n\t\t\t\t\t<\/div>\n\t\t\t\t<\/div>\n\t\t<div class=\"elementor-element elementor-element-05a0885 e-flex e-con-boxed e-con e-parent\" data-id=\"05a0885\" data-element_type=\"container\">\n\t\t\t\t\t<div class=\"e-con-inner\">\n\t\t\t\t<div class=\"elementor-element elementor-element-d51b19d elementor-widget elementor-widget-text-editor\" data-id=\"d51b19d\" data-element_type=\"widget\" data-widget_type=\"text-editor.default\">\n\t\t\t\t\t\t\t\t\t<p>Wenn Ihr\u00a0<strong><b>Autoschl\u00fcssel-Fobs<\/b><\/strong>\u00a0versagt oder nicht richtig passt, ist das Letzte, was Sie wollen, in verwirrende oder knauserige R\u00fcckgabebedingungen verwickelt zu werden. Deshalb ist es wichtig, ein klares, benutzerfreundliches\u00a0<strong><b>Auto-Schl\u00fcsselanh\u00e4nger R\u00fcckerstattungs- und R\u00fcckgaberecht<\/b><\/strong>\u00a0zu verstehen \u2013 es ist nicht nur sch\u00f6n, sondern ein Muss, bevor Sie kaufen. Bei KeylessBest gehen wir \u00fcber die \u00fcblichen 30- bis 90-t\u00e4gigen R\u00fcckgabefenster hinaus und bieten einen unkomplizierten 24-monatigen Schutzplan, der Ihren Kauf und Ihre Ruhe gleicherma\u00dfen absichert. Bereit, einkaufen zu gehen, ohne Angst vor versteckten Geb\u00fchren, R\u00fccknahmegeb\u00fchren oder eiligen Fristen? Lesen Sie weiter, um zu sehen, wie wir das Zur\u00fcckgeben oder Austauschen Ihres Auto-Schl\u00fcsselanh\u00e4ngers einfach, zuverl\u00e4ssig und risikofrei machen.<\/p>\t\t\t\t\t\t\t\t<\/div>\n\t\t\t\t\t<\/div>\n\t\t\t\t<\/div>\n\t\t<div class=\"elementor-element elementor-element-9df3e15 e-flex e-con-boxed e-con e-parent\" data-id=\"9df3e15\" data-element_type=\"container\">\n\t\t\t\t\t<div class=\"e-con-inner\">\n\t\t\t\t<div class=\"elementor-element elementor-element-044a4c5 elementor-widget elementor-widget-text-editor\" data-id=\"044a4c5\" data-element_type=\"widget\" data-widget_type=\"text-editor.default\">\n\t\t\t\t\t\t\t\t\t<h2><strong><b>Verstehen der Kern-R\u00fcckerstattungs- und R\u00fcckgabebedingungen von KeylessBest<\/b><\/strong><\/h2>\n<p>Bei KeylessBest wissen wir, wie wichtig Ihr Auto-Schl\u00fcsselanh\u00e4nger ist. Deshalb ist unser R\u00fcckerstattungs- und R\u00fcckgaberecht so gestaltet, dass es einfach, fair und kundenfreundlich ist. Hier ist eine kurze \u00dcbersicht dar\u00fcber, was uns auszeichnet:<\/p>\n<h3><strong><b>Wichtige Richtlinienpfeiler<\/b><\/strong><\/h3>\n<ul>\n<li><b><\/b><strong><b>Vollst\u00e4ndige R\u00fcckerstattungen innerhalb von 24 Monaten<\/b><\/strong>nach dem Kauf<\/li>\n<li><b><\/b><strong><b>R\u00fcckgaben ohne Fragen<\/b><\/strong>f\u00fcr unkomplizierte Ersatzlieferungen<\/li>\n<li><b><\/b><strong><b>Keine R\u00fccknahmegeb\u00fchren<\/b><\/strong>\u2014 keine versteckten Kosten bei R\u00fcckgabe oder Umtausch<\/li>\n<\/ul>\n<h3><strong><b>Zulassungskriterien<\/b><\/strong><\/h3>\n<ul>\n<li>Schl\u00fcsselanh\u00e4nger m\u00fcssen\u00a0<strong><b>neu, unbenutzt und in Originalverpackung sein<\/b><\/strong><\/li>\n<li>Benutzerdefinierte, geschnittene oder programmierte Schl\u00fcssel\u00a0<strong><b>sind von R\u00fcckerstattungen ausgeschlossen<\/b><\/strong>aber mit klaren Opt-out-Optionen beim Kauf<\/li>\n<li>R\u00fcckgaben werden bei gebrauchten oder besch\u00e4digten Artikeln nicht akzeptiert<\/li>\n<\/ul>\t\t\t\t\t\t\t\t<\/div>\n\t\t\t\t\t<\/div>\n\t\t\t\t<\/div>\n\t\t<div class=\"elementor-element elementor-element-4ba1aa3 e-flex e-con-boxed e-con e-parent\" data-id=\"4ba1aa3\" data-element_type=\"container\">\n\t\t\t\t\t<div class=\"e-con-inner\">\n\t\t\t\t<div class=\"elementor-element elementor-element-cce9304 elementor-widget elementor-widget-text-editor\" data-id=\"cce9304\" data-element_type=\"widget\" data-widget_type=\"text-editor.default\">\n\t\t\t\t\t\t\t\t\t<h3><strong><b>So vergleichen wir<\/b><\/strong><\/h3>\n<table>\n<tbody>\n<tr>\n<td>\n<p><strong><b>Merkmal<\/b><\/strong><\/p>\n<\/td>\n<td>\n<p><strong><b>KeylessBest<\/b><\/strong><\/p>\n<\/td>\n<td>\n<p><strong><b>Wettbewerber<\/b><\/strong><\/p>\n<\/td>\n<\/tr>\n<tr>\n<td>\n<p>R\u00fcckerstattungsfrist<\/p>\n<\/td>\n<td>\n<p>24 Monate<\/p>\n<\/td>\n<td>\n<p>30-90 Tage<\/p>\n<\/td>\n<\/tr>\n<tr>\n<td>\n<p>Umtauschrichtlinie<\/p>\n<\/td>\n<td>\n<p>Ohne Fragen<\/p>\n<\/td>\n<td>\n<p>Oft bedingt<\/p>\n<\/td>\n<\/tr>\n<tr>\n<td>\n<p>Wiedereinlagerungsgeb\u00fchren<\/p>\n<\/td>\n<td>\n<p>Keine<\/p>\n<\/td>\n<td>\n<p>Bis zu 15%<\/p>\n<\/td>\n<\/tr>\n<tr>\n<td>\n<p>Benutzerdefinierte Schneid-\/Programmier-Schl\u00fcssel R\u00fcckerstattungen<\/p>\n<\/td>\n<td>\n<p>Mit Opt-out ausgeschlossen<\/p>\n<\/td>\n<td>\n<p>In der Regel keine R\u00fcckerstattung<\/p>\n<\/td>\n<\/tr>\n<tr>\n<td>\n<p>Abdeckung<\/p>\n<\/td>\n<td>\n<p>M\u00e4ngel, falsche Modelle, K\u00e4uferbedauern<\/p>\n<\/td>\n<td>\n<p>Nur begrenzte M\u00e4ngel<\/p>\n<\/td>\n<\/tr>\n<\/tbody>\n<\/table>\n<h3><strong><b>Angleichung an das Verbraucherrecht<\/b><\/strong><\/h3>\n<p>Unsere Richtlinie geht \u00fcber den Standard hinaus\u00a0<strong><b>FTC-K\u00fchlperiode<\/b><\/strong>\u00a0durch verl\u00e4ngerten Schutz und R\u00fcckerstattungen, die Ihre Rechte respektieren und unsere Treue zu Ihnen zeigen.<\/p>\n<p>Dies stellt sicher, dass Sie zuverl\u00e4ssigen Support erhalten, egal ob Sie Ihre Meinung ge\u00e4ndert haben oder ein fehlerhaftes Produkt erhalten haben.<\/p>\n<p><strong><b>M\u00fcssen Sie einen Schl\u00fcsselanh\u00e4nger zur\u00fcckgeben?<\/b><\/strong>\u00a0Lesen Sie weiter f\u00fcr eine Schritt-f\u00fcr-Schritt-Anleitung, um Ihre R\u00fcckerstattung oder Ihren Umtausch so reibungslos wie m\u00f6glich zu gestalten.<\/p>\n<h2><strong><b>Schritt-f\u00fcr-Schritt-Anleitung: Wie Sie eine R\u00fcckerstattung oder R\u00fccksendung bei KeylessBest einleiten<\/b><\/strong><\/h2>\n<p>Bevor Sie mit Ihrer R\u00fcckerstattung oder R\u00fccksendung beginnen, \u00fcberpr\u00fcfen Sie diese wichtigsten Punkte: Best\u00e4tigen Sie Ihr Kaufdatum, um sicherzustellen, dass Sie innerhalb des R\u00fcckerstattungszeitraums sind, und pr\u00fcfen Sie Ihren Schl\u00fcsselanh\u00e4nger, um sicherzustellen, dass er sich in neuem, unbenutztem Zustand befindet.<\/p>\n<p>Um den Prozess zu starten, senden Sie eine E-Mail an\u00a0<span style=\"color: #ff6600;\"><strong><b><span \n                data-original-string='04CGFHZM8LBcWZZGWvxRag==076lODMJRWRFUKYe9i9BlJdKacRbALYaY3uauPM5SsoZFM='\n                class='apbct-email-encoder'\n                title='Dieser Kontakt wurde von Anti-Spam by CleanTalk verschl\u00fcsselt. Klicken Sie hier, um ihn zu entschl\u00fcsseln. Um die Entschl\u00fcsselung abzuschlie\u00dfen, stellen Sie sicher, dass JavaScript in Ihrem Browser aktiviert ist.'>ke<span class=\"apbct-blur\">*********<\/span>@<span class=\"apbct-blur\">***<\/span>il.com<\/span><\/b><\/strong><\/span>\u00a0f\u00fcr eine R\u00fccksendegenehmigung (RMA). Sie erhalten innerhalb von 24 Stunden eine Genehmigung, damit Sie reibungslos fortfahren k\u00f6nnen.<\/p>\n<p>Beim Verpacken Ihrer R\u00fccksendung verwenden Sie nach M\u00f6glichkeit die Originalverpackung. F\u00fcr Kunden in Deutschland stellt KeylessBest ein\u00a0<strong><b>kostenloses R\u00fccksendeetikett<\/b><\/strong>bereit, aber denken Sie daran, dass die urspr\u00fcnglichen Versandkosten nicht erstattungsf\u00e4hig sind. Es ist am besten, mit einer nachverfolgbaren Methode zu versenden, um Ihre Sendung im Blick zu behalten.<\/p>\n<p>Sobald Ihre zur\u00fcckgesandte Schl\u00fcsselanh\u00e4nger ankommt, wird Ihre R\u00fcckerstattung innerhalb von 5-7 Werktagen bearbeitet. Wenn Sie den gleichen Modell umtauschen, bietet KeylessBest einen Same-Day-Austauschservice, um Sie schnell wieder auf die Stra\u00dfe zu bringen.<\/p>\n<p>F\u00fcr eine einfache \u00dcbersicht stehen visuelle Checklisten und mobilfreundliche Anleitungen zur Verf\u00fcgung, die Sie bei jedem Schritt der R\u00fcckgabe oder R\u00fcckerstattung unterst\u00fctzen \u2013 so wird der Prozess unkompliziert und klar.<\/p>\t\t\t\t\t\t\t\t<\/div>\n\t\t\t\t\t<\/div>\n\t\t\t\t<\/div>\n\t\t<div class=\"elementor-element elementor-element-af0653b e-flex e-con-boxed e-con e-parent\" data-id=\"af0653b\" data-element_type=\"container\">\n\t\t\t\t\t<div class=\"e-con-inner\">\n\t\t\t\t<div class=\"elementor-element elementor-element-0b9d762 elementor-widget elementor-widget-text-editor\" data-id=\"0b9d762\" data-element_type=\"widget\" data-widget_type=\"text-editor.default\">\n\t\t\t\t\t\t\t\t\t<h2><strong><b>Was qualifiziert f\u00fcr eine vollst\u00e4ndige R\u00fcckerstattung? H\u00e4ufige Szenarien und Ausschl\u00fcsse<\/b><\/strong><\/h2>\n<p>Bei KeylessBest m\u00f6chten wir sicherstellen, dass Sie mit Ihrem Kauf zufrieden sind. Hier erfahren Sie, wann Sie eine vollst\u00e4ndige R\u00fcckerstattung erwarten k\u00f6nnen:<\/p>\n<ul>\n<li><b><\/b><strong><b>Defekte Schl\u00fcsselanh\u00e4nger:<\/b><\/strong>Wenn Ihre Schl\u00fcsselanh\u00e4nger-Batterie versagt, Signaleprobleme auftreten oder ein Herstellungsfehler vorliegt, wenden Sie sich einfach an uns, und wir \u00fcbernehmen die Kosten.<\/li>\n<li><b><\/b><strong><b>Falsches Modell versendet:<\/b><\/strong>Wenn Sie einen anderen Schl\u00fcsselanh\u00e4nger erhalten haben, als Sie bestellt haben, korrigieren wir das kostenlos.<\/li>\n<li><b><\/b><strong><b>K\u00e4uferbedauern:<\/b><\/strong>Sie haben Ihre Meinung ge\u00e4ndert? Sie haben\u00a0<strong><b>30 Tage<\/b><\/strong>\u00a0ab Kaufdatum, um den Artikel f\u00fcr eine vollst\u00e4ndige R\u00fcckerstattung zur\u00fcckzugeben.<\/li>\n<\/ul>\t\t\t\t\t\t\t\t<\/div>\n\t\t\t\t\t<\/div>\n\t\t\t\t<\/div>\n\t\t<div class=\"elementor-element elementor-element-86e49b4 e-flex e-con-boxed e-con e-parent\" data-id=\"86e49b4\" data-element_type=\"container\">\n\t\t\t\t\t<div class=\"e-con-inner\">\n\t\t\t\t<div class=\"elementor-element elementor-element-871bc53 elementor-widget elementor-widget-text-editor\" data-id=\"871bc53\" data-element_type=\"widget\" data-widget_type=\"text-editor.default\">\n\t\t\t\t\t\t\t\t\t<h3><strong><b>Umgang mit verlorenen oder gestohlenen Schl\u00fcsselanh\u00e4ngern<\/b><\/strong><\/h3>\n<p>Verlorene oder gestohlene Schl\u00fcsselanh\u00e4nger sind schwierig, aber wir sind f\u00fcr Sie da: Wir aktivieren Ihre Garantie f\u00fcr Ersatz in diesen F\u00e4llen. Standardmodelle werden ohne Abzug geliefert \u2013 wir m\u00f6chten, dass Sie problemlos wieder auf die Stra\u00dfe kommen.<\/p>\n<h3><strong><b>Nicht erstattungsf\u00e4hige Artikel<\/b><\/strong><\/h3>\n<ul>\n<li><b><\/b><strong><b>Programmiert oder ma\u00dfgeschneiderte Schl\u00fcssel:<\/b><\/strong>Diese sind speziell f\u00fcr Ihr Fahrzeug hergestellt, daher sind sie ausgeschlossen.<\/li>\n<li><b><\/b><strong><b>Batterien und Zubeh\u00f6r:<\/b><\/strong>Verbrauchsmaterialien k\u00f6nnen aus Hygiene- und Sicherheitsgr\u00fcnden nicht zur\u00fcckgegeben werden.<\/li>\n<\/ul>\t\t\t\t\t\t\t\t<\/div>\n\t\t\t\t\t<\/div>\n\t\t\t\t<\/div>\n\t\t<div class=\"elementor-element elementor-element-8bf91b5 e-flex e-con-boxed e-con e-parent\" data-id=\"8bf91b5\" data-element_type=\"container\">\n\t\t\t\t\t<div class=\"e-con-inner\">\n\t\t\t\t<div class=\"elementor-element elementor-element-1d939d7 elementor-widget elementor-widget-text-editor\" data-id=\"1d939d7\" data-element_type=\"widget\" data-widget_type=\"text-editor.default\">\n\t\t\t\t\t\t\t\t\t<h3><strong><b>Beispiele von echten Nutzern<\/b><\/strong><\/h3>\n<p>Mehrere Kunden, die einen defekten Schl\u00fcssel f\u00fcr Modelle wie den\u00a0<a href=\"https:\/\/keylessbest.com\/de\/product\/2011-2019-ford-edge-explorer-flex-expedition-platinum-focus-taurus-4-tasten-keyless-entry-fernbedienung-m3n5wy8609-pnbt4t-15k601-ax-5921285__trashed\/\">2011-2019 Ford Edge Keyless Entry Remote<\/a>\u00a0erhielten, berichteten, wie einfach der R\u00fcckerstattungsprozess war und erhielten ihre Ersatzteile schnell.<\/p>\n<h3><strong><b>Vermeiden Sie R\u00fccksendungen mit unserem Kompatibilit\u00e4tspr\u00fcfer<\/b><\/strong><\/h3>\n<p>Wir empfehlen, die Kompatibilit\u00e4t Ihres Fahrzeugs vor dem Kauf zu \u00fcberpr\u00fcfen. Die Verwendung unseres Kompatibilit\u00e4tspr\u00fcfers vor dem Kauf hilft, Zeit zu sparen und unn\u00f6tige R\u00fccksendungen zu vermeiden, insbesondere bei schwierigen Passformen wie dem\u00a0<a href=\"https:\/\/keylessbest.com\/de\/product\/2005-2011-chevy-saturn-buick-pontiac-hhr-terraza-uplander-relay-montana-6-tasten-schlussel-fernbedienung-kobgt04a-pn15114376\/\">2005-2011 Chevy Saturn Schl\u00fcsselanh\u00e4nger<\/a>.<\/p>\n<p>Indem Sie verstehen, was f\u00fcr eine R\u00fcckerstattung qualifiziert und was nicht, wird Ihr Erlebnis beim Kauf und bei der R\u00fcckgabe Ihres Autoschl\u00fcsselanh\u00e4ngers reibungsloser verlaufen.<\/p>\n<h2><strong><b>Alles zusammenf\u00fcgen: Die KeylessBest 24-Monats-Garantie und erweiterter Schutz<\/b><\/strong><\/h2>\n<p>Die 24-monatige Garantie von KeylessBest deckt Herstellungsfehler f\u00fcr volle zwei Jahre ab \u2013 weit \u00fcber den Branchendurchschnitt hinaus. Dieser erweiterte Schutz gibt Ihnen Sicherheit, dass Ihr Autoschl\u00fcsselanh\u00e4nger langfristig gegen Probleme wie Batterieversagen und Signalprobleme abgesichert ist.<\/p>\n<p>Um einen Garantieanspruch geltend zu machen, senden Sie uns einfach eine E-Mail an <strong><span style=\"color: #ff6600;\"><span \n                data-original-string='V7fcnBixWWuM77IYQ46UAA==0764ccWHGWm7tRsFYv\/jJCNRANQzXgubxf3ta1YokEcEY8='\n                class='apbct-email-encoder'\n                title='Dieser Kontakt wurde von Anti-Spam by CleanTalk verschl\u00fcsselt. Klicken Sie hier, um ihn zu entschl\u00fcsseln. Um die Entschl\u00fcsselung abzuschlie\u00dfen, stellen Sie sicher, dass JavaScript in Ihrem Browser aktiviert ist.'>ke<span class=\"apbct-blur\">*********<\/span>@<span class=\"apbct-blur\">***<\/span>il.com<\/span><\/span> <\/strong>mit Ihrem Kaufnachweis und einer Problembeschreibung. Nach \u00dcberpr\u00fcfung \u00fcbernehmen wir alle Versandkosten f\u00fcr den Austausch oder die Reparatur, sodass die Reparatur Ihres schl\u00fcssellosen Fernbedienung problemlos verl\u00e4uft.<\/p>\n<p>Wir arbeiten auch mit gro\u00dfen Auto-Versicherungs- und H\u00e4ndlerprogrammen wie AAA und Ford Protect zusammen, um sicherzustellen, dass Ihre Absicherung nahtlos integriert wird, wenn Sie diese Dienste nutzen. Das macht uns zu einer vertrauensw\u00fcrdigen Option, egal ob Sie einen Garantieanspruch selbst oder \u00fcber Ihren H\u00e4ndler abwickeln.<\/p>\t\t\t\t\t\t\t\t<\/div>\n\t\t\t\t\t<\/div>\n\t\t\t\t<\/div>\n\t\t<div class=\"elementor-element elementor-element-5bfdb96 e-flex e-con-boxed e-con e-parent\" data-id=\"5bfdb96\" data-element_type=\"container\">\n\t\t\t\t\t<div class=\"e-con-inner\">\n\t\t\t\t<div class=\"elementor-element elementor-element-0c14dd2 elementor-widget elementor-widget-text-editor\" data-id=\"0c14dd2\" data-element_type=\"widget\" data-widget_type=\"text-editor.default\">\n\t\t\t\t\t\t\t\t\t<h3>Hier ist ein kurzer Vergleich der\u00a0<strong><b>KeylessBest-Garantie versus Standard-R\u00fcckgaben<\/b><\/strong>:<\/h3>\n<table>\n<tbody>\n<tr>\n<td>\n<p><strong><b>Merkmal<\/b><\/strong><\/p>\n<\/td>\n<td>\n<p><strong><b>KeylessBest 24-Monats-Garantie<\/b><\/strong><\/p>\n<\/td>\n<td>\n<p><strong><b>Standard 30-Tage-R\u00fcckgabe<\/b><\/strong><\/p>\n<\/td>\n<\/tr>\n<tr>\n<td>\n<p>Deckungszeitraum<\/p>\n<\/td>\n<td>\n<p>24 Monate<\/p>\n<\/td>\n<td>\n<p>30 Tage<\/p>\n<\/td>\n<\/tr>\n<tr>\n<td>\n<p>Schutz bei Defekten<\/p>\n<\/td>\n<td>\n<p>Ja<\/p>\n<\/td>\n<td>\n<p>Begrenzt auf den Anfangszeitraum<\/p>\n<\/td>\n<\/tr>\n<tr>\n<td>\n<p>Versandkosten bei Anspr\u00fcchen<\/p>\n<\/td>\n<td>\n<p>Abgedeckt<\/p>\n<\/td>\n<td>\n<p>Kunde zahlt bei R\u00fcckgaben<\/p>\n<\/td>\n<\/tr>\n<tr>\n<td>\n<p>Programmier- \/ Sonderanfertigungsschl\u00fcssel<\/p>\n<\/td>\n<td>\n<p>Inklusive<\/p>\n<\/td>\n<td>\n<p>Oft ausgeschlossen<\/p>\n<\/td>\n<\/tr>\n<tr>\n<td>\n<p>Rabatt auf zuk\u00fcnftige Eink\u00e4ufe<\/p>\n<\/td>\n<td>\n<p>20% Rabatt nach R\u00fcckgabe<\/p>\n<\/td>\n<td>\n<p>Keine<\/p>\n<\/td>\n<\/tr>\n<\/tbody>\n<\/table>\n<p>Au\u00dferdem bieten wir ein\u00a0<strong><b>exklusiven 20%-Rabatt auf zuk\u00fcnftige Schl\u00fcsselanh\u00e4nger<\/b><\/strong>\u00a0f\u00fcr Kunden, die erfolgreich ein Produkt bei uns zur\u00fcckgegeben oder umgetauscht haben. Es ist unsere Art, Danke zu sagen, dass Sie KeylessBest als Ihre vertrauensw\u00fcrdige Quelle f\u00fcr Autofernbedienungen gew\u00e4hlt haben.<\/p>\n<p>Zum Beispiel sind unsere hochwertigen\u00a0<a href=\"https:\/\/keylessbest.com\/de\/product\/2007-2015-toyota-prius-4runner-avalon-le-camry-corolla-rav4-highlander-landcruiser-3-tasten-schlussel-entry-fernbedienung-hyq14aab-pn-89904-35030-2__trashed\/\">Toyota schl\u00fcssellose Zugangsfernbedienungsmodelle<\/a>\u00a0vollst\u00e4ndig durch diese Garantie abgedeckt, um Ihre Investition im Laufe der Zeit zu sch\u00fctzen.<\/p>\t\t\t\t\t\t\t\t<\/div>\n\t\t\t\t\t<\/div>\n\t\t\t\t<\/div>\n\t\t<div class=\"elementor-element elementor-element-c9e70bd e-flex e-con-boxed e-con e-parent\" data-id=\"c9e70bd\" data-element_type=\"container\">\n\t\t\t\t\t<div class=\"e-con-inner\">\n\t\t\t\t<div class=\"elementor-element elementor-element-4872233 elementor-widget elementor-widget-text-editor\" data-id=\"4872233\" data-element_type=\"widget\" data-widget_type=\"text-editor.default\">\n\t\t\t\t\t\t\t\t\t<h2><strong><b>H\u00e4ufig gestellte Fragen (FAQs): Ihre Fragen zur R\u00fcckgabe Ihres Schl\u00fcsselanh\u00e4ngers beantwortet<\/b><\/strong><\/h2>\n<p>Hier sind Antworten auf die h\u00e4ufigsten Fragen zur R\u00fcckerstattungs- und R\u00fcckgabepolitik von KeylessBest:<\/p>\n<h3><strong><b>Kann ich einen programmierten oder ma\u00dfgeschneiderten Schl\u00fcsselanh\u00e4nger zur\u00fcckgeben?<\/b><\/strong><\/h3>\n<p>Programmiert und ma\u00dfgeschneidert angefertigte Schl\u00fcssel sind in der Regel von R\u00fcckerstattungen ausgeschlossen, da sie personalisiert sind. Wenn Sie jedoch beim Kauf darauf verzichtet haben, k\u00f6nnten Sie dennoch f\u00fcr R\u00fcckgaben in Frage kommen. \u00dcberpr\u00fcfen Sie dies immer vor der Bestellung, um \u00dcberraschungen zu vermeiden.<\/p>\n<h3><strong><b>Was passiert, wenn ich au\u00dferhalb Deutschlands bin oder international versenden muss?<\/b><\/strong><\/h3>\n<p>Internationale R\u00fccksendungen k\u00f6nnen zus\u00e4tzliche Versandkosten verursachen, und Z\u00f6lle k\u00f6nnten anfallen. KeylessBest \u00fcbernimmt diese Kosten nicht, also ber\u00fccksichtigen Sie dies, bevor Sie eine R\u00fcckgabe initiieren.<\/p>\n<h3><strong><b>Was passiert, wenn mein R\u00fccksendepaket verloren geht?<\/b><\/strong><\/h3>\n<p>We recommend using a trackable shipping method for returns. If your package is lost, contact support immediately at <span \n                data-original-string='Vfb\/00Swy4\/1XvaI3XUkVA==076Xudw9+sa18dWAMorUvgcz3ejZuFR8NzcqCmUnW8d\/ZA='\n                class='apbct-email-encoder'\n                title='Dieser Kontakt wurde von Anti-Spam by CleanTalk verschl\u00fcsselt. Klicken Sie hier, um ihn zu entschl\u00fcsseln. Um die Entschl\u00fcsselung abzuschlie\u00dfen, stellen Sie sicher, dass JavaScript in Ihrem Browser aktiviert ist.'>ke<span class=\"apbct-blur\">*********<\/span>@<span class=\"apbct-blur\">***<\/span>il.com<\/span>. Refunds or exchanges can be delayed without proof of shipment.<\/p>\n<h3><strong><b>Sind Teilgutschriften f\u00fcr besch\u00e4digte oder fehlende Teile m\u00f6glich?<\/b><\/strong><\/h3>\n<p>Teilgutschriften werden fallweise bearbeitet. Wenn Ihr Artikel unvollst\u00e4ndig oder besch\u00e4digt angekommen ist, kontaktieren Sie den Support mit Fotos. Wir werden mit Ihnen zusammenarbeiten, um das Problem fair zu l\u00f6sen.<\/p>\n<h3><strong><b>Muss ich Z\u00f6lle oder Einfuhrabgaben bei R\u00fccksendungen bezahlen?<\/b><\/strong><\/h3>\n<p>Kunden sind f\u00fcr alle beim internationalen R\u00fcckversand anfallenden Zollgeb\u00fchren verantwortlich. KeylessBest erstattet diese Geb\u00fchren nicht.<\/p>\n<h3><strong><b>Wie lange ist das R\u00fcckgabefenster f\u00fcr den Schl\u00fcsselanh\u00e4nger?<\/b><\/strong><\/h3>\n<p>Unser vollst\u00e4ndiges R\u00fcckerstattungs- und Umtauschfenster erstreckt sich bis zu 24 Monate f\u00fcr qualifizierte Artikel\u2014deutlich l\u00e4nger als bei vielen Wettbewerbern. F\u00fcr R\u00fcckgaben aufgrund von K\u00e4uferbedauern handeln Sie innerhalb von 30 Tagen. Dieser Zeitraum unterst\u00fctzt Sprachsuchanfragen wie \u201ekeylessbest R\u00fcckgaberecht Zeitraum\u201c.<\/p>\n<p>Wenn Sie weitere Fragen haben, k\u00f6nnen Sie uns jederzeit per E-Mail kontaktieren unter <strong><span style=\"color: #ff6600;\"><span \n                data-original-string='pbGvLBD77wcVdwQqAabkww==076mUi48bnEp4FGTIbkSmfQlBpkSFFnRqVt\/Ba0e0fP5uE='\n                class='apbct-email-encoder'\n                title='Dieser Kontakt wurde von Anti-Spam by CleanTalk verschl\u00fcsselt. Klicken Sie hier, um ihn zu entschl\u00fcsseln. Um die Entschl\u00fcsselung abzuschlie\u00dfen, stellen Sie sicher, dass JavaScript in Ihrem Browser aktiviert ist.'>ke<span class=\"apbct-blur\">*********<\/span>@<span class=\"apbct-blur\">***<\/span>il.com<\/span><\/span><\/strong>. Wir legen Wert auf klaren, unkomplizierten Kundenservice, der auf Ihre Bed\u00fcrfnisse zugeschnitten ist.<\/p>\n<p>F\u00fcr zus\u00e4tzliche Produktinformationen zur Abdeckung, schauen Sie sich unsere\u00a0<a href=\"https:\/\/keylessbest.com\/de\/product\/2014-2016-maserati-ghibli-quattroporte-4-tasten-schlusselloser-zugang-fernbedienung-m3n-7393490-pn-5923336\/\">Maserati schl\u00fcssellose Zugang Fernbedienung<\/a>\u00a0Seite an.<\/p>\t\t\t\t\t\t\t\t<\/div>\n\t\t\t\t\t<\/div>\n\t\t\t\t<\/div>\n\t\t\t\t<\/div>","protected":false},"excerpt":{"rendered":"<p>KeylessBest Car Key Fob Refund and Returns Policy When your\u00a0car key fob\u00a0fails or doesn\u2019t fit right, the last thing you want is to be stuck with confusing or stingy return policies. That\u2019s why understanding a clear, user-friendly\u00a0car key fob refund and returns policy\u00a0isn\u2019t just nice to have\u2014it\u2019s a must before you buy. At KeylessBest, we&#8230;<\/p>","protected":false},"author":1,"featured_media":0,"parent":0,"menu_order":0,"comment_status":"closed","ping_status":"closed","template":"","meta":{"_bst_post_transparent":"","_bst_post_title":"","_bst_post_layout":"","_bst_post_sidebar_id":"","_bst_post_content_style":"","_bst_post_vertical_padding":"","_bst_post_feature":"","_bst_post_feature_position":"","_bst_post_header":false,"_bst_post_footer":false,"footnotes":""},"class_list":["post-16","page","type-page","status-publish","hentry"],"_links":{"self":[{"href":"https:\/\/keylessbest.com\/de\/wp-json\/wp\/v2\/pages\/16","targetHints":{"allow":["GET"]}}],"collection":[{"href":"https:\/\/keylessbest.com\/de\/wp-json\/wp\/v2\/pages"}],"about":[{"href":"https:\/\/keylessbest.com\/de\/wp-json\/wp\/v2\/types\/page"}],"author":[{"embeddable":true,"href":"https:\/\/keylessbest.com\/de\/wp-json\/wp\/v2\/users\/1"}],"replies":[{"embeddable":true,"href":"https:\/\/keylessbest.com\/de\/wp-json\/wp\/v2\/comments?post=16"}],"version-history":[{"count":4,"href":"https:\/\/keylessbest.com\/de\/wp-json\/wp\/v2\/pages\/16\/revisions"}],"predecessor-version":[{"id":18431,"href":"https:\/\/keylessbest.com\/de\/wp-json\/wp\/v2\/pages\/16\/revisions\/18431"}],"wp:attachment":[{"href":"https:\/\/keylessbest.com\/de\/wp-json\/wp\/v2\/media?parent=16"}],"curies":[{"name":"wp","href":"https:\/\/api.w.org\/{rel}","templated":true}]}}