{"id":18448,"date":"2025-11-20T06:47:54","date_gmt":"2025-11-20T06:47:54","guid":{"rendered":"https:\/\/keylessbest.com\/?page_id=18448"},"modified":"2025-11-21T06:48:13","modified_gmt":"2025-11-21T06:48:13","slug":"keylessbest-uber-uns","status":"publish","type":"page","link":"https:\/\/keylessbest.com\/de\/keylessbest-uber-uns\/","title":{"rendered":"\u00dcber uns"},"content":{"rendered":"<style>* { box-sizing: border-box; } body {margin: 0;}*{box-sizing:border-box;}body{margin-top:0px;margin-right:0px;margin-bottom:0px;margin-left:0px;}.c1734{max-width:100%;width:100%;}.c1826{max-width:100%;width:100%;}.c1871{max-width:100%;width:100%;}.c2198{max-width:100%;width:100%;}.c881{max-width:100%;width:100%;}.c1067{max-width:100%;width:100%;}.c1189{max-width:100%;width:100%;}.c1559{max-width:100%;width:100%;}.c1953{max-width:100%;width:100%;}.c3831{outline:none;-webkit-font-smoothing:antialiased;-webkit-tap-highlight-color:rgba(0, 0, 0, 0);border-color:initial;border-image:initial;margin:0px;padding:0px;font-size:16px;line-height:28px;overflow-anchor:auto;font-family:Inter, -apple-system, BlinkMacSystemFont, \"Segoe UI\", \"PingFang SC\", \"Hiragino Sans GB\", \"Microsoft YaHei\", \"Helvetica Neue\", Helvetica, Arial, sans-serif;color:rgb(0, 0, 0) !important;outline-color:initial;outline-style:none;outline-width:initial;border-top-color:initial;border-right-color:initial;border-bottom-color:initial;border-left-color:initial;border-image-source:initial;border-image-slice:initial;border-image-width:initial;border-image-outset:initial;border-image-repeat:initial;margin-top:0px;margin-right:0px;margin-bottom:0px;margin-left:0px;padding-top:0px;padding-right:0px;padding-bottom:0px;padding-left:0px;}.c4874{margin-left:36pt;text-indent:-18pt;tab-stops:blank 36.0000pt;mso-list:l0 level1 lfo1;}.c4878{mso-spacerun:'yes';font-family:Calibri;mso-fareast-font-family:&#23435;&#20307;;mso-bidi-font-family:'Times New Roman';font-size:10.5pt;mso-font-kerning:1.0000pt;}.c4896{mso-spacerun:'yes';font-family:&#23435;&#20307;;mso-ascii-font-family:Calibri;mso-hansi-font-family:Calibri;mso-bidi-font-family:'Times New Roman';font-size:10.5pt;mso-font-kerning:1.0000pt;}.c4923{mso-spacerun:'yes';font-family:Calibri;mso-fareast-font-family:&#23435;&#20307;;mso-bidi-font-family:'Times New Roman';font-size:10.5pt;mso-font-kerning:1.0000pt;}.c4941{mso-spacerun:'yes';font-family:&#23435;&#20307;;mso-ascii-font-family:Calibri;mso-hansi-font-family:Calibri;mso-bidi-font-family:'Times New Roman';font-size:10.5pt;mso-font-kerning:1.0000pt;}.c4959{mso-spacerun:'yes';font-family:Calibri;mso-fareast-font-family:&#23435;&#20307;;mso-bidi-font-family:'Times New Roman';font-size:10.5pt;mso-font-kerning:1.0000pt;}.c4977{mso-spacerun:'yes';font-family:&#23435;&#20307;;mso-ascii-font-family:Calibri;mso-hansi-font-family:Calibri;mso-bidi-font-family:'Times New Roman';font-size:10.5pt;mso-font-kerning:1.0000pt;}.c5004{mso-spacerun:'yes';font-family:Calibri;mso-fareast-font-family:&#23435;&#20307;;mso-bidi-font-family:'Times New Roman';font-size:10.5pt;mso-font-kerning:1.0000pt;}.c8465{margin-left:18pt;mso-para-margin-left:0.0000gd;}.c8609{margin-left:18pt;mso-para-margin-left:0.0000gd;}.c8753{margin-left:18pt;mso-para-margin-left:0.0000gd;}.c8933{margin-left:18pt;mso-para-margin-left:0.0000gd;}.c8468{mso-spacerun:'yes';font-family:Calibri;mso-fareast-font-family:&#23435;&#20307;;mso-bidi-font-family:'Times New Roman';font-size:10.5pt;mso-font-kerning:1.0000pt;}.c8495{mso-spacerun:'yes';font-family:&#23435;&#20307;;mso-ascii-font-family:Calibri;mso-hansi-font-family:Calibri;mso-bidi-font-family:'Times New Roman';font-size:10.5pt;mso-font-kerning:1.0000pt;}.c8522{mso-spacerun:'yes';font-family:Calibri;mso-fareast-font-family:&#23435;&#20307;;mso-bidi-font-family:'Times New Roman';font-size:10.5pt;mso-font-kerning:1.0000pt;}.c8540{mso-spacerun:'yes';font-family:&#23435;&#20307;;mso-ascii-font-family:Calibri;mso-hansi-font-family:Calibri;mso-bidi-font-family:'Times New Roman';font-size:10.5pt;mso-font-kerning:1.0000pt;}.c8567{mso-spacerun:'yes';font-family:Calibri;mso-fareast-font-family:&#23435;&#20307;;mso-bidi-font-family:'Times New Roman';font-size:10.5pt;mso-font-kerning:1.0000pt;}.c8585{mso-spacerun:'yes';font-family:Calibri;mso-fareast-font-family:&#23435;&#20307;;mso-bidi-font-family:'Times New Roman';font-size:10.5pt;mso-font-kerning:1.0000pt;}.c8612{mso-spacerun:'yes';font-family:Calibri;mso-fareast-font-family:&#23435;&#20307;;mso-bidi-font-family:'Times New Roman';font-size:10.5pt;mso-font-kerning:1.0000pt;}.c8639{mso-spacerun:'yes';font-family:&#23435;&#20307;;mso-ascii-font-family:Calibri;mso-hansi-font-family:Calibri;mso-bidi-font-family:'Times New Roman';font-size:10.5pt;mso-font-kerning:1.0000pt;}.c8666{mso-spacerun:'yes';font-family:Calibri;mso-fareast-font-family:&#23435;&#20307;;mso-bidi-font-family:'Times New Roman';font-size:10.5pt;mso-font-kerning:1.0000pt;}.c8684{mso-spacerun:'yes';font-family:&#23435;&#20307;;mso-ascii-font-family:Calibri;mso-hansi-font-family:Calibri;mso-bidi-font-family:'Times New Roman';font-size:10.5pt;mso-font-kerning:1.0000pt;}.c8711{mso-spacerun:'yes';font-family:Calibri;mso-fareast-font-family:&#23435;&#20307;;mso-bidi-font-family:'Times New Roman';font-size:10.5pt;mso-font-kerning:1.0000pt;}.c8729{mso-spacerun:'yes';font-family:Calibri;mso-fareast-font-family:&#23435;&#20307;;mso-bidi-font-family:'Times New Roman';font-size:10.5pt;mso-font-kerning:1.0000pt;}.c8756{mso-spacerun:'yes';font-family:Calibri;mso-fareast-font-family:&#23435;&#20307;;mso-bidi-font-family:'Times New Roman';font-size:10.5pt;mso-font-kerning:1.0000pt;}.c8783{mso-spacerun:'yes';font-family:&#23435;&#20307;;mso-ascii-font-family:Calibri;mso-hansi-font-family:Calibri;mso-bidi-font-family:'Times New Roman';font-size:10.5pt;mso-font-kerning:1.0000pt;}.c8810{mso-spacerun:'yes';font-family:Calibri;mso-fareast-font-family:&#23435;&#20307;;mso-bidi-font-family:'Times New Roman';font-size:10.5pt;mso-font-kerning:1.0000pt;}.c8828{mso-spacerun:'yes';font-family:&#23435;&#20307;;mso-ascii-font-family:Calibri;mso-hansi-font-family:Calibri;mso-bidi-font-family:'Times New Roman';font-size:10.5pt;mso-font-kerning:1.0000pt;}.c8855{mso-spacerun:'yes';font-family:Calibri;mso-fareast-font-family:&#23435;&#20307;;mso-bidi-font-family:'Times New Roman';font-size:10.5pt;mso-font-kerning:1.0000pt;}.c8873{mso-spacerun:'yes';font-family:Calibri;mso-fareast-font-family:&#23435;&#20307;;mso-bidi-font-family:'Times New Roman';font-size:10.5pt;mso-font-kerning:1.0000pt;}.c8900{mso-spacerun:'yes';font-family:Calibri;mso-fareast-font-family:&#23435;&#20307;;mso-bidi-font-family:'Times New Roman';font-size:10.5pt;mso-font-kerning:1.0000pt;}.c8909{mso-spacerun:'yes';font-family:Calibri;mso-fareast-font-family:&#23435;&#20307;;mso-bidi-font-family:'Times New Roman';font-size:10.5pt;mso-font-kerning:1.0000pt;}.c8936{mso-spacerun:'yes';font-family:Calibri;mso-fareast-font-family:&#23435;&#20307;;mso-bidi-font-family:'Times New Roman';font-size:10.5pt;mso-font-kerning:1.0000pt;}.c8963{mso-spacerun:'yes';font-family:&#23435;&#20307;;mso-ascii-font-family:Calibri;mso-hansi-font-family:Calibri;mso-bidi-font-family:'Times New Roman';font-size:10.5pt;mso-font-kerning:1.0000pt;}.c8990{mso-spacerun:'yes';font-family:Calibri;mso-fareast-font-family:&#23435;&#20307;;mso-bidi-font-family:'Times New Roman';font-size:10.5pt;mso-font-kerning:1.0000pt;}.c9008{mso-spacerun:'yes';font-family:Calibri;mso-fareast-font-family:&#23435;&#20307;;mso-bidi-font-family:'Times New Roman';font-size:10.5pt;mso-font-kerning:1.0000pt;}<\/style>\n<p><body><\/p>\n<section class=\"relative bg-white bg-[url('https:\/\/hn-smartautokey.usa18.wondercdn.com\/uploads\/image\/60f7bb87a36b6.jpg')] bg-center bg-no-repeat bg-cover max-h-[600px] sm:max-h-[700px] lg:max-h-[800px] mb-0' style='max-width: 100%; width: max-width: c881\" style=\"max-width: 100%; width: 100%;\">\n<div class=\"absolute inset-0 bg-black bg-opacity-40\"><\/div>\n<div class=\"relative z-10 max-w-7xl mx-auto h-full flex flex-col justify-center px-6 py-20 sm:py-32 lg:py-40 container\">\n<h1 class=\"text-white font-extrabold text-4xl sm:text-5xl md:text-6xl max-w-3xl leading-tight drop-shadow-lg\">Der professionelle Hersteller f\u00fcr schl\u00fcssellose Automobill\u00f6sungen<\/h1>\n<p class=\"mt-6 max-w-xl text-orange-500 text-lg sm:text-xl font-semibold drop-shadow-md\">Nahtlose, sichere und innovative schl\u00fcssellose Zugangssysteme landesweit liefern<\/p>\n<div class=\"mt-10 flex flex-col sm:flex-row sm:space-x-6 space-y-4 sm:space-y-0 max-w-xl\">\n<div class=\"rounded-md shadow\"><a class=\"w-full flex items-center justify-center px-8 py-3 border border-transparent text-base font-medium rounded-md text-white bg-orange-600 hover:bg-orange-700 focus:outline-none focus:ring-2 focus:ring-offset-2 focus:ring-orange-500' href='#\"> Entdecken Sie unsere L\u00f6sungen <\/a><\/div>\n<div class=\"rounded-md shadow\">Vertrieb kontaktieren<\/div>\n<\/div>\n<\/div>\n<\/section>\n<section class=\"bg-white mb-0' style='max-width: 100%; width: max-width: c1067\" style=\"max-width: 100%; width: 100%;\">\n<div class=\"container mx-auto px-6 py-20 flex flex-col-reverse lg:flex-row items-center lg:items-start gap-12\">\n<div class=\"lg:w-1\/2 text-center lg:text-left\">\n<h1 class=\"text-4xl md:text-5xl font-extrabold text-gray-900 leading-tight\">Revolutionierung Ihres Zugangserlebnisses<\/h1>\n<p class=\"mt-6 text-lg md:text-xl text-gray-700 max-w-xl mx-auto lg:mx-0\">Entdecken Sie hochmoderne, zuverl\u00e4ssige schl\u00fcssellose L\u00f6sungen, die Sicherheit und Komfort f\u00fcr Unternehmen weltweit verbessern.<\/p>\n<p><button type=\"button\" class=\"mt-8 inline-block bg-orange-600 hover:bg-orange-700 focus-visible:outline focus-visible:outline-2 focus-visible:outline-offset-2 focus-visible:outline-orange-600 text-white font-semibold px-8 py-3 rounded-md transition-colors text-lg\"> Entdecken Sie unsere L\u00f6sungen <\/button><\/div>\n<div class=\"lg:w-1\/2 max-w-lg mx-auto\"><img fetchpriority=\"high\" src=\"https:\/\/keylessbest.com\/wp-content\/uploads\/2025\/11\/60f7bb87a36b6.webp\" alt=\"Keyless Auto-Schl\u00fcsselgeh\u00e4use\" width=\"1000\" height=\"1000\" class=\"w-full h-auto rounded-lg shadow-lg' loading='eager' decoding='async\"><\/div>\n<\/div>\n<\/section>\n<section class=\"bg-gray-100 mb-0' style='max-width: 100%; width: max-width: c1189\" style=\"max-width: 100%; width: 100%;\">\n<div class=\"container mx-auto px-6 py-20\">\n<div class=\"max-w-7xl mx-auto grid grid-cols-1 lg:grid-cols-2 gap-12 items-center\">\n<div>\n<h2 class=\"text-4xl font-extrabold text-gray-900 mb-6\">\u00dcber keylessbest<\/h2>\n<p class=\"text-gray-700 mb-6 leading-relaxed\">keylessbest ist einer der professionellsten und beliebtesten Hersteller f\u00fcr fortschrittliche schl\u00fcssellose Zugangssysteme und Fahrzeugsicherheit. Wir verbinden innovative Technologie mit fachm\u00e4nnischer Handwerkskunst, um nahtlosen Komfort zu bieten.<\/p>\n<h3 class=\"text-2xl font-semibold text-gray-900 mb-4\">Kernkompetenzen<\/h3>\n<ul class=\"list-disc list-inside space-y-2 text-gray-700 mb-8\">\n<li>Hochmodern <a href=\"https:\/\/keylessbest.com\/de\/product\/2013-2021-toyota-rav4-nur-in-deutschland-gebaute-fahrzeuge-highlander-tacoma-tundra-sequoia-4-tasten-keyless-entry-fernbedienung-gq4-52t-gq452t-pn-89070-0r100-h\/\" data-wpil-monitor-id=\"6\">Schl\u00fcssellose Technologie, ma\u00dfgeschneidert f\u00fcr moderne Fahrzeuge<\/a><\/li>\n<li>Robuste Sicherheitsprotokolle, die maximalen Schutz gew\u00e4hrleisten<\/li>\n<li>Schnelle Produktentwicklung, die den Branchenstandards entspricht<\/li>\n<li>Engagierter Kundensupport und zuverl\u00e4ssiger Service<\/li>\n<\/ul>\n<h3 class=\"text-2xl font-semibold text-gray-900 mb-4\">Benutzerbenefits<\/h3>\n<ul class=\"list-disc list-inside space-y-2 text-gray-700\">\n<li>Vereinfachter Fahrzeugzugang mit sicheren, bequemen L\u00f6sungen<\/li>\n<li>Erh\u00f6hte Fahrzeugsicherheit durch vertrauensw\u00fcrdige, getestete Technologie<\/li>\n<li>Reduziertes Risiko von Verlust und Sch\u00e4den durch fortschrittliche schl\u00fcssellose Funktionen<\/li>\n<li>Seelenfrieden durch zuverl\u00e4ssige und langlebige Produkte<\/li>\n<\/ul>\n<\/div>\n<div class=\"flex justify-center\"><img loading=\"lazy\" decoding=\"async\" src=\"https:\/\/keylessbest.com\/wp-content\/uploads\/2025\/11\/60f7bb87a36b6.webp\" alt=\"Modernes schl\u00fcsselloses Zugangssystem\" width=\"450\" height=\"479\" class=\"rounded-lg shadow-lg object-cover w-full max-w-md' loading='lazy\"><\/div>\n<\/div>\n<div class=\"mt-20 max-w-xl mx-auto text-center\">\n<p class=\"text-lg text-gray-800 leading-relaxed\">Bei keylessbest ist Vertrauen die Grundlage jedes Produkts, das wir entwickeln. Unser Fokus auf Qualit\u00e4t, Sicherheit und benutzerzentriertes Design stellt sicher, dass Sie die bestm\u00f6gliche keyless Erfahrung erhalten.<\/p>\n<p><button type=\"button\" class=\"mt-10 inline-block bg-orange-600 hover:bg-orange-700 focus-visible:outline focus-visible:outline-2 focus-visible:outline-offset-2 focus-visible:outline-orange-600 text-white font-semibold py-3 px-8 rounded-lg transition\"> Entdecken Sie unsere L\u00f6sungen <\/button><\/div>\n<\/div>\n<\/section>\n<section class=\"bg-white text-gray-900 mb-0' style='max-width: 100%; width: max-width: c1559\" style=\"max-width: 100%; width: 100%;\">\n<div class=\"container mx-auto px-6 py-20\">\n<header class=\"text-center max-w-3xl mx-auto mb-16\">\n<h1 class=\"text-4xl font-extrabold tracking-tight mb-4\">keylessbest Produktpalette<\/h1>\n<p class=\"text-lg leading-relaxed\">Wir sind spezialisiert auf die Herstellung einer breiten Palette von Autoschl\u00fcsseln f\u00fcr Unternehmen, einschlie\u00dflich <b>Standardautoschl\u00fcssel<\/b>, <b>Smart Key Fobs<\/b>,<b> Transponderschl\u00fcssel<\/b>, und <b>Fernbedienungsschl\u00fcssel-Ersatzteile<\/b>. Neben fertigen Schl\u00fcsseln bieten wir auch verwandte Fertigungskomponenten wie<b> Schl\u00fcsselrohlinge<\/b>,<b> elektronische Chips<\/b>, und<b> Codierungsmodule<\/b>, die f\u00fcr verschiedene Automarken und -modelle geeignet sind. Unsere Kernmission ist es, Kunden hochwertige Autoschl\u00fcsselprodukte zu wettbewerbsf\u00e4higen Preisen anzubieten.<\/p>\n<\/header>\n<div class=\"grid gap-12 lg:grid-cols-2 lg:items-center\">\n<div>\n<h2 class=\"text-3xl font-semibold mb-4 text-orange-600\">Markenintroduktion<\/h2>\n<p class=\"mb-6\"><span class=\"c3831\">Herstellung der feinsten Autoschl\u00fcssel.\u00a0 wir sind <b>mehr als professionelle Hersteller<\/b>. Unser Ziel ist es, <b>sichere Reisen f\u00fcr Menschen weltweit zu gew\u00e4hrleisten.<\/b><\/span><\/p>\n<p><img decoding=\"async\" src=\"https:\/\/keylessbest.com\/wp-content\/uploads\/2025\/11\/60f7bb87a36b6.webp\" alt=\"Keylessbest Produktanzeige\" class=\"w-full rounded-lg shadow-md object-cover max-h-80' loading='lazy\"><\/div>\n<div class=\"space-y-12\">\n<section class=\"mb-0 c1734\" style=\"max-width: 100%; width: 100%;\">\n<h3 class=\"text-2xl font-semibold text-orange-600 mb-3\">Produkt-Highlights<\/h3>\n<ul class=\"list-disc list-inside space-y-2 text-gray-800\">\n<li>Fortschrittliche Verschl\u00fcsselung f\u00fcr Fahrzeugsicherheit und Diebstahlschutz.<\/li>\n<li>Ergonomisches Design f\u00fcr nahtlose Benutzererfahrung und einfache Handhabung.<\/li>\n<li>Breite Kompatibilit\u00e4t mit den wichtigsten Fahrzeugmarken und -modellen.<\/li>\n<\/ul>\n<\/section>\n<section class=\"mb-0 c1826\" style=\"max-width: 100%; width: 100%;\">\n<h3 class=\"text-2xl font-semibold text-orange-600 mb-3\">Qualit\u00e4tssicherung<\/h3>\n<p class=\"text-gray-800 leading-relaxed\">Jedes Produkt wird einer strengen Qualit\u00e4tskontrolle unterzogen, einschlie\u00dflich Dauertests und Branchenzertifizierungen.<\/p>\n<\/section>\n<section class=\"mb-0 c1871\" style=\"max-width: 100%; width: 100%;\"><button class=\"mt-4 bg-orange-600 hover:bg-orange-700 text-white font-semibold px-6 py-3 rounded-md focus:outline-none focus-visible:ring-2 focus-visible:ring-orange-500 focus-visible:ring-offset-2 transition\"> Entdecken Sie unser Sortiment <\/button><\/section>\n<\/div>\n<\/div>\n<\/div>\n<\/section>\n<section class=\"bg-gray-100 mb-0' style='max-width: 100%; width: max-width: c1953\" style=\"max-width: 100%; width: 100%;\">\n<div class=\"container mx-auto px-6 py-20\">\n<header class=\"max-w-3xl mx-auto text-center mb-16\">\n<h2 class=\"text-4xl font-extrabold text-gray-900 mb-4\">Warum keylessbest w\u00e4hlen<\/h2>\n<p class=\"text-gray-700 text-lg\">Innovative L\u00f6sungen, die Zuverl\u00e4ssigkeit, Sicherheit und Komfort in jedem schl\u00fcssellosen Produkt bieten.<\/p>\n<\/header>\n<div class=\"grid gap-12 lg:grid-cols-3 lg:gap-16 mb-20' role='list' aria-label='Unique selling points of keylessbest\">\n<article class=\"bg-white rounded-lg shadow-md p-8 flex flex-col items-center text-center\"><img decoding=\"async\" src=\"https:\/\/keylessbest.com\/wp-content\/uploads\/2025\/11\/60f7bb87a36b6.webp\" alt=\"Universeller Auto-Schl\u00fcsselcase\" width=\"150\" height=\"150\" class=\"mb-6\"><\/p>\n<h3 class=\"text-xl font-semibold text-gray-900 mb-2\">Breite Kompatibilit\u00e4t<\/h3>\n<p class=\"text-gray-600\">Die Unterst\u00fctzung f\u00fcr eine breite Palette von Fahrzeugmodellen gew\u00e4hrleistet eine nahtlose Integration mit bestehender Technologie.<\/p>\n<\/article>\n<article class=\"bg-white rounded-lg shadow-md p-8 flex flex-col items-center text-center\"><img decoding=\"async\" src=\"https:\/\/keylessbest.com\/wp-content\/uploads\/2025\/11\/60f7bb87a36b6.webp\" alt=\"Sicheres schl\u00fcsselloses Zugangssystem\" width=\"150\" height=\"150\" class=\"mb-6\"><\/p>\n<h3 class=\"text-xl font-semibold text-gray-900 mb-2\">Fortschrittliche Sicherheit<\/h3>\n<p class=\"text-gray-600\">Modernste Verschl\u00fcsselung und manipulationssichere Designs sch\u00fctzen Ihr Fahrzeug vor unbefugtem Zugriff.<\/p>\n<\/article>\n<article class=\"bg-white rounded-lg shadow-md p-8 flex flex-col items-center text-center\">\n<div class=\"w-16 h-16 flex items-center justify-center rounded-full bg-orange-500 text-white text-2xl font-bold mb-6\">&#9851;<\/div>\n<h3 class=\"text-xl font-semibold text-gray-900 mb-2\">Umweltfreundliche Materialien<\/h3>\n<p class=\"text-gray-600\">Nachhaltig gewonnene Komponenten reduzieren die Umweltbelastung, ohne die Haltbarkeit oder Leistung zu beeintr\u00e4chtigen.<\/p>\n<\/article>\n<\/div>\n<section aria-labelledby=\"testimonials-heading\" class=\"max-w-5xl mx-auto mb-20 mb-0 c2198\" style=\"max-width: 100%; width: 100%;\">\n<h3 id=\"testimonials-heading\" class=\"text-3xl font-extrabold text-gray-900 text-center mb-12\">\n<p>Kundenmeinungen<\/h3>\n<div class=\"space-y-12\">\n<blockquote class=\"bg-white p-8 rounded-lg shadow-md\">\n<p class=\"text-gray-700 mb-6\">\n<p class=\"MsoNormal c4874\"><span class=\"c4878\">&#8220;My husband lost the key to our 2019 Subaru Outback while camping<\/span><span class=\"c4896\"><font face=\"Calibri\">, <\/font><\/span><span class=\"c4923\">unser lokaler H\u00e4ndler veranschlagte 420 \u20ac und eine<\/span><span class=\"c4941\">&nbsp;<\/span><span class=\"c4959\">week wait. I contacted customer service here to purchase one: we paid just $89, and the key arrived in Colorado in 36 hours. Most importantly, it started the car on the first try! I still can&rsquo;t believe the value, so I bought two more as spares. I&rsquo;ve also recommended this store to my family and friends, and they all love it too. I&rsquo;m thrilled!&#8221;<\/span><span class=\"c4977\"><font face=\"Calibri\">&#8212;<\/font><\/span><span class=\"c5004\">Jennifer<br \/><\/span><\/p>\n<p class=\"MsoNormal c8465\"><span class=\"c8468\"><br \/>\"Habe am Mittwoch um 23 Uhr einen Smart Key f\u00fcr meinen 2022er Hyundai Tucson bestellt, und FedEx hat ihn am Freitag um 9 Uhr geliefert<\/span><span class=\"c8495\"><font face=\"Calibri\">, <\/font><\/span><span class=\"c8522\">3 days faster than the local shop&rsquo;s turnaround. I have my own programming equipment, so following their step-by-step tutorial made programming a breeze. Plus, it&rsquo;s 80% cheaper than the dealership!&#8221;<\/span><span class=\"c8540\"><font face=\"Calibri\">&#8212;<\/font><\/span><span class=\"c8567\">Brandon<\/span><span class=\"c8585\"><\/p>\n<p><\/span><\/p>\n<p class=\"MsoNormal c8609\"><span class=\"c8612\"><br \/>Ich betreibe eine kleine Autowerkstatt und habe vor sechs Monaten alle meine Toyota-Schl\u00fcssel auf Keyless umgestellt. Wir haben 362 Schl\u00fcssel installiert, ohne Probleme<\/span><span class=\"c8639\"><font face=\"Calibri\">,<\/font><\/span><span class=\"c8666\">their transponder chips are even more reliable than OEM. My customers have given great feedback! Before, my old supplier&rsquo;s constant delays made me lose many clients, but now they&rsquo;re all coming back&mdash;and bringing new ones. I credit this to switching to KeylessBest. My customer base keeps growing, and I&rsquo;m often working overtime now. Their wholesale prices are great, and my profit margin has increased by 30%!&#8221;<\/span><span class=\"c8684\"><font face=\"Calibri\">&#8212;<\/font><\/span><span class=\"c8711\">Mason Brooks<\/span><span class=\"c8729\"><\/p>\n<p><\/span><\/p>\n<p class=\"MsoNormal c8753\"><span class=\"c8756\"><br \/>&#8220;Tried a cheap key from Amazon for my 2017 Chevrolet Silverado<\/span><span class=\"c8783\"><font face=\"Calibri\">,<\/font><\/span><span class=\"c8810\">it wouldn&rsquo;t sync at all, wasting 3 hours of my time. Worse, they provided the wrong programming instructions, which locked me out of my car. I ended up paying $278 locally to fix it, and I was furious. Then I bought from here: the staff walked me through troubleshooting step by step over the phone, and programming was done in 30 minutes. Total lifesavers!&#8221;<\/span><span class=\"c8828\"><font face=\"Calibri\">&#8212;<\/font><\/span><span class=\"c8855\">Leo Hernandez<\/span><span class=\"c8873\"><\/p>\n<p><\/span><\/p>\n<p draggable=\"true\" class=\"MsoNormal c4874\"><span draggable=\"true\" class=\"c8900\"><\/span><span id=\"i55d6t\" draggable=\"true\" class=\"c8909\"><\/p>\n<p id=\"iunpsk\" draggable=\"true\">\n<p><\/span><\/p>\n<p class=\"MsoNormal c8933\"><span class=\"c8936\"><br \/>&#8220;Bought a remote key for my 2023 Kia from Keyless for $109, while the dealership wanted $395. Accidentally spilled coffee on it a month ago&mdash;wiped it off, and it works like new. Their 2-year warranty is just an added bonus, but I don&rsquo;t think I&rsquo;ll ever need to use it!&#8221;<\/span><span class=\"c8963\"><font face=\"Calibri\">&#8212;<\/font><\/span><span class=\"c8990\">Dylan Reeves<\/span><span class=\"c9008\"><\/p>\n<p><\/span><\/p>\n<\/p>\n<footer class=\"flex items-center\"><\/footer>\n<\/blockquote>\n<\/div>\n<\/section>\n<\/div>\n<\/section>\n<p><!-- AIVB Required Assets --> <\/body><\/p>\n<p><!-- AIVB Required Assets -->\n<link rel=\"stylesheet\" href=\"https:\/\/cdn.jsdelivr.net\/npm\/tailwindcss@2.2.19\/dist\/tailwind.min.css\">\n<link rel=\"stylesheet\" id=\"aivb-fontawesome-css\" href=\"https:\/\/cdn.jsdelivr.net\/npm\/@fortawesome\/fontawesome-free@6.4.0\/css\/all.min.css?ver=6.4.0\" media=\"all\">\n<script src=\"https:\/\/cdn.tailwindcss.com\"><\/script><\/p>\n<style>\n#content { width: 100% !important;  max-width: 100% !important; }\n#content > div:first-child { width: 100% !important;  max-width: 100% !important; }\n.ast-container { width: 100% !important;  max-width: 100% !important; }\nmain#content { width: 100% !important; max-width: 100% !important; }\n.page-content { width: 100% !important; max-width: 100% !important; }\n.site-content .ast-container { display: block !important; }\n<\/style>","protected":false},"excerpt":{"rendered":"<p>The Professional Manufacturer in Keyless Automotive Solutions Delivering seamless, secure, and innovative keyless entry systems nationwide. Explore Our Solutions Contact Sales Revolutionizing Your Access Experience Discover cutting-edge, reliable keyless solutions designed to enhance security and convenience for businesses worldwide. Explore Our Solutions About keylessbest keylessbest is one of the most professional and popular manufacturers in&#8230;<\/p>","protected":false},"author":1,"featured_media":0,"parent":0,"menu_order":0,"comment_status":"closed","ping_status":"closed","template":"","meta":{"_bst_post_transparent":"","_bst_post_title":"","_bst_post_layout":"","_bst_post_sidebar_id":"","_bst_post_content_style":"","_bst_post_vertical_padding":"","_bst_post_feature":"","_bst_post_feature_position":"","_bst_post_header":false,"_bst_post_footer":false,"footnotes":""},"class_list":["post-18448","page","type-page","status-publish","hentry"],"_links":{"self":[{"href":"https:\/\/keylessbest.com\/de\/wp-json\/wp\/v2\/pages\/18448","targetHints":{"allow":["GET"]}}],"collection":[{"href":"https:\/\/keylessbest.com\/de\/wp-json\/wp\/v2\/pages"}],"about":[{"href":"https:\/\/keylessbest.com\/de\/wp-json\/wp\/v2\/types\/page"}],"author":[{"embeddable":true,"href":"https:\/\/keylessbest.com\/de\/wp-json\/wp\/v2\/users\/1"}],"replies":[{"embeddable":true,"href":"https:\/\/keylessbest.com\/de\/wp-json\/wp\/v2\/comments?post=18448"}],"version-history":[{"count":6,"href":"https:\/\/keylessbest.com\/de\/wp-json\/wp\/v2\/pages\/18448\/revisions"}],"predecessor-version":[{"id":18518,"href":"https:\/\/keylessbest.com\/de\/wp-json\/wp\/v2\/pages\/18448\/revisions\/18518"}],"wp:attachment":[{"href":"https:\/\/keylessbest.com\/de\/wp-json\/wp\/v2\/media?parent=18448"}],"curies":[{"name":"wp","href":"https:\/\/api.w.org\/{rel}","templated":true}]}}