{"id":2,"date":"2024-06-21T03:54:29","date_gmt":"2024-06-21T03:54:29","guid":{"rendered":"https:\/\/demos.coderplace.com\/wp\/WP03\/WP03074\/?page_id=2"},"modified":"2024-06-21T03:54:29","modified_gmt":"2024-06-21T03:54:29","slug":"beispielseite","status":"publish","type":"page","link":"https:\/\/keylessbest.com\/de\/beispielseite\/","title":{"rendered":"Beispielseite"},"content":{"rendered":"<p>Dies ist eine Beispielseite. Sie unterscheidet sich von einem Blogbeitrag, weil sie an einem Ort bleibt und in der Seitennavigation (bei den meisten Themes) erscheint. Die meisten Leute beginnen mit einer \u00dcber-Uns-Seite, die potenziellen Besuchern ihre Person vorstellt. Es k\u00f6nnte so etwas sagen:<\/p>\n\n\n\n<blockquote class=\"wp-block-quote is-layout-flow wp-block-quote-is-layout-flow\"><p>Hallo! Ich bin tags\u00fcber Fahrradkurier, abends angehender Schauspieler, und das ist meine Webseite. Ich lebe in Berlin, habe einen tollen Hund namens Jack, und mag Pi\u00f1a Coladas. (Und im Regen erwischt werden.)<\/p><\/blockquote>\n\n\n\n<p>\u2026oder so etwas:<\/p>\n\n\n\n<blockquote class=\"wp-block-quote is-layout-flow wp-block-quote-is-layout-flow\"><p>Die XYZ Doohickey Company wurde 1971 gegr\u00fcndet und liefert seitdem qualitativ hochwertige Doohickeys an die \u00d6ffentlichkeit. Mit Sitz in Berlin besch\u00e4ftigt XYZ \u00fcber 2.000 Mitarbeiter und macht allerlei tolle Dinge f\u00fcr die Gemeinschaft.<\/p><\/blockquote>\n\n\n\n<p>Als neuer WordPress-Benutzer solltest du zu <a href=\"https:\/\/demos.coderplace.com\/wp\/WP03\/WP03074\/wp-admin\/\" target=\"_blank\" rel=\"noopener\">deinem Dashboard<\/a> gehen, um diese Seite zu l\u00f6schen und neue Seiten f\u00fcr deine Inhalte zu erstellen. Viel Spa\u00df!<\/p>","protected":false},"excerpt":{"rendered":"<p>This is an example page. It&#8217;s different from a blog post because it will stay in one place and will show up in your site navigation (in most themes). Most people start with an About page that introduces them to potential site visitors. It might say something like this: Hi there! I&#8217;m a bike messenger&#8230;<\/p>","protected":false},"author":1,"featured_media":0,"parent":0,"menu_order":0,"comment_status":"closed","ping_status":"open","template":"","meta":{"_bst_post_transparent":"","_bst_post_title":"","_bst_post_layout":"","_bst_post_sidebar_id":"","_bst_post_content_style":"","_bst_post_vertical_padding":"","_bst_post_feature":"","_bst_post_feature_position":"","_bst_post_header":false,"_bst_post_footer":false,"footnotes":""},"class_list":["post-2","page","type-page","status-publish","hentry"],"_links":{"self":[{"href":"https:\/\/keylessbest.com\/de\/wp-json\/wp\/v2\/pages\/2","targetHints":{"allow":["GET"]}}],"collection":[{"href":"https:\/\/keylessbest.com\/de\/wp-json\/wp\/v2\/pages"}],"about":[{"href":"https:\/\/keylessbest.com\/de\/wp-json\/wp\/v2\/types\/page"}],"author":[{"embeddable":true,"href":"https:\/\/keylessbest.com\/de\/wp-json\/wp\/v2\/users\/1"}],"replies":[{"embeddable":true,"href":"https:\/\/keylessbest.com\/de\/wp-json\/wp\/v2\/comments?post=2"}],"version-history":[{"count":0,"href":"https:\/\/keylessbest.com\/de\/wp-json\/wp\/v2\/pages\/2\/revisions"}],"wp:attachment":[{"href":"https:\/\/keylessbest.com\/de\/wp-json\/wp\/v2\/media?parent=2"}],"curies":[{"name":"wp","href":"https:\/\/api.w.org\/{rel}","templated":true}]}}