{"id":13745,"date":"2025-08-19T08:35:16","date_gmt":"2025-08-19T08:35:16","guid":{"rendered":"https:\/\/hanwuji.shengjit.com\/?post_type=product&#038;p=13745"},"modified":"2026-02-11T05:25:14","modified_gmt":"2026-02-11T05:25:14","slug":"2010-2019-buick-chevrolet-schlusselanhanger-oht01060512-fur-schlusselloses-system-beste-2","status":"publish","type":"product","link":"https:\/\/keylessbest.com\/de\/product\/2010-2019-buick-chevrolet-schlusselanhanger-oht01060512-fur-schlusselloses-system-beste-2\/","title":{"rendered":"2010-2019 Buick Chevrolet Schl\u00fcsselanh\u00e4nger OHT01060512 f\u00fcr Keylessbest"},"content":{"rendered":"<p>*Die detaillierten Informationen zu diesem schl\u00fcssellosen Fernbedienungsschl\u00fcssel f\u00fcr Chevrolet GMC Buick von 2010-2019 sind wie folgt. Bitte best\u00e4tigen Sie, dass die folgenden Details mit Ihrem Fahrzeug \u00fcbereinstimmen, bevor Sie bestellen: FCC ID, Teilenummer, <span style=\"font-size: 16px; font-style: normal; font-weight: 400;\">\u00a0<\/span><span style=\"font-size: 16px; font-style: normal; font-weight: 400;\">Jahr Modell,<\/span><span style=\"font-size: 16px; font-style: normal; font-weight: 400;\">IC,<\/span><span style=\"font-size: 16px; font-style: normal; font-weight: 400;\">\u00a0<\/span><span style=\"font-size: 16px;\">Frequenz, Chip und Tasten.<\/span><\/p>\n<h6><strong><b>Produktinformationen:<\/b><\/strong><\/h6>\n<ul>\n<li style=\"font-size: 16px;\">FCC ID: OHT01060512<\/li>\n<li style=\"font-size: 16px;\">PN: 13504199, 13574863, 20979468, 13504259, 13504204, 5924369, 5912548, 5912556, 5913397, 13504199, 13574863, 20979468, 13504259, 13504204<\/li>\n<li>IC: 5461A-01060512<\/li>\n<li>Frequenz: 315MHz<\/li>\n<li>Chip: 46<\/li>\n<li>Tasten: Verriegeln, Entriegeln, Panik, Kofferraum, Fernstart<\/li>\n<\/ul>\n<h6><strong><b>Das Referenzmodell<\/b><\/strong><strong><b>\uff1a<\/b><\/strong><\/h6>\n<ul>\n<li><a href=\"https:\/\/keylessbest.com\/de\/product\/2009-2014-toyota-avalon-camry-corolla-3-tasten-schlusselloser-zugang-fernbedienung-hyq14aem-pn-89904-0r060-89904-60770-89904-0r090-89904-42140__trashed\/\" data-wpil-monitor-id=\"752\">2010 &#8211; 2012<\/a> Buick Allure<\/li>\n<li>2013 \u2013 2020 Buick Encore<\/li>\n<li>2010 \u2013 2016 Buick Lacrosse<\/li>\n<li>2011 \u2013 2017 Buick Regal<\/li>\n<li>2012 \u2013 2016 Buick Verano<\/li>\n<li>2010 \u2013 2016 Chevrolet Camaro<\/li>\n<li>2012 \u2013 2013 Chevrolet Camaro Cabrio<\/li>\n<li>2011 &#8211; 2015 <a href=\"https:\/\/keylessbest.com\/de\/product\/2016-2020-chevrolet-cruze-xl7-sonic-4-tasten-schlussel-fernbedienung-hyq4aa-pn13508770-13529661-46__trashed\/\" data-wpil-monitor-id=\"758\">Chevrolet Cruze<\/a><\/li>\n<li>2016 \u2013 2016 Chevrolet Cruze (D1SC)<\/li>\n<li>2010 \u2013 2019 Chevrolet Equinox<\/li>\n<li>2014 \u2013 2019 Chevrolet Impala<\/li>\n<li>2013 \u2013 2016 Chevrolet Malibu<\/li>\n<li>2012 \u2013 2017 Chevrolet Sonic 4-T\u00fcrer<\/li>\n<li>2010 \u2013 2019 GMC Terrain<\/li>\n<\/ul>\n<p>*Hinweis 2016 <a href=\"https:\/\/keylessbest.com\/de\/product\/2016-2020-chevrolet-cruze-xl7-sonic-volt-bolt-spark-5-tasten-fernbedienung-fur-schlussellosen-zugang-hyq4aa-pn-13508768-13585722-13585723-13529661-13529664-13508770-46\/\" data-wpil-monitor-id=\"756\">Chevrolet Cruze hat 3 m\u00f6gliche Fernbedienungen<\/a> Flip-Schl\u00fcssel, bitte \u00fcberpr\u00fcfen Sie den ben\u00f6tigten Schl\u00fcssel. Die anderen Optionen sind 13514135 (Fahrzeuge mit XL8 Update 433 MHz) und 13588756 (Fahrzeuge mit XL7 315 MHz)<\/p>\n<p>Dieser Schl\u00fcssel kann wiederverwendet werden, nachdem die folgenden Schritte ausgef\u00fchrt wurden:<\/p>\n<p>1. Dr\u00fccken Sie die Taste LOCK und UNLOCK gleichzeitig etwa 5 Sekunden<br \/>\n2. Lassen Sie nur die LOCK-Taste los (weiterhin die Unlock-Taste gedr\u00fcckt halten)<br \/>\n3. Dr\u00fccken Sie die Taste LOCK dreimal<br \/>\n4. Alle Kn\u00f6pfe loslassen, einen beliebigen Knopf f\u00fcr 1 Sekunde dr\u00fccken, um das Entsperren abzuschlie\u00dfen<\/p>\n<p>Bitte beachten Sie: Sie m\u00fcssen die Kn\u00f6pfe schnell dr\u00fccken. Wenn Sie jeden Knopf 1 Sekunde lang gedr\u00fcckt halten, ist das zu lang<\/p>\n<p>Verwenden Sie diesen Schl\u00fcssel bei 'Alle Schl\u00fcssel verloren' und wenn das Fahrzeug 2 neue Schl\u00fcssel ben\u00f6tigt, dann setzen Sie den Schl\u00fcssel zur\u00fcck, um ihn erneut bei einem anderen Fahrzeug zu verwenden!<\/p>\n<h6><strong><b>Lieferumfang:<\/b><\/strong><\/h6>\n<ul>\n<li>Ein neuer Aftermarket <a href=\"https:\/\/keylessbest.com\/de\/product\/2011-2017-ford-fiesta-3-tasten-keyless-entry-fernbedienung-kr55wk47899-pn164-r8042-fernbedienung-164-r8043-klinge-164-r8042-164-r8039-5913139-5914117-4d63-80bit__trashed\/\" data-wpil-monitor-id=\"757\">schl\u00fcsselloser Fernbedienungsschl\u00fcssel<\/a><\/li>\n<li>Einen kostenlosen Ersatz-Notfall-Einf\u00fcgeschl\u00fcssel f\u00fcr den Aftermarket<\/li>\n<li>Alle Sender werden mit einer Batterie geliefert<\/li>\n<li>Alle Einheiten werden vor dem Versand getestet<\/li>\n<li>2-Jahres 100% Zufriedenheitsgarantie und Garantie<\/li>\n<\/ul>\n<h6><strong><b>Hinweis:<\/b><\/strong><\/h6>\n<ul>\n<li>Der schl\u00fcssellose Schl\u00fcsselersatz f\u00fcr Chevrolet GMC Buick von 2010-2019 \u2013 ohne Logo, mit einem ungeschnittenen Notfall-Einsatzschl\u00fcssel inklusive.<\/li>\n<li>Wir schneiden oder programmieren den Fernschl\u00fcssel nicht. F\u00fcr die Preisgestaltung wenden Sie sich bitte an den \u00f6rtlichen Schl\u00fcsseldienst oder H\u00e4ndler.<\/li>\n<li>Dieser Sender ist kompatibel mit Fahrzeugen, die \u00fcber einen Dashboard-Start\/Stopp-Knopf oder Drehknauf-Z\u00fcndung verf\u00fcgen, zusammen mit einem Proxy <a href=\"https:\/\/keylessbest.com\/de\/product\/2007-2013-nissan-rogue-versa-pathfinder-mit-smart-system-3-tasten-schlusselloser-entry-fernbedienung-cwtwbu729-cwtwbu735-cwtwbu624-pn-285e3-em30d-285e3-em31d\/\" data-wpil-monitor-id=\"755\">Schl\u00fcsselloses Zugangssystem<\/a>.<\/li>\n<li>Der Preis gilt f\u00fcr einen kompletten <a href=\"https:\/\/keylessbest.com\/de\/product\/2015-2021-jeep-renegade-5-tasten-schlusselloser-zugang-fernbedienung-m3n-40821302-ersetzt-pn-6mp33dx9aa-id-47-4a__trashed\/\" data-wpil-monitor-id=\"753\">schl\u00fcssellosen Entry-Remote-Ersatz<\/a>, inklusive Notfallschl\u00fcssel.<\/li>\n<li>Daher empfehlen wir dringend, dass Sie Ihre <a href=\"https:\/\/keylessbest.com\/de\/wie-man-den-schlusselanhanger-schnell-einfach-diy-schritte-fur-jedes-auto-programmiert\/\" data-wpil-monitor-id=\"754\">KEY FOB programmieren lassen<\/a> von einem professionellen Schlosser oder H\u00e4ndler.<\/li>\n<\/ul>\n<h6><strong>Programmierressourcen:<\/strong><\/h6>\n<p><a href=\"http:\/\/programyourfob.com\/?list_6\/\" target=\"_blank\" rel=\"noopener\">Chevrolet-Cambrian (Liaoning) Elektronik-Technologie Co., Ltd.<\/a><\/p>\n<p><a href=\"http:\/\/programyourfob.com\/?list_4\/\" target=\"_blank\" rel=\"noopener\">Buick-Cambrian (Liaoning) Elektronik-Technologie Co., Ltd.<\/a><\/p>\n<p><a href=\"http:\/\/programyourfob.com\/?list_11\/\" target=\"_blank\" rel=\"noopener\">GMC-Cambrian (Liaoning) Elektronik-Technologie Co., Ltd.<\/a><\/p>\n<p>Vielen Dank, dass Sie uns gew\u00e4hlt haben.<\/p>\n<p>Wir sind einer der professionellsten Hersteller von Autoschl\u00fcsseln, schl\u00fcssellosen Zugangssystemen, <a href=\"https:\/\/keylessbest.com\/de\/product\/1996-2005-buick-cadillac-chevrolet-gmc-oldsmobile-pontiac-lesabre-park-avenue-lesabre-park-avenue-riviera-eldorado-seville-astro-blazer-impala-malibu-monte-carlo-envoy-jimmy-safari-brava\/\" data-wpil-monitor-id=\"751\">Autoschl\u00fcssel-Fernbedienung<\/a>, Transponderschips, Schl\u00fcsselprogrammierer, Geh\u00e4use f\u00fcr Autoschl\u00fcssel, Autoschl\u00f6sser, Schlosserwerkzeuge und so weiter. Dar\u00fcber hinaus verf\u00fcgt unser Unternehmen \u00fcber ein professionelles Team und eine Produktionslinie. Au\u00dferdem spezialisieren wir uns auf die Herstellung verschiedener Autoschl\u00fcssel, Geh\u00e4use f\u00fcr Autoschl\u00fcssel und Schlosserwerkzeuge. Wir k\u00fcmmern uns auch um Entwicklung, Herstellung und Gro\u00dfhandel von Auto-Sicherheits- und Schutzprodukten.<\/p>\n<p>Wettbewerbsf\u00e4hige Preise und engagierte Dienstleistungen helfen Ihnen, einen guten Markt zu erschlie\u00dfen. Au\u00dferdem bieten \u00fcber 10 junge und energische Vertriebsteams schnellen, professionellen und freundlichen Service jederzeit. Zus\u00e4tzlich werden alle unsere Produkte direkt aus dem Lager in Deutschland, Kanada und Mexiko versendet. Die Waren, die Sie gekauft haben, werden innerhalb von 48 Stunden nach Bestellung verpackt und versendet. Mehr als 100% unserer Produkte sind auf Lager, und der Bestand ist ausreichend.<\/p>","protected":false},"excerpt":{"rendered":"<ul>\n<li style=\"list-style-type: none;\">\n<ul>\n<li style=\"font-size: 16px;\">SKU: CA-GM010<\/li>\n<li style=\"font-size: 16px;\">FCC ID: OHT01060512<\/li>\n<li style=\"font-size: 16px;\">PN: 13504199, 13574863, 20979468, 13504259, 13504204, 5924369, 5912548, 5912556, 5913397, 13504199, 13574863, 20979468, 13504259, 13504204<\/li>\n<li>IC: 5461A-01060512<\/li>\n<li>Frequenz: 315MHz<\/li>\n<li>Chip: 46<\/li>\n<li>Tasten: Verriegeln, Entriegeln, Panik, Kofferraum, Fernstart<\/li>\n<\/ul>\n<\/li>\n<\/ul>","protected":false},"featured_media":20814,"comment_status":"open","ping_status":"closed","template":"","meta":{"_bst_post_transparent":"default","_bst_post_title":"","_bst_post_layout":"default","_bst_post_sidebar_id":"","_bst_post_content_style":"default","_bst_post_vertical_padding":"default","_bst_post_feature":"","_bst_post_feature_position":"","_bst_post_header":false,"_bst_post_footer":false},"product_brand":[],"product_cat":[15,151,150,152],"product_tag":[],"2_year_make_model":[],"class_list":{"0":"post-13745","1":"product","2":"type-product","3":"status-publish","4":"has-post-thumbnail","6":"product_cat-carkeyremote","7":"product_cat-for-buick","8":"product_cat-for-chevrolet","9":"product_cat-for-gmc","11":"first","12":"instock","13":"sale","14":"shipping-taxable","15":"purchasable","16":"product-type-simple","17":"entry","18":"content-bg","19":"loop-entry"},"_links":{"self":[{"href":"https:\/\/keylessbest.com\/de\/wp-json\/wp\/v2\/product\/13745","targetHints":{"allow":["GET"]}}],"collection":[{"href":"https:\/\/keylessbest.com\/de\/wp-json\/wp\/v2\/product"}],"about":[{"href":"https:\/\/keylessbest.com\/de\/wp-json\/wp\/v2\/types\/product"}],"replies":[{"embeddable":true,"href":"https:\/\/keylessbest.com\/de\/wp-json\/wp\/v2\/comments?post=13745"}],"version-history":[{"count":3,"href":"https:\/\/keylessbest.com\/de\/wp-json\/wp\/v2\/product\/13745\/revisions"}],"predecessor-version":[{"id":20813,"href":"https:\/\/keylessbest.com\/de\/wp-json\/wp\/v2\/product\/13745\/revisions\/20813"}],"wp:featuredmedia":[{"embeddable":true,"href":"https:\/\/keylessbest.com\/de\/wp-json\/wp\/v2\/media\/20814"}],"wp:attachment":[{"href":"https:\/\/keylessbest.com\/de\/wp-json\/wp\/v2\/media?parent=13745"}],"wp:term":[{"taxonomy":"product_brand","embeddable":true,"href":"https:\/\/keylessbest.com\/de\/wp-json\/wp\/v2\/product_brand?post=13745"},{"taxonomy":"product_cat","embeddable":true,"href":"https:\/\/keylessbest.com\/de\/wp-json\/wp\/v2\/product_cat?post=13745"},{"taxonomy":"product_tag","embeddable":true,"href":"https:\/\/keylessbest.com\/de\/wp-json\/wp\/v2\/product_tag?post=13745"},{"taxonomy":"2_year_make_model","embeddable":true,"href":"https:\/\/keylessbest.com\/de\/wp-json\/wp\/v2\/2_year_make_model?post=13745"}],"curies":[{"name":"wp","href":"https:\/\/api.w.org\/{rel}","templated":true}]}}