{"id":13748,"date":"2025-08-19T08:35:17","date_gmt":"2025-08-19T08:35:17","guid":{"rendered":"https:\/\/hanwuji.shengjit.com\/?post_type=product&#038;p=13748"},"modified":"2026-02-11T05:38:46","modified_gmt":"2026-02-11T05:38:46","slug":"2005-2007-buick-chevrolet-schlusselanhanger-pn-22733523-fur-keylessbest","status":"publish","type":"product","link":"https:\/\/keylessbest.com\/de\/product\/2005-2007-buick-chevrolet-schlusselanhanger-pn-22733523-fur-keylessbest\/","title":{"rendered":"2005-2007 Buick Chevrolet Schl\u00fcsselanh\u00e4nger PN: 22733523 f\u00fcr Keylessbest"},"content":{"rendered":"<p>*Die detaillierten Informationen zu diesem 2005-2011 Buick Chevy Pontiac schl\u00fcssellosen Fernbedienungsschl\u00fcssel sind wie folgt. Bitte best\u00e4tigen Sie, dass die folgenden Details mit Ihrem Fahrzeug \u00fcbereinstimmen, bevor Sie bestellen: FCC ID , Teilenummer , <span style=\"font-size: 16px; font-style: normal; font-weight: 400;\">\u00a0<\/span><span style=\"font-size: 16px; font-style: normal; font-weight: 400;\">Jahr Modell,<\/span><span style=\"font-size: 16px; font-style: normal; font-weight: 400;\">IC,<\/span><span style=\"font-size: 16px; font-style: normal; font-weight: 400;\">\u00a0<\/span><span style=\"font-size: 16px;\">Frequenz, Chip und Tasten.<\/span><\/p>\n<h6><strong><b>Produktinformationen:<\/b><\/strong><\/h6>\n<ul>\n<li style=\"font-size: 16px;\">FCC ID: KOBGT04A<\/li>\n<li style=\"font-size: 16px;\">PN: 22733523 15252034<\/li>\n<li>Frequenz: 315MHz<\/li>\n<li>Tasten: Verriegeln, Entriegeln, Panik, Kofferraum<\/li>\n<\/ul>\n<h6><strong><b>Das Referenzmodell<\/b><\/strong><strong><b>\uff1a<\/b><\/strong><\/h6>\n<ul>\n<li>2005-2007 Terraza<\/li>\n<li>2006-2011 Chevy HHR<\/li>\n<li>2005-2008 Chevy Uplander<\/li>\n<li>2005-2006 Pontiac Montana<\/li>\n<li>2005-2007 Saturn Relay<\/li>\n<\/ul>\n<h6><strong><b>Lieferumfang:<\/b><\/strong><\/h6>\n<ul>\n<li>Ein neuer schl\u00fcsselloser Fernbedienungsschl\u00fcssel f\u00fcr den Aftermarket<\/li>\n<li>Einen kostenlosen Ersatz-Notfall-Einf\u00fcgeschl\u00fcssel f\u00fcr den Aftermarket<\/li>\n<li>Alle Sender werden mit einer Batterie geliefert<\/li>\n<li>Alle Einheiten werden vor dem Versand getestet<\/li>\n<li>2-Jahres 100% Zufriedenheitsgarantie und Garantie<\/li>\n<\/ul>\n<h6><strong><b>Hinweis:<\/b><\/strong><\/h6>\n<ul>\n<li>Der 2005-2011 Buick Chevy Pontiac Smart-Schl\u00fcsselersatz \u2013 ohne Logo, mit einem ungeschnittenen Notfall-Einsatzschl\u00fcssel inklusive.<\/li>\n<li>Wir schneiden oder programmieren den Fernschl\u00fcssel nicht. F\u00fcr die Preisgestaltung wenden Sie sich bitte an den \u00f6rtlichen Schl\u00fcsseldienst oder H\u00e4ndler.<\/li>\n<li>Dieses Transmitter ist kompatibel mit Fahrzeugen mit einem Start\/Stopp-Knopf am Armaturenbrett oder Drehknauf-Z\u00fcndung, sowie einem Proxy-Schl\u00fcsselsystem.<\/li>\n<li>Der Preis gilt f\u00fcr eine komplette Ersatz-Schl\u00fcsselloseingangsfernbedienung, Notfallschl\u00fcssel inklusive.<\/li>\n<li>Daher empfehlen wir dringend, dass Sie Ihren\u00a0SCHL\u00dcSSELANLAGE\u00a0von einem professionellen Schl\u00fcsseldienst oder H\u00e4ndler programmieren lassen.<\/li>\n<\/ul>\n<h6><strong>Programmierressourcen:<\/strong><\/h6>\n<p><a href=\"http:\/\/programyourfob.com\/?list_4\/\" target=\"_blank\" rel=\"noopener\">Buick-Cambrian (Liaoning) Elektronik-Technologie Co., Ltd.<\/a><\/p>\n<p><a href=\"http:\/\/programyourfob.com\/?list_6\/\" target=\"_blank\" rel=\"noopener\">Chevrolet-Cambrian (Liaoning) Elektronik-Technologie Co., Ltd.<\/a><\/p>\n<p><a href=\"http:\/\/programyourfob.com\/?list_30\/\" target=\"_blank\" rel=\"noopener\">Pontiac-Cambrian (Liaoning) Elektronik-Technologie Co., Ltd.<\/a><\/p>\n<p>Vielen Dank, dass Sie uns gew\u00e4hlt haben.<\/p>\n<p>Wir sind einer der professionellsten Hersteller von Autoschl\u00fcsseln, schl\u00fcssellosen Systemen, Auto-Remote-Schl\u00fcsseln, Transponderchips, Schl\u00fcsselprogrammierern, Auto-Schl\u00fcsselgeh\u00e4usen, Autoschl\u00f6ssern, Schl\u00fcsseldienstwerkzeugen und so weiter. Au\u00dferdem verf\u00fcgt unser Unternehmen\u00a0\u00a0\u00fcber ein professionelles Team und eine Produktionslinie. Dar\u00fcber hinaus spezialisieren wir uns auf die Herstellung verschiedener Autoschl\u00fcssel, Schl\u00fcsselgeh\u00e4use und Schl\u00fcsseldienstwerkzeuge. Wir k\u00fcmmern uns auch um Entwicklung, Herstellung und Gro\u00dfhandel von Auto-Sicherheits- und Schutzprodukten.<\/p>\n<p>Wettbewerbsf\u00e4hige Preise und engagierte Dienstleistungen helfen Ihnen, einen guten Markt zu erschlie\u00dfen. Au\u00dferdem bieten \u00fcber 10 junge und energische Vertriebsteams schnellen, professionellen und freundlichen Service jederzeit. Zus\u00e4tzlich werden alle unsere Produkte direkt aus dem Lager in Deutschland, Kanada und Mexiko versendet. Die Waren, die Sie gekauft haben, werden innerhalb von 48 Stunden nach Bestellung verpackt und versendet. Mehr als 100% unserer Produkte sind auf Lager, und der Bestand ist ausreichend.<\/p>","protected":false},"excerpt":{"rendered":"<ul>\n<li style=\"font-size: 16px;\">FCC ID: KOBGT04A<\/li>\n<li style=\"font-size: 16px;\">PN: 22733523 15252034<\/li>\n<li>Frequenz: 315MHz<\/li>\n<li>Tasten: Verriegeln, Entriegeln, Panik, Kofferraum<\/li>\n<\/ul>","protected":false},"featured_media":20818,"comment_status":"open","ping_status":"closed","template":"","meta":{"_bst_post_transparent":"default","_bst_post_title":"","_bst_post_layout":"default","_bst_post_sidebar_id":"","_bst_post_content_style":"default","_bst_post_vertical_padding":"default","_bst_post_feature":"","_bst_post_feature_position":"","_bst_post_header":false,"_bst_post_footer":false},"product_brand":[],"product_cat":[15,376,373,375,377],"product_tag":[],"2_year_make_model":[],"class_list":{"0":"post-13748","1":"product","2":"type-product","3":"status-publish","4":"has-post-thumbnail","6":"product_cat-carkeyremote","7":"product_cat-for-chevy","8":"product_cat-for-pontiac","9":"product_cat-for-saturn","10":"product_cat-for-terraza","12":"first","13":"instock","14":"sale","15":"shipping-taxable","16":"purchasable","17":"product-type-simple","18":"entry","19":"content-bg","20":"loop-entry"},"_links":{"self":[{"href":"https:\/\/keylessbest.com\/de\/wp-json\/wp\/v2\/product\/13748","targetHints":{"allow":["GET"]}}],"collection":[{"href":"https:\/\/keylessbest.com\/de\/wp-json\/wp\/v2\/product"}],"about":[{"href":"https:\/\/keylessbest.com\/de\/wp-json\/wp\/v2\/types\/product"}],"replies":[{"embeddable":true,"href":"https:\/\/keylessbest.com\/de\/wp-json\/wp\/v2\/comments?post=13748"}],"version-history":[{"count":2,"href":"https:\/\/keylessbest.com\/de\/wp-json\/wp\/v2\/product\/13748\/revisions"}],"predecessor-version":[{"id":20817,"href":"https:\/\/keylessbest.com\/de\/wp-json\/wp\/v2\/product\/13748\/revisions\/20817"}],"wp:featuredmedia":[{"embeddable":true,"href":"https:\/\/keylessbest.com\/de\/wp-json\/wp\/v2\/media\/20818"}],"wp:attachment":[{"href":"https:\/\/keylessbest.com\/de\/wp-json\/wp\/v2\/media?parent=13748"}],"wp:term":[{"taxonomy":"product_brand","embeddable":true,"href":"https:\/\/keylessbest.com\/de\/wp-json\/wp\/v2\/product_brand?post=13748"},{"taxonomy":"product_cat","embeddable":true,"href":"https:\/\/keylessbest.com\/de\/wp-json\/wp\/v2\/product_cat?post=13748"},{"taxonomy":"product_tag","embeddable":true,"href":"https:\/\/keylessbest.com\/de\/wp-json\/wp\/v2\/product_tag?post=13748"},{"taxonomy":"2_year_make_model","embeddable":true,"href":"https:\/\/keylessbest.com\/de\/wp-json\/wp\/v2\/2_year_make_model?post=13748"}],"curies":[{"name":"wp","href":"https:\/\/api.w.org\/{rel}","templated":true}]}}