{"id":13758,"date":"2025-08-19T08:35:17","date_gmt":"2025-08-19T08:35:17","guid":{"rendered":"https:\/\/hanwuji.shengjit.com\/?post_type=product&#038;p=13758"},"modified":"2026-02-11T06:16:22","modified_gmt":"2026-02-11T06:16:22","slug":"2007-2017-chevrolet-schlusselanhanger-pn-20869056-fur-keylessbest","status":"publish","type":"product","link":"https:\/\/keylessbest.com\/de\/product\/2007-2017-chevrolet-schlusselanhanger-pn-20869056-fur-keylessbest\/","title":{"rendered":"2007-2017 Chevrolet Schl\u00fcsselanh\u00e4nger PN: 20869056 f\u00fcr Keylessbest"},"content":{"rendered":"<p>*Die detaillierten Informationen zu diesem schl\u00fcssellosen Fernbedienungsschl\u00fcssel f\u00fcr Cadillac GMC Chevrolet Saturn Buick Pontiac Suzuki von 2005-2017 sind wie folgt. Bitte best\u00e4tigen Sie, dass die folgenden Details mit Ihrem Fahrzeug \u00fcbereinstimmen, bevor Sie bestellen: FCC ID, Teilenummer, Jahr Modell, IC, Frequenz, Chip und Tasten.<\/p>\n<h6><strong><b>Produktinformationen:<\/b><\/strong><\/h6>\n<ul>\n<li>FCC-ID: OUC60270 &amp; OUC60221<\/li>\n<li>Teilenummer: 20869056, 15913420, 20952475, 22936099<\/li>\n<li>IC: 850K60221 \/ 850K60270 \/ 267F-5WY8109<\/li>\n<li>Frequenz: 315MHz<\/li>\n<li>Tasten: Verriegeln, Entriegeln, Alarm<\/li>\n<\/ul>\n<h6><strong><b>Das Referenzmodell:<\/b><\/strong><\/h6>\n<ul>\n<li>2007-2017 Buick Enclave<\/li>\n<li>2007-2014 f\u00fcr <a href=\"https:\/\/keylessbest.com\/de\/product\/2015-2020-cadillac-ats-ats-v-ct6-ct6-plug-in-cts-cts-v-xts-5-tasten-schlusselverlust-fernbedienung-hyq2eb-pn-13598512-13594029s-13510243-46__trashed\/\" data-wpil-monitor-id=\"1127\">Cadillac<\/a> Escalade<\/li>\n<li>2011-2015 Chevrolet Captiva Sport<\/li>\n<li>2007-2015 Chevrolet Avalanche<\/li>\n<li>2007-2014 f\u00fcr <a href=\"https:\/\/keylessbest.com\/de\/product\/2020-2024-chevrolet-corvette-c8-7-tasten-keyless-entry-fernbedienung-yg0g20tb1-pn-13538852-13547762-13554499-philips-nxp-aes__trashed\/\" data-wpil-monitor-id=\"1128\">Chevrolet<\/a> Equinox<\/li>\n<li>2007-2009 Chevrolet Equinox<\/li>\n<li>2008-2015 Chevrolet Express<\/li>\n<li>2007-2014 f\u00fcr Chevrolet Express 1500,2500,3500<\/li>\n<li>2013-2014 f\u00fcr Chevrolet Express 4500<\/li>\n<li>2007-2013 f\u00fcr Chevrolet Silverado 1500, 2500HD<\/li>\n<li>2007-2013 f\u00fcr Chevrolet Silverado 1500 HD<\/li>\n<li>2007-2008 f\u00fcr Chevrolet Silverado 3500<\/li>\n<li>2007-2013 f\u00fcr Chevrolet Silverado 3500 HD<\/li>\n<li>2007-2014 f\u00fcr Chevrolet Suburban 1500<\/li>\n<li>2007-2013 f\u00fcr Chevrolet Suburban 2500<\/li>\n<li>2007-2014 Chevrolet Tahoe<\/li>\n<li>2007-2017 Chevrolet Traverse<\/li>\n<li>2007-2016 GMC Acadia<\/li>\n<li>2008-2016 GMC Savana 1500, 2500, 3500<\/li>\n<li>2007-2014 f\u00fcr GMC Sierra 1500<\/li>\n<li>2007-2013 f\u00fcr <a href=\"https:\/\/keylessbest.com\/de\/product\/2014-2019-chevrolet-gmc-colorado-silverado-suburban-tahoe-canyon-sierra-yukon-5-tasten-schlussel-entriegelungsfernbedienung-m3n32337100-pn-13577771-13580081\/\" data-wpil-monitor-id=\"1126\">GMC<\/a> f\u00fcr Sierra 1500 HD<\/li>\n<li>2007-2014 f\u00fcr GMC Sierra 2500 HD, 3500HD<\/li>\n<li>2007-2014 f\u00fcr GMC Yukon<\/li>\n<li>2007-2014 f\u00fcr GMC Yukon XL 1500<\/li>\n<li>2007-2009 f\u00fcr GMC Yukon XL 2500<\/li>\n<li>2007-2009 Pontiac Torrent<\/li>\n<li>2007-2010 Saturn Outlook<\/li>\n<li>2008-2009 Saturn Vue<\/li>\n<li>2007-2009 Suzuki XL-7<\/li>\n<\/ul>\n<h6><strong><b>Lieferumfang:<\/b><\/strong><\/h6>\n<ul>\n<li>Ein neuer Aftermarket <a href=\"https:\/\/keylessbest.com\/de\/product\/2011-2017-ford-fiesta-3-tasten-keyless-entry-fernbedienung-kr55wk47899-pn164-r8042-fernbedienung-164-r8043-klinge-164-r8042-164-r8039-5913139-5914117-4d63-80bit__trashed\/\" data-wpil-monitor-id=\"1132\">schl\u00fcsselloser Fernbedienungsschl\u00fcssel<\/a><\/li>\n<li>Einen kostenlosen Ersatz-Notfall-Einf\u00fcgeschl\u00fcssel f\u00fcr den Aftermarket<\/li>\n<li>Alle Sender werden mit einer Batterie geliefert<\/li>\n<li>Alle Einheiten werden vor dem Versand getestet<\/li>\n<li>2-Jahres 100% Zufriedenheitsgarantie und Garantie<\/li>\n<\/ul>\n<h6><strong><b>Hinweis:<\/b><\/strong><\/h6>\n<ul>\n<li>Der schl\u00fcssellose Fernbedienungsschl\u00fcsselersatz f\u00fcr Cadillac GMC Chevrolet Saturn Buick Pontiac Suzuki von 2005-2017 \u2013 ohne Logo, mit ungeschnittener Notfall-Einf\u00fcgeklinge inklusive.<\/li>\n<li>Wir schneiden oder programmieren den Fernschl\u00fcssel nicht. F\u00fcr die Preisgestaltung wenden Sie sich bitte an den \u00f6rtlichen Schl\u00fcsseldienst oder H\u00e4ndler.<\/li>\n<li>Dieser Sender ist kompatibel mit Fahrzeugen, die \u00fcber einen Dashboard-Start\/Stopp-Knopf oder Drehknauf-Z\u00fcndung verf\u00fcgen, zusammen mit einem Proxy <a href=\"https:\/\/keylessbest.com\/de\/product\/2007-2013-nissan-rogue-versa-pathfinder-mit-smart-system-3-tasten-schlusselloser-entry-fernbedienung-cwtwbu729-cwtwbu735-cwtwbu624-pn-285e3-em30d-285e3-em31d\/\" data-wpil-monitor-id=\"1131\">Schl\u00fcsselloses Zugangssystem<\/a>.<\/li>\n<li>Der Preis gilt f\u00fcr einen kompletten <a href=\"https:\/\/keylessbest.com\/de\/product\/2015-2021-jeep-renegade-5-tasten-schlusselloser-zugang-fernbedienung-m3n-40821302-ersetzt-pn-6mp33dx9aa-id-47-4a__trashed\/\" data-wpil-monitor-id=\"1129\">schl\u00fcssellosen Entry-Remote-Ersatz<\/a>, inklusive Notfallschl\u00fcssel.<\/li>\n<li>Daher empfehlen wir dringend, dass Sie Ihre <a href=\"https:\/\/keylessbest.com\/de\/wie-man-den-schlusselanhanger-schnell-einfach-diy-schritte-fur-jedes-auto-programmiert\/\" data-wpil-monitor-id=\"1130\">KEY FOB programmieren lassen<\/a> von einem professionellen Schlosser oder H\u00e4ndler.<\/li>\n<\/ul>\n<h6><strong>Programmierressourcen:<\/strong><\/h6>\n<p><a href=\"http:\/\/programyourfob.com\/?list_4\/\" target=\"_blank\" rel=\"noopener\"><u>http:\/\/programyourfob.com\/?list_4\/<\/u><\/a><\/p>\n<p><a href=\"http:\/\/programyourfob.com\/?list_5\/\" target=\"_blank\" rel=\"noopener\">http:\/\/programyourfob.com\/?list_5\/<\/a><\/p>\n<p><a href=\"http:\/\/programyourfob.com\/?list_6\/\" target=\"_blank\" rel=\"noopener\">http:\/\/programyourfob.com\/?list_6\/<\/a><\/p>\n<p><a href=\"http:\/\/programyourfob.com\/?list_11\/\" target=\"_blank\" rel=\"noopener\">http:\/\/programyourfob.com\/?list_11\/<\/a><\/p>\n<p><a href=\"http:\/\/programyourfob.com\/?list_30\/\" target=\"_blank\" rel=\"noopener\"><u>http:\/\/programyourfob.com\/?list_30\/<\/u><\/a><\/p>\n<p><a href=\"http:\/\/programyourfob.com\/?list_32\/\" target=\"_blank\" rel=\"noopener\"><u>http:\/\/programyourfob.com\/?list_32\/<\/u><\/a><\/p>\n<p><a href=\"http:\/\/programyourfob.com\/?list_35\/\" target=\"_blank\" rel=\"noopener\">http:\/\/programyourfob.com\/?list_35\/<\/a><\/p>\n<p>Vielen Dank, dass Sie uns gew\u00e4hlt haben.<\/p>\n<p>Wir sind einer der professionellsten Hersteller von Autoschl\u00fcsseln, schl\u00fcssellosen Zugangssystemen, <a href=\"https:\/\/keylessbest.com\/de\/product\/2007-2014-cadillac-gmc-chevrolet-suburban-yukon-escalade-suburban-tahoe-6-tasten-schlussel-fernbedienung-ouc60270-ouc60221-pn-20869057-22951510-22756462-15913427\/\" data-wpil-monitor-id=\"1125\">Autoschl\u00fcssel-Fernbedienung<\/a>, Transponderschips, Schl\u00fcsselprogrammierer, Geh\u00e4use f\u00fcr Autoschl\u00fcssel, Autoschl\u00f6sser, Schlosserwerkzeuge und so weiter. Dar\u00fcber hinaus verf\u00fcgt unser Unternehmen \u00fcber ein professionelles Team und eine Produktionslinie. Au\u00dferdem spezialisieren wir uns auf die Herstellung verschiedener Autoschl\u00fcssel, Geh\u00e4use f\u00fcr Autoschl\u00fcssel und Schlosserwerkzeuge. Wir k\u00fcmmern uns auch um Entwicklung, Herstellung und Gro\u00dfhandel von Auto-Sicherheits- und Schutzprodukten.<\/p>\n<p>Wettbewerbsf\u00e4hige Preise und engagierte Dienstleistungen helfen Ihnen, einen guten Markt zu erschlie\u00dfen. Au\u00dferdem bieten \u00fcber 10 junge und energische Vertriebsteams schnellen, professionellen und freundlichen Service jederzeit. Zus\u00e4tzlich werden alle unsere Produkte direkt aus dem Lager in Deutschland, Kanada und Mexiko versendet. Die Waren, die Sie gekauft haben, werden innerhalb von 48 Stunden nach Bestellung verpackt und versendet. Mehr als 100% unserer Produkte sind auf Lager, und der Bestand ist ausreichend.<\/p>","protected":false},"excerpt":{"rendered":"<ul>\n<li>SKU: CA-GM021<\/li>\n<li>FCC-ID: OUC60270 &amp; OUC60221<\/li>\n<li>Teilenummer: 20869056, 15913420, 20952475, 22936099<\/li>\n<li>IC: 850K60221 \/ 850K60270 \/ 267F-5WY8109<\/li>\n<li>Frequenz: 315MHz<\/li>\n<li>Tasten: Verriegeln, Entriegeln, Alarm<\/li>\n<\/ul>","protected":false},"featured_media":20827,"comment_status":"open","ping_status":"closed","template":"","meta":{"_bst_post_transparent":"default","_bst_post_title":"","_bst_post_layout":"default","_bst_post_sidebar_id":"","_bst_post_content_style":"default","_bst_post_vertical_padding":"default","_bst_post_feature":"","_bst_post_feature_position":"","_bst_post_header":false,"_bst_post_footer":false},"product_brand":[],"product_cat":[15,151,149,150,152,373,375,176],"product_tag":[],"2_year_make_model":[],"class_list":{"0":"post-13758","1":"product","2":"type-product","3":"status-publish","4":"has-post-thumbnail","6":"product_cat-carkeyremote","7":"product_cat-for-buick","8":"product_cat-for-cadillac","9":"product_cat-for-chevrolet","10":"product_cat-for-gmc","11":"product_cat-for-pontiac","12":"product_cat-for-saturn","13":"product_cat-for-suzuki","15":"first","16":"instock","17":"sale","18":"shipping-taxable","19":"purchasable","20":"product-type-simple","21":"entry","22":"content-bg","23":"loop-entry"},"_links":{"self":[{"href":"https:\/\/keylessbest.com\/de\/wp-json\/wp\/v2\/product\/13758","targetHints":{"allow":["GET"]}}],"collection":[{"href":"https:\/\/keylessbest.com\/de\/wp-json\/wp\/v2\/product"}],"about":[{"href":"https:\/\/keylessbest.com\/de\/wp-json\/wp\/v2\/types\/product"}],"replies":[{"embeddable":true,"href":"https:\/\/keylessbest.com\/de\/wp-json\/wp\/v2\/comments?post=13758"}],"version-history":[{"count":3,"href":"https:\/\/keylessbest.com\/de\/wp-json\/wp\/v2\/product\/13758\/revisions"}],"predecessor-version":[{"id":19421,"href":"https:\/\/keylessbest.com\/de\/wp-json\/wp\/v2\/product\/13758\/revisions\/19421"}],"wp:featuredmedia":[{"embeddable":true,"href":"https:\/\/keylessbest.com\/de\/wp-json\/wp\/v2\/media\/20827"}],"wp:attachment":[{"href":"https:\/\/keylessbest.com\/de\/wp-json\/wp\/v2\/media?parent=13758"}],"wp:term":[{"taxonomy":"product_brand","embeddable":true,"href":"https:\/\/keylessbest.com\/de\/wp-json\/wp\/v2\/product_brand?post=13758"},{"taxonomy":"product_cat","embeddable":true,"href":"https:\/\/keylessbest.com\/de\/wp-json\/wp\/v2\/product_cat?post=13758"},{"taxonomy":"product_tag","embeddable":true,"href":"https:\/\/keylessbest.com\/de\/wp-json\/wp\/v2\/product_tag?post=13758"},{"taxonomy":"2_year_make_model","embeddable":true,"href":"https:\/\/keylessbest.com\/de\/wp-json\/wp\/v2\/2_year_make_model?post=13758"}],"curies":[{"name":"wp","href":"https:\/\/api.w.org\/{rel}","templated":true}]}}