{"id":13763,"date":"2025-08-19T08:35:17","date_gmt":"2025-08-19T08:35:17","guid":{"rendered":"https:\/\/hanwuji.shengjit.com\/?post_type=product&#038;p=13763"},"modified":"2026-02-11T06:59:27","modified_gmt":"2026-02-11T06:59:27","slug":"2007-2018-dodge-chrysler-schlusselanhanger-m3n5wy783x-iyz-c01c-fur-schlussellosen-betrieb","status":"publish","type":"product","link":"https:\/\/keylessbest.com\/de\/product\/2007-2018-dodge-chrysler-schlusselanhanger-m3n5wy783x-iyz-c01c-fur-schlussellosen-betrieb\/","title":{"rendered":"2007-2018 Dodge Chrysler Schl\u00fcsselanh\u00e4nger M3N5WY783X, IYZ-C01C f\u00fcr Keylessbest"},"content":{"rendered":"<p>*Die detaillierten Informationen zu diesem schl\u00fcssellosen Fernbedienungsschl\u00fcssel f\u00fcr Chrysler Dodge Volkswagen von 2008-2019 sind wie folgt. Bitte best\u00e4tigen Sie, dass die folgenden Details mit Ihrem Fahrzeug \u00fcbereinstimmen, bevor Sie bestellen: FCC ID, Teilenummer, Jahr Modell, IC, Frequenz, Chip und Tasten.<\/p>\n<h6><strong><b>Produktinformationen: <\/b><\/strong><\/h6>\n<ul>\n<li>FCC-ID: M3N5WY783X, IYZ-C01C<\/li>\n<li>PN: 56046708AG.<\/li>\n<li>Austauschbare Teilenummern: 05026197AB; 56046708AA; 56046708AB; 68043593AB; 05026197AF; 56046708AC; 68043593AC; 05026197AD; 56046708AD; 05026197AC; 56046708AE; 56046708AF; 68043593AA; 68066873AA; 68079545AA.<\/li>\n<li>IC: 267F-5WY783X 2701A-C01C<\/li>\n<li>Frequenz: 433MHz<\/li>\n<li>Chip: ID 46 CHR<\/li>\n<li>Testschl\u00fcssel: Y159<\/li>\n<li>Tasten: Verriegeln, Entriegeln, Panik, Klappe, L &amp; R T\u00fcren<\/li>\n<\/ul>\n<h6><strong><b>Das Referenzmodell:<\/b><\/strong><\/h6>\n<ul>\n<li>2008 &#8211; 2017 <a href=\"https:\/\/keylessbest.com\/de\/product\/2008-2019-dodge-chrysler-volkswagen-jeep-charger-caravan-challenger-durango-grand-caravan-journey-ram-1500-2500-magnum-town-country-300-routan-commander-grand-cherokee-4-tasten-schlusselloser-zugang\/\" data-wpil-monitor-id=\"820\">Chrysler Town &amp; Country<\/a><\/li>\n<li>2008 \u2013 2018 Dodge Grand Caravan<\/li>\n<li>2009 \u2013 2015 Volkswagen Routan<\/li>\n<li>2008 \u2013 2015 Chrysler 300<\/li>\n<li>2011 &#8211; 2016 <a href=\"https:\/\/keylessbest.com\/de\/product\/2006-2018-chrysler-dodge-volkswagen-jeep-town-country-grand-caravan-routan-300-town-country-limited-caravan-challenger-charger-durango-journey-magnum-dakota-ram-commander-grand-cherokee-7-tasten\/\" data-wpil-monitor-id=\"819\">Chrysler Town &amp; Country Limited<\/a><\/li>\n<li>2008 \u2013 2017 Dodge Caravan<\/li>\n<li><a href=\"https:\/\/keylessbest.com\/de\/product\/2009-2014-toyota-avalon-camry-corolla-3-tasten-schlusselloser-zugang-fernbedienung-hyq14aem-pn-89904-0r060-89904-60770-89904-0r090-89904-42140__trashed\/\" data-wpil-monitor-id=\"816\">2008 &#8211; 2014<\/a> Dodge Challenger<\/li>\n<li>2007 \u2013 2014 Dodge Charger<\/li>\n<li>2011 \u2013 2013 Dodge Durango<\/li>\n<li>2009 \u2013 2016 Dodge Journey<\/li>\n<li>2008 \u2013 2008 Dodge Magnum<\/li>\n<li>2015 \u2013 2015 Dodge Dakota<\/li>\n<li>2006 \u2013 2016 Dodge RAM<\/li>\n<li>2008 \u2013 2010 Jeep Commander<\/li>\n<li>2008 &#8211; 2015 <a href=\"https:\/\/keylessbest.com\/de\/product\/2021-2024-jeep-grand-cherokee-grand-wagoneer-4-tasten-schlusselloser-zugang-fernbedienung-m3nwxf0b1-pn-685169738aa-4a-chip-hitag-aes__trashed\/\" data-wpil-monitor-id=\"817\">Jeep Grand<\/a> Cherokee<\/li>\n<\/ul>\n<h6><strong><b>Lieferumfang:<\/b><\/strong><\/h6>\n<ul>\n<li>Ein neuer Aftermarket <a href=\"https:\/\/keylessbest.com\/de\/product\/2011-2017-ford-fiesta-3-tasten-keyless-entry-fernbedienung-kr55wk47899-pn164-r8042-fernbedienung-164-r8043-klinge-164-r8042-164-r8039-5913139-5914117-4d63-80bit__trashed\/\" data-wpil-monitor-id=\"822\">schl\u00fcsselloser Fernbedienungsschl\u00fcssel<\/a><\/li>\n<li>Einen kostenlosen Ersatz-Notfall-Einf\u00fcgeschl\u00fcssel f\u00fcr den Aftermarket<\/li>\n<li>Alle Sender werden mit einer Batterie geliefert<\/li>\n<li>Alle Einheiten werden vor dem Versand getestet<\/li>\n<li>2-Jahres 100% Zufriedenheitsgarantie und Garantie<\/li>\n<\/ul>\n<h6><strong><b>Hinweis:<\/b><\/strong><\/h6>\n<ul>\n<li>Der Ersatzschl\u00fcssel f\u00fcr die schl\u00fcssellose Zentralverriegelung von Chrysler Dodge Volkswagen Jeep f\u00fcr die Jahre 2006 \u2013 2018 \u2013 ohne Logo, mit einem ungeschnittenen Notfall-Einsatzschl\u00fcssel.<\/li>\n<li>Wir schneiden oder programmieren den Fernschl\u00fcssel nicht. F\u00fcr die Preisgestaltung wenden Sie sich bitte an den \u00f6rtlichen Schl\u00fcsseldienst oder H\u00e4ndler.<\/li>\n<li>Dieser Sender ist kompatibel mit Fahrzeugen, die \u00fcber einen Dashboard-Start\/Stopp-Button oder einen Drehknauf-Z\u00fcndung verf\u00fcgen, sowie einen Proxy <a href=\"https:\/\/keylessbest.com\/de\/product\/2016-2022-chevrolet-volt-cruze-neues-modell-traverse-camaro-malibu-cruze-xl8-systeme-nur-blazer-sonic-4-tasten-schlusselloser-zugang-fernbedienung-hyq4ea-pn-1350877113584504-13529660-46\/\" data-wpil-monitor-id=\"821\">schl\u00fcsselloses Zugangssystem<\/a> System.<\/li>\n<li>Der Preis \u00a0\u00a0ist f\u00fcr einen vollst\u00e4ndigen \u00a0\u00a0Ersatz \u00a0\u00a0schl\u00fcsselloses Entry-Remote, Notfallschl\u00fcssel inklusive.<\/li>\n<li>Daher empfehlen wir dringend, dass Sie Ihre \u00a0<a href=\"https:\/\/keylessbest.com\/de\/wie-man-den-schlusselanhanger-schnell-einfach-diy-schritte-fur-jedes-auto-programmiert\/\" data-wpil-monitor-id=\"818\">KEY FOB programmieren lassen<\/a> von einem professionellen Schlosser oder H\u00e4ndler.<\/li>\n<\/ul>\n<h6><strong><b>Programmierressourcen\u00a0<\/b><\/strong><\/h6>\n<p><a href=\"http:\/\/programyourfob.com\/?list_7\/\" target=\"_blank\" rel=\"noopener\">http:\/\/programyourfob.com\/?list_7\/<\/a><\/p>\n<p><a href=\"http:\/\/programyourfob.com\/?list_8\/\" target=\"_blank\" rel=\"noopener\">http:\/\/programyourfob.com\/?list_8\/<\/a><\/p>\n<p><a href=\"http:\/\/programyourfob.com\/?list_18\/\" target=\"_blank\" rel=\"noopener\">http:\/\/programyourfob.com\/?list_18\/<\/a><\/p>\n<p><a href=\"http:\/\/programyourfob.com\/?list_37\/\" target=\"_blank\" rel=\"noopener\">http:\/\/programyourfob.com\/?list_37\/<\/a><\/p>\n<p>Vielen Dank, dass Sie sich f\u00fcr uns entschieden haben.<\/p>\n<p>Wir sind einer der professionellsten Hersteller von Autoschl\u00fcsseln, schl\u00fcssellosen Zutrittssystemen <a href=\"https:\/\/keylessbest.com\/de\/product\/2004-2017-chrysler-dodge-jeep-200-300-aspen-pt-cruiser-sebring-avenger-caliber-charger-dakota-durango-magnum-nitro-ram-commander-compass-grand-cherokee-liberty-patriot-wrangler-3-tasten-schlusselloses\/\" data-wpil-monitor-id=\"815\">Autoschl\u00fcssel-Fernbedienung<\/a>, Transponderschips, Schl\u00fcsselprogrammierer, Geh\u00e4use f\u00fcr Autoschl\u00fcssel, Autoschl\u00f6sser, Schlosserwerkzeuge und so weiter. Dar\u00fcber hinaus verf\u00fcgt unser Unternehmen \u00fcber ein professionelles Team und eine Produktionslinie. Au\u00dferdem spezialisieren wir uns auf die Herstellung verschiedener Autoschl\u00fcssel, Geh\u00e4use f\u00fcr Autoschl\u00fcssel und Schlosserwerkzeuge. Wir k\u00fcmmern uns auch um Entwicklung, Herstellung und Gro\u00dfhandel von Auto-Sicherheits- und Schutzprodukten.<\/p>\n<p>Wettbewerbsf\u00e4hige Preise und engagierte Dienstleistungen helfen Ihnen, einen guten Markt zu erschlie\u00dfen. Au\u00dferdem bieten \u00fcber 10 junge und energische Vertriebsteams schnellen, professionellen und freundlichen Service jederzeit. Zus\u00e4tzlich werden alle unsere Produkte direkt aus dem Lager in Deutschland, Kanada und Mexiko versendet. Die Waren, die Sie gekauft haben, werden innerhalb von 48 Stunden nach Bestellung verpackt und versendet. Mehr als 100% unserer Produkte sind auf Lager, und der Bestand ist ausreichend.<\/p>","protected":false},"excerpt":{"rendered":"<ul>\n<li>SKU: CA-DG029<\/li>\n<li>FCC-ID: M3N5WY783X, IYZ-C01C<\/li>\n<li>PN: 56046708AG.<\/li>\n<li>Austauschbare Teilenummern: 05026197AB; 56046708AA; 56046708AB; 68043593AB; 05026197AF; 56046708AC; 68043593AC; 05026197AD; 56046708AD; 05026197AC; 56046708AE; 56046708AF; 68043593AA; 68066873AA; 68079545AA.<\/li>\n<li>IC: 267F-5WY783X 2701A-C01C<\/li>\n<li>Frequenz: 433MHz<\/li>\n<li>Chip: ID 46 CHR<\/li>\n<li>Testschl\u00fcssel: Y159<\/li>\n<li>Tasten: Verriegeln, Entriegeln, Panik, Klappe, L &amp; R T\u00fcren<\/li>\n<\/ul>","protected":false},"featured_media":20839,"comment_status":"open","ping_status":"closed","template":"","meta":{"_bst_post_transparent":"default","_bst_post_title":"","_bst_post_layout":"default","_bst_post_sidebar_id":"","_bst_post_content_style":"default","_bst_post_vertical_padding":"default","_bst_post_feature":"","_bst_post_feature_position":"","_bst_post_header":false,"_bst_post_footer":false},"product_brand":[],"product_cat":[15,155,153,154,165],"product_tag":[],"2_year_make_model":[],"class_list":{"0":"post-13763","1":"product","2":"type-product","3":"status-publish","4":"has-post-thumbnail","6":"product_cat-carkeyremote","7":"product_cat-for-chrysler","8":"product_cat-for-dodge","9":"product_cat-for-jeep","10":"product_cat-for-volkswagen","12":"first","13":"instock","14":"sale","15":"shipping-taxable","16":"purchasable","17":"product-type-simple","18":"entry","19":"content-bg","20":"loop-entry"},"_links":{"self":[{"href":"https:\/\/keylessbest.com\/de\/wp-json\/wp\/v2\/product\/13763","targetHints":{"allow":["GET"]}}],"collection":[{"href":"https:\/\/keylessbest.com\/de\/wp-json\/wp\/v2\/product"}],"about":[{"href":"https:\/\/keylessbest.com\/de\/wp-json\/wp\/v2\/types\/product"}],"replies":[{"embeddable":true,"href":"https:\/\/keylessbest.com\/de\/wp-json\/wp\/v2\/comments?post=13763"}],"version-history":[{"count":2,"href":"https:\/\/keylessbest.com\/de\/wp-json\/wp\/v2\/product\/13763\/revisions"}],"predecessor-version":[{"id":19531,"href":"https:\/\/keylessbest.com\/de\/wp-json\/wp\/v2\/product\/13763\/revisions\/19531"}],"wp:featuredmedia":[{"embeddable":true,"href":"https:\/\/keylessbest.com\/de\/wp-json\/wp\/v2\/media\/20839"}],"wp:attachment":[{"href":"https:\/\/keylessbest.com\/de\/wp-json\/wp\/v2\/media?parent=13763"}],"wp:term":[{"taxonomy":"product_brand","embeddable":true,"href":"https:\/\/keylessbest.com\/de\/wp-json\/wp\/v2\/product_brand?post=13763"},{"taxonomy":"product_cat","embeddable":true,"href":"https:\/\/keylessbest.com\/de\/wp-json\/wp\/v2\/product_cat?post=13763"},{"taxonomy":"product_tag","embeddable":true,"href":"https:\/\/keylessbest.com\/de\/wp-json\/wp\/v2\/product_tag?post=13763"},{"taxonomy":"2_year_make_model","embeddable":true,"href":"https:\/\/keylessbest.com\/de\/wp-json\/wp\/v2\/2_year_make_model?post=13763"}],"curies":[{"name":"wp","href":"https:\/\/api.w.org\/{rel}","templated":true}]}}