{"id":13787,"date":"2025-08-19T08:35:41","date_gmt":"2025-08-19T08:35:41","guid":{"rendered":"https:\/\/hanwuji.shengjit.com\/?post_type=product&#038;p=13787"},"modified":"2026-02-11T07:20:22","modified_gmt":"2026-02-11T07:20:22","slug":"1999-2016-ford-schlusselanhanger-2s4t-15k601-ab-fur-keylessbest","status":"publish","type":"product","link":"https:\/\/keylessbest.com\/de\/product\/1999-2016-ford-schlusselanhanger-2s4t-15k601-ab-fur-keylessbest\/","title":{"rendered":"1999-2016 Ford Schl\u00fcsselanh\u00e4nger 2S4T-15K601-AB f\u00fcr schl\u00fcsselloses System"},"content":{"rendered":"<p>*Die detaillierten Informationen zu diesem schl\u00fcssellosen Fernbedienungsschl\u00fcssel f\u00fcr Ford Lincoln Mazda Mercury von 1998-2016 sind wie folgt. Bitte best\u00e4tigen Sie, dass die folgenden Details mit Ihrem Fahrzeug \u00fcbereinstimmen, bevor Sie bestellen: FCC-ID, Teilenummer, Baujahr, IC, Frequenz, Chip und Tasten.<\/p>\n<h6><strong><b>Produktinformationen:<\/b><\/strong><\/h6>\n<ul>\n<li>FCC-ID: CWTWB1U345, GQ43VT11T, CWTWB1U331, CWTWB1U322<\/li>\n<li>PN: 2S4T-15K601-AB, 8S4T-15K601-AB, 8S4Z-15K601-AA<\/li>\n<li>IC: 1788A-FWB1U345<\/li>\n<li>Frequenz: 315MHz<\/li>\n<li>Tasten: Verriegeln, Entriegeln, Kofferraum, Panik<\/li>\n<\/ul>\n<h6><strong><b>Das Referenzmodell:<\/b><\/strong><\/h6>\n<ul>\n<li>2006-2011 Ford Crown Victoria<\/li>\n<li><span style=\"font-size: 16px;\">2008-2015 <a href=\"https:\/\/keylessbest.com\/de\/product\/2017-2022-ford-edge-explorer-fusion-mustang-4-tasten-keyless-entry-fernbedienung-m3n-a2c93142300-pn-164-r8150-5929506-hs7t-15k601-ac\/\" data-wpil-monitor-id=\"870\">Ford Edge<\/a><\/span><\/li>\n<li><span style=\"font-size: 16px;\">2001-2014 Ford Escape<\/span><\/li>\n<li><span style=\"font-size: 16px;\">Ford Escort von 1999-2003<\/span><\/li>\n<li><span style=\"font-size: 16px;\">2001-2005 Ford Excursion<\/span><\/li>\n<li><span style=\"font-size: 16px;\">1999-2016 <a href=\"https:\/\/keylessbest.com\/de\/product\/2023-2024-ford-expedition-5-tasten-schlusselloser-zugang-fernbedienung-m3n-a3c108397-pn-164-r8355-pl1t-15k601-ga-49__trashed\/\" data-wpil-monitor-id=\"869\">Ford Expedition<\/a><\/span><\/li>\n<li><span style=\"font-size: 16px;\">1999-2015 Ford Explorer<\/span><\/li>\n<li><span style=\"font-size: 16px;\">2001-2009 Ford Explorer Sport Trac<\/span><\/li>\n<li><span style=\"font-size: 16px;\">2009-2016 Ford Flex<\/span><\/li>\n<li><span style=\"font-size: 16px;\">2003-2014 Ford Focus<\/span><\/li>\n<li><span style=\"font-size: 16px;\">Ford Freestar von 2004-2007<\/span><\/li>\n<li><span style=\"font-size: 16px;\">Ford Freestyle von 2005-2007<\/span><\/li>\n<li><span style=\"font-size: 16px;\">2010-2012 Ford Fusion<\/span><\/li>\n<li><span style=\"font-size: 16px;\">2005-2006 Ford GT<\/span><\/li>\n<li><span style=\"font-size: 16px;\">1999-2014 <a href=\"https:\/\/keylessbest.com\/de\/product\/2023-2024-ford-mustang-5-tasten-schlusselloser-zugang-fernbedienung-m3n-a3c108397-pn-164-r8355-pr3t-15k601-b\/\" data-wpil-monitor-id=\"868\">Ford Mustang<\/a><\/span><\/li>\n<li><span style=\"font-size: 16px;\">1999-2009 Ford Taurus<\/span><\/li>\n<li><span style=\"font-size: 16px;\">2008-2009 Ford Taurus X<\/span><\/li>\n<li><span style=\"font-size: 16px;\">2002-2005 Ford Thunderbird<\/span><\/li>\n<li><span style=\"font-size: 16px;\">2001-2006 Lincoln LS<\/span><\/li>\n<li>2009-2013 Lincoln MKS<\/li>\n<li>2007-2013 Lincoln MKX<\/li>\n<li>2008-2016 Lincoln MKZ<\/li>\n<li>2001-2015 Lincoln Navigator<\/li>\n<li>2003-2005 Lincoln Aviator<\/li>\n<li>1999-2011 Lincoln Town Car<\/li>\n<li>2006\u00a0 \u00a0 \u00a0 \u00a0 \u00a0 Lincoln Zephyr<\/li>\n<li>2006-2011 Mercury Grand Marquis<\/li>\n<li>2003\u00a0 \u00a0 \u00a0 \u00a0 \u00a0 Mercury Marauder<\/li>\n<li>Mercury Mariner von 2005-2011<\/li>\n<li>2006-2011 Mercury Milan<\/li>\n<li>2005-2007 Mercury Montego<\/li>\n<li>2005-2007 Mercury Monterey<\/li>\n<li>1999-2010 Mercury Mountaineer<\/li>\n<li>1999-2002 Mercury Cougar<\/li>\n<li>1999-2009 Mercury Sable<\/li>\n<li>1999\u00a0 \u00a0 \u00a0 \u00a0 \u00a0 Mercury Tracer<\/li>\n<li>2008-2011 Mazda Tribute<\/li>\n<\/ul>\n<h6><strong><b>Lieferumfang:<\/b><\/strong><\/h6>\n<ul>\n<li>Ein neuer Aftermarket <a href=\"https:\/\/keylessbest.com\/de\/product\/2011-2017-ford-fiesta-3-tasten-keyless-entry-fernbedienung-kr55wk47899-pn164-r8042-fernbedienung-164-r8043-klinge-164-r8042-164-r8039-5913139-5914117-4d63-80bit__trashed\/\" data-wpil-monitor-id=\"867\">schl\u00fcsselloser Fernbedienungsschl\u00fcssel<\/a><\/li>\n<li>Einen kostenlosen Ersatz-Notfall-Einf\u00fcgeschl\u00fcssel f\u00fcr den Aftermarket<\/li>\n<li>Alle Sender werden mit einer Batterie geliefert<\/li>\n<li>Alle Einheiten werden vor dem Versand getestet<\/li>\n<li>2-Jahres 100% Zufriedenheitsgarantie und Garantie<\/li>\n<\/ul>\n<h6><strong><b>Hinweis:<\/b><\/strong><\/h6>\n<ul>\n<li>Der 1998-2016 Ford Lincoln Mazda Mercury Smart-Schl\u00fcssel-Entriegelungs-Transponderersatz \u2013 ohne Logo, mit ungeschnittener Notfall-Einf\u00fcgeklemme inklusive.<\/li>\n<li>Wir schneiden oder programmieren den Fernschl\u00fcssel nicht. F\u00fcr die Preisgestaltung wenden Sie sich bitte an den \u00f6rtlichen Schl\u00fcsseldienst oder H\u00e4ndler.<\/li>\n<li>Dieser Sender ist kompatibel mit Fahrzeugen, die \u00fcber einen Dashboard-Start\/Stopp-Knopf oder Drehknauf-Z\u00fcndung verf\u00fcgen, zusammen mit einem Proxy <a href=\"https:\/\/keylessbest.com\/de\/product\/2007-2013-nissan-rogue-versa-pathfinder-mit-smart-system-3-tasten-schlusselloser-entry-fernbedienung-cwtwbu729-cwtwbu735-cwtwbu624-pn-285e3-em30d-285e3-em31d\/\" data-wpil-monitor-id=\"866\">Schl\u00fcsselloses Zugangssystem<\/a>.<\/li>\n<li>Der Preis gilt f\u00fcr einen kompletten <a href=\"https:\/\/keylessbest.com\/de\/product\/2015-2021-jeep-renegade-5-tasten-schlusselloser-zugang-fernbedienung-m3n-40821302-ersetzt-pn-6mp33dx9aa-id-47-4a__trashed\/\" data-wpil-monitor-id=\"864\">schl\u00fcssellosen Entry-Remote-Ersatz<\/a>, inklusive Notfallschl\u00fcssel.<\/li>\n<li>Daher empfehlen wir dringend, dass Sie Ihre <a href=\"https:\/\/keylessbest.com\/de\/wie-man-den-schlusselanhanger-schnell-einfach-diy-schritte-fur-jedes-auto-programmiert\/\" data-wpil-monitor-id=\"865\">KEY FOB programmieren lassen<\/a> von einem professionellen Schlosser oder H\u00e4ndler.<\/li>\n<\/ul>\n<h6><strong>Programmierressourcen:<\/strong><\/h6>\n<p><a href=\"http:\/\/programyourfob.com\/?list_9\/\" target=\"_blank\" rel=\"noopener\">http:\/\/programyourfob.com\/?list_9\/<\/a><\/p>\n<p><a href=\"http:\/\/programyourfob.com\/?list_22\/\" target=\"_blank\" rel=\"noopener\">http:\/\/programyourfob.com\/?list_22\/<\/a><\/p>\n<p><a href=\"http:\/\/programyourfob.com\/?list_24\/\" target=\"_blank\" rel=\"noopener\">http:\/\/programyourfob.com\/?list_24\/<\/a><\/p>\n<p><a href=\"http:\/\/programyourfob.com\/?list_23\/\" target=\"_blank\" rel=\"noopener\">http:\/\/programyourfob.com\/?list_23\/<\/a><\/p>\n<p>Vielen Dank, dass Sie uns gew\u00e4hlt haben.<\/p>\n<p>Wir sind einer der professionellsten Hersteller von Autoschl\u00fcsseln, schl\u00fcssellosen Zugangssystemen, <a href=\"https:\/\/keylessbest.com\/de\/product\/2006-2018-chrysler-dodge-volkswagen-jeep-town-country-grand-caravan-routan-300-town-country-limited-caravan-challenger-charger-durango-journey-magnum-dakota-ram-commander-grand-cherokee-7-tasten\/\" data-wpil-monitor-id=\"863\">Autoschl\u00fcssel-Fernbedienung<\/a>, Transponderschips, Schl\u00fcsselprogrammierer, Geh\u00e4use f\u00fcr Autoschl\u00fcssel, Autoschl\u00f6sser, Schlosserwerkzeuge und so weiter. Dar\u00fcber hinaus verf\u00fcgt unser Unternehmen \u00fcber ein professionelles Team und eine Produktionslinie. Au\u00dferdem spezialisieren wir uns auf die Herstellung verschiedener Autoschl\u00fcssel, Geh\u00e4use f\u00fcr Autoschl\u00fcssel und Schlosserwerkzeuge. Wir k\u00fcmmern uns auch um Entwicklung, Herstellung und Gro\u00dfhandel von Auto-Sicherheits- und Schutzprodukten.<\/p>\n<p>Wettbewerbsf\u00e4hige Preise und engagierte Dienstleistungen helfen Ihnen, einen guten Markt zu erschlie\u00dfen. Au\u00dferdem bieten \u00fcber 10 junge und energische Vertriebsteams schnellen, professionellen und freundlichen Service jederzeit. Zus\u00e4tzlich werden alle unsere Produkte direkt aus dem Lager in Deutschland, Kanada und Mexiko versendet. Die Waren, die Sie gekauft haben, werden innerhalb von 48 Stunden nach Bestellung verpackt und versendet. Mehr als 100% unserer Produkte sind auf Lager, und der Bestand ist ausreichend.<\/p>","protected":false},"excerpt":{"rendered":"<ul>\n<li>Artikelnummer: CA-FD037<\/li>\n<li>FCC-ID: CWTWB1U345, GQ43VT11T, CWTWB1U331, CWTWB1U322<\/li>\n<li>PN: 2S4T-15K601-AB, 8S4T-15K601-AB, 8S4Z-15K601-AA<\/li>\n<li>IC: 1788A-FWB1U345<\/li>\n<li>Frequenz: 315MHz<\/li>\n<li>Tasten: Verriegeln, Entriegeln, Kofferraum, Panik<\/li>\n<\/ul>","protected":false},"featured_media":20867,"comment_status":"open","ping_status":"closed","template":"","meta":{"_bst_post_transparent":"default","_bst_post_title":"","_bst_post_layout":"default","_bst_post_sidebar_id":"","_bst_post_content_style":"default","_bst_post_vertical_padding":"default","_bst_post_feature":"","_bst_post_feature_position":"","_bst_post_header":false,"_bst_post_footer":false},"product_brand":[],"product_cat":[15,156,379,159,380],"product_tag":[],"2_year_make_model":[],"class_list":{"0":"post-13787","1":"product","2":"type-product","3":"status-publish","4":"has-post-thumbnail","6":"product_cat-carkeyremote","7":"product_cat-for-ford","8":"product_cat-for-lincoln","9":"product_cat-for-mazda","10":"product_cat-for-mercury","12":"first","13":"instock","14":"sale","15":"shipping-taxable","16":"purchasable","17":"product-type-simple","18":"entry","19":"content-bg","20":"loop-entry"},"_links":{"self":[{"href":"https:\/\/keylessbest.com\/de\/wp-json\/wp\/v2\/product\/13787","targetHints":{"allow":["GET"]}}],"collection":[{"href":"https:\/\/keylessbest.com\/de\/wp-json\/wp\/v2\/product"}],"about":[{"href":"https:\/\/keylessbest.com\/de\/wp-json\/wp\/v2\/types\/product"}],"replies":[{"embeddable":true,"href":"https:\/\/keylessbest.com\/de\/wp-json\/wp\/v2\/comments?post=13787"}],"version-history":[{"count":2,"href":"https:\/\/keylessbest.com\/de\/wp-json\/wp\/v2\/product\/13787\/revisions"}],"predecessor-version":[{"id":19626,"href":"https:\/\/keylessbest.com\/de\/wp-json\/wp\/v2\/product\/13787\/revisions\/19626"}],"wp:featuredmedia":[{"embeddable":true,"href":"https:\/\/keylessbest.com\/de\/wp-json\/wp\/v2\/media\/20867"}],"wp:attachment":[{"href":"https:\/\/keylessbest.com\/de\/wp-json\/wp\/v2\/media?parent=13787"}],"wp:term":[{"taxonomy":"product_brand","embeddable":true,"href":"https:\/\/keylessbest.com\/de\/wp-json\/wp\/v2\/product_brand?post=13787"},{"taxonomy":"product_cat","embeddable":true,"href":"https:\/\/keylessbest.com\/de\/wp-json\/wp\/v2\/product_cat?post=13787"},{"taxonomy":"product_tag","embeddable":true,"href":"https:\/\/keylessbest.com\/de\/wp-json\/wp\/v2\/product_tag?post=13787"},{"taxonomy":"2_year_make_model","embeddable":true,"href":"https:\/\/keylessbest.com\/de\/wp-json\/wp\/v2\/2_year_make_model?post=13787"}],"curies":[{"name":"wp","href":"https:\/\/api.w.org\/{rel}","templated":true}]}}