{"id":13856,"date":"2025-08-19T08:36:55","date_gmt":"2025-08-19T08:36:55","guid":{"rendered":"https:\/\/hanwuji.shengjit.com\/?post_type=product&#038;p=13856"},"modified":"2026-02-11T07:39:39","modified_gmt":"2026-02-11T07:39:39","slug":"2006-2017-ford-schlusselanhanger-164-r8073-315mhz-fur-keylessbest","status":"publish","type":"product","link":"https:\/\/keylessbest.com\/de\/product\/2006-2017-ford-schlusselanhanger-164-r8073-315mhz-fur-keylessbest\/","title":{"rendered":"Ford Schl\u00fcsselanh\u00e4nger 2006-2017 164-R8073 315MHz f\u00fcr keylessbest"},"content":{"rendered":"<p>*Die detaillierten Informationen zu diesem Schl\u00fcssel-Entfernungsknopf f\u00fcr Ford Lincoln Mercury von 2006-2019 sind wie folgt. Bitte best\u00e4tigen Sie, dass die folgenden Details mit Ihrem Fahrzeug \u00fcbereinstimmen, bevor Sie bestellen: FCC ID, Teilenummer, Jahr Modell, IC, Frequenz, Chip und Tasten.<\/p>\n<h6><strong><b>Produktinformationen:<\/b><\/strong><\/h6>\n<ul>\n<li>FCC-ID: CWTWB1U793<\/li>\n<li>PN: 164-R8073<\/li>\n<li>IC: 1788A-FWB1U793<\/li>\n<li>Frequenz: 315MHz<\/li>\n<li>Chip: 4D63 80Bit<\/li>\n<li>Testschl\u00fcssel: H75<\/li>\n<li>Tasten: Entriegeln, Verriegeln, Kofferraum, Panik<\/li>\n<\/ul>\n<h6><strong><b>Das Referenzmodell:<\/b><\/strong><\/h6>\n<ul>\n<li>2007 \u2013 2015 Ford Edge<\/li>\n<li><a href=\"https:\/\/keylessbest.com\/de\/product\/2009-2014-toyota-avalon-camry-corolla-3-tasten-schlusselloser-zugang-fernbedienung-hyq14aem-pn-89904-0r060-89904-60770-89904-0r090-89904-42140__trashed\/\"  data-wpil-monitor-id=\"1166\">2007 &#8211; 2012<\/a> Ford Escape<\/li>\n<li>2009 \u2013 2017 Ford Expedition<\/li>\n<li>2007 \u2013 2015 Ford Explorer<\/li>\n<li>2007 \u2013 2011 Ford Five Hundred<\/li>\n<li>2009 \u2013 2017 Ford Flex<\/li>\n<li>2011 &#8211; 2011 <a href=\"https:\/\/keylessbest.com\/de\/product\/2015-2019-ford-focus-3-tasten-schlusselloser-zugang-fernbedienung-kr5876268-pn-164-r8147-49\/\"  data-wpil-monitor-id=\"1171\">Ford Focus<\/a><\/li>\n<li>2007 \u2013 2012 Ford Fusion<\/li>\n<li>2011 &#8211; 2014 <a href=\"https:\/\/keylessbest.com\/de\/product\/2023-2024-ford-mustang-5-tasten-schlusselloser-zugang-fernbedienung-m3n-a3c108397-pn-164-r8355-pr3t-15k601-b\/\"  data-wpil-monitor-id=\"1172\">Ford Mustang<\/a><\/li>\n<li>2010 \u2013 2019 Ford Taurus<\/li>\n<li>2009 \u2013 2009 Lincoln MKS<\/li>\n<li>2007 \u2013 2010 Lincoln MKX<\/li>\n<li>2007 \u2013 2017 Lincoln MKZ<\/li>\n<li>2011 \u2013 2017 Lincoln Navigator<\/li>\n<li>2006 \u2013 2006 Lincoln Zephyr<\/li>\n<\/ul>\n<h6><strong><b>Lieferumfang:<\/b><\/strong><\/h6>\n<ul>\n<li>Ein neuer Aftermarket <a href=\"https:\/\/keylessbest.com\/de\/product\/2011-2017-ford-fiesta-3-tasten-keyless-entry-fernbedienung-kr55wk47899-pn164-r8042-fernbedienung-164-r8043-klinge-164-r8042-164-r8039-5913139-5914117-4d63-80bit__trashed\/\"  data-wpil-monitor-id=\"1170\">schl\u00fcsselloser Fernbedienungsschl\u00fcssel<\/a><\/li>\n<li>Einen kostenlosen Ersatz-Notfall-Einf\u00fcgeschl\u00fcssel f\u00fcr den Aftermarket<\/li>\n<li>Alle Sender werden mit einer Batterie geliefert<\/li>\n<li>Alle Einheiten werden vor dem Versand getestet<\/li>\n<li>2-Jahres 100% Zufriedenheitsgarantie und Garantie<\/li>\n<\/ul>\n<h6><strong><b>Hinweis:<\/b><\/strong><\/h6>\n<ul>\n<li>Der Ford Lincoln Smart-Schl\u00fcssel-Fernbedienung Ersatz \u2013 ohne Logo, mit ungeschnittenem Notfall-Einsatzschl\u00fcssel inklusive.<\/li>\n<li>Wir schneiden oder programmieren den Fernschl\u00fcssel nicht. F\u00fcr die Preisgestaltung wenden Sie sich bitte an den \u00f6rtlichen Schl\u00fcsseldienst oder H\u00e4ndler.<\/li>\n<li>Dieser Sender ist kompatibel mit Fahrzeugen, die \u00fcber einen Dashboard-Start\/Stopp-Knopf oder Drehknauf-Z\u00fcndung verf\u00fcgen, zusammen mit einem Proxy <a href=\"https:\/\/keylessbest.com\/de\/product\/2007-2013-nissan-rogue-versa-pathfinder-mit-smart-system-3-tasten-schlusselloser-entry-fernbedienung-cwtwbu729-cwtwbu735-cwtwbu624-pn-285e3-em30d-285e3-em31d\/\"  data-wpil-monitor-id=\"1169\">Schl\u00fcsselloses Zugangssystem<\/a>.<\/li>\n<li>Der Preis gilt f\u00fcr einen kompletten <a href=\"https:\/\/keylessbest.com\/de\/product\/2015-2021-jeep-renegade-5-tasten-schlusselloser-zugang-fernbedienung-m3n-40821302-ersetzt-pn-6mp33dx9aa-id-47-4a__trashed\/\"  data-wpil-monitor-id=\"1167\">schl\u00fcssellosen Entry-Remote-Ersatz<\/a>, inklusive Notfallschl\u00fcssel.<\/li>\n<li>Daher empfehlen wir dringend, dass Sie Ihre <a href=\"https:\/\/keylessbest.com\/de\/wie-man-den-schlusselanhanger-schnell-einfach-diy-schritte-fur-jedes-auto-programmiert\/\"  data-wpil-monitor-id=\"1168\">KEY FOB programmieren lassen<\/a> von einem professionellen Schlosser oder H\u00e4ndler.<\/li>\n<\/ul>\n<h6><strong>Programmierressourcen:<\/strong><\/h6>\n<p><a href=\"http:\/\/programyourfob.com\/?list_9\/\" target=\"_blank\" rel=\"noopener\">http:\/\/programyourfob.com\/?list_9\/<\/a><\/p>\n<p><a href=\"http:\/\/programyourfob.com\/?list_22\/\" target=\"_blank\" rel=\"noopener\">http:\/\/programyourfob.com\/?list_22\/<\/a><\/p>\n<p>Vielen Dank, dass Sie uns gew\u00e4hlt haben.<\/p>\n<p>Wir sind einer der professionellsten Hersteller von Autoschl\u00fcsseln, schl\u00fcssellosen Zugangssystemen, <a href=\"https:\/\/keylessbest.com\/de\/product\/2007-2014-cadillac-gmc-chevrolet-suburban-yukon-escalade-suburban-tahoe-6-tasten-schlussel-fernbedienung-ouc60270-ouc60221-pn-20869057-22951510-22756462-15913427\/\" data-wpil-monitor-id=\"1165\">Autoschl\u00fcssel-Fernbedienung<\/a>, Transponderschips, Schl\u00fcsselprogrammierer, Geh\u00e4use f\u00fcr Autoschl\u00fcssel, Autoschl\u00f6sser, Schlosserwerkzeuge und so weiter. Dar\u00fcber hinaus verf\u00fcgt unser Unternehmen \u00fcber ein professionelles Team und eine Produktionslinie. Au\u00dferdem spezialisieren wir uns auf die Herstellung verschiedener Autoschl\u00fcssel, Geh\u00e4use f\u00fcr Autoschl\u00fcssel und Schlosserwerkzeuge. Wir k\u00fcmmern uns auch um Entwicklung, Herstellung und Gro\u00dfhandel von Auto-Sicherheits- und Schutzprodukten.<\/p>\n<p>Wettbewerbsf\u00e4hige Preise und engagierte Dienstleistungen helfen Ihnen, einen guten Markt zu erschlie\u00dfen. Au\u00dferdem bieten \u00fcber 10 junge und energische Vertriebsteams schnellen, professionellen und freundlichen Service jederzeit. Zus\u00e4tzlich werden alle unsere Produkte direkt aus dem Lager in Deutschland, Kanada und Mexiko versendet. Die Waren, die Sie gekauft haben, werden innerhalb von 48 Stunden nach Bestellung verpackt und versendet. Mehr als 100% unserer Produkte sind auf Lager, und der Bestand ist ausreichend.<\/p>","protected":false},"excerpt":{"rendered":"<ul>\n<li>Artikelnummer: CA-FD044<\/li>\n<li>FCC-ID: CWTWB1U793<\/li>\n<li>PN: 164-R8073<\/li>\n<li>IC: 1788A-FWB1U793<\/li>\n<li>Frequenz: 315MHz<\/li>\n<li>Chip: 4D63 80Bit<\/li>\n<li>Testschl\u00fcssel: H75<\/li>\n<li>Tasten: Entriegeln, Verriegeln, Kofferraum, Panik<\/li>\n<\/ul>","protected":false},"featured_media":20886,"comment_status":"open","ping_status":"closed","template":"","meta":{"_bst_post_transparent":"default","_bst_post_title":"","_bst_post_layout":"default","_bst_post_sidebar_id":"","_bst_post_content_style":"default","_bst_post_vertical_padding":"default","_bst_post_feature":"","_bst_post_feature_position":"","_bst_post_header":false,"_bst_post_footer":false},"product_brand":[],"product_cat":[15,156,379],"product_tag":[],"2_year_make_model":[],"class_list":{"0":"post-13856","1":"product","2":"type-product","3":"status-publish","4":"has-post-thumbnail","6":"product_cat-carkeyremote","7":"product_cat-for-ford","8":"product_cat-for-lincoln","10":"first","11":"instock","12":"sale","13":"shipping-taxable","14":"purchasable","15":"product-type-simple","16":"entry","17":"content-bg","18":"loop-entry"},"_links":{"self":[{"href":"https:\/\/keylessbest.com\/de\/wp-json\/wp\/v2\/product\/13856","targetHints":{"allow":["GET"]}}],"collection":[{"href":"https:\/\/keylessbest.com\/de\/wp-json\/wp\/v2\/product"}],"about":[{"href":"https:\/\/keylessbest.com\/de\/wp-json\/wp\/v2\/types\/product"}],"replies":[{"embeddable":true,"href":"https:\/\/keylessbest.com\/de\/wp-json\/wp\/v2\/comments?post=13856"}],"version-history":[{"count":2,"href":"https:\/\/keylessbest.com\/de\/wp-json\/wp\/v2\/product\/13856\/revisions"}],"predecessor-version":[{"id":19620,"href":"https:\/\/keylessbest.com\/de\/wp-json\/wp\/v2\/product\/13856\/revisions\/19620"}],"wp:featuredmedia":[{"embeddable":true,"href":"https:\/\/keylessbest.com\/de\/wp-json\/wp\/v2\/media\/20886"}],"wp:attachment":[{"href":"https:\/\/keylessbest.com\/de\/wp-json\/wp\/v2\/media?parent=13856"}],"wp:term":[{"taxonomy":"product_brand","embeddable":true,"href":"https:\/\/keylessbest.com\/de\/wp-json\/wp\/v2\/product_brand?post=13856"},{"taxonomy":"product_cat","embeddable":true,"href":"https:\/\/keylessbest.com\/de\/wp-json\/wp\/v2\/product_cat?post=13856"},{"taxonomy":"product_tag","embeddable":true,"href":"https:\/\/keylessbest.com\/de\/wp-json\/wp\/v2\/product_tag?post=13856"},{"taxonomy":"2_year_make_model","embeddable":true,"href":"https:\/\/keylessbest.com\/de\/wp-json\/wp\/v2\/2_year_make_model?post=13856"}],"curies":[{"name":"wp","href":"https:\/\/api.w.org\/{rel}","templated":true}]}}