{"id":13876,"date":"2025-08-19T08:37:17","date_gmt":"2025-08-19T08:37:17","guid":{"rendered":"https:\/\/hanwuji.shengjit.com\/?post_type=product&#038;p=13876"},"modified":"2026-02-11T07:44:10","modified_gmt":"2026-02-11T07:44:10","slug":"2006-2012-ford-schlusselanhanger-oucd6000022-chip-63-fur-schlussellosen-zugang","status":"publish","type":"product","link":"https:\/\/keylessbest.com\/de\/product\/2006-2012-ford-schlusselanhanger-oucd6000022-chip-63-fur-schlussellosen-zugang\/","title":{"rendered":"2006 2012 Ford Schl\u00fcsselanh\u00e4nger OUCD6000022 Chip 63 f\u00fcr schl\u00fcssellosen Zugang"},"content":{"rendered":"<p>*Die detaillierten Informationen zu diesem schl\u00fcssellosen Fernbedienungsschl\u00fcssel f\u00fcr Ford Lincoln Mazda Mercury von 1998-2016 sind wie folgt. Bitte best\u00e4tigen Sie, dass die folgenden Details mit Ihrem Fahrzeug \u00fcbereinstimmen, bevor Sie bestellen: FCC-ID, Teilenummer, Baujahr, IC, Frequenz, Chip und Tasten.<\/p>\n<h6><strong><b>Produktinformationen:<\/b><\/strong><\/h6>\n<ul>\n<li>FCC-ID: OUCD6000022<\/li>\n<li>PN: 164-R7040, 5914457, 6E5T-15K601-AD<\/li>\n<li>IC: 850K-D6000022<\/li>\n<li>Frequenz: 315MHz<\/li>\n<li>Chip: 4D63 80Bit<\/li>\n<li>Tasten: Verriegeln, Entriegeln, Panik, Kofferraum<\/li>\n<\/ul>\n<h6><strong><b>Das Referenzmodell:<\/b><\/strong><\/h6>\n<ul>\n<li>2007 \u2013 2012 Ford Edge<\/li>\n<li>2007 \u2013 2012 Ford Escape<\/li>\n<li>2009 \u2013 2012 Ford Expedition<\/li>\n<li>2007 \u2013 2012 Ford Explorer<\/li>\n<li><a href=\"https:\/\/keylessbest.com\/de\/product\/2009-2014-toyota-avalon-camry-corolla-3-tasten-schlusselloser-zugang-fernbedienung-hyq14aem-pn-89904-0r060-89904-60770-89904-0r090-89904-42140__trashed\/\" data-wpil-monitor-id=\"1107\">2007 &#8211; 2009<\/a> Ford Five Hundred<\/li>\n<li>2009 \u2013 2012 Ford Flex<\/li>\n<li>2010 &#8211; 2010 <a href=\"https:\/\/keylessbest.com\/de\/product\/2011-2020-ford-lincoln-edge-escape-explorer-expedition-flex-focus-focus-bev-taurus-mks-mkt-mkx-navigator-5-tasten-schlussel-fernbedienung-m3n5wy8610-m3n5wy8609-pn-bt4t-15k601-hc-164-r8092-5\/\" data-wpil-monitor-id=\"1112\">Ford Focus<\/a><\/li>\n<li>2007 \u2013 2009 Ford Freestyle<\/li>\n<li>2007 \u2013 2012 Ford Fusion<\/li>\n<li>2010 \u2013 2012 Ford Mustang<\/li>\n<li>2008 \u2013 2012 Ford Taurus<\/li>\n<li>2008 \u2013 2009 Ford Taurus X<\/li>\n<li>2006 \u2013 2012 Lincoln MKS<\/li>\n<li>2007 \u2013 2009 Lincoln MKX<\/li>\n<li>2006 \u2013 2012 Lincoln MKZ<\/li>\n<li>2007 \u2013 2009 Lincoln Navigator<\/li>\n<li>2006 \u2013 2009 Lincoln Zephyr<\/li>\n<li>2007 \u2013 2011 Mazda Tribute<\/li>\n<li>2005 \u2013 2011 Mercury Mariner<\/li>\n<li>2006 \u2013 2011 Mercury Milan<\/li>\n<li>2007 \u2013 2007 Mercury Montego<\/li>\n<li>2008 \u2013 2010 Mercury Sable<br \/>\nSelbstprogrammierung: Ja, wenn Sie derzeit zwei Werkstattschl\u00fcssel besitzen, die Ihren Ford starten und betreiben.<\/li>\n<\/ul>\n<h6><strong><b>Lieferumfang:<\/b><\/strong><\/h6>\n<ul>\n<li>Ein neuer Aftermarket <a href=\"https:\/\/keylessbest.com\/de\/product\/2011-2017-ford-fiesta-3-tasten-keyless-entry-fernbedienung-kr55wk47899-pn164-r8042-fernbedienung-164-r8043-klinge-164-r8042-164-r8039-5913139-5914117-4d63-80bit__trashed\/\" data-wpil-monitor-id=\"1111\">schl\u00fcsselloser Fernbedienungsschl\u00fcssel<\/a><\/li>\n<li>Einen kostenlosen Ersatz-Notfall-Einf\u00fcgeschl\u00fcssel f\u00fcr den Aftermarket<\/li>\n<li>Alle Sender werden mit einer Batterie geliefert<\/li>\n<li>Alle Einheiten werden vor dem Versand getestet<\/li>\n<li>2-Jahres 100% Zufriedenheitsgarantie und Garantie<\/li>\n<\/ul>\n<h6><strong><b>Hinweis:<\/b><\/strong><\/h6>\n<ul>\n<li>Der Ersatz f\u00fcr den Ford Lincoln Mazda Mercury Smart-Schl\u00fcssel ohne Logo, mit ungeschnittenem Notfall-Einf\u00fcgeschl\u00fcssel, f\u00fcr die Modelle 2005-2012<\/li>\n<li>Wir schneiden oder programmieren den <a href=\"https:\/\/keylessbest.com\/de\/keylessbestcarkeyfobshop\/\" data-wpil-monitor-id=\"1113\">Fernschl\u00fcssel<\/a>. Zus\u00e4tzlich kontaktieren Sie bitte den \u00f6rtlichen Schlosser oder H\u00e4ndler f\u00fcr Preise.<\/li>\n<li>Dieser Sender ist kompatibel mit Fahrzeugen, die \u00fcber einen Dashboard-Start\/Stopp-Knopf oder Drehknauf-Z\u00fcndung verf\u00fcgen, zusammen mit einem Proxy <a href=\"https:\/\/keylessbest.com\/de\/product\/2007-2013-nissan-rogue-versa-pathfinder-mit-smart-system-3-tasten-schlusselloser-entry-fernbedienung-cwtwbu729-cwtwbu735-cwtwbu624-pn-285e3-em30d-285e3-em31d\/\" data-wpil-monitor-id=\"1110\">Schl\u00fcsselloses Zugangssystem<\/a>.<\/li>\n<li>Der Preis gilt f\u00fcr einen kompletten <a href=\"https:\/\/keylessbest.com\/de\/product\/2015-2021-jeep-renegade-5-tasten-schlusselloser-zugang-fernbedienung-m3n-40821302-ersetzt-pn-6mp33dx9aa-id-47-4a__trashed\/\" data-wpil-monitor-id=\"1108\">schl\u00fcssellosen Entry-Remote-Ersatz<\/a>, inklusive Notfallschl\u00fcssel.<\/li>\n<li>Daher empfehlen wir dringend, dass Sie Ihre <a href=\"https:\/\/keylessbest.com\/de\/wie-man-den-schlusselanhanger-schnell-einfach-diy-schritte-fur-jedes-auto-programmiert\/\" data-wpil-monitor-id=\"1109\">KEY FOB programmieren lassen<\/a> von einem professionellen Schlosser oder H\u00e4ndler.<\/li>\n<\/ul>\n<h6><strong>Programmierressourcen:<\/strong><\/h6>\n<p><a href=\"http:\/\/programyourfob.com\/?list_9\/\" target=\"_blank\" rel=\"noopener\">http:\/\/programyourfob.com\/?list_9\/<\/a><\/p>\n<p><a href=\"http:\/\/programyourfob.com\/?list_22\/\" target=\"_blank\" rel=\"noopener\">http:\/\/programyourfob.com\/?list_22\/<\/a><\/p>\n<p><a href=\"http:\/\/programyourfob.com\/?list_23\/\" target=\"_blank\" rel=\"noopener\">http:\/\/programyourfob.com\/?list_23\/<\/a><\/p>\n<p><a href=\"http:\/\/programyourfob.com\/?list_24\/\" target=\"_blank\" rel=\"noopener\">http:\/\/programyourfob.com\/?list_24\/<\/a><\/p>\n<p>Vielen Dank, dass Sie uns gew\u00e4hlt haben.<\/p>\n<p>Wir sind einer der professionellsten Hersteller von Autoschl\u00fcsseln, schl\u00fcssellosen Zugangssystemen, <a href=\"https:\/\/keylessbest.com\/de\/product\/2006-2019-ford-lincoln-mercury-c-max-escape-focus-transit-transit-connect-f350-fiesta-edge-expedition-explorer-funfhundert-flex-freestyle-fusion-mustang-taurus-mks-mkx-mkz-zephyr-mariner-milan-sable\/\" data-wpil-monitor-id=\"1106\">Autoschl\u00fcssel-Fernbedienung<\/a>, Transponderschips, Schl\u00fcsselprogrammierer, Geh\u00e4use f\u00fcr Autoschl\u00fcssel, Autoschl\u00f6sser, Schlosserwerkzeuge und so weiter. Dar\u00fcber hinaus verf\u00fcgt unser Unternehmen \u00fcber ein professionelles Team und eine Produktionslinie. Au\u00dferdem spezialisieren wir uns auf die Herstellung verschiedener Autoschl\u00fcssel, Geh\u00e4use f\u00fcr Autoschl\u00fcssel und Schlosserwerkzeuge. Wir k\u00fcmmern uns auch um Entwicklung, Herstellung und Gro\u00dfhandel von Auto-Sicherheits- und Schutzprodukten.<\/p>\n<p>Wettbewerbsf\u00e4hige Preise und engagierte Dienstleistungen helfen Ihnen, einen guten Markt zu erschlie\u00dfen. Au\u00dferdem bieten \u00fcber 10 junge und energische Vertriebsteams schnellen, professionellen und freundlichen Service jederzeit. Zus\u00e4tzlich werden alle unsere Produkte direkt aus dem Lager in Deutschland, Kanada und Mexiko versendet. Die Waren, die Sie gekauft haben, werden innerhalb von 48 Stunden nach Bestellung verpackt und versendet. Mehr als 100% unserer Produkte sind auf Lager, und der Bestand ist ausreichend.<\/p>","protected":false},"excerpt":{"rendered":"<ul>\n<li>Artikelnummer: CA-FD045<\/li>\n<li>FCC-ID: OUCD6000022<\/li>\n<li>PN: 164-R7040, 5914457, 6E5T-15K601-AD<\/li>\n<li>IC: 850K-D6000022<\/li>\n<li>Frequenz: 315MHz<\/li>\n<li>Chip: 4D63 80Bit<\/li>\n<li>Tasten: Verriegeln, Entriegeln, Panik, Kofferraum<\/li>\n<\/ul>","protected":false},"featured_media":20892,"comment_status":"open","ping_status":"closed","template":"","meta":{"_bst_post_transparent":"default","_bst_post_title":"","_bst_post_layout":"default","_bst_post_sidebar_id":"","_bst_post_content_style":"default","_bst_post_vertical_padding":"default","_bst_post_feature":"","_bst_post_feature_position":"","_bst_post_header":false,"_bst_post_footer":false},"product_brand":[],"product_cat":[15,156,379,159,380],"product_tag":[],"2_year_make_model":[],"class_list":{"0":"post-13876","1":"product","2":"type-product","3":"status-publish","4":"has-post-thumbnail","6":"product_cat-carkeyremote","7":"product_cat-for-ford","8":"product_cat-for-lincoln","9":"product_cat-for-mazda","10":"product_cat-for-mercury","12":"first","13":"instock","14":"sale","15":"shipping-taxable","16":"purchasable","17":"product-type-simple","18":"entry","19":"content-bg","20":"loop-entry"},"_links":{"self":[{"href":"https:\/\/keylessbest.com\/de\/wp-json\/wp\/v2\/product\/13876","targetHints":{"allow":["GET"]}}],"collection":[{"href":"https:\/\/keylessbest.com\/de\/wp-json\/wp\/v2\/product"}],"about":[{"href":"https:\/\/keylessbest.com\/de\/wp-json\/wp\/v2\/types\/product"}],"replies":[{"embeddable":true,"href":"https:\/\/keylessbest.com\/de\/wp-json\/wp\/v2\/comments?post=13876"}],"version-history":[{"count":2,"href":"https:\/\/keylessbest.com\/de\/wp-json\/wp\/v2\/product\/13876\/revisions"}],"predecessor-version":[{"id":19618,"href":"https:\/\/keylessbest.com\/de\/wp-json\/wp\/v2\/product\/13876\/revisions\/19618"}],"wp:featuredmedia":[{"embeddable":true,"href":"https:\/\/keylessbest.com\/de\/wp-json\/wp\/v2\/media\/20892"}],"wp:attachment":[{"href":"https:\/\/keylessbest.com\/de\/wp-json\/wp\/v2\/media?parent=13876"}],"wp:term":[{"taxonomy":"product_brand","embeddable":true,"href":"https:\/\/keylessbest.com\/de\/wp-json\/wp\/v2\/product_brand?post=13876"},{"taxonomy":"product_cat","embeddable":true,"href":"https:\/\/keylessbest.com\/de\/wp-json\/wp\/v2\/product_cat?post=13876"},{"taxonomy":"product_tag","embeddable":true,"href":"https:\/\/keylessbest.com\/de\/wp-json\/wp\/v2\/product_tag?post=13876"},{"taxonomy":"2_year_make_model","embeddable":true,"href":"https:\/\/keylessbest.com\/de\/wp-json\/wp\/v2\/2_year_make_model?post=13876"}],"curies":[{"name":"wp","href":"https:\/\/api.w.org\/{rel}","templated":true}]}}