{"id":14059,"date":"2025-08-19T08:40:16","date_gmt":"2025-08-19T08:40:16","guid":{"rendered":"https:\/\/hanwuji.shengjit.com\/?post_type=product&#038;p=14059"},"modified":"2026-02-11T08:39:08","modified_gmt":"2026-02-11T08:39:08","slug":"2009-2015-hyundai-romeo-schlusselanhanger-sy5hmfna04-315mhz-fur-keylessbest-2","status":"publish","type":"product","link":"https:\/\/keylessbest.com\/de\/product\/2009-2015-hyundai-romeo-schlusselanhanger-sy5hmfna04-315mhz-fur-keylessbest-2\/","title":{"rendered":"2009-2015 Hyundai Schl\u00fcsselanh\u00e4nger SY5HMFNA04 315MHz f\u00fcr Keylessbest"},"content":{"rendered":"<p>*Die detaillierten Informationen zu diesem Kia-Schl\u00fcssel-Remote aus den Jahren 2019-2021 sind wie folgt. Bitte best\u00e4tigen Sie, dass die folgenden Details mit Ihrem Fahrzeug \u00fcbereinstimmen, bevor Sie bestellen: FCC ID, Teilenummer, Baujahr, IC, Frequenz, Chip und Tasten.<\/p>\n<h6><strong><b>Produktinformationen:<\/b><\/strong><\/h6>\n<ul>\n<li>FCC ID: SY5HMFNA04<\/li>\n<li>PN: 95440-3N250, 95440-1U000, 95440-2T100, 95440-3Q000, 95440-3M220, 95440-3N250, 95440-3M230<\/li>\n<li>IC: 267AL-HMFNA04<\/li>\n<li>Frequenz: 315MHz<\/li>\n<li>Chip: 46<\/li>\n<li>Tasten: Verriegeln, Entriegeln, Kofferraum, Alarm<\/li>\n<\/ul>\n<h6><strong><b>Das Referenzmodell:<\/b><\/strong><\/h6>\n<ul>\n<li>2011 \u2013 2015 Hyundai Azera<\/li>\n<li><a href=\"https:\/\/keylessbest.com\/de\/product\/2009-2014-toyota-avalon-camry-corolla-3-tasten-schlusselloser-zugang-fernbedienung-hyq14aem-pn-89904-0r060-89904-60770-89904-0r090-89904-42140__trashed\/\" data-wpil-monitor-id=\"968\">2012 &#8211; 2014<\/a> Hyundai Equus<\/li>\n<li>2012 \u2013 2013 Hyundai Elantra Limousine (4 T\u00fcren)<\/li>\n<li>2009 &#8211; 2013 <a href=\"https:\/\/keylessbest.com\/de\/product\/2021-hyundai-genesis-g80-8-tasten-schlusselloser-zugang-fernbedienung-tq8-fob-4f35-pn-95440-t1200\/\" data-wpil-monitor-id=\"973\">Hyundai Genesis<\/a> Limousine (4-T\u00fcrer)<\/li>\n<li>2011 \u2013 2015 Hyundai Sonata<\/li>\n<li>2015 \u2013 2015 Hyundai Sonata Hybrid<\/li>\n<li>2010 \u2013 2012 Kia Borrego<\/li>\n<li>2011 \u2013 2013 Kia Forte<\/li>\n<li>2009 \u2013 2013 Kia Optima<\/li>\n<li>2011 \u2013 2014 Kia Rio<\/li>\n<li>2011 \u2013 2013 Kia SorentoBITTE \u00dcBERPR\u00dcFEN SIE DEN TEIL # GEM\u00c4SS DER FAHRZEUG-IDENTIFIKATIONSNUMMER # BESTIMMTE HYUNDAI \/ KIA FAHRZEUGE K\u00d6NNEN ZWEI M\u00d6GLICHE REMOTES HABEN<\/li>\n<\/ul>\n<h6><strong><b>Lieferumfang:<\/b><\/strong><\/h6>\n<ul>\n<li>Ein neuer Aftermarket <a href=\"https:\/\/keylessbest.com\/de\/product\/2011-2017-ford-fiesta-3-tasten-keyless-entry-fernbedienung-kr55wk47899-pn164-r8042-fernbedienung-164-r8043-klinge-164-r8042-164-r8039-5913139-5914117-4d63-80bit__trashed\/\" data-wpil-monitor-id=\"972\">schl\u00fcsselloser Fernbedienungsschl\u00fcssel<\/a><\/li>\n<li>Einen kostenlosen Ersatz-Notfall-Einf\u00fcgeschl\u00fcssel f\u00fcr den Aftermarket<\/li>\n<li>Alle Sender werden mit einer Batterie geliefert<\/li>\n<li>Alle Einheiten werden vor dem Versand getestet<\/li>\n<li>2-Jahres 100% Zufriedenheitsgarantie und Garantie<\/li>\n<\/ul>\n<h6><strong><b>Hinweis:<\/b><\/strong><\/h6>\n<ul>\n<li>Der Ersatz f\u00fcr den schl\u00fcssellosen Zugangsschl\u00fcssel f\u00fcr Kia Hyundai Modelle von 2010-2014 \u2013 ohne Logo, mit ungeschnittenem Notfall-Einsatzschl\u00fcssel enthalten.<\/li>\n<li>Wir schneiden oder programmieren den <a href=\"https:\/\/keylessbest.com\/de\/keylessbestcarkeyfobshop\/\" data-wpil-monitor-id=\"974\">Fernschl\u00fcssel<\/a>. Zus\u00e4tzlich kontaktieren Sie bitte den \u00f6rtlichen Schlosser oder H\u00e4ndler f\u00fcr Preise.<\/li>\n<li>Dieser Sender ist kompatibel mit Fahrzeugen, die \u00fcber einen Dashboard-Start\/Stopp-Knopf oder Drehknauf-Z\u00fcndung verf\u00fcgen, zusammen mit einem Proxy <a href=\"https:\/\/keylessbest.com\/de\/product\/2007-2013-nissan-rogue-versa-pathfinder-mit-smart-system-3-tasten-schlusselloser-entry-fernbedienung-cwtwbu729-cwtwbu735-cwtwbu624-pn-285e3-em30d-285e3-em31d\/\" data-wpil-monitor-id=\"971\">Schl\u00fcsselloses Zugangssystem<\/a>.<\/li>\n<li>Der Preis gilt f\u00fcr einen kompletten <a href=\"https:\/\/keylessbest.com\/de\/product\/2015-2021-jeep-renegade-5-tasten-schlusselloser-zugang-fernbedienung-m3n-40821302-ersetzt-pn-6mp33dx9aa-id-47-4a__trashed\/\" data-wpil-monitor-id=\"969\">schl\u00fcssellosen Entry-Remote-Ersatz<\/a>, inklusive Notfallschl\u00fcssel.<\/li>\n<li>Daher empfehlen wir dringend, dass Sie Ihre <a href=\"https:\/\/keylessbest.com\/de\/wie-man-den-schlusselanhanger-schnell-einfach-diy-schritte-fur-jedes-auto-programmiert\/\" data-wpil-monitor-id=\"970\">KEY FOB programmieren lassen<\/a> von einem professionellen Schlosser oder H\u00e4ndler.<\/li>\n<\/ul>\n<h6><strong>Programmierressourcen:<\/strong><\/h6>\n<p><a href=\"http:\/\/programyourfob.com\/?list_14\/\" target=\"_blank\" rel=\"noopener\">http:\/\/programyourfob.com\/?list_14\/<\/a><\/p>\n<p><a href=\"http:\/\/programyourfob.com\/?list_19\/\" target=\"_blank\" rel=\"noopener\">http:\/\/programyourfob.com\/?list_19\/<\/a><\/p>\n<p>Vielen Dank, dass Sie uns gew\u00e4hlt haben.<\/p>\n<p>Wir sind einer der professionellsten Hersteller von Autoschl\u00fcsseln, schl\u00fcssellosen Zugangssystemen, <a href=\"https:\/\/keylessbest.com\/de\/product\/2004-2018-toyota-sequoia-solara-avalon-highlander-sienna-tacoma-3-tasten-schlusselloser-zugang-fernbedienung-gq43vt20t-pn-89742-ae010-89742-ae011\/\" data-wpil-monitor-id=\"967\">Autoschl\u00fcssel-Fernbedienung<\/a>, Transponderschips, Schl\u00fcsselprogrammierer, Geh\u00e4use f\u00fcr Autoschl\u00fcssel, Autoschl\u00f6sser, Schlosserwerkzeuge und so weiter. Dar\u00fcber hinaus verf\u00fcgt unser Unternehmen \u00fcber ein professionelles Team und eine Produktionslinie. Au\u00dferdem spezialisieren wir uns auf die Herstellung verschiedener Autoschl\u00fcssel, Geh\u00e4use f\u00fcr Autoschl\u00fcssel und Schlosserwerkzeuge. Wir k\u00fcmmern uns auch um Entwicklung, Herstellung und Gro\u00dfhandel von Auto-Sicherheits- und Schutzprodukten.<\/p>\n<p>Wettbewerbsf\u00e4hige Preise und engagierte Dienstleistungen helfen Ihnen, einen guten Markt zu erschlie\u00dfen. Au\u00dferdem bieten \u00fcber 10 junge und energische Vertriebsteams schnellen, professionellen und freundlichen Service jederzeit. Zus\u00e4tzlich werden alle unsere Produkte direkt aus dem Lager in Deutschland, Kanada und Mexiko versendet. Die Waren, die Sie gekauft haben, werden innerhalb von 48 Stunden nach Bestellung verpackt und versendet. Mehr als 100% unserer Produkte sind auf Lager, und der Bestand ist ausreichend.<\/p>","protected":false},"excerpt":{"rendered":"<ul>\n<li>SKU: CA-HY064<\/li>\n<li>FCC ID: SY5HMFNA04<\/li>\n<li>PN: 95440-3N250, 95440-1U000, 95440-2T100, 95440-3Q000, 95440-3M220, 95440-3N250, 95440-3M230<\/li>\n<li>IC: 267AL-HMFNA04<\/li>\n<li>Frequenz: 315MHz<\/li>\n<li>Chip: 46<\/li>\n<li>Tasten: Verriegeln, Entriegeln, Kofferraum, Alarm<\/li>\n<\/ul>","protected":false},"featured_media":20921,"comment_status":"open","ping_status":"closed","template":"","meta":{"_bst_post_transparent":"default","_bst_post_title":"","_bst_post_layout":"default","_bst_post_sidebar_id":"","_bst_post_content_style":"default","_bst_post_vertical_padding":"default","_bst_post_feature":"","_bst_post_feature_position":"","_bst_post_header":false,"_bst_post_footer":false},"product_brand":[],"product_cat":[15,168,169],"product_tag":[],"2_year_make_model":[],"class_list":{"0":"post-14059","1":"product","2":"type-product","3":"status-publish","4":"has-post-thumbnail","6":"product_cat-carkeyremote","7":"product_cat-for-hyundai","8":"product_cat-for-kia","10":"first","11":"instock","12":"sale","13":"shipping-taxable","14":"purchasable","15":"product-type-simple","16":"entry","17":"content-bg","18":"loop-entry"},"_links":{"self":[{"href":"https:\/\/keylessbest.com\/de\/wp-json\/wp\/v2\/product\/14059","targetHints":{"allow":["GET"]}}],"collection":[{"href":"https:\/\/keylessbest.com\/de\/wp-json\/wp\/v2\/product"}],"about":[{"href":"https:\/\/keylessbest.com\/de\/wp-json\/wp\/v2\/types\/product"}],"replies":[{"embeddable":true,"href":"https:\/\/keylessbest.com\/de\/wp-json\/wp\/v2\/comments?post=14059"}],"version-history":[{"count":3,"href":"https:\/\/keylessbest.com\/de\/wp-json\/wp\/v2\/product\/14059\/revisions"}],"predecessor-version":[{"id":20325,"href":"https:\/\/keylessbest.com\/de\/wp-json\/wp\/v2\/product\/14059\/revisions\/20325"}],"wp:featuredmedia":[{"embeddable":true,"href":"https:\/\/keylessbest.com\/de\/wp-json\/wp\/v2\/media\/20921"}],"wp:attachment":[{"href":"https:\/\/keylessbest.com\/de\/wp-json\/wp\/v2\/media?parent=14059"}],"wp:term":[{"taxonomy":"product_brand","embeddable":true,"href":"https:\/\/keylessbest.com\/de\/wp-json\/wp\/v2\/product_brand?post=14059"},{"taxonomy":"product_cat","embeddable":true,"href":"https:\/\/keylessbest.com\/de\/wp-json\/wp\/v2\/product_cat?post=14059"},{"taxonomy":"product_tag","embeddable":true,"href":"https:\/\/keylessbest.com\/de\/wp-json\/wp\/v2\/product_tag?post=14059"},{"taxonomy":"2_year_make_model","embeddable":true,"href":"https:\/\/keylessbest.com\/de\/wp-json\/wp\/v2\/2_year_make_model?post=14059"}],"curies":[{"name":"wp","href":"https:\/\/api.w.org\/{rel}","templated":true}]}}