{"id":14060,"date":"2025-08-19T08:40:16","date_gmt":"2025-08-19T08:40:16","guid":{"rendered":"https:\/\/hanwuji.shengjit.com\/?post_type=product&#038;p=14060"},"modified":"2026-02-11T08:42:02","modified_gmt":"2026-02-11T08:42:02","slug":"1998-2005-lexus-schlusselanhanger-hyq1512v-315mhz-fur-keylessbest","status":"publish","type":"product","link":"https:\/\/keylessbest.com\/de\/product\/1998-2005-lexus-schlusselanhanger-hyq1512v-315mhz-fur-keylessbest\/","title":{"rendered":"1998-2005 Lexus Schl\u00fcsselanh\u00e4nger HYQ1512V 315MHz f\u00fcr Keylessbest"},"content":{"rendered":"<p>*Die detaillierten Informationen zu diesem 1998-2005 Lexus schl\u00fcssellosen Fernbedienungsschl\u00fcssel sind wie folgt. Bitte best\u00e4tigen Sie, dass die folgenden Details mit Ihrem Fahrzeug \u00fcbereinstimmen, bevor Sie bestellen: FCC ID, Teilenummer, Jahr Modell, IC, Frequenz, Chip und Tasten.<\/p>\n<h6><strong><b>Produktinformationen:<\/b><\/strong><\/h6>\n<ul>\n<li>FCC ID: HYQ1512V<\/li>\n<li>PN: 89070-50170 LXR2 RHK-LEXUS-3B1<\/li>\n<li>IC: 1551-102-539<\/li>\n<li>Frequenz: 315MHz<\/li>\n<li>Chip: ID 4C<\/li>\n<\/ul>\n<h6><strong><b>Das Referenzmodell:<\/b><\/strong><\/h6>\n<ul>\n<li>2002-2003 ES300<\/li>\n<li>1998-2005 GS300<\/li>\n<li>1998-2000 GS400<\/li>\n<li>2001-2005 GS430<\/li>\n<li>2001-2005 IS300<\/li>\n<li>1998-2000 LS400<\/li>\n<\/ul>\n<h6><strong><b>Lieferumfang:<\/b><\/strong><\/h6>\n<ul>\n<li>Ein neuer schl\u00fcsselloser Fernbedienungsschl\u00fcssel f\u00fcr den Aftermarket<\/li>\n<li>Einen kostenlosen Ersatz-Notfall-Einf\u00fcgeschl\u00fcssel f\u00fcr den Aftermarket<\/li>\n<li>Alle Sender werden mit einer Batterie geliefert<\/li>\n<li>Alle Einheiten werden vor dem Versand getestet<\/li>\n<li>2-Jahres 100% Zufriedenheitsgarantie und Garantie<\/li>\n<\/ul>\n<h6><strong><b>Hinweis:<\/b><\/strong><\/h6>\n<ul>\n<li>Der Lexus Smart aus den Jahren 1998-2005 <a href=\"https:\/\/keylessbest.com\/de\/product\/2009-2014-toyota-avalon-camry-corolla-3-tasten-schlusselloser-zugang-fernbedienung-hyq14aem-pn-89904-0r060-89904-60770-89904-0r090-89904-42140__trashed\/\" data-wpil-monitor-id=\"1016\">schl\u00fcsselloser Zugangsschl\u00fcsselanh\u00e4nger<\/a> Ersatz \u2013 ohne Logo, mit einem ungeschnittenen Notfallschl\u00fcssel inklusive.<\/li>\n<li>Wir schneiden oder programmieren den Fernschl\u00fcssel nicht. F\u00fcr die Preisgestaltung wenden Sie sich bitte an den \u00f6rtlichen Schl\u00fcsseldienst oder H\u00e4ndler.<\/li>\n<li>Dieses Transmitter ist kompatibel mit Fahrzeugen mit einem Start\/Stopp-Knopf am Armaturenbrett oder Drehknauf-Z\u00fcndung, sowie einem Proxy-Schl\u00fcsselsystem.<\/li>\n<li>Der Preis gilt f\u00fcr einen kompletten <a href=\"https:\/\/keylessbest.com\/de\/product\/2015-2021-jeep-renegade-5-tasten-schlusselloser-zugang-fernbedienung-m3n-40821302-ersetzt-pn-6mp33dx9aa-id-47-4a__trashed\/\" data-wpil-monitor-id=\"1017\">schl\u00fcssellosen Entry-Remote-Ersatz<\/a>, inklusive Notfallschl\u00fcssel.<\/li>\n<li>Daher empfehlen wir dringend, dass Sie Ihren\u00a0SCHL\u00dcSSELANLAGE\u00a0von einem professionellen Schl\u00fcsseldienst oder H\u00e4ndler programmieren lassen.<\/li>\n<\/ul>\n<h6><strong>Programmierressourcen:<\/strong><\/h6>\n<p><a href=\"http:\/\/programyourfob.com\/?list_21\/\" target=\"_blank\" rel=\"noopener\">http:\/\/programyourfob.com\/?list_21\/<\/a><\/p>\n<p>Vielen Dank, dass Sie uns gew\u00e4hlt haben.<\/p>\n<p>Wir sind einer der professionellsten Hersteller von Autoschl\u00fcsseln, schl\u00fcssellosen Zugangssystemen, <a href=\"https:\/\/keylessbest.com\/de\/product\/2004-2018-toyota-sequoia-solara-avalon-highlander-sienna-tacoma-3-tasten-schlusselloser-zugang-fernbedienung-gq43vt20t-pn-89742-ae010-89742-ae011\/\" data-wpil-monitor-id=\"1015\">Autoschl\u00fcssel-Fernbedienung<\/a>, Transponderschips, Schl\u00fcsselprogrammierer, Geh\u00e4use f\u00fcr Autoschl\u00fcssel, Autoschl\u00f6sser, Schlosserwerkzeuge und so weiter. Dar\u00fcber hinaus verf\u00fcgt unser Unternehmen \u00fcber ein professionelles Team und eine Produktionslinie. Au\u00dferdem spezialisieren wir uns auf die Herstellung verschiedener Autoschl\u00fcssel, Geh\u00e4use f\u00fcr Autoschl\u00fcssel und Schlosserwerkzeuge. Wir k\u00fcmmern uns auch um Entwicklung, Herstellung und Gro\u00dfhandel von Auto-Sicherheits- und Schutzprodukten.<\/p>\n<p>Wettbewerbsf\u00e4hige Preise und engagierte Dienstleistungen helfen Ihnen, einen guten Markt zu erschlie\u00dfen. Au\u00dferdem bieten \u00fcber 10 junge und energische Vertriebsteams schnellen, professionellen und freundlichen Service jederzeit. Zus\u00e4tzlich werden alle unsere Produkte direkt aus dem Lager in Deutschland, Kanada und Mexiko versendet. Die Waren, die Sie gekauft haben, werden innerhalb von 48 Stunden nach Bestellung verpackt und versendet. Mehr als 100% unserer Produkte sind auf Lager, und der Bestand ist ausreichend.<\/p>","protected":false},"excerpt":{"rendered":"<ul>\n<li>SKU: CA-TA065<\/li>\n<li>FCC ID: HYQ1512V<\/li>\n<li>PN: 89070-50170 LXR2 RHK-LEXUS-3B1<\/li>\n<li>IC: 1551-102-539<\/li>\n<li>Frequenz: 315MHz<\/li>\n<li>Chip: ID 4C<\/li>\n<\/ul>","protected":false},"featured_media":20922,"comment_status":"open","ping_status":"closed","template":"","meta":{"_bst_post_transparent":"default","_bst_post_title":"","_bst_post_layout":"default","_bst_post_sidebar_id":"","_bst_post_content_style":"default","_bst_post_vertical_padding":"default","_bst_post_feature":"","_bst_post_feature_position":"","_bst_post_header":false,"_bst_post_footer":false},"product_brand":[],"product_cat":[15,384],"product_tag":[],"2_year_make_model":[],"class_list":{"0":"post-14060","1":"product","2":"type-product","3":"status-publish","4":"has-post-thumbnail","6":"product_cat-carkeyremote","7":"product_cat-for-lexus","9":"first","10":"instock","11":"sale","12":"shipping-taxable","13":"purchasable","14":"product-type-simple","15":"entry","16":"content-bg","17":"loop-entry"},"_links":{"self":[{"href":"https:\/\/keylessbest.com\/de\/wp-json\/wp\/v2\/product\/14060","targetHints":{"allow":["GET"]}}],"collection":[{"href":"https:\/\/keylessbest.com\/de\/wp-json\/wp\/v2\/product"}],"about":[{"href":"https:\/\/keylessbest.com\/de\/wp-json\/wp\/v2\/types\/product"}],"replies":[{"embeddable":true,"href":"https:\/\/keylessbest.com\/de\/wp-json\/wp\/v2\/comments?post=14060"}],"version-history":[{"count":3,"href":"https:\/\/keylessbest.com\/de\/wp-json\/wp\/v2\/product\/14060\/revisions"}],"predecessor-version":[{"id":19745,"href":"https:\/\/keylessbest.com\/de\/wp-json\/wp\/v2\/product\/14060\/revisions\/19745"}],"wp:featuredmedia":[{"embeddable":true,"href":"https:\/\/keylessbest.com\/de\/wp-json\/wp\/v2\/media\/20922"}],"wp:attachment":[{"href":"https:\/\/keylessbest.com\/de\/wp-json\/wp\/v2\/media?parent=14060"}],"wp:term":[{"taxonomy":"product_brand","embeddable":true,"href":"https:\/\/keylessbest.com\/de\/wp-json\/wp\/v2\/product_brand?post=14060"},{"taxonomy":"product_cat","embeddable":true,"href":"https:\/\/keylessbest.com\/de\/wp-json\/wp\/v2\/product_cat?post=14060"},{"taxonomy":"product_tag","embeddable":true,"href":"https:\/\/keylessbest.com\/de\/wp-json\/wp\/v2\/product_tag?post=14060"},{"taxonomy":"2_year_make_model","embeddable":true,"href":"https:\/\/keylessbest.com\/de\/wp-json\/wp\/v2\/2_year_make_model?post=14060"}],"curies":[{"name":"wp","href":"https:\/\/api.w.org\/{rel}","templated":true}]}}