{"id":14147,"date":"2025-08-19T08:41:53","date_gmt":"2025-08-19T08:41:53","guid":{"rendered":"https:\/\/hanwuji.shengjit.com\/?post_type=product&#038;p=14147"},"modified":"2026-02-13T02:56:40","modified_gmt":"2026-02-13T02:56:40","slug":"2013-2019-nissan-schlusselanhanger-285e3-3sg0d-315mhz-fur-keylessbest","status":"publish","type":"product","link":"https:\/\/keylessbest.com\/de\/product\/2013-2019-nissan-schlusselanhanger-285e3-3sg0d-315mhz-fur-keylessbest\/","title":{"rendered":"Nissan Schl\u00fcsselanh\u00e4nger 2013-2019 285E3-3SG0D 315MHz f\u00fcr Keylessbest"},"content":{"rendered":"<p>*Die detaillierten Informationen zu diesem schl\u00fcssellosen Fernbedienungsschl\u00fcssel f\u00fcr Nissan von 2012 bis 2016 sind wie folgt. Bitte best\u00e4tigen Sie, dass die folgenden Details mit Ihrem Fahrzeug \u00fcbereinstimmen, bevor Sie bestellen: FCC ID, Teilenummer, Jahrmodell, IC, Frequenz, Chip und Tasten.<\/p>\n<h6><strong><b>Produktinformationen: <\/b><\/strong><\/h6>\n<ul>\n<li>FCC ID: CWTWB1U840<\/li>\n<li>PN: 285E3-3SG0D<\/li>\n<li>IC: 1788D-FWB11U840<\/li>\n<li>Frequenz: 315MHz<\/li>\n<li>Chip: ID46<\/li>\n<li>Tasten: Verriegeln, Entriegeln, Kofferraum, Panik<\/li>\n<\/ul>\n<h6><strong><b>Das Referenzmodell:<\/b><\/strong><\/h6>\n<ul>\n<li>Nissan Sentra 2013 \u2013 2019<\/li>\n<li>Nissan Versa 2013 \u2013 2019<\/li>\n<li>Nissan Leaf 2016 \u2013 2016<\/li>\n<\/ul>\n<h6><strong><b>Lieferumfang:<\/b><\/strong><\/h6>\n<ul>\n<li>Ein neuer Aftermarket <a href=\"https:\/\/keylessbest.com\/de\/product\/2011-2017-ford-fiesta-3-tasten-keyless-entry-fernbedienung-kr55wk47899-pn164-r8042-fernbedienung-164-r8043-klinge-164-r8042-164-r8039-5913139-5914117-4d63-80bit__trashed\/\" data-wpil-monitor-id=\"1725\">schl\u00fcsselloser Fernbedienungsschl\u00fcssel<\/a><\/li>\n<li>kostenlos <a href=\"https:\/\/keylessbest.com\/de\/aftermarket-schlusselanhanger\/\" data-wpil-monitor-id=\"1730\">Aftermarket-Notfall-Einf\u00fcgekabelschl\u00fcssel<\/a><\/li>\n<li>Alle Sender werden mit einer Batterie geliefert<\/li>\n<li>Alle Einheiten werden vor dem Versand getestet<\/li>\n<li>2-Jahres 100% Zufriedenheitsgarantie und Garantie<\/li>\n<\/ul>\n<h6><strong><b>Hinweis:<\/b><\/strong><\/h6>\n<ul>\n<li>Der Ersatz f\u00fcr den Nissan Smart-Schl\u00fcssel ohne Logo, mit einer ungeschnittenen Notfall-Einlage-Schl\u00fcssel inklusive, f\u00fcr die Jahre 2013 \u2013 2019.<\/li>\n<li>Wir schneiden oder programmieren den <a href=\"https:\/\/keylessbest.com\/de\/keylessbestcarkeyfobshop\/\" data-wpil-monitor-id=\"1727\">Fernschl\u00fcssel<\/a>.Zus\u00e4tzlich kontaktieren Sie bitte den \u00f6rtlichen Schl\u00fcsseldienst oder H\u00e4ndler f\u00fcr Preise.<\/li>\n<li>Dieser Sender ist kompatibel mit Fahrzeugen, die \u00fcber einen Dashboard-Start\/Stopp-Button oder Drehknopf-Z\u00fcndung verf\u00fcgen, sowie \u00fcber eine Proxy <a href=\"https:\/\/keylessbest.com\/de\/product\/2022-2024-honda-clarity-touring-clarity-plug-in-cvt-clarity-5-tasten-schlusselloser-zugang-fernbedienung-kr5tp-4-pn72147-t20-a01-4a\/\" data-wpil-monitor-id=\"1726\">schl\u00fcsselloses Zugangssystem<\/a> System.<\/li>\n<li>Der Preis gilt f\u00fcr einen kompletten <a href=\"https:\/\/keylessbest.com\/de\/product\/2015-2021-jeep-renegade-5-tasten-schlusselloser-zugang-fernbedienung-m3n-40821302-ersetzt-pn-6mp33dx9aa-id-47-4a__trashed\/\" data-wpil-monitor-id=\"1724\">Ersatzschl\u00fcssel-Fernbedienung f\u00fcr den Zugang<\/a>, inklusive Notfallschl\u00fcssel.<\/li>\n<li>Daher empfehlen wir dringend, dass Sie Ihre \u00a0<a href=\"https:\/\/keylessbest.com\/de\/wie-man-den-schlusselanhanger-schnell-einfach-diy-schritte-fur-jedes-auto-programmiert\/\" data-wpil-monitor-id=\"1729\">SCHL\u00dcSSELANLAGE\u00a0programmiert<\/a>\u00a0von einem professionellen Schl\u00fcsseldienst oder H\u00e4ndler.<\/li>\n<\/ul>\n<h6><strong><b>\u00a0Programmierressourcen\u00a0<\/b><\/strong><\/h6>\n<p><a href=\"http:\/\/programyourfob.com\/?list_26\/\" target=\"_blank\" rel=\"noopener\"><u>http:\/\/programyourfob.com\/?list_26\/<\/u><\/a><\/p>\n<p>Vielen Dank, dass Sie sich f\u00fcr uns entschieden haben.<\/p>\n<p>Wir sind einer der professionellsten Hersteller von Autoschl\u00fcsseln, schl\u00fcssellosen Zutrittssystemen <a href=\"https:\/\/keylessbest.com\/de\/product\/2007-2009-mazda-3-4-tur-3-5-tur-mazdaspeed-3-3-3-tasten-schlusselverlust-entriegelung-fernbedienung-kpu41794-pn-ban66-75ry-ban6675ry\/\" data-wpil-monitor-id=\"1723\">Autoschl\u00fcssel-Fernbedienung<\/a>, Transponderschl\u00fcssel, Schl\u00fcsselprogrammierer, Autoschl\u00fcsselgeh\u00e4use, Autoschl\u00f6sser, Schlosserwerkzeuge und so weiter. Dar\u00fcber hinaus verf\u00fcgt unser Unternehmen \u00fcber ein professionelles Team und eine Produktionslinie. Au\u00dferdem spezialisieren wir uns auf die Herstellung verschiedener <a href=\"https:\/\/keylessbest.com\/de\/warum-die-cr2025-3v-lithium-autoturschlusselbatterie-hervorragend-ist\/\" data-wpil-monitor-id=\"1728\">Autoschl\u00fcssel<\/a>, Geh\u00e4use f\u00fcr Autoschl\u00fcssel und Schlosserwerkzeuge. Wir k\u00fcmmern uns auch um Entwicklung, Herstellung und Gro\u00dfhandel von Auto-Sicherheits- und Schutzprodukten.<\/p>\n<p>Wettbewerbsf\u00e4hige Preise und engagierte Dienstleistungen helfen Ihnen, einen guten Markt zu erschlie\u00dfen. Au\u00dferdem bieten \u00fcber 10 junge und energische Vertriebsteams schnellen, professionellen und freundlichen Service jederzeit. Zus\u00e4tzlich werden alle unsere Produkte direkt aus dem Lager in Deutschland, Kanada und Mexiko versendet. Die Waren, die Sie gekauft haben, werden innerhalb von 48 Stunden nach Bestellung verpackt und versendet. Mehr als 100% unserer Produkte sind auf Lager, und der Bestand ist ausreichend.<\/p>","protected":false},"excerpt":{"rendered":"<ul>\n<li>SKU: CA-NS302<\/li>\n<li>FCC ID: CWTWB1U840<\/li>\n<li>PN: 285E3-3SG0D<\/li>\n<li>IC: 1788D-FWB11U840<\/li>\n<li>Frequenz: 315MHz<\/li>\n<li>Chip: ID46<\/li>\n<li>Tasten: Verriegeln, Entriegeln, Kofferraum, Panik<\/li>\n<\/ul>","protected":false},"featured_media":21189,"comment_status":"open","ping_status":"closed","template":"","meta":{"_bst_post_transparent":"default","_bst_post_title":"","_bst_post_layout":"default","_bst_post_sidebar_id":"","_bst_post_content_style":"default","_bst_post_vertical_padding":"default","_bst_post_feature":"","_bst_post_feature_position":"","_bst_post_header":false,"_bst_post_footer":false},"product_brand":[],"product_cat":[15,160],"product_tag":[],"2_year_make_model":[],"class_list":{"0":"post-14147","1":"product","2":"type-product","3":"status-publish","4":"has-post-thumbnail","6":"product_cat-carkeyremote","7":"product_cat-for-nissan","9":"first","10":"instock","11":"sale","12":"shipping-taxable","13":"purchasable","14":"product-type-simple","15":"entry","16":"content-bg","17":"loop-entry"},"_links":{"self":[{"href":"https:\/\/keylessbest.com\/de\/wp-json\/wp\/v2\/product\/14147","targetHints":{"allow":["GET"]}}],"collection":[{"href":"https:\/\/keylessbest.com\/de\/wp-json\/wp\/v2\/product"}],"about":[{"href":"https:\/\/keylessbest.com\/de\/wp-json\/wp\/v2\/types\/product"}],"replies":[{"embeddable":true,"href":"https:\/\/keylessbest.com\/de\/wp-json\/wp\/v2\/comments?post=14147"}],"version-history":[{"count":3,"href":"https:\/\/keylessbest.com\/de\/wp-json\/wp\/v2\/product\/14147\/revisions"}],"predecessor-version":[{"id":20038,"href":"https:\/\/keylessbest.com\/de\/wp-json\/wp\/v2\/product\/14147\/revisions\/20038"}],"wp:featuredmedia":[{"embeddable":true,"href":"https:\/\/keylessbest.com\/de\/wp-json\/wp\/v2\/media\/21189"}],"wp:attachment":[{"href":"https:\/\/keylessbest.com\/de\/wp-json\/wp\/v2\/media?parent=14147"}],"wp:term":[{"taxonomy":"product_brand","embeddable":true,"href":"https:\/\/keylessbest.com\/de\/wp-json\/wp\/v2\/product_brand?post=14147"},{"taxonomy":"product_cat","embeddable":true,"href":"https:\/\/keylessbest.com\/de\/wp-json\/wp\/v2\/product_cat?post=14147"},{"taxonomy":"product_tag","embeddable":true,"href":"https:\/\/keylessbest.com\/de\/wp-json\/wp\/v2\/product_tag?post=14147"},{"taxonomy":"2_year_make_model","embeddable":true,"href":"https:\/\/keylessbest.com\/de\/wp-json\/wp\/v2\/2_year_make_model?post=14147"}],"curies":[{"name":"wp","href":"https:\/\/api.w.org\/{rel}","templated":true}]}}