{"id":14246,"date":"2025-08-19T08:43:32","date_gmt":"2025-08-19T08:43:32","guid":{"rendered":"https:\/\/hanwuji.shengjit.com\/?post_type=product&#038;p=14246"},"modified":"2026-02-12T07:48:38","modified_gmt":"2026-02-12T07:48:38","slug":"2004-2011-mazda-schlusselanhanger-kpu41788-315mhz-fur-keylessbest","status":"publish","type":"product","link":"https:\/\/keylessbest.com\/de\/product\/2004-2011-mazda-schlusselanhanger-kpu41788-315mhz-fur-keylessbest\/","title":{"rendered":"2004 2011 Mazda Schl\u00fcsselanh\u00e4nger KPU41788 315MHz f\u00fcr Keylessbest"},"content":{"rendered":"<p>*Die detaillierten Informationen zu diesem schl\u00fcssellosen Fernbedienungsschl\u00fcssel f\u00fcr Mazda von 2004 bis 2008 sind wie folgt. Bitte best\u00e4tigen Sie, dass die folgenden Details mit Ihrem Fahrzeug \u00fcbereinstimmen, bevor Sie bestellen: FCC ID, Teilenummer, Jahrmodell, IC, Frequenz, Chip und Tasten.<\/p>\n<h6><strong><b>Produktinformationen: <\/b><\/strong><\/h6>\n<ul>\n<li>FCC ID: KPU41788<\/li>\n<li>PN: GP7A-67-5RYB<\/li>\n<li>IC: 4238A-41525<\/li>\n<li>Frequenz: 315MHz<\/li>\n<li>Chip: 63 80bit<\/li>\n<li>Tasten: Verriegeln, Entriegeln, Alarm<\/li>\n<\/ul>\n<h6><strong><b>Das Referenzmodell:<\/b><\/strong><\/h6>\n<ul>\n<li>Mazda 6 Hatchback 2005 \u2013 2008<\/li>\n<li>Mazda 6 Kombi 2005 \u2013 2008<\/li>\n<li>Mazda RX-8 2004 \u2013 2008<\/li>\n<\/ul>\n<h6><strong><b>Lieferumfang:<\/b><\/strong><\/h6>\n<ul>\n<li>Ein neuer schl\u00fcsselloser Fernbedienungsschl\u00fcssel f\u00fcr den Aftermarket<\/li>\n<li>Einen kostenlosen Ersatz-Notfall-Einf\u00fcgeschl\u00fcssel f\u00fcr den Aftermarket<\/li>\n<li>Alle Sender werden mit einer Batterie geliefert<\/li>\n<li>Alle Einheiten werden vor dem Versand getestet<\/li>\n<li>2-Jahres 100% Zufriedenheitsgarantie und Garantie<\/li>\n<\/ul>\n<h6><strong><b>Hinweis:<\/b><\/strong><\/h6>\n<ul>\n<li>Der\u00a0 2004 \u2013 2008 Mazda Smart-Schl\u00fcssel-Entfernungskopf Ersatz \u2013 \u00a0\u00a0ohne \u00a0ein \u00a0Logo, mit \u00a0einem \u00a0ungek\u00fcrzten Notfall-Insert-Schl\u00fcssel inklusive.<\/li>\n<li>Wir schneiden oder programmieren den Fernschl\u00fcssel nicht. F\u00fcr die Preisgestaltung wenden Sie sich bitte an den \u00f6rtlichen Schl\u00fcsseldienst oder H\u00e4ndler.<\/li>\n<li>Dieser Sender ist kompatibel mit Fahrzeugen mit einem Armaturenbrett-Start\/Stopp-Knopf oder Drehknauf-Z\u00fcndung,\u00a0\u00a0zusammen mit einem Proxy-Schl\u00fcsselloses-Entry-System.<\/li>\n<li>Der Preis \u00a0\u00a0ist f\u00fcr einen vollst\u00e4ndigen \u00a0\u00a0Ersatz \u00a0\u00a0schl\u00fcsselloses Entry-Remote, Notfallschl\u00fcssel inklusive.<\/li>\n<li>Daher empfehlen wir dringend, dass Sie Ihren\u00a0SCHL\u00dcSSELANLAGE\u00a0von einem professionellen Schl\u00fcsseldienst oder H\u00e4ndler programmieren lassen.<\/li>\n<\/ul>\n<h6><strong><b>Programmierressourcen\u00a0<\/b><\/strong><\/h6>\n<p><a href=\"http:\/\/programyourfob.com\/?list_23\/\" target=\"_blank\" rel=\"noopener\">http:\/\/programyourfob.com\/?list_23\/<\/a><\/p>\n<p>Vielen Dank, dass Sie sich f\u00fcr uns entschieden haben.<\/p>\n<p>Wir sind einer der professionellsten Hersteller von Autoschl\u00fcsseln, schl\u00fcssellosen Systemen, Auto-Remote-Schl\u00fcsseln, Transponderchips, Schl\u00fcsselprogrammierern, Auto-Schl\u00fcsselgeh\u00e4usen, Autoschl\u00f6ssern, Schl\u00fcsseldienstwerkzeugen und so weiter. Au\u00dferdem verf\u00fcgt unser Unternehmen\u00a0\u00a0\u00fcber ein professionelles Team und eine Produktionslinie. Dar\u00fcber hinaus spezialisieren wir uns auf die Herstellung verschiedener Autoschl\u00fcssel, Schl\u00fcsselgeh\u00e4use und Schl\u00fcsseldienstwerkzeuge. Wir k\u00fcmmern uns auch um Entwicklung, Herstellung und Gro\u00dfhandel von Auto-Sicherheits- und Schutzprodukten.<\/p>\n<p>Wettbewerbsf\u00e4hige Preise und engagierte Dienstleistungen helfen Ihnen, einen guten Markt zu erschlie\u00dfen. Au\u00dferdem bieten \u00fcber 10 junge und energische Vertriebsteams schnellen, professionellen und freundlichen Service jederzeit. Zus\u00e4tzlich werden alle unsere Produkte direkt aus dem Lager in Deutschland, Kanada und Mexiko versendet. Die Waren, die Sie gekauft haben, werden innerhalb von 48 Stunden nach Bestellung verpackt und versendet. Mehr als 100% unserer Produkte sind auf Lager, und der Bestand ist ausreichend.<\/p>","protected":false},"excerpt":{"rendered":"<ul>\n<li>SKU: CA-MZ207<\/li>\n<li>FCC ID: KPU41788<\/li>\n<li>PN: GP7A-67-5RYB<\/li>\n<li>IC: 4238A-41525<\/li>\n<li>Frequenz: 315MHz<\/li>\n<li>Chip: 63 80bit<\/li>\n<li>Tasten: Verriegeln, Entriegeln, Alarm<\/li>\n<\/ul>","protected":false},"featured_media":21075,"comment_status":"open","ping_status":"closed","template":"","meta":{"_bst_post_transparent":"default","_bst_post_title":"","_bst_post_layout":"default","_bst_post_sidebar_id":"","_bst_post_content_style":"default","_bst_post_vertical_padding":"default","_bst_post_feature":"","_bst_post_feature_position":"","_bst_post_header":false,"_bst_post_footer":false},"product_brand":[],"product_cat":[15,159],"product_tag":[],"2_year_make_model":[],"class_list":{"0":"post-14246","1":"product","2":"type-product","3":"status-publish","4":"has-post-thumbnail","6":"product_cat-carkeyremote","7":"product_cat-for-mazda","9":"first","10":"instock","11":"sale","12":"shipping-taxable","13":"purchasable","14":"product-type-simple","15":"entry","16":"content-bg","17":"loop-entry"},"_links":{"self":[{"href":"https:\/\/keylessbest.com\/de\/wp-json\/wp\/v2\/product\/14246","targetHints":{"allow":["GET"]}}],"collection":[{"href":"https:\/\/keylessbest.com\/de\/wp-json\/wp\/v2\/product"}],"about":[{"href":"https:\/\/keylessbest.com\/de\/wp-json\/wp\/v2\/types\/product"}],"replies":[{"embeddable":true,"href":"https:\/\/keylessbest.com\/de\/wp-json\/wp\/v2\/comments?post=14246"}],"version-history":[{"count":3,"href":"https:\/\/keylessbest.com\/de\/wp-json\/wp\/v2\/product\/14246\/revisions"}],"predecessor-version":[{"id":19981,"href":"https:\/\/keylessbest.com\/de\/wp-json\/wp\/v2\/product\/14246\/revisions\/19981"}],"wp:featuredmedia":[{"embeddable":true,"href":"https:\/\/keylessbest.com\/de\/wp-json\/wp\/v2\/media\/21075"}],"wp:attachment":[{"href":"https:\/\/keylessbest.com\/de\/wp-json\/wp\/v2\/media?parent=14246"}],"wp:term":[{"taxonomy":"product_brand","embeddable":true,"href":"https:\/\/keylessbest.com\/de\/wp-json\/wp\/v2\/product_brand?post=14246"},{"taxonomy":"product_cat","embeddable":true,"href":"https:\/\/keylessbest.com\/de\/wp-json\/wp\/v2\/product_cat?post=14246"},{"taxonomy":"product_tag","embeddable":true,"href":"https:\/\/keylessbest.com\/de\/wp-json\/wp\/v2\/product_tag?post=14246"},{"taxonomy":"2_year_make_model","embeddable":true,"href":"https:\/\/keylessbest.com\/de\/wp-json\/wp\/v2\/2_year_make_model?post=14246"}],"curies":[{"name":"wp","href":"https:\/\/api.w.org\/{rel}","templated":true}]}}