{"id":14379,"date":"2025-08-19T08:45:29","date_gmt":"2025-08-19T08:45:29","guid":{"rendered":"https:\/\/hanwuji.shengjit.com\/?post_type=product&#038;p=14379"},"modified":"2026-02-12T01:11:49","modified_gmt":"2026-02-12T01:11:49","slug":"2003-2019-nissan-schlusselanhanger-h0561-c993a-315mhz-fur-keylessbest","status":"publish","type":"product","link":"https:\/\/keylessbest.com\/de\/product\/2003-2019-nissan-schlusselanhanger-h0561-c993a-315mhz-fur-keylessbest\/","title":{"rendered":"2003-2019 Nissan Schl\u00fcsselanh\u00e4nger H0561-C993A 315MHz f\u00fcr Keylessbest"},"content":{"rendered":"<p>*Die detaillierten Informationen zu diesem schl\u00fcssellosen Fernbedienungsschl\u00fcssel f\u00fcr Nissan, Chevrolet, Infiniti von 2003 bis 2019 sind wie folgt. Bitte best\u00e4tigen Sie, dass die folgenden Details mit Ihrem Fahrzeug \u00fcbereinstimmen, bevor Sie bestellen: FCC ID, Teilenummer, Jahr Modell, IC, Frequenz, Chip und Tasten.<\/p>\n<h6><strong><b>Produktinformationen:<\/b><\/strong><\/h6>\n<ul>\n<li>FCC ID: CWTWB1U751, CWTWB1U816<\/li>\n<li>PN: H0561-C993A, 28268-ZT03A, 28268-EA000, 28268-EA00A, 28268-5W501, 28268-ZB700<\/li>\n<li>IC: 1788D-WB1U751<\/li>\n<li>Frequenz: 315MHz<\/li>\n<li>Chip: ID46<\/li>\n<li>Tasten: Verriegeln, Entriegeln, Alarm<\/li>\n<\/ul>\n<h6><strong><b>Das Referenzmodell:<\/b><\/strong><\/h6>\n<ul>\n<li>Nissan 350Z von 2003 \u2013 2009<\/li>\n<li>Nissan Sentra FE, S, SR, SV von 2007 \u2013 2019<\/li>\n<li>Nissan Altima von 2005 \u2013 2006<\/li>\n<li>Nissan Armada von 2004 \u2013 2016<\/li>\n<li>Nissan Cube von 2009 \u2013 2014<\/li>\n<li>Nissan Juke von 2011 \u2013 2018<\/li>\n<li>Nissan Maxima von 2004 \u2013 2006<\/li>\n<li>Nissan Micra (Kanada) von 2017<\/li>\n<li>Nissan NV von 2012 \u2013 2017<\/li>\n<li>Nissan Rogue von 2008 \u2013 2015 *<\/li>\n<li>Nissan Versa von 2007 \u2013 2018<\/li>\n<li>Nissan Versa Note von 2014 \u2013 2018<\/li>\n<li>Nissan Pathfinder von 2009 \u2013 2013<\/li>\n<li>Nissan Murano von 2003 \u2013 2008<\/li>\n<li>Nissan Quest von 2004 \u2013 2014<\/li>\n<li>Nissan Frontier von 2005 \u2013 2017<\/li>\n<li>Nissan Titan von 2004 \u2013 2016<\/li>\n<li>Nissan Xterra von 2005 \u2013 2015<\/li>\n<li>Chevrolet City Express von 2014 \u2013 2018<\/li>\n<li>2003 \u2013 2009 Infiniti FX35<\/li>\n<li>2003 \u2013 2008 Infiniti FX45<\/li>\n<li>2003 \u2013 2006 Infiniti G35 (4-T\u00fcrer)<\/li>\n<li>2004 \u2013 2007 Infiniti QX56<br \/>\nAuch kompatibel mit FCC ID: KBRASTU15, CWTWB1U415, CWTWB1U733, CWTWB1U821, 28268-ZT03A, 28268-EA000, 28268-EA00A*Hinweis: 2014-2015 Rogues \u2013 m\u00fcssen mit FCC ID \u00fcbereinstimmen, es gibt 2 m\u00f6gliche Fernbedienungsschl\u00fcssel<\/li>\n<\/ul>\n<h6><strong><b>Lieferumfang:<\/b><\/strong><\/h6>\n<ul>\n<li>Ein neuer schl\u00fcsselloser Fernbedienungsschl\u00fcssel f\u00fcr den Aftermarket<\/li>\n<li>Einen kostenlosen Ersatz-Notfall-Einf\u00fcgeschl\u00fcssel f\u00fcr den Aftermarket<\/li>\n<li>Alle Sender werden mit einer Batterie geliefert<\/li>\n<li>Alle Einheiten werden vor dem Versand getestet<\/li>\n<li>2-Jahres 100% Zufriedenheitsgarantie und Garantie<\/li>\n<\/ul>\n<h6><strong><b>Hinweis:<\/b><\/strong><\/h6>\n<ul>\n<li>Der Ersatz f\u00fcr den Nissan Chevrolet Infiniti Smart-Schl\u00fcssel ohne Logo, mit ungeschnittenem Notfall-Einsatzschl\u00fcssel, f\u00fcr die Jahre 2003-2019.<\/li>\n<li>Wir schneiden oder programmieren den Fernschl\u00fcssel nicht. F\u00fcr die Preisgestaltung wenden Sie sich bitte an den \u00f6rtlichen Schl\u00fcsseldienst oder H\u00e4ndler.<\/li>\n<li>Dieses Transmitter ist kompatibel mit Fahrzeugen mit einem Start\/Stopp-Knopf am Armaturenbrett oder Drehknauf-Z\u00fcndung, sowie einem Proxy-Schl\u00fcsselsystem.<\/li>\n<li>Der Preis gilt f\u00fcr eine komplette Ersatz-Schl\u00fcsselloseingangsfernbedienung, Notfallschl\u00fcssel inklusive.<\/li>\n<li>Daher empfehlen wir dringend, dass Sie Ihren\u00a0SCHL\u00dcSSELANLAGE\u00a0von einem professionellen Schl\u00fcsseldienst oder H\u00e4ndler programmieren lassen.<\/li>\n<\/ul>\n<h6><strong>Programmierressourcen:<\/strong><\/h6>\n<p><a href=\"http:\/\/programyourfob.com\/?list_15\/\" target=\"_blank\" rel=\"noopener\">http:\/\/programyourfob.com\/?list_15\/<\/a><\/p>\n<p><a href=\"http:\/\/programyourfob.com\/?list_26\/\" target=\"_blank\" rel=\"noopener\">http:\/\/programyourfob.com\/?list_26\/<\/a><\/p>\n<p><a href=\"http:\/\/programyourfob.com\/?list_6\/\" target=\"_blank\" rel=\"noopener\">http:\/\/programyourfob.com\/?list_6\/<\/a><\/p>\n<p>Vielen Dank, dass Sie uns gew\u00e4hlt haben.<\/p>\n<p>Wir sind einer der professionellsten Hersteller von Autoschl\u00fcsseln, schl\u00fcssellosen Systemen, Auto-Remote-Schl\u00fcsseln, Transponderchips, Schl\u00fcsselprogrammierern, Auto-Schl\u00fcsselgeh\u00e4usen, Autoschl\u00f6ssern, Schl\u00fcsseldienstwerkzeugen und so weiter. Au\u00dferdem verf\u00fcgt unser Unternehmen\u00a0\u00a0\u00fcber ein professionelles Team und eine Produktionslinie. Dar\u00fcber hinaus spezialisieren wir uns auf die Herstellung verschiedener Autoschl\u00fcssel, Schl\u00fcsselgeh\u00e4use und Schl\u00fcsseldienstwerkzeuge. Wir k\u00fcmmern uns auch um Entwicklung, Herstellung und Gro\u00dfhandel von Auto-Sicherheits- und Schutzprodukten.<\/p>\n<p>Wettbewerbsf\u00e4hige Preise und engagierte Dienstleistungen helfen Ihnen, einen guten Markt zu erschlie\u00dfen. Au\u00dferdem bieten \u00fcber 10 junge und energische Vertriebsteams schnellen, professionellen und freundlichen Service jederzeit. Zus\u00e4tzlich werden alle unsere Produkte direkt aus dem Lager in Deutschland, Kanada und Mexiko versendet. Die Waren, die Sie gekauft haben, werden innerhalb von 48 Stunden nach Bestellung verpackt und versendet. Mehr als 100% unserer Produkte sind auf Lager, und der Bestand ist ausreichend.<\/p>","protected":false},"excerpt":{"rendered":"<ul>\n<li>SKU: CA-NS082<\/li>\n<li>FCC ID: CWTWB1U751, CWTWB1U816<\/li>\n<li>PN: H0561-C993A, 28268-ZT03A, 28268-EA000, 28268-EA00A, 28268-5W501, 28268-ZB700<\/li>\n<li>IC: 1788D-WB1U751<\/li>\n<li>Frequenz: 315MHz<\/li>\n<li>Chip: ID46<\/li>\n<li>Tasten: Verriegeln, Entriegeln, Alarm<\/li>\n<\/ul>","protected":false},"featured_media":20948,"comment_status":"open","ping_status":"closed","template":"","meta":{"_bst_post_transparent":"default","_bst_post_title":"","_bst_post_layout":"default","_bst_post_sidebar_id":"","_bst_post_content_style":"default","_bst_post_vertical_padding":"default","_bst_post_feature":"","_bst_post_feature_position":"","_bst_post_header":false,"_bst_post_footer":false},"product_brand":[],"product_cat":[15,150,386,160],"product_tag":[],"2_year_make_model":[],"class_list":{"0":"post-14379","1":"product","2":"type-product","3":"status-publish","4":"has-post-thumbnail","6":"product_cat-carkeyremote","7":"product_cat-for-chevrolet","8":"product_cat-for-infiniti","9":"product_cat-for-nissan","11":"first","12":"instock","13":"sale","14":"shipping-taxable","15":"purchasable","16":"product-type-simple","17":"entry","18":"content-bg","19":"loop-entry"},"_links":{"self":[{"href":"https:\/\/keylessbest.com\/de\/wp-json\/wp\/v2\/product\/14379","targetHints":{"allow":["GET"]}}],"collection":[{"href":"https:\/\/keylessbest.com\/de\/wp-json\/wp\/v2\/product"}],"about":[{"href":"https:\/\/keylessbest.com\/de\/wp-json\/wp\/v2\/types\/product"}],"replies":[{"embeddable":true,"href":"https:\/\/keylessbest.com\/de\/wp-json\/wp\/v2\/comments?post=14379"}],"version-history":[{"count":2,"href":"https:\/\/keylessbest.com\/de\/wp-json\/wp\/v2\/product\/14379\/revisions"}],"predecessor-version":[{"id":20014,"href":"https:\/\/keylessbest.com\/de\/wp-json\/wp\/v2\/product\/14379\/revisions\/20014"}],"wp:featuredmedia":[{"embeddable":true,"href":"https:\/\/keylessbest.com\/de\/wp-json\/wp\/v2\/media\/20948"}],"wp:attachment":[{"href":"https:\/\/keylessbest.com\/de\/wp-json\/wp\/v2\/media?parent=14379"}],"wp:term":[{"taxonomy":"product_brand","embeddable":true,"href":"https:\/\/keylessbest.com\/de\/wp-json\/wp\/v2\/product_brand?post=14379"},{"taxonomy":"product_cat","embeddable":true,"href":"https:\/\/keylessbest.com\/de\/wp-json\/wp\/v2\/product_cat?post=14379"},{"taxonomy":"product_tag","embeddable":true,"href":"https:\/\/keylessbest.com\/de\/wp-json\/wp\/v2\/product_tag?post=14379"},{"taxonomy":"2_year_make_model","embeddable":true,"href":"https:\/\/keylessbest.com\/de\/wp-json\/wp\/v2\/2_year_make_model?post=14379"}],"curies":[{"name":"wp","href":"https:\/\/api.w.org\/{rel}","templated":true}]}}