{"id":14428,"date":"2025-08-19T08:46:13","date_gmt":"2025-08-19T08:46:13","guid":{"rendered":"https:\/\/hanwuji.shengjit.com\/?post_type=product&#038;p=14428"},"modified":"2026-02-12T01:24:11","modified_gmt":"2026-02-12T01:24:11","slug":"2007-2015-nissan-schlusselanhanger-285e3-ja05a-315mhz-fur-keylessbest","status":"publish","type":"product","link":"https:\/\/keylessbest.com\/de\/product\/2007-2015-nissan-schlusselanhanger-285e3-ja05a-315mhz-fur-keylessbest\/","title":{"rendered":"2007-2015 Nissan Schl\u00fcsselanh\u00e4nger 285E3-JA05A 315MHz f\u00fcr Keylessbest"},"content":{"rendered":"<p>*Die detaillierten Informationen zu diesem Schl\u00fcssel-Entfernungsknopf f\u00fcr Nissan Infiniti ohne Schl\u00fcssel von 2016-2018 sind wie folgt. Bitte best\u00e4tigen Sie, dass die folgenden Details mit Ihrem Fahrzeug \u00fcbereinstimmen, bevor Sie bestellen: FCC ID, Teilenummer, Baujahr, IC, Frequenz, Chip und Tasten.<\/p>\n<h6><strong><b>Produktinformationen:<\/b><\/strong><\/h6>\n<ul>\n<li>FCC ID: KR55WK48903, KR55WK49622<\/li>\n<li>PN: 285E3-JA05A, 285E3-JA02A, 285E3-JA000, 285E3-JK62A<\/li>\n<li>IC: 267T-5WK48903<\/li>\n<li>Frequenz: 315MHz<\/li>\n<li>Tasten: Verriegeln, Entriegeln, Kofferraum, Panik<\/li>\n<\/ul>\n<h6><strong><b>Das Referenzmodell:<\/b><\/strong><\/h6>\n<ul>\n<li><a href=\"https:\/\/keylessbest.com\/de\/product\/2009-2014-toyota-avalon-camry-corolla-3-tasten-schlusselloser-zugang-fernbedienung-hyq14aem-pn-89904-0r060-89904-60770-89904-0r090-89904-42140__trashed\/\" data-wpil-monitor-id=\"1708\">2009 &#8211; 2014<\/a> Maxima<\/li>\n<li>2007 \u2013 2012 Altima<\/li>\n<li>2013 &#8211; 2013 <a href=\"https:\/\/keylessbest.com\/de\/product\/2013-2015-nissan-altima-maxima-5-tasten-schlusselloser-zugang-fernbedienung-kr5s180144014-pn-285e3-3tp5a-285e3-9hp5b-285e3-3tp05-47\/\" data-wpil-monitor-id=\"1714\">Nissan Altima<\/a> (Nur Coup\u00e9)<\/li>\n<li>2007 \u2013 2012 Nissan Versa (nur Limousine) (nur Fahrzeuge mit Tastenschalter)<\/li>\n<li>2008 \u2013 2012 Infiniti EX35<\/li>\n<li>2007 \u2013 2007 Infiniti G35 (nur Limousine)<\/li>\n<li>2008 \u2013 2008 Infiniti G35<\/li>\n<li>2008 \u2013 2013 Infiniti G37<\/li>\n<li>2011 \u2013 2012 Infiniti G25<\/li>\n<li>2014 \u2013 2014 Infiniti Q60<\/li>\n<li>2015 \u2013 2015 Infiniti Q40<\/li>\n<li>2009 \u2013 2014 Nissan Murano (die FCC ID: KR55WK49622 verwenden)<\/li>\n<li>2009 \u2013 2015 Nissan 370Z (die FCC ID: KR55WK49622 verwenden)<\/li>\n<li>2014 \u2013 2015 Infiniti QX70 (die FCC ID: KR55WK49622 verwenden)<\/li>\n<li>2013 \u2013 2013 Infiniti FX37 (die FCC ID: KR55WK49622 verwenden)<br \/>\nHinweis: Der Infiniti G35 von 2007 verwendet unterschiedliche Schl\u00fcssel f\u00fcr Limousinen- und Coup\u00e9-Modelle: 2007 Infiniti G35 Coup\u00e9 \u2013 FCC ID KBRTN001<br \/>\n2007 Infiniti G35 Limousine \u2013 FCC ID KR55WK48903<\/li>\n<\/ul>\n<h6><strong><b>Lieferumfang:<\/b><\/strong><\/h6>\n<ul>\n<li>Ein neuer Aftermarket <a href=\"https:\/\/keylessbest.com\/de\/product\/2011-2017-ford-fiesta-3-tasten-keyless-entry-fernbedienung-kr55wk47899-pn164-r8042-fernbedienung-164-r8043-klinge-164-r8042-164-r8039-5913139-5914117-4d63-80bit__trashed\/\" data-wpil-monitor-id=\"1712\">schl\u00fcsselloser Fernbedienungsschl\u00fcssel<\/a><\/li>\n<li>Einen kostenlosen Ersatz-Notfall-Einf\u00fcgeschl\u00fcssel f\u00fcr den Aftermarket<\/li>\n<li>Alle Sender werden mit einer Batterie geliefert<\/li>\n<li>Alle Einheiten werden vor dem Versand getestet<\/li>\n<li>2-Jahres 100% Zufriedenheitsgarantie und Garantie<\/li>\n<\/ul>\n<h6><strong><b>Hinweis:<\/b><\/strong><\/h6>\n<ul>\n<li>Der 2007-2015 Nissan Infiniti Smart <a href=\"https:\/\/keylessbest.com\/de\/product\/2015-2020-cadillac-ats-ats-v-ct6-ct6-plug-in-cts-cts-v-xts-5-tasten-schlusselverlust-fernbedienung-hyq2eb-pn-13598512-13594029s-13510243-46__trashed\/\" data-wpil-monitor-id=\"1709\">schl\u00fcsselloser Zugangsschl\u00fcsselanh\u00e4nger<\/a> Ersatz \u2013 ohne Logo, mit einem ungeschnittenen Notfallschl\u00fcssel inklusive.<\/li>\n<li>Wir schneiden oder programmieren den Fernschl\u00fcssel nicht. F\u00fcr die Preisgestaltung wenden Sie sich bitte an den \u00f6rtlichen Schl\u00fcsseldienst oder H\u00e4ndler.<\/li>\n<li>Dieses Transmitter ist kompatibel mit Fahrzeugen mit einem Start\/Stopp-Knopf am Armaturenbrett oder Drehknauf-Z\u00fcndung, sowie einem Proxy-Schl\u00fcsselsystem.<\/li>\n<li>Der Preis gilt f\u00fcr einen kompletten <a href=\"https:\/\/keylessbest.com\/de\/product\/2015-2021-jeep-renegade-5-tasten-schlusselloser-zugang-fernbedienung-m3n-40821302-ersetzt-pn-6mp33dx9aa-id-47-4a__trashed\/\" data-wpil-monitor-id=\"1710\">schl\u00fcssellosen Entry-Remote-Ersatz<\/a>, inklusive Notfallschl\u00fcssel.<\/li>\n<li>Daher empfehlen wir dringend, dass Sie Ihre <a href=\"https:\/\/keylessbest.com\/de\/wie-man-den-schlusselanhanger-schnell-einfach-diy-schritte-fur-jedes-auto-programmiert\/\" data-wpil-monitor-id=\"1711\">KEY FOB programmieren lassen<\/a> von einem professionellen Schlosser oder H\u00e4ndler.<\/li>\n<\/ul>\n<h6><strong>Programmierressourcen:<\/strong><\/h6>\n<p><a href=\"http:\/\/programyourfob.com\/?list_15\/\" target=\"_blank\" rel=\"noopener\">http:\/\/programyourfob.com\/?list_15\/<\/a><\/p>\n<p><a href=\"http:\/\/programyourfob.com\/?list_26\/\" target=\"_blank\" rel=\"noopener\">http:\/\/programyourfob.com\/?list_26\/<\/a><\/p>\n<p>Vielen Dank, dass Sie uns gew\u00e4hlt haben.<\/p>\n<p>Wir sind einer der professionellsten Hersteller von Autoschl\u00fcsseln, schl\u00fcssellosen Zugangssystemen, <a href=\"https:\/\/keylessbest.com\/de\/product\/2007-2009-mazda-3-4-tur-3-5-tur-mazdaspeed-3-3-3-tasten-schlusselverlust-entriegelung-fernbedienung-kpu41794-pn-ban66-75ry-ban6675ry\/\" data-wpil-monitor-id=\"1707\">Autoschl\u00fcssel-Fernbedienung<\/a>, Transponderschips, Schl\u00fcsselprogrammierer, Geh\u00e4use f\u00fcr Autoschl\u00fcssel, Autoschl\u00f6sser, Schlosserwerkzeuge und so weiter. Dar\u00fcber hinaus verf\u00fcgt unser Unternehmen \u00fcber ein professionelles Team und eine Produktionslinie. Au\u00dferdem spezialisieren wir uns auf die Herstellung verschiedener <a href=\"https:\/\/keylessbest.com\/de\/schlusselanhangerbatterie\/\" data-wpil-monitor-id=\"1713\">Autoschl\u00fcssel<\/a>Schl\u00fcssel, Geh\u00e4use f\u00fcr Autoschl\u00fcssel und Schl\u00fcsseldienstwerkzeuge. Wir \u00fcbernehmen auch Entwicklung, Herstellung und Gro\u00dfhandel von Auto-Sicherheits- und Schutzprodukten.<\/p>\n<p>Wettbewerbsf\u00e4hige Preise und engagierte Dienstleistungen helfen Ihnen, einen guten Markt zu erschlie\u00dfen. Au\u00dferdem bieten \u00fcber 10 junge und energische Vertriebsteams schnellen, professionellen und freundlichen Service jederzeit. Zus\u00e4tzlich werden alle unsere Produkte direkt aus dem Lager in Deutschland, Kanada und Mexiko versendet. Die Waren, die Sie gekauft haben, werden innerhalb von 48 Stunden nach Bestellung verpackt und versendet. Mehr als 100% unserer Produkte sind auf Lager, und der Bestand ist ausreichend.<\/p>","protected":false},"excerpt":{"rendered":"<ul>\n<li>SKU: CA-NS084<\/li>\n<li>FCC ID: KR55WK48903, KR55WK49622<\/li>\n<li>PN: 285E3-JA05A, 285E3-JA02A, 285E3-JA000, 285E3-JK62A<\/li>\n<li>IC: 267T-5WK48903<\/li>\n<li>Frequenz: 315MHz<\/li>\n<li>Tasten: Verriegeln, Entriegeln, Kofferraum, Panik<\/li>\n<\/ul>","protected":false},"featured_media":20952,"comment_status":"open","ping_status":"closed","template":"","meta":{"_bst_post_transparent":"default","_bst_post_title":"","_bst_post_layout":"default","_bst_post_sidebar_id":"","_bst_post_content_style":"default","_bst_post_vertical_padding":"default","_bst_post_feature":"","_bst_post_feature_position":"","_bst_post_header":false,"_bst_post_footer":false},"product_brand":[],"product_cat":[15,386,160],"product_tag":[],"2_year_make_model":[],"class_list":{"0":"post-14428","1":"product","2":"type-product","3":"status-publish","4":"has-post-thumbnail","6":"product_cat-carkeyremote","7":"product_cat-for-infiniti","8":"product_cat-for-nissan","10":"first","11":"instock","12":"sale","13":"shipping-taxable","14":"purchasable","15":"product-type-simple","16":"entry","17":"content-bg","18":"loop-entry"},"_links":{"self":[{"href":"https:\/\/keylessbest.com\/de\/wp-json\/wp\/v2\/product\/14428","targetHints":{"allow":["GET"]}}],"collection":[{"href":"https:\/\/keylessbest.com\/de\/wp-json\/wp\/v2\/product"}],"about":[{"href":"https:\/\/keylessbest.com\/de\/wp-json\/wp\/v2\/types\/product"}],"replies":[{"embeddable":true,"href":"https:\/\/keylessbest.com\/de\/wp-json\/wp\/v2\/comments?post=14428"}],"version-history":[{"count":3,"href":"https:\/\/keylessbest.com\/de\/wp-json\/wp\/v2\/product\/14428\/revisions"}],"predecessor-version":[{"id":20951,"href":"https:\/\/keylessbest.com\/de\/wp-json\/wp\/v2\/product\/14428\/revisions\/20951"}],"wp:featuredmedia":[{"embeddable":true,"href":"https:\/\/keylessbest.com\/de\/wp-json\/wp\/v2\/media\/20952"}],"wp:attachment":[{"href":"https:\/\/keylessbest.com\/de\/wp-json\/wp\/v2\/media?parent=14428"}],"wp:term":[{"taxonomy":"product_brand","embeddable":true,"href":"https:\/\/keylessbest.com\/de\/wp-json\/wp\/v2\/product_brand?post=14428"},{"taxonomy":"product_cat","embeddable":true,"href":"https:\/\/keylessbest.com\/de\/wp-json\/wp\/v2\/product_cat?post=14428"},{"taxonomy":"product_tag","embeddable":true,"href":"https:\/\/keylessbest.com\/de\/wp-json\/wp\/v2\/product_tag?post=14428"},{"taxonomy":"2_year_make_model","embeddable":true,"href":"https:\/\/keylessbest.com\/de\/wp-json\/wp\/v2\/2_year_make_model?post=14428"}],"curies":[{"name":"wp","href":"https:\/\/api.w.org\/{rel}","templated":true}]}}