{"id":14562,"date":"2025-08-19T08:48:18","date_gmt":"2025-08-19T08:48:18","guid":{"rendered":"https:\/\/hanwuji.shengjit.com\/?post_type=product&#038;p=14562"},"modified":"2026-02-12T08:59:37","modified_gmt":"2026-02-12T08:59:37","slug":"2007-2013-nissan-schlusselanhanger-285e3-em30d-315mhz-fur-keylessbest","status":"publish","type":"product","link":"https:\/\/keylessbest.com\/de\/product\/2007-2013-nissan-schlusselanhanger-285e3-em30d-315mhz-fur-keylessbest\/","title":{"rendered":"2007-2013 Nissan Schl\u00fcsselanh\u00e4nger 285E3-EM30D 315MHz f\u00fcr Keylessbest"},"content":{"rendered":"<p>*Die detaillierten Informationen zu diesem Nissan-Schl\u00fcssel ohne Schl\u00fcsselanh\u00e4nger f\u00fcr die Jahre 2007-2013 sind wie folgt. Bitte best\u00e4tigen Sie, dass die folgenden Details mit Ihrem Fahrzeug \u00fcbereinstimmen, bevor Sie bestellen: FCC ID, Teilenummer, Jahr Modell, IC, Frequenz, Chip und Tasten.<\/p>\n<h6><strong><b>Produktinformationen: <\/b><\/strong><\/h6>\n<ul>\n<li>FCC ID: CWTWBU729 CWTWBU735 CWTWBU624<\/li>\n<li>PN: 285E3-EM30D, 285E3-EM31D<\/li>\n<li>IC: 1788D-FWB1U729<\/li>\n<li>Frequenz: 315MHz<\/li>\n<li>Testschl\u00fcssel: DA34<\/li>\n<li>Tasten: Verriegeln, Entriegeln, Panik<\/li>\n<\/ul>\n<h6><strong><b>Das Referenzmodell:<\/b><\/strong><\/h6>\n<ul>\n<li>2008 \u2013 2013 Nissan Rogue<\/li>\n<li>2007 \u2013 2012 Nissan Versa<\/li>\n<li>Nissan Pathfinder 2010 \u2013 2012 mit Smart-System<br \/>\n***Austauschbar mit FCC CWTWBU735 und CWTWBU624***<\/li>\n<\/ul>\n<p>BITTE BEACHTEN: Wir haben geh\u00f6rt, dass 2014 -2018 <a href=\"https:\/\/keylessbest.com\/de\/product\/2019-2020-nissan-rogue-rogue-hybrid-5-tasten-schlusselloser-zugang-fernbedienung-kr5txn4-pn-285e3-6rr7a__trashed\/\" data-wpil-monitor-id=\"1393\">Nissan Rogue<\/a> Probleme mit dem BCM (Body Control Module) haben, das f\u00fcr die Programmierung des Schl\u00fcssels verwendet wird. Einige dieser BCM sind defekt, und einige wurden zur\u00fcckgerufen. Bitte recherchieren Sie das Problem bez\u00fcglich dieser Fahrzeugjahre. Das BCM kann deaktiviert werden. \u00dcberpr\u00fcfen Sie die Service-R\u00fcckrufe Ihrer Kunden hinsichtlich des Austauschs des BCM. Mit Vorsicht verwenden und vor dem Programmieren die Fahrzeughistorie pr\u00fcfen.<\/p>\n<h6><strong><b>Lieferumfang:<\/b><\/strong><\/h6>\n<ul>\n<li>Ein neuer Aftermarket <a href=\"https:\/\/keylessbest.com\/de\/product\/2011-2017-ford-fiesta-3-tasten-keyless-entry-fernbedienung-kr55wk47899-pn164-r8042-fernbedienung-164-r8043-klinge-164-r8042-164-r8039-5913139-5914117-4d63-80bit__trashed\/\" data-wpil-monitor-id=\"1392\">schl\u00fcsselloser Fernbedienungsschl\u00fcssel<\/a><\/li>\n<li>Einen kostenlosen Ersatz-Notfall-Einf\u00fcgeschl\u00fcssel f\u00fcr den Aftermarket<\/li>\n<li>Alle Sender werden mit einer Batterie geliefert<\/li>\n<li>Alle Einheiten werden vor dem Versand getestet<\/li>\n<li>2-Jahres 100% Zufriedenheitsgarantie und Garantie<\/li>\n<\/ul>\n<h6><strong><b>Hinweis:<\/b><\/strong><\/h6>\n<ul>\n<li>Der\u00a0 2007-2013 Nissan Smart <a href=\"https:\/\/keylessbest.com\/de\/product\/2009-2014-toyota-avalon-camry-corolla-3-tasten-schlusselloser-zugang-fernbedienung-hyq14aem-pn-89904-0r060-89904-60770-89904-0r090-89904-42140__trashed\/\" data-wpil-monitor-id=\"1389\">schl\u00fcsselloser Zugangsschl\u00fcsselanh\u00e4nger<\/a> Ersatz \u2013 \u00a0\u00a0ohne \u00a0Logo, mit \u00a0unverarbeiteter Notfall-Insert-Schl\u00fcssel inklusive.<\/li>\n<li>Wir schneiden oder programmieren den <a href=\"https:\/\/keylessbest.com\/de\/keylessbestcarkeyfobshop\/\" data-wpil-monitor-id=\"1394\">Fernschl\u00fcssel<\/a>.Zus\u00e4tzlich kontaktieren Sie bitte den \u00f6rtlichen Schl\u00fcsseldienst oder H\u00e4ndler f\u00fcr Preise.<\/li>\n<li>Dieser Sender ist kompatibel mit Fahrzeugen, die \u00fcber einen Dashboard-Start\/Stopp-Button oder einen Drehknauf-Z\u00fcndung verf\u00fcgen, sowie einen Proxy <a href=\"https:\/\/keylessbest.com\/de\/product\/2016-2022-chevrolet-volt-cruze-neues-modell-traverse-camaro-malibu-cruze-xl8-systeme-nur-blazer-sonic-4-tasten-schlusselloser-zugang-fernbedienung-hyq4ea-pn-1350877113584504-13529660-46\/\" data-wpil-monitor-id=\"1391\">schl\u00fcsselloses Zugangssystem<\/a> System.<\/li>\n<li>Der Preis \u00a0\u00a0ist \u00a0f\u00fcr \u00a0einen vollst\u00e4ndigen \u00a0\u00a0Ersatz \u00a0\u00a0<a href=\"https:\/\/keylessbest.com\/de\/product\/2007-2012-mitsubishi-eclipse-galant-4-tasten-schlusselloser-zugang-fernbedienung-oucg8d-620m-a-id46\/\" data-wpil-monitor-id=\"1396\">schl\u00fcsseloser \u00a0Zugang \u00a0Fernbedienung<\/a>, inklusive Notfallschl\u00fcssel.<\/li>\n<li>Daher empfehlen wir dringend, dass Sie Ihre \u00a0<a href=\"https:\/\/keylessbest.com\/de\/wie-man-den-schlusselanhanger-schnell-einfach-diy-schritte-fur-jedes-auto-programmiert\/\" data-wpil-monitor-id=\"1390\">KEY FOB programmieren lassen<\/a> von einem professionellen Schlosser oder H\u00e4ndler.<\/li>\n<\/ul>\n<h6><strong><b>Programmierressourcen\u00a0<\/b><\/strong><\/h6>\n<p><a href=\"http:\/\/programyourfob.com\/?list_26\/\" target=\"_blank\" rel=\"noopener\">http:\/\/programyourfob.com\/?list_26\/<\/a><\/p>\n<p>Vielen Dank, dass Sie sich f\u00fcr uns entschieden haben.<\/p>\n<p>Wir sind einer der professionellsten Hersteller von Autoschl\u00fcsseln, schl\u00fcssellosen Zugangssystemen, Autoschl\u00fcssel-Fernbedienungen, Transponderchips, Schl\u00fcsselprogrammierern, Autoschl\u00fcsselgeh\u00e4usen, Autoschl\u00f6ssern, Schlosserwerkzeugen und so weiter. Au\u00dferdem verf\u00fcgt unser Unternehmen \u00fcber ein professionelles Team und eine Produktionslinie. Dar\u00fcber hinaus spezialisieren wir uns auf die Herstellung verschiedener <a href=\"https:\/\/keylessbest.com\/de\/wie-viel-kostet-es-im-jahr-2025-eine-autoschlussel-fob-zu-ersetzen\/\" data-wpil-monitor-id=\"1395\">Autoschl\u00fcssel<\/a>Autoschl\u00fcsselgeh\u00e4use und Schlosserwerkzeuge. Wir \u00fcbernehmen auch Entwicklung, Herstellung und Gro\u00dfhandel von Auto-Sicherheits- und Schutzprodukten.<\/p>\n<p>Wettbewerbsf\u00e4hige Preise und engagierte Dienstleistungen helfen Ihnen, einen guten Markt zu erschlie\u00dfen. Au\u00dferdem bieten \u00fcber 10 junge und energische Vertriebsteams schnellen, professionellen und freundlichen Service jederzeit. Zus\u00e4tzlich werden alle unsere Produkte direkt aus dem Lager in Deutschland, Kanada und Mexiko versendet. Die Waren, die Sie gekauft haben, werden innerhalb von 48 Stunden nach Bestellung verpackt und versendet. Mehr als 100% unserer Produkte sind auf Lager, und der Bestand ist ausreichend.<\/p>","protected":false},"excerpt":{"rendered":"<ul>\n<li>SKU: CA-NS229<\/li>\n<li>FCC ID: CWTWBU729 CWTWBU735 CWTWBU624<\/li>\n<li>Ersetzt PN: 285E3-EM30D , 285E3-EM31D<\/li>\n<li>IC: 1788D-FWB1U729<\/li>\n<li>Frequenz: 315MHz<\/li>\n<li>Testschl\u00fcssel: DA34<\/li>\n<li>Tasten: Verriegeln, Entriegeln, Panik<\/li>\n<\/ul>","protected":false},"featured_media":21094,"comment_status":"open","ping_status":"closed","template":"","meta":{"_bst_post_transparent":"default","_bst_post_title":"","_bst_post_layout":"default","_bst_post_sidebar_id":"","_bst_post_content_style":"default","_bst_post_vertical_padding":"default","_bst_post_feature":"","_bst_post_feature_position":"","_bst_post_header":false,"_bst_post_footer":false},"product_brand":[],"product_cat":[15,160],"product_tag":[],"2_year_make_model":[],"class_list":{"0":"post-14562","1":"product","2":"type-product","3":"status-publish","4":"has-post-thumbnail","6":"product_cat-carkeyremote","7":"product_cat-for-nissan","9":"first","10":"instock","11":"sale","12":"shipping-taxable","13":"purchasable","14":"product-type-simple","15":"entry","16":"content-bg","17":"loop-entry"},"_links":{"self":[{"href":"https:\/\/keylessbest.com\/de\/wp-json\/wp\/v2\/product\/14562","targetHints":{"allow":["GET"]}}],"collection":[{"href":"https:\/\/keylessbest.com\/de\/wp-json\/wp\/v2\/product"}],"about":[{"href":"https:\/\/keylessbest.com\/de\/wp-json\/wp\/v2\/types\/product"}],"replies":[{"embeddable":true,"href":"https:\/\/keylessbest.com\/de\/wp-json\/wp\/v2\/comments?post=14562"}],"version-history":[{"count":4,"href":"https:\/\/keylessbest.com\/de\/wp-json\/wp\/v2\/product\/14562\/revisions"}],"predecessor-version":[{"id":20056,"href":"https:\/\/keylessbest.com\/de\/wp-json\/wp\/v2\/product\/14562\/revisions\/20056"}],"wp:featuredmedia":[{"embeddable":true,"href":"https:\/\/keylessbest.com\/de\/wp-json\/wp\/v2\/media\/21094"}],"wp:attachment":[{"href":"https:\/\/keylessbest.com\/de\/wp-json\/wp\/v2\/media?parent=14562"}],"wp:term":[{"taxonomy":"product_brand","embeddable":true,"href":"https:\/\/keylessbest.com\/de\/wp-json\/wp\/v2\/product_brand?post=14562"},{"taxonomy":"product_cat","embeddable":true,"href":"https:\/\/keylessbest.com\/de\/wp-json\/wp\/v2\/product_cat?post=14562"},{"taxonomy":"product_tag","embeddable":true,"href":"https:\/\/keylessbest.com\/de\/wp-json\/wp\/v2\/product_tag?post=14562"},{"taxonomy":"2_year_make_model","embeddable":true,"href":"https:\/\/keylessbest.com\/de\/wp-json\/wp\/v2\/2_year_make_model?post=14562"}],"curies":[{"name":"wp","href":"https:\/\/api.w.org\/{rel}","templated":true}]}}