{"id":14638,"date":"2025-08-19T08:49:31","date_gmt":"2025-08-19T08:49:31","guid":{"rendered":"https:\/\/hanwuji.shengjit.com\/?post_type=product&#038;p=14638"},"modified":"2026-02-12T09:05:08","modified_gmt":"2026-02-12T09:05:08","slug":"2016-2021-honda-civic-schlusselanhanger-72147-tba-a11","status":"publish","type":"product","link":"https:\/\/keylessbest.com\/de\/product\/2016-2021-honda-civic-schlusselanhanger-72147-tba-a11\/","title":{"rendered":"2016-2021 Honda Civic Schl\u00fcsselanh\u00e4nger 72147-TBA-A11"},"content":{"rendered":"<p>*Die detaillierten Informationen zu diesem schl\u00fcssellosen Fernbedienungsschl\u00fcssel f\u00fcr Honda von 2016-2020 sind wie folgt. Bitte best\u00e4tigen Sie, dass die folgenden Details mit Ihrem Fahrzeug \u00fcbereinstimmen, bevor Sie bestellen: FCC-ID, Teilenummer, Baujahr, IC, Frequenz, Chip und Tasten.<\/p>\n<h6><strong><b>Produktinformationen: <\/b><\/strong><\/h6>\n<ul>\n<li>FCC ID: KR5V2X<\/li>\n<li>PN: 72147-TBA-A11, 72147-TBA-A12<\/li>\n<li>IC: 7812D-V2X<\/li>\n<li>Frequenz: 433MHz<\/li>\n<li>Tasten Sperren, Entsperren, Panik, Kofferraum, Fernstart<\/li>\n<\/ul>\n<h6><strong><b>Das Referenzmodell:<\/b><\/strong><\/h6>\n<ul>\n<li>2016 \u2013 2020 Honda Civic Limousine EX\/Limousine Tour<\/li>\n<li>2018 \u2013 2021 Honda Civic EX Turbo CVT<\/li>\n<li>2018 \u2013 2019 Honda Civic LX HDM CVT<\/li>\n<li>2020 \u2013 2020 Honda Civic Coup\u00e9 EX, Sport, Tour<\/li>\n<li>2020 \u2013 2020 Honda Civic Limousine EX, Sport, Tour<\/li>\n<\/ul>\n<h6><strong><b>Lieferumfang:<\/b><\/strong><\/h6>\n<ul>\n<li>Ein neuer Aftermarket <a href=\"https:\/\/keylessbest.com\/de\/product\/2011-2017-ford-fiesta-3-tasten-keyless-entry-fernbedienung-kr55wk47899-pn164-r8042-fernbedienung-164-r8043-klinge-164-r8042-164-r8039-5913139-5914117-4d63-80bit__trashed\/\" data-wpil-monitor-id=\"1701\">schl\u00fcsselloser Fernbedienungsschl\u00fcssel<\/a><\/li>\n<li>kostenlos <a href=\"https:\/\/keylessbest.com\/de\/aftermarket-schlusselanhanger\/\" data-wpil-monitor-id=\"1706\">Aftermarket-Notfall-Einf\u00fcgekabelschl\u00fcssel<\/a><\/li>\n<li>Alle Sender werden mit einer Batterie geliefert<\/li>\n<li>Alle Einheiten werden vor dem Versand getestet<\/li>\n<li>2-Jahres 100% Zufriedenheitsgarantie und Garantie<\/li>\n<\/ul>\n<h6><strong><b>Hinweis:<\/b><\/strong><\/h6>\n<ul>\n<li>Die\u00a0 2016-2021 <a href=\"https:\/\/keylessbest.com\/de\/product\/1999-2004-acura-cl-tl-rl-4-tasten-schlusselloser-zugang-fernbedienung-e4eg8d-444h-a-ersetzt-pn-72147-s0k-a23-72147-s0k-a13__trashed\/\" data-wpil-monitor-id=\"1699\">Honda schl\u00fcsselloser Schl\u00fcsselersatz<\/a> \u2013 ohne Logo, mit einem ungeschnittenen Notfall-Einf\u00fcgeschl\u00fcssel inklusive.<\/li>\n<li>Wir schneiden oder programmieren den <a href=\"https:\/\/keylessbest.com\/de\/keylessbestcarkeyfobshop\/\" data-wpil-monitor-id=\"1703\">Fernschl\u00fcssel<\/a>.Zus\u00e4tzlich kontaktieren Sie bitte den \u00f6rtlichen Schl\u00fcsseldienst oder H\u00e4ndler f\u00fcr Preise.<\/li>\n<li>Dieser Sender ist kompatibel mit Fahrzeugen, die \u00fcber einen Dashboard-Start\/Stopp-Button oder einen Drehknauf-Z\u00fcndung verf\u00fcgen, sowie einen Proxy <a href=\"https:\/\/keylessbest.com\/de\/product\/2007-2017-mitsubishi-i-miv-outlander-outlander-sport-4-tasten-schlussel-entsperrfernbedienung-oucg8d-625m-a-hf-pn-6370b711-id46\/\" data-wpil-monitor-id=\"1702\">schl\u00fcsselloses Zugangssystem<\/a> System.<\/li>\n<li>Der Preis \u00a0\u00a0ist \u00a0f\u00fcr \u00a0einen vollst\u00e4ndigen \u00a0\u00a0Ersatz \u00a0\u00a0<a href=\"https:\/\/keylessbest.com\/de\/product\/2016-2022-honda-hr-v-alle-fit-ex-cvt-6mt-fit-ex-l-cvt-fit-ex-ln-cvt-4-tasten-keyless-entry-fernbedienung-kr5v1x-pn72147-t7s-a01\/\" data-wpil-monitor-id=\"1705\">schl\u00fcsseloser \u00a0Zugang \u00a0Fernbedienung<\/a>, inklusive Notfallschl\u00fcssel.<\/li>\n<li>Daher empfehlen wir dringend, dass Sie Ihre \u00a0<a href=\"https:\/\/keylessbest.com\/de\/wie-man-den-schlusselanhanger-schnell-einfach-diy-schritte-fur-jedes-auto-programmiert\/\" data-wpil-monitor-id=\"1700\">KEY FOB programmieren lassen<\/a> von einem professionellen Schlosser oder H\u00e4ndler.<\/li>\n<\/ul>\n<h6><strong><b>Programmierressourcen\u00a0<\/b><\/strong><\/h6>\n<p><a href=\"http:\/\/programyourfob.com\/?list_12\/\" target=\"_blank\" rel=\"noopener\">http:\/\/programyourfob.com\/?list_12\/<\/a><\/p>\n<p>Vielen Dank, dass Sie sich f\u00fcr uns entschieden haben.<\/p>\n<p>Wir sind einer der professionellsten Hersteller von Autoschl\u00fcsseln, schl\u00fcssellosen Zugangssystemen, Autoschl\u00fcssel-Fernbedienungen, Transponderchips, Schl\u00fcsselprogrammierern, Autoschl\u00fcsselgeh\u00e4usen, Autoschl\u00f6ssern, Schlosserwerkzeugen und so weiter. Au\u00dferdem verf\u00fcgt unser Unternehmen \u00fcber ein professionelles Team und eine Produktionslinie. Dar\u00fcber hinaus spezialisieren wir uns auf die Herstellung verschiedener <a href=\"https:\/\/keylessbest.com\/de\/wie-viel-kostet-es-im-jahr-2025-eine-autoschlussel-fob-zu-ersetzen\/\" data-wpil-monitor-id=\"1704\">Autoschl\u00fcssel<\/a>Autoschl\u00fcsselgeh\u00e4use und Schlosserwerkzeuge. Wir \u00fcbernehmen auch Entwicklung, Herstellung und Gro\u00dfhandel von Auto-Sicherheits- und Schutzprodukten.<\/p>\n<p>Wettbewerbsf\u00e4hige Preise und engagierte Dienstleistungen helfen Ihnen, einen guten Markt zu erschlie\u00dfen. Au\u00dferdem bieten \u00fcber 10 junge und energische Vertriebsteams schnellen, professionellen und freundlichen Service jederzeit. Zus\u00e4tzlich werden alle unsere Produkte direkt aus dem Lager in Deutschland, Kanada und Mexiko versendet. Die Waren, die Sie gekauft haben, werden innerhalb von 48 Stunden nach Bestellung verpackt und versendet. Mehr als 100% unserer Produkte sind auf Lager, und der Bestand ist ausreichend.<\/p>","protected":false},"excerpt":{"rendered":"<ul>\n<li>SKU: CA-HD233<\/li>\n<li>FCC ID: KR5V2X<\/li>\n<li>PN: 72147-TBA-A11, 72147-TBA-A12<\/li>\n<li>IC: 7812D-V2X<\/li>\n<li>Frequenz: 433MHz<\/li>\n<li>Tasten Sperren, Entsperren, Panik, Kofferraum, Fernstart<\/li>\n<\/ul>","protected":false},"featured_media":21098,"comment_status":"open","ping_status":"closed","template":"","meta":{"_bst_post_transparent":"default","_bst_post_title":"","_bst_post_layout":"default","_bst_post_sidebar_id":"","_bst_post_content_style":"default","_bst_post_vertical_padding":"default","_bst_post_feature":"","_bst_post_feature_position":"","_bst_post_header":false,"_bst_post_footer":false},"product_brand":[],"product_cat":[15,157],"product_tag":[],"2_year_make_model":[],"class_list":{"0":"post-14638","1":"product","2":"type-product","3":"status-publish","4":"has-post-thumbnail","6":"product_cat-carkeyremote","7":"product_cat-for-honda","9":"first","10":"instock","11":"sale","12":"shipping-taxable","13":"purchasable","14":"product-type-simple","15":"entry","16":"content-bg","17":"loop-entry"},"_links":{"self":[{"href":"https:\/\/keylessbest.com\/de\/wp-json\/wp\/v2\/product\/14638","targetHints":{"allow":["GET"]}}],"collection":[{"href":"https:\/\/keylessbest.com\/de\/wp-json\/wp\/v2\/product"}],"about":[{"href":"https:\/\/keylessbest.com\/de\/wp-json\/wp\/v2\/types\/product"}],"replies":[{"embeddable":true,"href":"https:\/\/keylessbest.com\/de\/wp-json\/wp\/v2\/comments?post=14638"}],"version-history":[{"count":4,"href":"https:\/\/keylessbest.com\/de\/wp-json\/wp\/v2\/product\/14638\/revisions"}],"predecessor-version":[{"id":21097,"href":"https:\/\/keylessbest.com\/de\/wp-json\/wp\/v2\/product\/14638\/revisions\/21097"}],"wp:featuredmedia":[{"embeddable":true,"href":"https:\/\/keylessbest.com\/de\/wp-json\/wp\/v2\/media\/21098"}],"wp:attachment":[{"href":"https:\/\/keylessbest.com\/de\/wp-json\/wp\/v2\/media?parent=14638"}],"wp:term":[{"taxonomy":"product_brand","embeddable":true,"href":"https:\/\/keylessbest.com\/de\/wp-json\/wp\/v2\/product_brand?post=14638"},{"taxonomy":"product_cat","embeddable":true,"href":"https:\/\/keylessbest.com\/de\/wp-json\/wp\/v2\/product_cat?post=14638"},{"taxonomy":"product_tag","embeddable":true,"href":"https:\/\/keylessbest.com\/de\/wp-json\/wp\/v2\/product_tag?post=14638"},{"taxonomy":"2_year_make_model","embeddable":true,"href":"https:\/\/keylessbest.com\/de\/wp-json\/wp\/v2\/2_year_make_model?post=14638"}],"curies":[{"name":"wp","href":"https:\/\/api.w.org\/{rel}","templated":true}]}}