{"id":14744,"date":"2025-08-19T08:51:05","date_gmt":"2025-08-19T08:51:05","guid":{"rendered":"https:\/\/hanwuji.shengjit.com\/?post_type=product&#038;p=14744"},"modified":"2026-02-27T05:15:12","modified_gmt":"2026-02-27T05:15:12","slug":"2007-2015-jaguar-schlusselanhanger-kr55wk49244-315mhz-fur-keylessbest","status":"publish","type":"product","link":"https:\/\/keylessbest.com\/de\/product\/2007-2015-jaguar-schlusselanhanger-kr55wk49244-315mhz-fur-keylessbest\/","title":{"rendered":"2007-2015 Jaguar Schl\u00fcsselanh\u00e4nger KR55WK49244 315MHz f\u00fcr Keylessbest"},"content":{"rendered":"<p>*Die detaillierten Informationen zu diesem Jaguar-Schl\u00fcsselanh\u00e4nger ohne Schl\u00fcssel aus den Jahren 2007-2015 sind wie folgt. Bitte best\u00e4tigen Sie, dass die folgenden Details mit Ihrem Fahrzeug \u00fcbereinstimmen, bevor Sie bestellen: FCC-ID, Teilenummer, Baujahr, IC, Frequenz, Chip und Tasten.<\/p>\n<h6><strong><b>Produktinformationen: <\/b><\/strong><\/h6>\n<ul>\n<li>FCC ID: KR55WK49244<\/li>\n<li>PN: 6W83 15K601 EB, 267T-5WK49244<\/li>\n<li>IC: 267T-5WK49244<\/li>\n<li>Frequenz: 315MHz<\/li>\n<li>Tasten: Sperren, Entsperren, Panik, Kofferraum, Scheinwerfer<\/li>\n<\/ul>\n<h6><strong><b>Das Referenzmodell:<\/b><\/strong><\/h6>\n<ul>\n<li>Jaguar XF 2009-2013<\/li>\n<li>Jaguar XFR 2010-2011<\/li>\n<li>Jaguar XK 2007-2015<\/li>\n<li>Jaguar XKR 2007-2014<\/li>\n<li>Jaguar XJ8 2010 \u2013 2010<\/li>\n<li>Jaguar XK8 2007-2010<\/li>\n<\/ul>\n<h6><strong><b>Lieferumfang:<\/b><\/strong><\/h6>\n<ul>\n<li>Ein neuer Aftermarket <a href=\"https:\/\/keylessbest.com\/de\/product\/2011-2017-ford-fiesta-3-tasten-keyless-entry-fernbedienung-kr55wk47899-pn164-r8042-fernbedienung-164-r8043-klinge-164-r8042-164-r8039-5913139-5914117-4d63-80bit__trashed\/\" data-wpil-monitor-id=\"1376\">schl\u00fcsselloser Fernbedienungsschl\u00fcssel<\/a><\/li>\n<li>Einen kostenlosen Ersatz-Notfall-Einf\u00fcgeschl\u00fcssel f\u00fcr den Aftermarket<\/li>\n<li>Alle Sender werden mit einer Batterie geliefert<\/li>\n<li>Alle Einheiten werden vor dem Versand getestet<\/li>\n<li>2-Jahres 100% Zufriedenheitsgarantie und Garantie<\/li>\n<\/ul>\n<h6><strong><b>Hinweis:<\/b><\/strong><\/h6>\n<ul>\n<li>Der\u00a0 2007-2015 Jaguar Smart <a href=\"https:\/\/keylessbest.com\/de\/product\/2015-2020-cadillac-ats-ats-v-ct6-ct6-plug-in-cts-cts-v-xts-5-tasten-schlusselverlust-fernbedienung-hyq2eb-pn-13598512-13594029s-13510243-46__trashed\/\" data-wpil-monitor-id=\"1374\">schl\u00fcsselloser Zugangsschl\u00fcsselanh\u00e4nger<\/a> Ersatz \u2013 \u00a0\u00a0ohne \u00a0Logo, mit \u00a0unverarbeiteter Notfall-Insert-Schl\u00fcssel inklusive.<\/li>\n<li>Wir schneiden oder programmieren den <a href=\"https:\/\/keylessbest.com\/de\/keylessbestcarkeyfobshop\/\" data-wpil-monitor-id=\"1378\">Fernschl\u00fcssel<\/a>.Zus\u00e4tzlich kontaktieren Sie bitte den \u00f6rtlichen Schl\u00fcsseldienst oder H\u00e4ndler f\u00fcr Preise.<\/li>\n<li>Dieser Sender ist kompatibel mit Fahrzeugen, die \u00fcber einen Dashboard-Start\/Stopp-Knopf oder eine Drehknauf-Z\u00fcndung verf\u00fcgen, sowie \u00fcber eine Proxy <a href=\"https:\/\/keylessbest.com\/de\/product\/2016-2022-chevrolet-volt-cruze-neues-modell-traverse-camaro-malibu-cruze-xl8-systeme-nur-blazer-sonic-4-tasten-schlusselloser-zugang-fernbedienung-hyq4ea-pn-1350877113584504-13529660-46\/\" data-wpil-monitor-id=\"1377\">schl\u00fcsselloses Zugangssystem<\/a> System.<\/li>\n<li>Der Preis \u00a0\u00a0ist \u00a0f\u00fcr \u00a0einen vollst\u00e4ndigen \u00a0\u00a0Ersatz \u00a0\u00a0<a href=\"https:\/\/keylessbest.com\/de\/product\/2007-2012-mitsubishi-eclipse-galant-4-tasten-schlusselloser-zugang-fernbedienung-oucg8d-620m-a-id46\/\" data-wpil-monitor-id=\"1380\">schl\u00fcsseloser \u00a0Zugang \u00a0Fernbedienung<\/a>, inklusive Notfallschl\u00fcssel.<\/li>\n<li>Daher empfehlen wir dringend, dass Sie Ihre \u00a0<a href=\"https:\/\/keylessbest.com\/de\/wie-man-den-schlusselanhanger-schnell-einfach-diy-schritte-fur-jedes-auto-programmiert\/\" data-wpil-monitor-id=\"1375\">KEY FOB programmieren lassen<\/a> von einem professionellen Schlosser oder H\u00e4ndler.<\/li>\n<\/ul>\n<h6><strong><b>Programmierressourcen<\/b><\/strong><\/h6>\n<p><a href=\"http:\/\/programyourfob.com\/?list_17\/\" target=\"_blank\" rel=\"noopener\">http:\/\/programyourfob.com\/?list_17\/<\/a><\/p>\n<p>Vielen Dank, dass Sie sich f\u00fcr uns entschieden haben.<\/p>\n<p>Wir sind einer der professionellsten Hersteller von Autoschl\u00fcsseln, schl\u00fcssellosen Zutrittssystemen <a href=\"https:\/\/keylessbest.com\/de\/product\/2008-2013-pontiac-toyota-vibe-corolla-matrix-venza-3-tasten-schlusselloser-zugang-fernbedienung-gq4-29t-pn-89070-0t030-89070-02250-4d67\/\" data-wpil-monitor-id=\"1373\">Autoschl\u00fcssel-Fernbedienung<\/a>, Transponderschips, Schl\u00fcsselprogrammierer, Geh\u00e4use f\u00fcr Autoschl\u00fcssel, Autoschl\u00f6sser, Schl\u00fcsseldienstwerkzeuge und so weiter. Dar\u00fcber hinaus verf\u00fcgt unser Unternehmen \u00fcber ein professionelles Team und eine Produktionslinie. Au\u00dferdem spezialisieren wir uns auf die Herstellung verschiedener <a href=\"https:\/\/keylessbest.com\/de\/was-tun-wenn-sie-ihre-autoschlussel-verlieren-schritt-fur-schritt-anleitung-2025\/\" data-wpil-monitor-id=\"1379\">Autoschl\u00fcssel<\/a>Schl\u00fcssel, Geh\u00e4use f\u00fcr Autoschl\u00fcssel und Schl\u00fcsseldienstwerkzeuge. Wir \u00fcbernehmen auch Entwicklung, Herstellung und Gro\u00dfhandel von Auto-Sicherheits- und Schutzprodukten.<\/p>\n<p>Wettbewerbsf\u00e4hige Preise und engagierte Dienstleistungen helfen Ihnen, einen guten Markt zu erschlie\u00dfen. Au\u00dferdem bieten \u00fcber 10 junge und energische Vertriebsteams schnellen, professionellen und freundlichen Service jederzeit. Zus\u00e4tzlich werden alle unsere Produkte direkt aus dem Lager in Deutschland, Kanada und Mexiko versendet. Die Waren, die Sie gekauft haben, werden innerhalb von 48 Stunden nach Bestellung verpackt und versendet. Mehr als 100% unserer Produkte sind auf Lager, und der Bestand ist ausreichend.<\/p>","protected":false},"excerpt":{"rendered":"<ul>\n<li>SKU: CA-LR240<\/li>\n<li>FCC ID: KR55WK49244<\/li>\n<li>PN: 6W83 15K601 EB, 267T-5WK49244<\/li>\n<li>IC: 267T-5WK49244<\/li>\n<li>Frequenz: 315MHz<\/li>\n<li>Tasten: Sperren, Entsperren, Panik, Kofferraum, Scheinwerfer<\/li>\n<\/ul>","protected":false},"featured_media":21107,"comment_status":"open","ping_status":"closed","template":"","meta":{"_bst_post_transparent":"default","_bst_post_title":"","_bst_post_layout":"default","_bst_post_sidebar_id":"","_bst_post_content_style":"default","_bst_post_vertical_padding":"default","_bst_post_feature":"","_bst_post_feature_position":"","_bst_post_header":false,"_bst_post_footer":false},"product_brand":[],"product_cat":[15,382],"product_tag":[],"2_year_make_model":[],"class_list":{"0":"post-14744","1":"product","2":"type-product","3":"status-publish","4":"has-post-thumbnail","6":"product_cat-carkeyremote","7":"product_cat-for-jaguar","9":"first","10":"instock","11":"sale","12":"shipping-taxable","13":"purchasable","14":"product-type-simple","15":"entry","16":"content-bg","17":"loop-entry"},"_links":{"self":[{"href":"https:\/\/keylessbest.com\/de\/wp-json\/wp\/v2\/product\/14744","targetHints":{"allow":["GET"]}}],"collection":[{"href":"https:\/\/keylessbest.com\/de\/wp-json\/wp\/v2\/product"}],"about":[{"href":"https:\/\/keylessbest.com\/de\/wp-json\/wp\/v2\/types\/product"}],"replies":[{"embeddable":true,"href":"https:\/\/keylessbest.com\/de\/wp-json\/wp\/v2\/comments?post=14744"}],"version-history":[{"count":2,"href":"https:\/\/keylessbest.com\/de\/wp-json\/wp\/v2\/product\/14744\/revisions"}],"predecessor-version":[{"id":20151,"href":"https:\/\/keylessbest.com\/de\/wp-json\/wp\/v2\/product\/14744\/revisions\/20151"}],"wp:featuredmedia":[{"embeddable":true,"href":"https:\/\/keylessbest.com\/de\/wp-json\/wp\/v2\/media\/21107"}],"wp:attachment":[{"href":"https:\/\/keylessbest.com\/de\/wp-json\/wp\/v2\/media?parent=14744"}],"wp:term":[{"taxonomy":"product_brand","embeddable":true,"href":"https:\/\/keylessbest.com\/de\/wp-json\/wp\/v2\/product_brand?post=14744"},{"taxonomy":"product_cat","embeddable":true,"href":"https:\/\/keylessbest.com\/de\/wp-json\/wp\/v2\/product_cat?post=14744"},{"taxonomy":"product_tag","embeddable":true,"href":"https:\/\/keylessbest.com\/de\/wp-json\/wp\/v2\/product_tag?post=14744"},{"taxonomy":"2_year_make_model","embeddable":true,"href":"https:\/\/keylessbest.com\/de\/wp-json\/wp\/v2\/2_year_make_model?post=14744"}],"curies":[{"name":"wp","href":"https:\/\/api.w.org\/{rel}","templated":true}]}}