{"id":14961,"date":"2025-08-19T08:54:42","date_gmt":"2025-08-19T08:54:42","guid":{"rendered":"https:\/\/hanwuji.shengjit.com\/?post_type=product&#038;p=14961"},"modified":"2026-02-13T01:12:25","modified_gmt":"2026-02-13T01:12:25","slug":"2000-2011-chevrolet-cadillac-oldsmobile-saturn-schlusselanhanger-l2c0005t-fur-keylessbest","status":"publish","type":"product","link":"https:\/\/keylessbest.com\/de\/product\/2000-2011-chevrolet-cadillac-oldsmobile-saturn-schlusselanhanger-l2c0005t-fur-keylessbest\/","title":{"rendered":"2000 2011 Chevrolet Cadillac Oldsmobile Saturn Schl\u00fcsselanh\u00e4nger L2C0005T f\u00fcr Keylessbest"},"content":{"rendered":"<p>*Die detaillierten Informationen zu diesem Schl\u00fcssel-lose Fernbedienungsschl\u00fcssel f\u00fcr Chevrolet Pontiac Saturn Cadillac von 2000 bis 2011 sind wie folgt. Bitte best\u00e4tigen Sie, dass die folgenden Details mit Ihrem Fahrzeug \u00fcbereinstimmen, bevor Sie bestellen: FCC ID, Teilenummer, Baujahr, IC, Frequenz, Chip und Tasten.<\/p>\n<h6><strong><b>Produktinformationen: <\/b><\/strong><\/h6>\n<ul>\n<li>FCC-ID: L2C0005T<\/li>\n<li>Teilenummer: 1626307499, 12223134, 12223132, 19115765, 19115766, 09378610, 09378620, 12223130-50<\/li>\n<li>Frequenz: 315MHz<\/li>\n<li>Tasten: Verriegeln, Entriegeln, Kofferraum, Panik<\/li>\n<\/ul>\n<h6><strong><b>Das Referenzmodell:<\/b><\/strong><\/h6>\n<ul>\n<li>Chevrolet Cavalier von 2000 bis 2005<\/li>\n<li>2001 \u2013 2011 Chevrolet Malibu (2 m\u00f6gliche Fernbedienungen, <a href=\"https:\/\/keylessbest.com\/de\/product\/2015-2018-nissan-murano-platinum-edition-murano-sl-pathfinder-jahr-2016-muss-mit-pn-ic-fcc-nummer-ubereinstimmen-jahr-aufgeteilt-5-tasten-schlusselloser-zugang-fernbedienung-kr5s180144014-pn28\/\" data-wpil-monitor-id=\"733\">m\u00fcssen \u00fcbereinstimmen<\/a> GM-Teil)<\/li>\n<li>Oldsmobile Alero von 2001 bis 2001 (2 m\u00f6gliche Fernbedienungen, m\u00fcssen mit GM-Teil \u00fcbereinstimmen)<\/li>\n<li>Pontiac Grand Am von 2001 bis 2001 (2 m\u00f6gliche Fernbedienungen, m\u00fcssen mit GM-Teil \u00fcbereinstimmen)<\/li>\n<li>Pontiac Sunfire von 2000 bis 2005<\/li>\n<li><a href=\"https:\/\/keylessbest.com\/de\/product\/1999-2004-acura-cl-tl-rl-4-tasten-schlusselloser-zugang-fernbedienung-e4eg8d-444h-a-ersetzt-pn-72147-s0k-a23-72147-s0k-a13__trashed\/\" data-wpil-monitor-id=\"728\">2000 &#8211; 2002<\/a> Saturn SC1<\/li>\n<li>Saturn SC2 von 2000 bis 2002<\/li>\n<li>Saturn SL von 2000 bis 2002<\/li>\n<li>Saturn SL1 von 2000 bis 2002<\/li>\n<li>Saturn SL2 von 2000 bis 2002<\/li>\n<li>Saturn SW2 von 2000 bis 2001<\/li>\n<li>Cadillac CTS von 2003 bis 2007<\/li>\n<li>2004 &#8211; 2006 <a href=\"https:\/\/keylessbest.com\/de\/product\/2007-2013-cadillac-cts-nicht-prox-dts-nicht-prox-srx-nicht-prox-5-tasten-schlusselloser-zugang-fernbedienung-ouc6000066-pn-20998256-20998254-20998255-5923880-5923879\/\" data-wpil-monitor-id=\"729\">Cadillac SRX<\/a><\/li>\n<\/ul>\n<h6><strong><b>Lieferumfang:<\/b><\/strong><\/h6>\n<ul>\n<li>Ein neuer Aftermarket <a href=\"https:\/\/keylessbest.com\/de\/product\/2011-2017-ford-fiesta-3-tasten-keyless-entry-fernbedienung-kr55wk47899-pn164-r8042-fernbedienung-164-r8043-klinge-164-r8042-164-r8039-5913139-5914117-4d63-80bit__trashed\/\" data-wpil-monitor-id=\"732\">schl\u00fcsselloser Fernbedienungsschl\u00fcssel<\/a><\/li>\n<li>Einen kostenlosen Ersatz-Notfall-Einf\u00fcgeschl\u00fcssel f\u00fcr den Aftermarket<\/li>\n<li>Alle Sender werden mit einer Batterie geliefert<\/li>\n<li>Alle Einheiten werden vor dem Versand getestet<\/li>\n<li>2-Jahres 100% Zufriedenheitsgarantie und Garantie<\/li>\n<\/ul>\n<h6><strong><b>Hinweis:<\/b><\/strong><\/h6>\n<ul>\n<li>Der\u00a0 2000 \u2013 2011 Chevrolet Pontiac Saturn Cadillac Smart-Schl\u00fcssel-Entriegelungsfob Ersatz \u2013 \u00a0\u00a0ohne Logo, mit einem ungeschnittenen Notfall-Einf\u00fcgekabel enthalten.<\/li>\n<li>Wir schneiden oder programmieren den <a href=\"https:\/\/keylessbest.com\/de\/keylessbestcarkeyfobshop\/\" data-wpil-monitor-id=\"734\">Fernschl\u00fcssel<\/a>.Zus\u00e4tzlich kontaktieren Sie bitte den \u00f6rtlichen Schl\u00fcsseldienst oder H\u00e4ndler f\u00fcr Preise.<\/li>\n<li>Dieser Sender ist kompatibel mit Fahrzeugen, die \u00fcber einen Dashboard-Start\/Stopp-Knopf oder eine Drehknauf-Z\u00fcndung verf\u00fcgen, sowie \u00fcber eine Proxy <a href=\"https:\/\/keylessbest.com\/de\/product\/2007-2013-nissan-rogue-versa-pathfinder-mit-smart-system-3-tasten-schlusselloser-entry-fernbedienung-cwtwbu729-cwtwbu735-cwtwbu624-pn-285e3-em30d-285e3-em31d\/\" data-wpil-monitor-id=\"731\">schl\u00fcsselloses Zugangssystem<\/a> System.<\/li>\n<li>Der Preis \u00a0\u00a0ist f\u00fcr einen vollst\u00e4ndigen \u00a0\u00a0Ersatz \u00a0\u00a0schl\u00fcsselloses Entry-Remote, Notfallschl\u00fcssel inklusive.<\/li>\n<li>Daher empfehlen wir dringend, dass Sie Ihre \u00a0<a href=\"https:\/\/keylessbest.com\/de\/wie-man-den-schlusselanhanger-schnell-einfach-diy-schritte-fur-jedes-auto-programmiert\/\" data-wpil-monitor-id=\"730\">KEY FOB programmieren lassen<\/a> von einem professionellen Schlosser oder H\u00e4ndler.<\/li>\n<\/ul>\n<h6><strong><b>Programmierressourcen<\/b><\/strong><\/h6>\n<p><a href=\"http:\/\/programyourfob.com\/?list_6\/\" target=\"_blank\" rel=\"noopener\">http:\/\/programyourfob.com\/?list_6\/<\/a><\/p>\n<p><a href=\"http:\/\/programyourfob.com\/?list_30\/\" target=\"_blank\" rel=\"noopener\">http:\/\/programyourfob.com\/?list_30\/<\/a><\/p>\n<p><a href=\"http:\/\/programyourfob.com\/?list_32\/\" target=\"_blank\" rel=\"noopener\">http:\/\/programyourfob.com\/?list_32\/<\/a><\/p>\n<p><a href=\"http:\/\/programyourfob.com\/?list_5\/\" target=\"_blank\" rel=\"noopener\">http:\/\/programyourfob.com\/?list_5\/<\/a><\/p>\n<p>Vielen Dank, dass Sie sich f\u00fcr uns entschieden haben.<\/p>\n<p>Wir sind einer der professionellsten Hersteller von Autoschl\u00fcsseln, schl\u00fcssellosen Zutrittssystemen <a href=\"https:\/\/keylessbest.com\/de\/product\/1996-2005-buick-cadillac-chevrolet-gmc-oldsmobile-pontiac-lesabre-park-avenue-lesabre-park-avenue-riviera-eldorado-seville-astro-blazer-impala-malibu-monte-carlo-envoy-jimmy-safari-brava\/\" data-wpil-monitor-id=\"727\">Autoschl\u00fcssel-Fernbedienung<\/a>, Transponderschips, Schl\u00fcsselprogrammierer, Geh\u00e4use f\u00fcr Autoschl\u00fcssel, Autoschl\u00f6sser, Schlosserwerkzeuge und so weiter. Dar\u00fcber hinaus verf\u00fcgt unser Unternehmen \u00fcber ein professionelles Team und eine Produktionslinie. Au\u00dferdem spezialisieren wir uns auf die Herstellung verschiedener Autoschl\u00fcssel, Geh\u00e4use f\u00fcr Autoschl\u00fcssel und Schlosserwerkzeuge. Wir k\u00fcmmern uns auch um Entwicklung, Herstellung und Gro\u00dfhandel von Auto-Sicherheits- und Schutzprodukten.<\/p>\n<p>Wettbewerbsf\u00e4hige Preise und engagierte Dienstleistungen helfen Ihnen, einen guten Markt zu erschlie\u00dfen. Au\u00dferdem bieten \u00fcber 10 junge und energische Vertriebsteams schnellen, professionellen und freundlichen Service jederzeit. Zus\u00e4tzlich werden alle unsere Produkte direkt aus dem Lager in Deutschland, Kanada und Mexiko versendet. Die Waren, die Sie gekauft haben, werden innerhalb von 48 Stunden nach Bestellung verpackt und versendet. Mehr als 100% unserer Produkte sind auf Lager, und der Bestand ist ausreichend.<\/p>","protected":false},"excerpt":{"rendered":"<ul>\n<li>SKU: CA-GM254<\/li>\n<li>FCC-ID: L2C0005T<\/li>\n<li>Teilenummer: 1626307499, 12223134, 12223132, 19115765, 19115766, 09378610, 09378620, 12223130-50<\/li>\n<li>Frequenz: 315MHz<\/li>\n<li>Tasten: Verriegeln, Entriegeln, Kofferraum, Panik<\/li>\n<\/ul>","protected":false},"featured_media":21147,"comment_status":"open","ping_status":"closed","template":"","meta":{"_bst_post_transparent":"default","_bst_post_title":"","_bst_post_layout":"default","_bst_post_sidebar_id":"","_bst_post_content_style":"default","_bst_post_vertical_padding":"default","_bst_post_feature":"","_bst_post_feature_position":"","_bst_post_header":false,"_bst_post_footer":false},"product_brand":[],"product_cat":[15,149,150,373,375],"product_tag":[],"2_year_make_model":[],"class_list":{"0":"post-14961","1":"product","2":"type-product","3":"status-publish","4":"has-post-thumbnail","6":"product_cat-carkeyremote","7":"product_cat-for-cadillac","8":"product_cat-for-chevrolet","9":"product_cat-for-pontiac","10":"product_cat-for-saturn","12":"first","13":"instock","14":"sale","15":"shipping-taxable","16":"purchasable","17":"product-type-simple","18":"entry","19":"content-bg","20":"loop-entry"},"_links":{"self":[{"href":"https:\/\/keylessbest.com\/de\/wp-json\/wp\/v2\/product\/14961","targetHints":{"allow":["GET"]}}],"collection":[{"href":"https:\/\/keylessbest.com\/de\/wp-json\/wp\/v2\/product"}],"about":[{"href":"https:\/\/keylessbest.com\/de\/wp-json\/wp\/v2\/types\/product"}],"replies":[{"embeddable":true,"href":"https:\/\/keylessbest.com\/de\/wp-json\/wp\/v2\/comments?post=14961"}],"version-history":[{"count":3,"href":"https:\/\/keylessbest.com\/de\/wp-json\/wp\/v2\/product\/14961\/revisions"}],"predecessor-version":[{"id":21145,"href":"https:\/\/keylessbest.com\/de\/wp-json\/wp\/v2\/product\/14961\/revisions\/21145"}],"wp:featuredmedia":[{"embeddable":true,"href":"https:\/\/keylessbest.com\/de\/wp-json\/wp\/v2\/media\/21147"}],"wp:attachment":[{"href":"https:\/\/keylessbest.com\/de\/wp-json\/wp\/v2\/media?parent=14961"}],"wp:term":[{"taxonomy":"product_brand","embeddable":true,"href":"https:\/\/keylessbest.com\/de\/wp-json\/wp\/v2\/product_brand?post=14961"},{"taxonomy":"product_cat","embeddable":true,"href":"https:\/\/keylessbest.com\/de\/wp-json\/wp\/v2\/product_cat?post=14961"},{"taxonomy":"product_tag","embeddable":true,"href":"https:\/\/keylessbest.com\/de\/wp-json\/wp\/v2\/product_tag?post=14961"},{"taxonomy":"2_year_make_model","embeddable":true,"href":"https:\/\/keylessbest.com\/de\/wp-json\/wp\/v2\/2_year_make_model?post=14961"}],"curies":[{"name":"wp","href":"https:\/\/api.w.org\/{rel}","templated":true}]}}