{"id":15060,"date":"2025-08-19T08:56:26","date_gmt":"2025-08-19T08:56:26","guid":{"rendered":"https:\/\/hanwuji.shengjit.com\/?post_type=product&#038;p=15060"},"modified":"2026-02-13T06:04:59","modified_gmt":"2026-02-13T06:04:59","slug":"2008-2019-dodge-chrysler-schlusselanhanger-m3n5wy783x-iyz-c01c-fur-keylessbest","status":"publish","type":"product","link":"https:\/\/keylessbest.com\/de\/product\/2008-2019-dodge-chrysler-schlusselanhanger-m3n5wy783x-iyz-c01c-fur-keylessbest\/","title":{"rendered":"2008-2019 Dodge Chrysler Schl\u00fcsselanh\u00e4nger M3N5WY783X, IYZ-C01C f\u00fcr Keylessbest"},"content":{"rendered":"<p>*Die detaillierten Informationen zu diesem schl\u00fcssellosen Fernbedienungsschl\u00fcssel f\u00fcr Chrysler Dodge Volkswagen von 2008-2019 sind wie folgt. Bitte best\u00e4tigen Sie, dass die folgenden Details mit Ihrem Fahrzeug \u00fcbereinstimmen, bevor Sie bestellen: FCC ID, Teilenummer, Jahr Modell, IC, Frequenz, Chip und Tasten.<\/p>\n<h6><strong><b>Produktinformationen: <\/b><\/strong><\/h6>\n<ul>\n<li>FCC-ID: M3N5WY783X, IYZ-C01C<\/li>\n<li>PN: 56046713 AA, 56046713AE, 05026623AA, 05026623AC, 56046713AA, 56046713AB, 56046713AC, 56046713AF, 68043588AA, 68043588AB, 68043588AC, 68066878AA, 68079809AA<\/li>\n<li>IC: 2701A-C01C (Austauschbar mit 267F-5WY783X)<\/li>\n<li>Frequenz: 433MHz<\/li>\n<li>Chip: ID 46 CHR<\/li>\n<li>Testschl\u00fcssel: Y159<\/li>\n<li>Tasten: Sperren, Entriegeln, Panik, T\u00fcren links &amp; rechts<\/li>\n<\/ul>\n<h6><strong><b>Das Referenzmodell:<\/b><\/strong><\/h6>\n<ul>\n<li>Chrysler Town and Country 2008 \u2013 2017<\/li>\n<li>Dodge Grand Caravan 2008 \u2013 2019<\/li>\n<li>Dodge Caravan 2008 \u2013 2019<\/li>\n<li><a href=\"https:\/\/keylessbest.com\/de\/product\/2009-2014-toyota-avalon-camry-corolla-3-tasten-schlusselloser-zugang-fernbedienung-hyq14aem-pn-89904-0r060-89904-60770-89904-0r090-89904-42140__trashed\/\" data-wpil-monitor-id=\"720\">2009 &#8211; 2012<\/a> Volkswagen Routan<\/li>\n<li>2013 &#8211; 2016 <a href=\"https:\/\/keylessbest.com\/de\/product\/2012-2016-dodge-dart-4-tasten-schlusselloser-zugang-fernbedienung-m3n32297100-pn56046773aa-46\/\" data-wpil-monitor-id=\"726\">Dodge Dart<\/a><\/li>\n<\/ul>\n<h6><strong><b>Lieferumfang:<\/b><\/strong><\/h6>\n<ul>\n<li>Ein neuer Aftermarket <a href=\"https:\/\/keylessbest.com\/de\/product\/2011-2017-ford-fiesta-3-tasten-keyless-entry-fernbedienung-kr55wk47899-pn164-r8042-fernbedienung-164-r8043-klinge-164-r8042-164-r8039-5913139-5914117-4d63-80bit__trashed\/\" data-wpil-monitor-id=\"724\">schl\u00fcsselloser Fernbedienungsschl\u00fcssel<\/a><\/li>\n<li>Einen kostenlosen Ersatz-Notfall-Einf\u00fcgeschl\u00fcssel f\u00fcr den Aftermarket<\/li>\n<li>Alle Sender werden mit einer Batterie geliefert<\/li>\n<li>Alle Einheiten werden vor dem Versand getestet<\/li>\n<li>2-Jahres 100% Zufriedenheitsgarantie und Garantie<\/li>\n<\/ul>\n<h6><strong><b>Hinweis:<\/b><\/strong><\/h6>\n<ul>\n<li>Der 2008-2019 Chrysler Dodge Volkswagen Smart <a href=\"https:\/\/keylessbest.com\/de\/product\/2015-2020-cadillac-ats-ats-v-ct6-ct6-plug-in-cts-cts-v-xts-5-tasten-schlusselverlust-fernbedienung-hyq2eb-pn-13598512-13594029s-13510243-46__trashed\/\" data-wpil-monitor-id=\"721\">schl\u00fcsselloser Zugangsschl\u00fcsselanh\u00e4nger<\/a> Ersatz \u2013 \u00a0\u00a0ohne \u00a0Logo, mit \u00a0unverarbeiteter Notfall-Insert-Schl\u00fcssel inklusive.<\/li>\n<li>Wir schneiden oder programmieren den <a href=\"https:\/\/keylessbest.com\/de\/keylessbestcarkeyfobshop\/\" data-wpil-monitor-id=\"725\">Fernschl\u00fcssel<\/a>.Zus\u00e4tzlich kontaktieren Sie bitte den \u00f6rtlichen Schl\u00fcsseldienst oder H\u00e4ndler f\u00fcr Preise.<\/li>\n<li>Dieser Sender ist kompatibel mit Fahrzeugen, die \u00fcber einen Dashboard-Start\/Stopp-Knopf oder Z\u00fcnddrehknopf verf\u00fcgen, sowie mit einer Proxy <a href=\"https:\/\/keylessbest.com\/de\/product\/2016-2022-chevrolet-volt-cruze-neues-modell-traverse-camaro-malibu-cruze-xl8-systeme-nur-blazer-sonic-4-tasten-schlusselloser-zugang-fernbedienung-hyq4ea-pn-1350877113584504-13529660-46\/\" data-wpil-monitor-id=\"723\">schl\u00fcsselloses Zugangssystem<\/a> System.<\/li>\n<li>Der Preis gilt f\u00fcr einen kompletten <a href=\"https:\/\/keylessbest.com\/de\/product\/2015-2021-jeep-renegade-5-tasten-schlusselloser-zugang-fernbedienung-m3n-40821302-ersetzt-pn-6mp33dx9aa-id-47-4a__trashed\/\" data-wpil-monitor-id=\"722\">schl\u00fcssellosen Entry-Remote-Ersatz<\/a>, inklusive Notfallschl\u00fcssel.<\/li>\n<li>Daher empfehlen wir dringend, dass Sie Ihren SCHL\u00dcSSELFOB von einem professionellen Schl\u00fcsseldienst oder H\u00e4ndler programmieren lassen.<\/li>\n<\/ul>\n<h6><strong><b>\u00a0Programmierressourcen\u00a0<\/b><\/strong><\/h6>\n<p><a href=\"http:\/\/programyourfob.com\/?list_7\/\" target=\"_blank\" rel=\"noopener\">http:\/\/programyourfob.com\/?list_7\/<\/a><\/p>\n<p><a href=\"http:\/\/programyourfob.com\/?list_8\/\" target=\"_blank\" rel=\"noopener\">http:\/\/programyourfob.com\/?list_8\/<\/a><\/p>\n<p><a href=\"http:\/\/programyourfob.com\/?list_37\/\" target=\"_blank\" rel=\"noopener\">http:\/\/programyourfob.com\/?list_37\/<\/a><\/p>\n<p>Vielen Dank, dass Sie sich f\u00fcr uns entschieden haben.<\/p>\n<p>Wir sind einer der professionellsten Hersteller von Autoschl\u00fcsseln, schl\u00fcssellosen Zugangssystemen, <a href=\"https:\/\/keylessbest.com\/de\/product\/1996-2005-buick-cadillac-chevrolet-gmc-oldsmobile-pontiac-lesabre-park-avenue-lesabre-park-avenue-riviera-eldorado-seville-astro-blazer-impala-malibu-monte-carlo-envoy-jimmy-safari-brava\/\" data-wpil-monitor-id=\"719\">Autoschl\u00fcssel-Fernbedienung<\/a>, Transponderschips, Schl\u00fcsselprogrammierer, Geh\u00e4use f\u00fcr Autoschl\u00fcssel, Autoschl\u00f6sser, Schl\u00fcsseldienstwerkzeugen und so weiter. Dar\u00fcber hinaus verf\u00fcgt unser Unternehmen \u00fcber ein professionelles Team und eine Produktionslinie. Au\u00dferdem spezialisieren wir uns auf die Herstellung verschiedener Autoschl\u00fcssel, Geh\u00e4use f\u00fcr Autoschl\u00fcssel und Schl\u00fcsseldienstwerkzeuge. Wir \u00fcbernehmen auch Entwicklung, Herstellung und Gro\u00dfhandel von Auto-Sicherheits- und Schutzprodukten.<\/p>\n<p>Wettbewerbsf\u00e4hige Preise und engagierte Dienstleistungen helfen Ihnen, einen guten Markt zu erschlie\u00dfen. Au\u00dferdem bieten \u00fcber 10 junge und energische Vertriebsteams schnellen, professionellen und freundlichen Service jederzeit. Zus\u00e4tzlich werden alle unsere Produkte direkt aus dem Lager in Deutschland, Kanada und Mexiko versendet. Die Waren, die Sie gekauft haben, werden innerhalb von 48 Stunden nach Bestellung verpackt und versendet. Mehr als 100% unserer Produkte sind auf Lager, und der Bestand ist ausreichend.<\/p>","protected":false},"excerpt":{"rendered":"<ul>\n<li>SKU: CA-DG364<\/li>\n<li>FCC-ID: M3N5WY783X, IYZ-C01C<\/li>\n<li>PN: 56046713 AA, 56046713AE, 05026623AA, 05026623AC, 56046713AA, 56046713AB, 56046713AC, 56046713AF, 68043588AA, 68043588AB, 68043588AC, 68066878AA, 68079809AA<\/li>\n<li>IC: 2701A-C01C (Austauschbar mit 267F-5WY783X)<\/li>\n<li>Frequenz: 433MHz<\/li>\n<li>Chip: ID 46 CHR<\/li>\n<li>Testschl\u00fcssel: Y159<\/li>\n<li>Tasten: Sperren, Entriegeln, Panik, T\u00fcren links &amp; rechts<\/li>\n<\/ul>","protected":false},"featured_media":21272,"comment_status":"open","ping_status":"closed","template":"","meta":{"_bst_post_transparent":"default","_bst_post_title":"","_bst_post_layout":"default","_bst_post_sidebar_id":"","_bst_post_content_style":"default","_bst_post_vertical_padding":"default","_bst_post_feature":"","_bst_post_feature_position":"","_bst_post_header":false,"_bst_post_footer":false},"product_brand":[],"product_cat":[15,155,153,165],"product_tag":[],"2_year_make_model":[],"class_list":{"0":"post-15060","1":"product","2":"type-product","3":"status-publish","4":"has-post-thumbnail","6":"product_cat-carkeyremote","7":"product_cat-for-chrysler","8":"product_cat-for-dodge","9":"product_cat-for-volkswagen","11":"first","12":"instock","13":"sale","14":"shipping-taxable","15":"purchasable","16":"product-type-simple","17":"entry","18":"content-bg","19":"loop-entry"},"_links":{"self":[{"href":"https:\/\/keylessbest.com\/de\/wp-json\/wp\/v2\/product\/15060","targetHints":{"allow":["GET"]}}],"collection":[{"href":"https:\/\/keylessbest.com\/de\/wp-json\/wp\/v2\/product"}],"about":[{"href":"https:\/\/keylessbest.com\/de\/wp-json\/wp\/v2\/types\/product"}],"replies":[{"embeddable":true,"href":"https:\/\/keylessbest.com\/de\/wp-json\/wp\/v2\/comments?post=15060"}],"version-history":[{"count":3,"href":"https:\/\/keylessbest.com\/de\/wp-json\/wp\/v2\/product\/15060\/revisions"}],"predecessor-version":[{"id":19515,"href":"https:\/\/keylessbest.com\/de\/wp-json\/wp\/v2\/product\/15060\/revisions\/19515"}],"wp:featuredmedia":[{"embeddable":true,"href":"https:\/\/keylessbest.com\/de\/wp-json\/wp\/v2\/media\/21272"}],"wp:attachment":[{"href":"https:\/\/keylessbest.com\/de\/wp-json\/wp\/v2\/media?parent=15060"}],"wp:term":[{"taxonomy":"product_brand","embeddable":true,"href":"https:\/\/keylessbest.com\/de\/wp-json\/wp\/v2\/product_brand?post=15060"},{"taxonomy":"product_cat","embeddable":true,"href":"https:\/\/keylessbest.com\/de\/wp-json\/wp\/v2\/product_cat?post=15060"},{"taxonomy":"product_tag","embeddable":true,"href":"https:\/\/keylessbest.com\/de\/wp-json\/wp\/v2\/product_tag?post=15060"},{"taxonomy":"2_year_make_model","embeddable":true,"href":"https:\/\/keylessbest.com\/de\/wp-json\/wp\/v2\/2_year_make_model?post=15060"}],"curies":[{"name":"wp","href":"https:\/\/api.w.org\/{rel}","templated":true}]}}