{"id":15172,"date":"2025-08-19T08:58:33","date_gmt":"2025-08-19T08:58:33","guid":{"rendered":"https:\/\/hanwuji.shengjit.com\/?post_type=product&#038;p=15172"},"modified":"2026-02-26T01:13:10","modified_gmt":"2026-02-26T01:13:10","slug":"1995-2007-bmw-schlusselanhanger-lx8fzv-315mhz-fur-keylessbest","status":"publish","type":"product","link":"https:\/\/keylessbest.com\/de\/product\/1995-2007-bmw-schlusselanhanger-lx8fzv-315mhz-fur-keylessbest\/","title":{"rendered":"1995 2007 BMW Schl\u00fcsselanh\u00e4nger LX8FZV 315MHz f\u00fcr Keylessbest"},"content":{"rendered":"<p>*Die detaillierten Informationen zu diesem BMW-Schl\u00fcssel ohne Schl\u00fcsselanh\u00e4nger von 1995-2007 sind wie folgt. Bitte best\u00e4tigen Sie, dass die folgenden Details mit Ihrem Fahrzeug \u00fcbereinstimmen, bevor Sie bestellen: FCC ID, Teilenummer, Baujahr, IC, Frequenz, Chip und Tasten.<\/p>\n<h6><strong><b>Produktinformationen:<\/b><\/strong><\/h6>\n<ul>\n<li>FCC ID: LX8FZV<\/li>\n<li>PN: 8382328<\/li>\n<li>IC: BMW6955750<\/li>\n<li>Frequenz: 315MHz<\/li>\n<li>Chip: PCF7935AA 44 CHIP, 46, 33 Transponder<\/li>\n<li>Tasten: Verriegeln, Entriegeln, Kofferraum<\/li>\n<\/ul>\n<h6><strong><b>Das Referenzmodell:<\/b><\/strong><\/h6>\n<ul>\n<li>2004-2006 BMW 1er Reihe E81<\/li>\n<li>1999-2006 BMW 3er Reihe E46<\/li>\n<li>1997-2006 BMW 5er Reihe E39 E60 E61<\/li>\n<li>2004-2006 BMW der 6er Reihe E63 E64<\/li>\n<li>1995-2002 BMW der 7er Reihe E38<\/li>\n<li>2004-2007 BMW X3 E83<\/li>\n<li>2000-2007 BMW X5 E53<\/li>\n<li>1998-2003 BMW Z3 E36\/7 E36\/8<\/li>\n<li>2003-2007 BMW Z4 E85 E86<\/li>\n<\/ul>\n<h6><strong><b>Lieferumfang:<\/b><\/strong><\/h6>\n<ul>\n<li>Ein neuer Aftermarket <a href=\"https:\/\/keylessbest.com\/de\/product\/2011-2017-ford-fiesta-3-tasten-keyless-entry-fernbedienung-kr55wk47899-pn164-r8042-fernbedienung-164-r8043-klinge-164-r8042-164-r8039-5913139-5914117-4d63-80bit__trashed\/\" data-wpil-monitor-id=\"671\">schl\u00fcsselloser Fernbedienungsschl\u00fcssel<\/a><\/li>\n<li>Einen kostenlosen Ersatz-Notfall-Einf\u00fcgeschl\u00fcssel f\u00fcr den Aftermarket<\/li>\n<li>Alle Sender werden mit einer Batterie geliefert<\/li>\n<li>Alle Einheiten werden vor dem Versand getestet<\/li>\n<li>2-Jahres 100% Zufriedenheitsgarantie und Garantie<\/li>\n<\/ul>\n<h6><strong><b>Hinweis:<\/b><\/strong><\/h6>\n<ul>\n<li>Der BMW smart von 1995-2007 <a href=\"https:\/\/keylessbest.com\/de\/product\/2009-2014-toyota-avalon-camry-corolla-3-tasten-schlusselloser-zugang-fernbedienung-hyq14aem-pn-89904-0r060-89904-60770-89904-0r090-89904-42140__trashed\/\" data-wpil-monitor-id=\"667\">schl\u00fcsselloser Zugangsschl\u00fcsselanh\u00e4nger<\/a> Ersatz \u2013 ohne Logo, mit einem ungeschnittenen Notfallschl\u00fcssel inklusive.<\/li>\n<li>Wir schneiden oder programmieren den <a href=\"https:\/\/keylessbest.com\/de\/keylessbestcarkeyfobshop\/\" data-wpil-monitor-id=\"672\">Fernschl\u00fcssel<\/a>. Zus\u00e4tzlich kontaktieren Sie bitte den \u00f6rtlichen Schlosser oder H\u00e4ndler f\u00fcr Preise.<\/li>\n<li>Dieser Sender ist kompatibel mit Fahrzeugen, die \u00fcber einen Dashboard-Start\/Stopp-Knopf oder Drehknauf-Z\u00fcndung verf\u00fcgen, zusammen mit einem Proxy <a href=\"https:\/\/keylessbest.com\/de\/product\/2007-2013-nissan-rogue-versa-pathfinder-mit-smart-system-3-tasten-schlusselloser-entry-fernbedienung-cwtwbu729-cwtwbu735-cwtwbu624-pn-285e3-em30d-285e3-em31d\/\" data-wpil-monitor-id=\"670\">Schl\u00fcsselloses Zugangssystem<\/a>.<\/li>\n<li>Der Preis gilt f\u00fcr einen kompletten <a href=\"https:\/\/keylessbest.com\/de\/product\/2015-2021-jeep-renegade-5-tasten-schlusselloser-zugang-fernbedienung-m3n-40821302-ersetzt-pn-6mp33dx9aa-id-47-4a__trashed\/\" data-wpil-monitor-id=\"668\">schl\u00fcssellosen Entry-Remote-Ersatz<\/a>, inklusive Notfallschl\u00fcssel.<\/li>\n<li>Daher empfehlen wir dringend, dass Sie Ihre <a href=\"https:\/\/keylessbest.com\/de\/wie-man-den-schlusselanhanger-schnell-einfach-diy-schritte-fur-jedes-auto-programmiert\/\" data-wpil-monitor-id=\"669\">KEY FOB programmieren lassen<\/a> von einem professionellen Schlosser oder H\u00e4ndler.<\/li>\n<\/ul>\n<h6><strong>Programmierressourcen:<\/strong><\/h6>\n<p><a href=\"http:\/\/programyourfob.com\/?list_3\/\" target=\"_blank\" rel=\"noopener\">http:\/\/programyourfob.com\/?list_3\/<\/a><\/p>\n<p>Vielen Dank, dass Sie uns gew\u00e4hlt haben.<\/p>\n<p>Wir sind einer der professionellsten Hersteller von Autoschl\u00fcsseln, schl\u00fcssellosen Zugangssystemen, <a href=\"https:\/\/keylessbest.com\/de\/product\/2004-2007-chrysler-town-country-caravan-grand-caravan-6-tasten-schlusselloser-zugang-fernbedienung-m3n5wy72xx-pn-05183683aa-id46\/\" data-wpil-monitor-id=\"666\">Autoschl\u00fcssel-Fernbedienung<\/a>, Transponderschips, Schl\u00fcsselprogrammierer, Geh\u00e4use f\u00fcr Autoschl\u00fcssel, Autoschl\u00f6sser, Schlosserwerkzeuge und so weiter. Dar\u00fcber hinaus verf\u00fcgt unser Unternehmen \u00fcber ein professionelles Team und eine Produktionslinie. Au\u00dferdem spezialisieren wir uns auf die Herstellung verschiedener Autoschl\u00fcssel, Geh\u00e4use f\u00fcr Autoschl\u00fcssel und Schlosserwerkzeuge. Wir k\u00fcmmern uns auch um Entwicklung, Herstellung und Gro\u00dfhandel von Auto-Sicherheits- und Schutzprodukten.<\/p>\n<p>Wettbewerbsf\u00e4hige Preise und engagierte Dienstleistungen helfen Ihnen, einen guten Markt zu erschlie\u00dfen. Au\u00dferdem bieten \u00fcber 10 junge und energische Vertriebsteams schnellen, professionellen und freundlichen Service jederzeit. Zus\u00e4tzlich werden alle unsere Produkte direkt aus dem Lager in Deutschland, Kanada und Mexiko versendet. Die Waren, die Sie gekauft haben, werden innerhalb von 48 Stunden nach Bestellung verpackt und versendet. Mehr als 100% unserer Produkte sind auf Lager, und der Bestand ist ausreichend.<\/p>","protected":false},"excerpt":{"rendered":"<ul>\n<li>SKU: CA-BM442<\/li>\n<li>FCC ID: LX8FZV<\/li>\n<li>PN: 8382328<\/li>\n<li>IC: BMW6955750<\/li>\n<li>Frequenz: 315MHz<\/li>\n<li>Chip: PCF7935AA 44 CHIP, 46, 33 Transponder<\/li>\n<li>Tasten: Verriegeln, Entriegeln, Kofferraum<\/li>\n<\/ul>","protected":false},"featured_media":21635,"comment_status":"open","ping_status":"closed","template":"","meta":{"_bst_post_transparent":"default","_bst_post_title":"","_bst_post_layout":"default","_bst_post_sidebar_id":"","_bst_post_content_style":"default","_bst_post_vertical_padding":"default","_bst_post_feature":"","_bst_post_feature_position":"","_bst_post_header":false,"_bst_post_footer":false},"product_brand":[],"product_cat":[15,161],"product_tag":[],"2_year_make_model":[],"class_list":{"0":"post-15172","1":"product","2":"type-product","3":"status-publish","4":"has-post-thumbnail","6":"product_cat-carkeyremote","7":"product_cat-for-bmw","9":"first","10":"instock","11":"sale","12":"shipping-taxable","13":"purchasable","14":"product-type-simple","15":"entry","16":"content-bg","17":"loop-entry"},"_links":{"self":[{"href":"https:\/\/keylessbest.com\/de\/wp-json\/wp\/v2\/product\/15172","targetHints":{"allow":["GET"]}}],"collection":[{"href":"https:\/\/keylessbest.com\/de\/wp-json\/wp\/v2\/product"}],"about":[{"href":"https:\/\/keylessbest.com\/de\/wp-json\/wp\/v2\/types\/product"}],"replies":[{"embeddable":true,"href":"https:\/\/keylessbest.com\/de\/wp-json\/wp\/v2\/comments?post=15172"}],"version-history":[{"count":4,"href":"https:\/\/keylessbest.com\/de\/wp-json\/wp\/v2\/product\/15172\/revisions"}],"predecessor-version":[{"id":20127,"href":"https:\/\/keylessbest.com\/de\/wp-json\/wp\/v2\/product\/15172\/revisions\/20127"}],"wp:featuredmedia":[{"embeddable":true,"href":"https:\/\/keylessbest.com\/de\/wp-json\/wp\/v2\/media\/21635"}],"wp:attachment":[{"href":"https:\/\/keylessbest.com\/de\/wp-json\/wp\/v2\/media?parent=15172"}],"wp:term":[{"taxonomy":"product_brand","embeddable":true,"href":"https:\/\/keylessbest.com\/de\/wp-json\/wp\/v2\/product_brand?post=15172"},{"taxonomy":"product_cat","embeddable":true,"href":"https:\/\/keylessbest.com\/de\/wp-json\/wp\/v2\/product_cat?post=15172"},{"taxonomy":"product_tag","embeddable":true,"href":"https:\/\/keylessbest.com\/de\/wp-json\/wp\/v2\/product_tag?post=15172"},{"taxonomy":"2_year_make_model","embeddable":true,"href":"https:\/\/keylessbest.com\/de\/wp-json\/wp\/v2\/2_year_make_model?post=15172"}],"curies":[{"name":"wp","href":"https:\/\/api.w.org\/{rel}","templated":true}]}}