{"id":15173,"date":"2025-08-19T08:58:33","date_gmt":"2025-08-19T08:58:33","guid":{"rendered":"https:\/\/hanwuji.shengjit.com\/?post_type=product&#038;p=15173"},"modified":"2026-02-13T01:43:28","modified_gmt":"2026-02-13T01:43:28","slug":"2000-2020-ford-schlusselanhanger-cwtwb1u331-fur-keylessbest","status":"publish","type":"product","link":"https:\/\/keylessbest.com\/de\/product\/2000-2020-ford-schlusselanhanger-cwtwb1u331-fur-keylessbest\/","title":{"rendered":"2000-2020 Ford Schl\u00fcsselanh\u00e4nger CWTWB1U331 f\u00fcr schl\u00fcsselloses System"},"content":{"rendered":"<p>*Die detaillierten Informationen zu diesem Schl\u00fcssel-Entferner f\u00fcr Ford Lincoln Mercury Mazda ohne Schl\u00fcssel von 2000 bis 2015 sind wie folgt. Bitte best\u00e4tigen Sie, dass die folgenden Details mit Ihrem Fahrzeug \u00fcbereinstimmen, bevor Sie bestellen: FCC ID, Teilenummer, Baujahr, IC, Frequenz, Chip und Tasten.<\/p>\n<h6><strong><b>Produktinformationen: <\/b><\/strong><\/h6>\n<ul>\n<li>FCC-ID: CWTWB1U331, CWTWBIU331, CWTWB1U322, CWTWBIU322, CWTWB1U345, CWTWBIU345, GQ43VT11T<\/li>\n<li>PN: 5912512, 164-R8073, 5913441, 5925871<\/li>\n<li>Frequenz: 315MHz<\/li>\n<li>Chip: 4D63 80Bit<\/li>\n<li>Tasten: Verriegeln, Entriegeln, Panik, Kofferraum<\/li>\n<\/ul>\n<h6><strong><b>Das Referenzmodell:<\/b><\/strong><\/h6>\n<ul>\n<li>Ford Crown Victoria 2003 \u2013 2012<\/li>\n<li>Ford Econoline 2008 \u2013 2020<\/li>\n<li>2007 \u2013 2015 Ford Edge<\/li>\n<li><a href=\"https:\/\/keylessbest.com\/de\/product\/2009-2014-toyota-avalon-camry-corolla-3-tasten-schlusselloser-zugang-fernbedienung-hyq14aem-pn-89904-0r060-89904-60770-89904-0r090-89904-42140__trashed\/\" data-wpil-monitor-id=\"689\">2005 &#8211; 2012<\/a> Ford Escape<\/li>\n<li>Ford Expedition 2011 \u2013 2015<\/li>\n<li>Ford Explorer 2011 \u2013 2015<\/li>\n<li>Ford Explorer Sport 2011 \u2013 2015<\/li>\n<li>Ford F-Series 2004 \u2013 2014<\/li>\n<li>2009 \u2013 2015 Ford Flex<\/li>\n<li>Ford Five Hundred 2005 \u2013 2007<\/li>\n<li>2006 \u2013 2012 Ford Focus<\/li>\n<li>2004 \u2013 2007 Ford Freestar<\/li>\n<li>Ford Freestyle 2005 \u2013 2009<\/li>\n<li>2006 \u2013 2012 Ford Fusion<\/li>\n<li>2005 &#8211; 2014 <a href=\"https:\/\/keylessbest.com\/de\/product\/2023-2024-ford-mustang-5-tasten-schlusselloser-zugang-fernbedienung-m3n-a3c108397-pn-164-r8355-pr3t-15k601-b\/\" data-wpil-monitor-id=\"695\">Ford Mustang<\/a><\/li>\n<li>Ford Ranger 2001 \u2013 2012<\/li>\n<li>Ford Taurus 2000 \u2013 2013<\/li>\n<li>2008 \u2013 2009 Ford Taurus X<\/li>\n<li>Ford Thunderbird 2003 \u2013 2005<\/li>\n<li><a href=\"https:\/\/keylessbest.com\/de\/product\/1999-2004-acura-cl-tl-rl-4-tasten-schlusselloser-zugang-fernbedienung-e4eg8d-444h-a-ersetzt-pn-72147-s0k-a23-72147-s0k-a13__trashed\/\" data-wpil-monitor-id=\"690\">2001 &#8211; 2003<\/a> Ford Windstar<\/li>\n<li>Lincoln Aviator 2003 \u2013 2005<\/li>\n<li>Lincoln LS 2003 \u2013 2006<\/li>\n<li>Lincoln Mark LT 2005 \u2013 2014<\/li>\n<li>Lincoln MKT 2010 \u2013 2012<\/li>\n<li>Lincoln MKX 2011 \u2013 2012<\/li>\n<li>Lincoln MKZ 2011 \u2013 2013<\/li>\n<li>2003 \u2013 2015 Lincoln Navigator<\/li>\n<li>2003 \u2013 2012 Lincoln Town Car<\/li>\n<li>2003 \u2013 2011 Mercury Grand Marquis<\/li>\n<li>2003 \u2013 2005 Mercury Marauder<\/li>\n<li>2005 \u2013 2011 Mercury Mariner<\/li>\n<li>2006 \u2013 2011 Mercury Milan<\/li>\n<li>2005 \u2013 2007 Mercury Montego<\/li>\n<li>2004 \u2013 2005 Mercury Monterey<\/li>\n<li>2000 \u2013 2010 Mercury Mountaineer<\/li>\n<li>2000 \u2013 2009 Mercury Sable<\/li>\n<li>2001 \u2013 2010 Mazda B-Serie<\/li>\n<\/ul>\n<h6><strong><b>Lieferumfang:<\/b><\/strong><\/h6>\n<ul>\n<li>Ein neuer Aftermarket <a href=\"https:\/\/keylessbest.com\/de\/product\/2011-2017-ford-fiesta-3-tasten-keyless-entry-fernbedienung-kr55wk47899-pn164-r8042-fernbedienung-164-r8043-klinge-164-r8042-164-r8039-5913139-5914117-4d63-80bit__trashed\/\" data-wpil-monitor-id=\"693\">schl\u00fcsselloser Fernbedienungsschl\u00fcssel<\/a><\/li>\n<li>Einen kostenlosen Ersatz-Notfall-Einf\u00fcgeschl\u00fcssel f\u00fcr den Aftermarket<\/li>\n<li>Alle Sender werden mit einer Batterie geliefert<\/li>\n<li>Alle Einheiten werden vor dem Versand getestet<\/li>\n<li>2-Jahres 100% Zufriedenheitsgarantie und Garantie<\/li>\n<\/ul>\n<h6><strong><b>Hinweis:<\/b><\/strong><\/h6>\n<ul>\n<li>Der\u00a0 2000 \u2013 2015 Ford Lincoln Mercury Mazda Smart-Keyless-Entry-Fob-Austausch \u2013 \u00a0\u00a0ohne Logo, mit ungeschnittener Notfall-Einsatzschl\u00fcssel inklusive.<\/li>\n<li>Wir schneiden oder programmieren den Fernschl\u00fcssel nicht. F\u00fcr die Preisgestaltung wenden Sie sich bitte an den \u00f6rtlichen Schl\u00fcsseldienst oder H\u00e4ndler.<\/li>\n<li>Dieser Sender ist kompatibel mit Fahrzeugen, die \u00fcber einen Dashboard-Start\/Stopp-Knopf oder Z\u00fcnddrehknopf verf\u00fcgen, sowie mit einer Proxy <a href=\"https:\/\/keylessbest.com\/de\/product\/2016-2022-chevrolet-volt-cruze-neues-modell-traverse-camaro-malibu-cruze-xl8-systeme-nur-blazer-sonic-4-tasten-schlusselloser-zugang-fernbedienung-hyq4ea-pn-1350877113584504-13529660-46\/\" data-wpil-monitor-id=\"694\">schl\u00fcsselloses Zugangssystem<\/a> System.<\/li>\n<li>Der Preis gilt f\u00fcr einen kompletten <a href=\"https:\/\/keylessbest.com\/de\/product\/2015-2021-jeep-renegade-5-tasten-schlusselloser-zugang-fernbedienung-m3n-40821302-ersetzt-pn-6mp33dx9aa-id-47-4a__trashed\/\" data-wpil-monitor-id=\"691\">schl\u00fcssellosen Entry-Remote-Ersatz<\/a>, inklusive Notfallschl\u00fcssel.<\/li>\n<li>Daher empfehlen wir dringend, dass Sie Ihre \u00a0<a href=\"https:\/\/keylessbest.com\/de\/wie-man-den-schlusselanhanger-schnell-einfach-diy-schritte-fur-jedes-auto-programmiert\/\" data-wpil-monitor-id=\"692\">KEY FOB programmieren lassen<\/a> von einem professionellen Schlosser oder H\u00e4ndler.<\/li>\n<\/ul>\n<h6><strong><b>Programmierressourcen<\/b><\/strong><\/h6>\n<p><a href=\"http:\/\/programyourfob.com\/?list_9\/\" target=\"_blank\" rel=\"noopener\">http:\/\/programyourfob.com\/?list_9\/<\/a><\/p>\n<p><a href=\"http:\/\/programyourfob.com\/?list_22\/\" target=\"_blank\" rel=\"noopener\">http:\/\/programyourfob.com\/?list_22\/<\/a><\/p>\n<p><a href=\"http:\/\/programyourfob.com\/?list_24\/\" target=\"_blank\" rel=\"noopener\">http:\/\/programyourfob.com\/?list_24\/<\/a><\/p>\n<p><a href=\"http:\/\/programyourfob.com\/?list_23\/\" target=\"_blank\" rel=\"noopener\">http:\/\/programyourfob.com\/?list_23\/<\/a><\/p>\n<p>Vielen Dank, dass Sie sich f\u00fcr uns entschieden haben.<\/p>\n<p>Wir sind einer der professionellsten Hersteller von Autoschl\u00fcsseln, schl\u00fcssellosen Zugangssystemen, <a href=\"https:\/\/keylessbest.com\/de\/product\/1995-2007-bmw-1er-e81-3er-e46-5er-e39-e60-e61-der-serie-6-e63-e64-der-serie-7-e38-x3-e83-x5-e53-z3-e36-7-e36-8-z4-e85-e86-3-tasten-schlusselloser-zugang-fernbedienung-lx8fzv-pn-8382328-pcf7\/\" data-wpil-monitor-id=\"688\">Autoschl\u00fcssel-Fernbedienung<\/a>, Transponderchips, Schl\u00fcsselprogrammierer, Autoschl\u00fcsselgeh\u00e4use, Autoschl\u00f6sser, Schlosserwerkzeuge und so weiter. Au\u00dferdem verf\u00fcgt unser Unternehmen\u00a0\u00a0\u00fcber ein professionelles Team und eine Produktionslinie. Dar\u00fcber hinaus\u00a0spezialisieren wir uns auf die Herstellung verschiedener Autoschl\u00fcssel, Autoschl\u00fcsselgeh\u00e4use und Schlosserwerkzeuge. Wir k\u00fcmmern uns auch um Entwicklung, Herstellung und Gro\u00dfhandel von Auto-Sicherheits- und Schutzprodukten.<\/p>\n<p>Wettbewerbsf\u00e4hige Preise und engagierte Dienstleistungen helfen Ihnen, einen guten Markt zu erschlie\u00dfen. Au\u00dferdem bieten \u00fcber 10 junge und energische Vertriebsteams schnellen, professionellen und freundlichen Service jederzeit. Zus\u00e4tzlich werden alle unsere Produkte direkt aus dem Lager in Deutschland, Kanada und Mexiko versendet. Die Waren, die Sie gekauft haben, werden innerhalb von 48 Stunden nach Bestellung verpackt und versendet. Mehr als 100% unserer Produkte sind auf Lager, und der Bestand ist ausreichend.<\/p>","protected":false},"excerpt":{"rendered":"<ul>\n<li>Artikelnummer: CA-FD281<\/li>\n<li>FCC-ID: CWTWB1U331, CWTWBIU331, CWTWB1U322, CWTWBIU322, CWTWB1U345, CWTWBIU345, GQ43VT11T<\/li>\n<li>PN: 5912512, 164-R8073, 5913441, 5925871<\/li>\n<li>Frequenz: 315MHz<\/li>\n<li>Chip: 4D63 80Bit<\/li>\n<li>Tasten: Verriegeln, Entriegeln, Panik, Kofferraum<\/li>\n<\/ul>","protected":false},"featured_media":21166,"comment_status":"open","ping_status":"closed","template":"","meta":{"_bst_post_transparent":"default","_bst_post_title":"","_bst_post_layout":"default","_bst_post_sidebar_id":"","_bst_post_content_style":"default","_bst_post_vertical_padding":"default","_bst_post_feature":"","_bst_post_feature_position":"","_bst_post_header":false,"_bst_post_footer":false},"product_brand":[],"product_cat":[15,156,379,159,380],"product_tag":[],"2_year_make_model":[],"class_list":{"0":"post-15173","1":"product","2":"type-product","3":"status-publish","4":"has-post-thumbnail","6":"product_cat-carkeyremote","7":"product_cat-for-ford","8":"product_cat-for-lincoln","9":"product_cat-for-mazda","10":"product_cat-for-mercury","12":"first","13":"instock","14":"sale","15":"shipping-taxable","16":"purchasable","17":"product-type-simple","18":"entry","19":"content-bg","20":"loop-entry"},"_links":{"self":[{"href":"https:\/\/keylessbest.com\/de\/wp-json\/wp\/v2\/product\/15173","targetHints":{"allow":["GET"]}}],"collection":[{"href":"https:\/\/keylessbest.com\/de\/wp-json\/wp\/v2\/product"}],"about":[{"href":"https:\/\/keylessbest.com\/de\/wp-json\/wp\/v2\/types\/product"}],"replies":[{"embeddable":true,"href":"https:\/\/keylessbest.com\/de\/wp-json\/wp\/v2\/comments?post=15173"}],"version-history":[{"count":4,"href":"https:\/\/keylessbest.com\/de\/wp-json\/wp\/v2\/product\/15173\/revisions"}],"predecessor-version":[{"id":21165,"href":"https:\/\/keylessbest.com\/de\/wp-json\/wp\/v2\/product\/15173\/revisions\/21165"}],"wp:featuredmedia":[{"embeddable":true,"href":"https:\/\/keylessbest.com\/de\/wp-json\/wp\/v2\/media\/21166"}],"wp:attachment":[{"href":"https:\/\/keylessbest.com\/de\/wp-json\/wp\/v2\/media?parent=15173"}],"wp:term":[{"taxonomy":"product_brand","embeddable":true,"href":"https:\/\/keylessbest.com\/de\/wp-json\/wp\/v2\/product_brand?post=15173"},{"taxonomy":"product_cat","embeddable":true,"href":"https:\/\/keylessbest.com\/de\/wp-json\/wp\/v2\/product_cat?post=15173"},{"taxonomy":"product_tag","embeddable":true,"href":"https:\/\/keylessbest.com\/de\/wp-json\/wp\/v2\/product_tag?post=15173"},{"taxonomy":"2_year_make_model","embeddable":true,"href":"https:\/\/keylessbest.com\/de\/wp-json\/wp\/v2\/2_year_make_model?post=15173"}],"curies":[{"name":"wp","href":"https:\/\/api.w.org\/{rel}","templated":true}]}}