{"id":15451,"date":"2025-08-19T09:03:26","date_gmt":"2025-08-19T09:03:26","guid":{"rendered":"https:\/\/hanwuji.shengjit.com\/?post_type=product&#038;p=15451"},"modified":"2026-02-13T02:42:51","modified_gmt":"2026-02-13T02:42:51","slug":"2014-2018-nissan-schlusselanhanger-kr5s180144106-433mhz-fur-keylessbest","status":"publish","type":"product","link":"https:\/\/keylessbest.com\/de\/product\/2014-2018-nissan-schlusselanhanger-kr5s180144106-433mhz-fur-keylessbest\/","title":{"rendered":"2014-2018 Nissan Schl\u00fcsselanh\u00e4nger KR5S180144106 433MHz f\u00fcr Keylessbest"},"content":{"rendered":"<p>*Die detaillierten Informationen zu diesem schl\u00fcssellosen Fernbedienungsschl\u00fcssel f\u00fcr Nissan von 2009 bis 2018 sind wie folgt. Bitte best\u00e4tigen Sie, dass die folgenden Details mit Ihrem Fahrzeug \u00fcbereinstimmen, bevor Sie bestellen: FCC ID, Teilenummer, Jahrmodell, IC, Frequenz, Chip und Tasten.<\/p>\n<h6><strong><b>Produktinformationen: <\/b><\/strong><\/h6>\n<ul>\n<li>FCC ID: KR5S180144106<\/li>\n<li>PN: 285E3-4CB1C 285E3-4CB1A<\/li>\n<li>IC: 7812D-S180106<\/li>\n<li>Frequenz: 433 MHz<\/li>\n<li>Chip:4A<\/li>\n<li>Tasten: Entsperren, Sperren, Panik<\/li>\n<\/ul>\n<h6><strong><b>Das Referenzmodell:<\/b><\/strong><\/h6>\n<ul>\n<li>2014 \u2013 2018 Nissan Rogue<br \/>\nBitte beachten Sie: Wir haben geh\u00f6rt, dass der Nissan Rogue von 2014 bis 2018 Probleme mit dem BCM (Body Control Module) hat, das f\u00fcr die Programmierung des Schl\u00fcssels verwendet wird. Einige dieser BCMs sind defekt, und einige wurden zur\u00fcckgerufen. Bitte recherchieren Sie das Problem bez\u00fcglich dieser Fahrzeugjahre. Das BCM kann deaktiviert werden. \u00dcberpr\u00fcfen Sie die Service-R\u00fcckrufe Ihrer Kunden hinsichtlich des Austauschs des BCM. Verwenden Sie es mit Vorsicht und recherchieren Sie die Fahrzeughistorie, bevor Sie versuchen, es zu programmieren.<br \/>\nRSK-NIS-ROG3<\/li>\n<li>Brandneuer Nachbau Ersatzteil F\u00fcr: FCC ID: KR5S180144106<br \/>\nIC: 7812D-S180106<br \/>\nContinental: S180144105<br \/>\nFrequenz: 433 MHz<br \/>\nBatterie: CR2032<br \/>\nTasten: Entriegeln, Verriegeln, Alarm<br \/>\nErsatz-Notfallschl\u00fcssel inklusive: EKB-NIS-NI06<br \/>\nTestschl\u00fcssel: DA34<br \/>\nErsetzt PN: 285E3-4CB1C 285E3-4CB1A<br \/>\nHersteller Schl\u00fcsselloser Fabrik<\/li>\n<li>Kompatibel mit folgendem: 2014 \u2013 2018 Nissan Rogue<br \/>\nBitte beachten Sie: Wir haben geh\u00f6rt, dass der Nissan Rogue von 2014 bis 2018 Probleme mit dem BCM (Body Control Module) hat, das f\u00fcr die Programmierung des Schl\u00fcssels verwendet wird. Einige dieser BCMs sind defekt, und einige wurden zur\u00fcckgerufen. Bitte recherchieren Sie das Problem bez\u00fcglich dieser Fahrzeugjahre. Das BCM kann deaktiviert werden. \u00dcberpr\u00fcfen Sie die Service-R\u00fcckrufe Ihrer Kunden hinsichtlich des Austauschs des BCM. Verwenden Sie es mit Vorsicht und recherchieren Sie die Fahrzeughistorie, bevor Sie versuchen, es zu programmieren.<br \/>\nKompatibel mit<\/li>\n<\/ul>\n<h6><strong><b>Lieferumfang:<\/b><\/strong><\/h6>\n<ul>\n<li>Ein neuer schl\u00fcsselloser Fernbedienungsschl\u00fcssel f\u00fcr den Aftermarket<\/li>\n<li>Einen kostenlosen Ersatz-Notfall-Einf\u00fcgeschl\u00fcssel f\u00fcr den Aftermarket<\/li>\n<li>Alle Sender werden mit einer Batterie geliefert<\/li>\n<li>Alle Einheiten werden vor dem Versand getestet<\/li>\n<li>2-Jahres 100% Zufriedenheitsgarantie und Garantie<\/li>\n<\/ul>\n<h6><strong><b>Hinweis:<\/b><\/strong><\/h6>\n<ul>\n<li>Der Ersatz f\u00fcr den schl\u00fcssellosen Zugangsschl\u00fcssel f\u00fcr Nissan von 2009 bis 2018 \u2013 ohne Logo, mit einem ungeschnittenen Notfall-Einsatzschl\u00fcssel.<\/li>\n<li>Wir schneiden oder programmieren den Fernschl\u00fcssel nicht. F\u00fcr die Preisgestaltung wenden Sie sich bitte an den \u00f6rtlichen Schl\u00fcsseldienst oder H\u00e4ndler.<\/li>\n<li>Dieses Transmitter ist kompatibel mit Fahrzeugen, die \u00fcber einen Dashboard-Start\/Stopp-Knopf oder Drehknauf-Z\u00fcndung verf\u00fcgen, sowie mit einem Proxy-Schl\u00fcsselloses-Entry-System.<\/li>\n<li>Der Preis gilt f\u00fcr eine komplette Ersatz-Schl\u00fcsselloseingangsfernbedienung, Notfallschl\u00fcssel inklusive.<\/li>\n<li>Daher empfehlen wir dringend, dass Sie Ihren\u00a0SCHL\u00dcSSELANLAGE\u00a0von einem professionellen Schl\u00fcsseldienst oder H\u00e4ndler programmieren lassen.<\/li>\n<\/ul>\n<h6><strong><b>Programmierressourcen<\/b><\/strong><\/h6>\n<p><a href=\"http:\/\/programyourfob.com\/?list_26\/\" target=\"_blank\" rel=\"noopener\">http:\/\/programyourfob.com\/?list_26\/<\/a><\/p>\n<p>Vielen Dank, dass Sie sich f\u00fcr uns entschieden haben.<\/p>\n<p>Wir sind einer der professionellsten Hersteller von Autoschl\u00fcsseln, schl\u00fcssellosen Systemen, Auto-Remote-Schl\u00fcsseln, Transponderchips, Schl\u00fcsselprogrammierern, Auto-Schl\u00fcsselgeh\u00e4usen, Autoschl\u00f6ssern, Schl\u00fcsseldienstwerkzeugen und so weiter. Au\u00dferdem verf\u00fcgt unser Unternehmen\u00a0\u00a0\u00fcber ein professionelles Team und eine Produktionslinie. Dar\u00fcber hinaus spezialisieren wir uns auf die Herstellung verschiedener Autoschl\u00fcssel, Schl\u00fcsselgeh\u00e4use und Schl\u00fcsseldienstwerkzeuge. Wir k\u00fcmmern uns auch um Entwicklung, Herstellung und Gro\u00dfhandel von Auto-Sicherheits- und Schutzprodukten.<\/p>\n<p>Wettbewerbsf\u00e4hige Preise und engagierte Dienstleistungen helfen Ihnen, einen guten Markt zu erschlie\u00dfen. Au\u00dferdem bieten \u00fcber 10 junge und energische Vertriebsteams schnellen, professionellen und freundlichen Service jederzeit. Zus\u00e4tzlich werden alle unsere Produkte direkt aus dem Lager in Deutschland, Kanada und Mexiko versendet. Die Waren, die Sie gekauft haben, werden innerhalb von 48 Stunden nach Bestellung verpackt und versendet. Mehr als 100% unserer Produkte sind auf Lager, und der Bestand ist ausreichend.<\/p>","protected":false},"excerpt":{"rendered":"<ul>\n<li>SKU: CA-NS299<\/li>\n<li>FCC ID: KR5S180144106<\/li>\n<li>PN: 285E3-4CB1C 285E3-4CB1A<\/li>\n<li>IC: 7812D-S180106<\/li>\n<li>Frequenz: 433 MHz<\/li>\n<li>Chip:4A<\/li>\n<li>Tasten: Entsperren, Sperren, Panik<\/li>\n<\/ul>","protected":false},"featured_media":21182,"comment_status":"open","ping_status":"closed","template":"","meta":{"_bst_post_transparent":"default","_bst_post_title":"","_bst_post_layout":"default","_bst_post_sidebar_id":"","_bst_post_content_style":"default","_bst_post_vertical_padding":"default","_bst_post_feature":"","_bst_post_feature_position":"","_bst_post_header":false,"_bst_post_footer":false},"product_brand":[],"product_cat":[15,160],"product_tag":[],"2_year_make_model":[],"class_list":{"0":"post-15451","1":"product","2":"type-product","3":"status-publish","4":"has-post-thumbnail","6":"product_cat-carkeyremote","7":"product_cat-for-nissan","9":"first","10":"instock","11":"sale","12":"shipping-taxable","13":"purchasable","14":"product-type-simple","15":"entry","16":"content-bg","17":"loop-entry"},"_links":{"self":[{"href":"https:\/\/keylessbest.com\/de\/wp-json\/wp\/v2\/product\/15451","targetHints":{"allow":["GET"]}}],"collection":[{"href":"https:\/\/keylessbest.com\/de\/wp-json\/wp\/v2\/product"}],"about":[{"href":"https:\/\/keylessbest.com\/de\/wp-json\/wp\/v2\/types\/product"}],"replies":[{"embeddable":true,"href":"https:\/\/keylessbest.com\/de\/wp-json\/wp\/v2\/comments?post=15451"}],"version-history":[{"count":2,"href":"https:\/\/keylessbest.com\/de\/wp-json\/wp\/v2\/product\/15451\/revisions"}],"predecessor-version":[{"id":20025,"href":"https:\/\/keylessbest.com\/de\/wp-json\/wp\/v2\/product\/15451\/revisions\/20025"}],"wp:featuredmedia":[{"embeddable":true,"href":"https:\/\/keylessbest.com\/de\/wp-json\/wp\/v2\/media\/21182"}],"wp:attachment":[{"href":"https:\/\/keylessbest.com\/de\/wp-json\/wp\/v2\/media?parent=15451"}],"wp:term":[{"taxonomy":"product_brand","embeddable":true,"href":"https:\/\/keylessbest.com\/de\/wp-json\/wp\/v2\/product_brand?post=15451"},{"taxonomy":"product_cat","embeddable":true,"href":"https:\/\/keylessbest.com\/de\/wp-json\/wp\/v2\/product_cat?post=15451"},{"taxonomy":"product_tag","embeddable":true,"href":"https:\/\/keylessbest.com\/de\/wp-json\/wp\/v2\/product_tag?post=15451"},{"taxonomy":"2_year_make_model","embeddable":true,"href":"https:\/\/keylessbest.com\/de\/wp-json\/wp\/v2\/2_year_make_model?post=15451"}],"curies":[{"name":"wp","href":"https:\/\/api.w.org\/{rel}","templated":true}]}}