{"id":15793,"date":"2025-08-19T09:08:53","date_gmt":"2025-08-19T09:08:53","guid":{"rendered":"https:\/\/hanwuji.shengjit.com\/?post_type=product&#038;p=15793"},"modified":"2026-02-26T05:24:51","modified_gmt":"2026-02-26T05:24:51","slug":"2014-2020-acura-schlusselanhanger-72147-tz5-a01","status":"publish","type":"product","link":"https:\/\/keylessbest.com\/de\/product\/2014-2020-acura-schlusselanhanger-72147-tz5-a01\/","title":{"rendered":"2014-2020 Acura Schl\u00fcsselanh\u00e4nger 72147-TZ5-A01"},"content":{"rendered":"<p>*Die detaillierten Informationen zu diesem 1999-2004 Acura schl\u00fcssellosen Fernbedienungsschl\u00fcssel sind wie folgt. Bitte best\u00e4tigen Sie, dass die folgenden Details mit Ihrem Fahrzeug \u00fcbereinstimmen, bevor Sie bestellen: FCC-ID, Teilenummer, Baujahr, IC, Frequenz, Chip und Tasten.<\/p>\n<h6><strong><b>Produktinformationen:<\/b><\/strong><\/h6>\n<ul>\n<li>FCC ID: KR5V1X<\/li>\n<li>PN: 72147-TZ5-A01,72147-TZ5-A11<\/li>\n<li>IC: 7812D-V1X<\/li>\n<li>Frequenz: 313,8 MHz<\/li>\n<li>Chip: 47<\/li>\n<\/ul>\n<h6><strong><b>Das Referenzmodell:<\/b><\/strong><\/h6>\n<ul>\n<li>2014 \u2013 2020 Acura MDX Basis Paket<\/li>\n<li>2016 \u2013 2020 Acura MDX Tech Paket ohne Fernstart<\/li>\n<li>2016 \u2013 2018 Acura RDX Basis Paket<\/li>\n<li><a href=\"https:\/\/keylessbest.com\/de\/product\/2015-2020-cadillac-ats-ats-v-ct6-ct6-plug-in-cts-cts-v-xts-5-tasten-schlusselverlust-fernbedienung-hyq2eb-pn-13598512-13594029s-13510243-46__trashed\/\" data-wpil-monitor-id=\"682\">2016 &#8211; 2018<\/a> Acura RDX Advance Paket ohne Fernstart<\/li>\n<li>2016 \u2013 2018 Acura RDX Tech Paket ohne Fernstart<\/li>\n<\/ul>\n<h6><strong><b>Lieferumfang:<\/b><\/strong><\/h6>\n<ul>\n<li>Ein neuer Aftermarket <a href=\"https:\/\/keylessbest.com\/de\/product\/2011-2017-ford-fiesta-3-tasten-keyless-entry-fernbedienung-kr55wk47899-pn164-r8042-fernbedienung-164-r8043-klinge-164-r8042-164-r8039-5913139-5914117-4d63-80bit__trashed\/\" data-wpil-monitor-id=\"686\">schl\u00fcsselloser Fernbedienungsschl\u00fcssel<\/a><\/li>\n<li>Einen kostenlosen Ersatz-Notfall-Einf\u00fcgeschl\u00fcssel f\u00fcr den Aftermarket<\/li>\n<li>Alle Sender werden mit einer Batterie geliefert<\/li>\n<li>Alle Einheiten werden vor dem Versand getestet<\/li>\n<li>2-Jahres 100% Zufriedenheitsgarantie und Garantie<\/li>\n<\/ul>\n<h6><strong><b>Hinweis:<\/b><\/strong><\/h6>\n<ul>\n<li>Der Austausch des Acura Smart Keyless Entry Keyfobs f\u00fcr die Jahre 2014 \u2013 2020 \u2013 ohne Logo, mit ungeschnittenem Notfall-Einf\u00fcgekabel enthalten.<\/li>\n<li>Wir schneiden oder programmieren den <a href=\"https:\/\/keylessbest.com\/de\/keylessbestcarkeyfobshop\/\" data-wpil-monitor-id=\"687\">Fernschl\u00fcssel<\/a>. Zus\u00e4tzlich kontaktieren Sie bitte den \u00f6rtlichen Schlosser oder H\u00e4ndler f\u00fcr Preise.<\/li>\n<li>Dieser Sender ist kompatibel mit Fahrzeugen, die \u00fcber einen Dashboard-Start\/Stopp-Knopf oder Drehknauf-Z\u00fcndung verf\u00fcgen, zusammen mit einem Proxy <a href=\"https:\/\/keylessbest.com\/de\/product\/2007-2013-nissan-rogue-versa-pathfinder-mit-smart-system-3-tasten-schlusselloser-entry-fernbedienung-cwtwbu729-cwtwbu735-cwtwbu624-pn-285e3-em30d-285e3-em31d\/\" data-wpil-monitor-id=\"685\">Schl\u00fcsselloses Zugangssystem<\/a>.<\/li>\n<li>Der Preis gilt f\u00fcr einen kompletten <a href=\"https:\/\/keylessbest.com\/de\/product\/2015-2021-jeep-renegade-5-tasten-schlusselloser-zugang-fernbedienung-m3n-40821302-ersetzt-pn-6mp33dx9aa-id-47-4a__trashed\/\" data-wpil-monitor-id=\"683\">schl\u00fcssellosen Entry-Remote-Ersatz<\/a>, inklusive Notfallschl\u00fcssel.<\/li>\n<li>Daher empfehlen wir dringend, dass Sie Ihre <a href=\"https:\/\/keylessbest.com\/de\/wie-man-den-schlusselanhanger-schnell-einfach-diy-schritte-fur-jedes-auto-programmiert\/\" data-wpil-monitor-id=\"684\">KEY FOB programmieren lassen<\/a> von einem professionellen Schlosser oder H\u00e4ndler.<\/li>\n<\/ul>\n<h6><strong>Programmierressourcen:<\/strong><\/h6>\n<p><a href=\"http:\/\/programyourfob.com\/?list_1\/\" target=\"_blank\" rel=\"noopener\">http:\/\/programyourfob.com\/?list_1\/<\/a><\/p>\n<p>Vielen Dank, dass Sie uns gew\u00e4hlt haben.<\/p>\n<p>Wir sind einer der professionellsten Hersteller von Autoschl\u00fcsseln, schl\u00fcssellosen Zugangssystemen, <a href=\"https:\/\/keylessbest.com\/de\/product\/1995-2007-bmw-1er-e81-3er-e46-5er-e39-e60-e61-der-serie-6-e63-e64-der-serie-7-e38-x3-e83-x5-e53-z3-e36-7-e36-8-z4-e85-e86-3-tasten-schlusselloser-zugang-fernbedienung-lx8fzv-pn-8382328-pcf7\/\" data-wpil-monitor-id=\"681\">Autoschl\u00fcssel-Fernbedienung<\/a>, Transponderschips, Schl\u00fcsselprogrammierer, Geh\u00e4use f\u00fcr Autoschl\u00fcssel, Autoschl\u00f6sser, Schlosserwerkzeuge und so weiter. Dar\u00fcber hinaus verf\u00fcgt unser Unternehmen \u00fcber ein professionelles Team und eine Produktionslinie. Au\u00dferdem spezialisieren wir uns auf die Herstellung verschiedener Autoschl\u00fcssel, Geh\u00e4use f\u00fcr Autoschl\u00fcssel und Schlosserwerkzeuge. Wir k\u00fcmmern uns auch um Entwicklung, Herstellung und Gro\u00dfhandel von Auto-Sicherheits- und Schutzprodukten.<\/p>\n<p>Wettbewerbsf\u00e4hige Preise und engagierte Dienstleistungen helfen Ihnen, einen guten Markt zu erschlie\u00dfen. Au\u00dferdem bieten \u00fcber 10 junge und energische Vertriebsteams schnellen, professionellen und freundlichen Service jederzeit. Zus\u00e4tzlich werden alle unsere Produkte direkt aus dem Lager in Deutschland, Kanada und Mexiko versendet. Die Waren, die Sie gekauft haben, werden innerhalb von 48 Stunden nach Bestellung verpackt und versendet. Mehr als 100% unserer Produkte sind auf Lager, und der Bestand ist ausreichend.<\/p>","protected":false},"excerpt":{"rendered":"<ul>\n<li>SKU: CA-HD491<\/li>\n<li>FCC ID: KR5V1X<\/li>\n<li>PN: 72147-TZ5-A01,72147-TZ5-A11<\/li>\n<li>IC: 7812D-V1X<\/li>\n<li>Frequenz: 313,8 MHz<\/li>\n<li>Chip: 47<\/li>\n<\/ul>","protected":false},"featured_media":21692,"comment_status":"open","ping_status":"closed","template":"","meta":{"_bst_post_transparent":"default","_bst_post_title":"","_bst_post_layout":"default","_bst_post_sidebar_id":"","_bst_post_content_style":"default","_bst_post_vertical_padding":"default","_bst_post_feature":"","_bst_post_feature_position":"","_bst_post_header":false,"_bst_post_footer":false},"product_brand":[],"product_cat":[15,381],"product_tag":[],"2_year_make_model":[],"class_list":{"0":"post-15793","1":"product","2":"type-product","3":"status-publish","4":"has-post-thumbnail","6":"product_cat-carkeyremote","7":"product_cat-for-acura","9":"first","10":"instock","11":"sale","12":"shipping-taxable","13":"purchasable","14":"product-type-simple","15":"entry","16":"content-bg","17":"loop-entry"},"_links":{"self":[{"href":"https:\/\/keylessbest.com\/de\/wp-json\/wp\/v2\/product\/15793","targetHints":{"allow":["GET"]}}],"collection":[{"href":"https:\/\/keylessbest.com\/de\/wp-json\/wp\/v2\/product"}],"about":[{"href":"https:\/\/keylessbest.com\/de\/wp-json\/wp\/v2\/types\/product"}],"replies":[{"embeddable":true,"href":"https:\/\/keylessbest.com\/de\/wp-json\/wp\/v2\/comments?post=15793"}],"version-history":[{"count":2,"href":"https:\/\/keylessbest.com\/de\/wp-json\/wp\/v2\/product\/15793\/revisions"}],"predecessor-version":[{"id":19704,"href":"https:\/\/keylessbest.com\/de\/wp-json\/wp\/v2\/product\/15793\/revisions\/19704"}],"wp:featuredmedia":[{"embeddable":true,"href":"https:\/\/keylessbest.com\/de\/wp-json\/wp\/v2\/media\/21692"}],"wp:attachment":[{"href":"https:\/\/keylessbest.com\/de\/wp-json\/wp\/v2\/media?parent=15793"}],"wp:term":[{"taxonomy":"product_brand","embeddable":true,"href":"https:\/\/keylessbest.com\/de\/wp-json\/wp\/v2\/product_brand?post=15793"},{"taxonomy":"product_cat","embeddable":true,"href":"https:\/\/keylessbest.com\/de\/wp-json\/wp\/v2\/product_cat?post=15793"},{"taxonomy":"product_tag","embeddable":true,"href":"https:\/\/keylessbest.com\/de\/wp-json\/wp\/v2\/product_tag?post=15793"},{"taxonomy":"2_year_make_model","embeddable":true,"href":"https:\/\/keylessbest.com\/de\/wp-json\/wp\/v2\/2_year_make_model?post=15793"}],"curies":[{"name":"wp","href":"https:\/\/api.w.org\/{rel}","templated":true}]}}