{"id":16078,"date":"2025-08-19T09:13:12","date_gmt":"2025-08-19T09:13:12","guid":{"rendered":"https:\/\/hanwuji.shengjit.com\/?post_type=product&#038;p=16078"},"modified":"2026-02-25T08:32:53","modified_gmt":"2026-02-25T08:32:53","slug":"2017-2022-ford-schlusselanhanger-m3n-a2c931426-fur-keylessbest","status":"publish","type":"product","link":"https:\/\/keylessbest.com\/de\/product\/2017-2022-ford-schlusselanhanger-m3n-a2c931426-fur-keylessbest\/","title":{"rendered":"2017-2022 Ford Schl\u00fcsselanh\u00e4nger M3N-A2C931426 f\u00fcr keylessbest"},"content":{"rendered":"<p>*Die detaillierten Informationen zu diesem Ford-Schl\u00fcssel-Remote von 2017-2022 sind wie folgt. Bitte best\u00e4tigen Sie, dass die folgenden Details mit Ihrem Fahrzeug \u00fcbereinstimmen, bevor Sie bestellen: FCC ID, Teilenummer, <span style=\"font-size: 16px; font-style: normal; font-weight: 400;\">\u00a0<\/span><span style=\"font-size: 16px; font-style: normal; font-weight: 400;\">Jahr Modell,<\/span><span style=\"font-size: 16px; font-style: normal; font-weight: 400;\">IC,<\/span><span style=\"font-size: 16px; font-style: normal; font-weight: 400;\">\u00a0<\/span><span style=\"font-size: 16px;\">Frequenz, Chip und Tasten.<\/span><\/p>\n<h6><strong><b>Produktinformationen:<\/b><\/strong><\/h6>\n<ul>\n<li style=\"font-size: 16px;\">FCC-ID: M3N-A2C931426<\/li>\n<li style=\"font-size: 16px;\">PN: 164-R8150, 5929506, HS7T-15K601-AC<\/li>\n<li style=\"font-size: 16px;\">IC: 7812A-A2C931426<\/li>\n<li>Frequenz: 902MHz<\/li>\n<li style=\"font-size: 16px;\">Tasten: Verriegeln, Entriegeln, Panik, Kofferraum<\/li>\n<li>Batterie: CR2450<\/li>\n<\/ul>\n<h6><strong><b>Das Referenzmodell<\/b><\/strong><strong><b>\uff1a<\/b><\/strong><\/h6>\n<ul>\n<li>Ford Edge 2017 \u2013 2022<\/li>\n<li>Ford Escape 2020 \u2013 2022<\/li>\n<li>Ford Explorer 2018 \u2013 2022<\/li>\n<li>Ford Maverick 2022<\/li>\n<li>Ford Ranger 2019 \u2013 2022<\/li>\n<\/ul>\n<h6><strong><b>Lieferumfang:<\/b><\/strong><\/h6>\n<ul>\n<li>Ein neuer schl\u00fcsselloser Fernbedienungsschl\u00fcssel f\u00fcr den Aftermarket<\/li>\n<li>Einen kostenlosen Ersatz-Notfall-Einf\u00fcgeschl\u00fcssel f\u00fcr den Aftermarket<\/li>\n<li>Alle Sender werden mit einer Batterie geliefert<\/li>\n<li>Alle Einheiten werden vor dem Versand getestet<\/li>\n<li>2-Jahres 100% Zufriedenheitsgarantie und Garantie<\/li>\n<\/ul>\n<h6><strong><b>Hinweis:<\/b><\/strong><\/h6>\n<ul>\n<li>Der 2017-2022 Ford Smart <a href=\"https:\/\/keylessbest.com\/de\/product\/2021-2024-jeep-grand-cherokee-grand-wagoneer-4-tasten-schlusselloser-zugang-fernbedienung-m3nwxf0b1-pn-685169738aa-4a-chip-hitag-aes__trashed\/\"  data-wpil-monitor-id=\"387\">schl\u00fcsselloser Zugangsschl\u00fcsselanh\u00e4nger<\/a> Ersatz \u2013 ohne Logo, mit einem ungeschnittenen Notfallschl\u00fcssel inklusive.<\/li>\n<li>Wir schneiden oder programmieren den Fernschl\u00fcssel nicht. F\u00fcr die Preisgestaltung wenden Sie sich bitte an den \u00f6rtlichen Schl\u00fcsseldienst oder H\u00e4ndler.<\/li>\n<li>Dieses Transmitter ist kompatibel mit Fahrzeugen mit einem Start\/Stopp-Knopf am Armaturenbrett oder Drehknauf-Z\u00fcndung, sowie einem Proxy-Schl\u00fcsselsystem.<\/li>\n<li>Der Preis gilt f\u00fcr einen kompletten <a href=\"https:\/\/keylessbest.com\/de\/product\/2015-2021-jeep-renegade-5-tasten-schlusselloser-zugang-fernbedienung-m3n-40821302-ersetzt-pn-6mp33dx9aa-id-47-4a__trashed\/\"  data-wpil-monitor-id=\"388\">schl\u00fcssellosen Entry-Remote-Ersatz<\/a>, inklusive Notfallschl\u00fcssel.<\/li>\n<li>Daher empfehlen wir dringend, dass Sie Ihre <a href=\"https:\/\/keylessbest.com\/de\/wie-man-den-schlusselanhanger-schnell-einfach-diy-schritte-fur-jedes-auto-programmiert\/\"  data-wpil-monitor-id=\"389\">KEY FOB programmieren lassen<\/a> von einem professionellen Schlosser oder H\u00e4ndler.<\/li>\n<\/ul>\n<h6><strong>Programmierressourcen:<\/strong><\/h6>\n<p><a href=\"http:\/\/programyourfob.com\/?list_9\/\" target=\"_blank\" rel=\"noopener\">http:\/\/programyourfob.com\/?list_9\/<\/a><\/p>\n<p>Vielen Dank, dass Sie uns gew\u00e4hlt haben.<\/p>\n<p>Wir sind einer der professionellsten Hersteller von Autoschl\u00fcsseln, schl\u00fcssellosen Zugangssystemen, <a href=\"https:\/\/keylessbest.com\/de\/product\/2012-2018-mazda-3-cx3-cx5-speed3-mazdaspeed3-3-tasten-keyless-entry-fernbedienung-wazske13d01-wazske13d02-pnkdy3-67-5dy-kd33-67-5ry\/\" data-wpil-monitor-id=\"386\">Autoschl\u00fcssel-Fernbedienung<\/a>, Transponderschips, Schl\u00fcsselprogrammierer, Geh\u00e4use f\u00fcr Autoschl\u00fcssel, Autoschl\u00f6sser, Schlosserwerkzeuge und so weiter. Dar\u00fcber hinaus verf\u00fcgt unser Unternehmen \u00fcber ein professionelles Team und eine Produktionslinie. Au\u00dferdem spezialisieren wir uns auf die Herstellung verschiedener Autoschl\u00fcssel, Geh\u00e4use f\u00fcr Autoschl\u00fcssel und Schlosserwerkzeuge. Wir k\u00fcmmern uns auch um Entwicklung, Herstellung und Gro\u00dfhandel von Auto-Sicherheits- und Schutzprodukten.<\/p>\n<p>Wettbewerbsf\u00e4hige Preise und engagierte Dienstleistungen helfen Ihnen, einen guten Markt zu erschlie\u00dfen. Au\u00dferdem bieten \u00fcber 10 junge und energische Vertriebsteams schnellen, professionellen und freundlichen Service jederzeit. Zus\u00e4tzlich werden alle unsere Produkte direkt aus dem Lager in Deutschland, Kanada und Mexiko versendet. Die Waren, die Sie gekauft haben, werden innerhalb von 48 Stunden nach Bestellung verpackt und versendet. Mehr als 100% unserer Produkte sind auf Lager, und der Bestand ist ausreichend.<\/p>","protected":false},"excerpt":{"rendered":"<ul>\n<li style=\"font-size: 16px;\">SKU: CA-FD547<\/li>\n<li style=\"font-size: 16px;\">FCC-ID: M3N-A2C931426<\/li>\n<li style=\"font-size: 16px;\">PN: 164-R8150, 5929506, HS7T-15K601-AC<\/li>\n<li style=\"font-size: 16px;\">IC: 7812A-A2C931426<\/li>\n<li>Frequenz: 902MHz<\/li>\n<li style=\"font-size: 16px;\">Tasten: Verriegeln, Entriegeln, Panik, Kofferraum<\/li>\n<li>Batterie: CR2450<\/li>\n<\/ul>","protected":false},"featured_media":21620,"comment_status":"open","ping_status":"closed","template":"","meta":{"_bst_post_transparent":"default","_bst_post_title":"","_bst_post_layout":"default","_bst_post_sidebar_id":"","_bst_post_content_style":"default","_bst_post_vertical_padding":"default","_bst_post_feature":"","_bst_post_feature_position":"","_bst_post_header":false,"_bst_post_footer":false},"product_brand":[],"product_cat":[15,156],"product_tag":[],"2_year_make_model":[],"class_list":{"0":"post-16078","1":"product","2":"type-product","3":"status-publish","4":"has-post-thumbnail","6":"product_cat-carkeyremote","7":"product_cat-for-ford","9":"first","10":"instock","11":"sale","12":"shipping-taxable","13":"purchasable","14":"product-type-simple","15":"entry","16":"content-bg","17":"loop-entry"},"_links":{"self":[{"href":"https:\/\/keylessbest.com\/de\/wp-json\/wp\/v2\/product\/16078","targetHints":{"allow":["GET"]}}],"collection":[{"href":"https:\/\/keylessbest.com\/de\/wp-json\/wp\/v2\/product"}],"about":[{"href":"https:\/\/keylessbest.com\/de\/wp-json\/wp\/v2\/types\/product"}],"replies":[{"embeddable":true,"href":"https:\/\/keylessbest.com\/de\/wp-json\/wp\/v2\/comments?post=16078"}],"version-history":[{"count":2,"href":"https:\/\/keylessbest.com\/de\/wp-json\/wp\/v2\/product\/16078\/revisions"}],"predecessor-version":[{"id":19606,"href":"https:\/\/keylessbest.com\/de\/wp-json\/wp\/v2\/product\/16078\/revisions\/19606"}],"wp:featuredmedia":[{"embeddable":true,"href":"https:\/\/keylessbest.com\/de\/wp-json\/wp\/v2\/media\/21620"}],"wp:attachment":[{"href":"https:\/\/keylessbest.com\/de\/wp-json\/wp\/v2\/media?parent=16078"}],"wp:term":[{"taxonomy":"product_brand","embeddable":true,"href":"https:\/\/keylessbest.com\/de\/wp-json\/wp\/v2\/product_brand?post=16078"},{"taxonomy":"product_cat","embeddable":true,"href":"https:\/\/keylessbest.com\/de\/wp-json\/wp\/v2\/product_cat?post=16078"},{"taxonomy":"product_tag","embeddable":true,"href":"https:\/\/keylessbest.com\/de\/wp-json\/wp\/v2\/product_tag?post=16078"},{"taxonomy":"2_year_make_model","embeddable":true,"href":"https:\/\/keylessbest.com\/de\/wp-json\/wp\/v2\/2_year_make_model?post=16078"}],"curies":[{"name":"wp","href":"https:\/\/api.w.org\/{rel}","templated":true}]}}