{"id":16133,"date":"2025-08-19T09:14:01","date_gmt":"2025-08-19T09:14:01","guid":{"rendered":"https:\/\/hanwuji.shengjit.com\/?post_type=product&#038;p=16133"},"modified":"2026-02-24T03:55:25","modified_gmt":"2026-02-24T03:55:25","slug":"2017-2020-hyundai-schlusselanhanger-tq8-rke-4f25-433mhz-fur-keylessbest","status":"publish","type":"product","link":"https:\/\/keylessbest.com\/de\/product\/2017-2020-hyundai-schlusselanhanger-tq8-rke-4f25-433mhz-fur-keylessbest\/","title":{"rendered":"2017-2020 Hyundai Schl\u00fcsselanh\u00e4nger TQ8-RKE-4F25 433MHz f\u00fcr Keylessbest"},"content":{"rendered":"<p>*Die detaillierten Informationen zu diesem Hyundai-Schl\u00fcssel-Remote von 2007-2010 sind wie folgt. Bitte best\u00e4tigen Sie, dass die folgenden Details mit Ihrem Fahrzeug \u00fcbereinstimmen, bevor Sie bestellen: FCC ID, Teilenummer, Baujahr, IC, Frequenz, Chip und Tasten.<\/p>\n<h6><strong><b>Produktinformationen: <\/b><\/strong><\/h6>\n<ul>\n<li>FCC ID: TQ8-RKE-4F25 (LF 4BT)<\/li>\n<li>PN: 95430-C1210, 95430-C2210<\/li>\n<li>IC: 5074A-RKE4F25<\/li>\n<li>Frequenz: 433MHz<\/li>\n<li>Tasten: Verriegeln, Entriegeln, Kofferraum, Panik<\/li>\n<\/ul>\n<h6><strong><b>Das Referenzmodell:<\/b><\/strong><\/h6>\n<ul>\n<li>2017 \u2013 2020 Hyundai Sonata<br \/>\nBITTE PR\u00dcFEN SIE TEIL # UND MONTAGE GEM\u00c4SS DER FAHRZEUG- VIN #. BESTIMMTE HYUNDAI \/ KIA FAHRZEUGE K\u00d6NNEN 2 M\u00d6GLICHE FERNBEDIENUNGEN HABEN. Neuware Ersatzteil f\u00fcr:<br \/>\nFCC ID: TQ8-RKE-4F25 (LF 4BT)<br \/>\nIC: 5074A-RKE4F25<br \/>\nBaugruppe: (LF 4BT)<br \/>\nFrequenz: 433 MHz<br \/>\nBatterie: CR2032<br \/>\nTasten: Verriegeln, Entriegeln, Kofferraum, Panik<br \/>\nFlip-Blade inklusive: FKB-HY-014<br \/>\nTestschl\u00fcssel: LXP90<br \/>\nPN: 95430-C1210, 95430-C2210 Kompatibel mit den folgenden:<\/li>\n<li>2017 \u2013 2020 Hyundai Sonata<br \/>\nBITTE PR\u00dcFEN SIE TEIL # UND MONTAGE GEM\u00c4SS DER FAHRZEUG- VIN #. BESTIMMTE HYUNDAI \/ KIA FAHRZEUGE K\u00d6NNEN 2 M\u00d6GLICHE FERNBEDIENUNGEN HABEN. Kompatibel mit<\/li>\n<\/ul>\n<h6><strong><b>Lieferumfang:<\/b><\/strong><\/h6>\n<ul>\n<li>Ein neuer schl\u00fcsselloser Fernbedienungsschl\u00fcssel f\u00fcr den Aftermarket<\/li>\n<li>Einen kostenlosen Ersatz-Notfall-Einf\u00fcgeschl\u00fcssel f\u00fcr den Aftermarket<\/li>\n<li>Alle Sender werden mit einer Batterie geliefert<\/li>\n<li>Alle Einheiten werden vor dem Versand getestet<\/li>\n<li>2-Jahres 100% Zufriedenheitsgarantie und Garantie<\/li>\n<\/ul>\n<h6><strong><b>Hinweis:<\/b><\/strong><\/h6>\n<ul>\n<li>Der 2017-2020 Hyundai Smart-Schl\u00fcssel ohne Logo, mit ungeschnittener Notfall-Einf\u00fcgeklinge inklusive.<\/li>\n<li>Wir schneiden oder programmieren den Fernschl\u00fcssel nicht. F\u00fcr die Preisgestaltung wenden Sie sich bitte an den \u00f6rtlichen Schl\u00fcsseldienst oder H\u00e4ndler.<\/li>\n<li>Dieser Sender ist kompatibel mit Fahrzeugen mit einem Armaturenbrett-Start\/Stopp-Knopf oder Drehknauf-Z\u00fcndung,\u00a0\u00a0zusammen mit einem Proxy-Schl\u00fcsselloses-Entry-System.<\/li>\n<li>Der Preis \u00a0\u00a0ist f\u00fcr einen vollst\u00e4ndigen \u00a0\u00a0Ersatz \u00a0\u00a0schl\u00fcsselloses Entry-Remote, Notfallschl\u00fcssel inklusive.<\/li>\n<li>Daher empfehlen wir dringend, dass Sie Ihren SCHL\u00dcSSELFOB von einem professionellen Schl\u00fcsseldienst oder H\u00e4ndler programmieren lassen.<\/li>\n<\/ul>\n<h6><strong><b>\u00a0Programmierressourcen\u00a0<\/b><\/strong><\/h6>\n<p><a href=\"http:\/\/programyourfob.com\/?list_14\/\" target=\"_blank\" rel=\"noopener\">http:\/\/programyourfob.com\/?list_14\/<\/a><\/p>\n<p>Vielen Dank, dass Sie sich f\u00fcr uns entschieden haben.<\/p>\n<p>Wir sind einer der professionellsten Hersteller von Autoschl\u00fcsseln, schl\u00fcssellosen Systemen, Auto-Remote-Schl\u00fcsseln, Transponderchips, Schl\u00fcsselprogrammierern, Auto-Schl\u00fcsselgeh\u00e4usen, Autoschl\u00f6ssern, Schl\u00fcsseldienstwerkzeugen und so weiter. Au\u00dferdem verf\u00fcgt unser Unternehmen\u00a0\u00a0\u00fcber ein professionelles Team und eine Produktionslinie. Dar\u00fcber hinaus spezialisieren wir uns auf die Herstellung verschiedener Autoschl\u00fcssel, Schl\u00fcsselgeh\u00e4use und Schl\u00fcsseldienstwerkzeuge. Wir k\u00fcmmern uns auch um Entwicklung, Herstellung und Gro\u00dfhandel von Auto-Sicherheits- und Schutzprodukten.<\/p>\n<p>Wettbewerbsf\u00e4hige Preise und engagierte Dienstleistungen helfen Ihnen, einen guten Markt zu erschlie\u00dfen. Au\u00dferdem bieten \u00fcber 10 junge und energische Vertriebsteams schnellen, professionellen und freundlichen Service jederzeit. Zus\u00e4tzlich werden alle unsere Produkte direkt aus dem Lager in Deutschland, Kanada und Mexiko versendet. Die Waren, die Sie gekauft haben, werden innerhalb von 48 Stunden nach Bestellung verpackt und versendet. Mehr als 100% unserer Produkte sind auf Lager, und der Bestand ist ausreichend.<\/p>","protected":false},"excerpt":{"rendered":"<ul>\n<li>SKU: CA-HY714<\/li>\n<li>FCC ID: TQ8-RKE-4F25 (LF 4BT)<\/li>\n<li>PN: 95430-C1210, 95430-C2210<\/li>\n<li>IC: 5074A-RKE4F25<\/li>\n<li>Frequenz: 433MHz<\/li>\n<li>Tasten: Verriegeln, Entriegeln, Kofferraum, Panik<\/li>\n<\/ul>","protected":false},"featured_media":21493,"comment_status":"open","ping_status":"closed","template":"","meta":{"_bst_post_transparent":"default","_bst_post_title":"","_bst_post_layout":"default","_bst_post_sidebar_id":"","_bst_post_content_style":"default","_bst_post_vertical_padding":"default","_bst_post_feature":"","_bst_post_feature_position":"","_bst_post_header":false,"_bst_post_footer":false},"product_brand":[],"product_cat":[15,168],"product_tag":[],"2_year_make_model":[],"class_list":{"0":"post-16133","1":"product","2":"type-product","3":"status-publish","4":"has-post-thumbnail","6":"product_cat-carkeyremote","7":"product_cat-for-hyundai","9":"first","10":"instock","11":"sale","12":"shipping-taxable","13":"purchasable","14":"product-type-simple","15":"entry","16":"content-bg","17":"loop-entry"},"_links":{"self":[{"href":"https:\/\/keylessbest.com\/de\/wp-json\/wp\/v2\/product\/16133","targetHints":{"allow":["GET"]}}],"collection":[{"href":"https:\/\/keylessbest.com\/de\/wp-json\/wp\/v2\/product"}],"about":[{"href":"https:\/\/keylessbest.com\/de\/wp-json\/wp\/v2\/types\/product"}],"replies":[{"embeddable":true,"href":"https:\/\/keylessbest.com\/de\/wp-json\/wp\/v2\/comments?post=16133"}],"version-history":[{"count":3,"href":"https:\/\/keylessbest.com\/de\/wp-json\/wp\/v2\/product\/16133\/revisions"}],"predecessor-version":[{"id":20335,"href":"https:\/\/keylessbest.com\/de\/wp-json\/wp\/v2\/product\/16133\/revisions\/20335"}],"wp:featuredmedia":[{"embeddable":true,"href":"https:\/\/keylessbest.com\/de\/wp-json\/wp\/v2\/media\/21493"}],"wp:attachment":[{"href":"https:\/\/keylessbest.com\/de\/wp-json\/wp\/v2\/media?parent=16133"}],"wp:term":[{"taxonomy":"product_brand","embeddable":true,"href":"https:\/\/keylessbest.com\/de\/wp-json\/wp\/v2\/product_brand?post=16133"},{"taxonomy":"product_cat","embeddable":true,"href":"https:\/\/keylessbest.com\/de\/wp-json\/wp\/v2\/product_cat?post=16133"},{"taxonomy":"product_tag","embeddable":true,"href":"https:\/\/keylessbest.com\/de\/wp-json\/wp\/v2\/product_tag?post=16133"},{"taxonomy":"2_year_make_model","embeddable":true,"href":"https:\/\/keylessbest.com\/de\/wp-json\/wp\/v2\/2_year_make_model?post=16133"}],"curies":[{"name":"wp","href":"https:\/\/api.w.org\/{rel}","templated":true}]}}