{"id":16161,"date":"2025-08-19T09:14:26","date_gmt":"2025-08-19T09:14:26","guid":{"rendered":"https:\/\/hanwuji.shengjit.com\/?post_type=product&#038;p=16161"},"modified":"2026-02-25T07:39:55","modified_gmt":"2026-02-25T07:39:55","slug":"2013-2020-ford-schlusselanhanger-7812a-5wy8609-fur-keylessbest","status":"publish","type":"product","link":"https:\/\/keylessbest.com\/de\/product\/2013-2020-ford-schlusselanhanger-7812a-5wy8609-fur-keylessbest\/","title":{"rendered":"2013-2020 Ford Schl\u00fcsselanh\u00e4nger 7812A-5WY8609 f\u00fcr schl\u00fcsselloses System"},"content":{"rendered":"<p>*Die detaillierten Informationen zu diesem 2013-2020 Lincoln Ford Schl\u00fcssel-Entfernungsknopf sind wie folgt. Bitte best\u00e4tigen Sie, dass die folgenden Details mit Ihrem Fahrzeug \u00fcbereinstimmen, bevor Sie bestellen: FCC-ID, Teilenummer, <span style=\"font-size: 16px; font-style: normal; font-weight: 400;\">\u00a0<\/span><span style=\"font-size: 16px; font-style: normal; font-weight: 400;\">Jahr Modell,<\/span><span style=\"font-size: 16px; font-style: normal; font-weight: 400;\">IC,<\/span><span style=\"font-size: 16px; font-style: normal; font-weight: 400;\">\u00a0<\/span><span style=\"font-size: 16px;\">Frequenz, Chip und Tasten.<\/span><\/p>\n<h6><strong><b>Produktinformationen:<\/b><\/strong><\/h6>\n<ul>\n<li style=\"font-size: 16px;\">FCC ID: M3N5WY8609<\/li>\n<li style=\"font-size: 16px;\">PN: 164-R7995, CJ5T-15K601-DX, 5923790<\/li>\n<li style=\"font-size: 16px;\">IC: 7812A-5WY8609<\/li>\n<li>Frequenz: 315MHz<\/li>\n<li>Chip: 83<\/li>\n<li>Testschl\u00fcssel: HU101<\/li>\n<li style=\"font-size: 16px;\">Tasten: Verriegeln, Entriegeln, Panik, Kofferraum, Fernstart<\/li>\n<\/ul>\n<h6><strong><b>Das Referenzmodell<\/b><\/strong><strong><b>\uff1a<\/b><\/strong><\/h6>\n<ul>\n<li>2013 \u2013 2016 Ford Escape Titanium<\/li>\n<li>2017 \u2013 2020 Ford Escape<\/li>\n<li>2013 \u2013 2016 Ford Focus SE und Titanium<\/li>\n<li>2017 <a href=\"https:\/\/keylessbest.com\/de\/product\/2015-2019-ford-focus-3-tasten-schlusselloser-zugang-fernbedienung-kr5876268-pn-164-r8147-49\/\"  data-wpil-monitor-id=\"356\">Ford Focus<\/a><\/li>\n<li>2013 &#8211; 2017 <a href=\"https:\/\/keylessbest.com\/de\/product\/2011-2019-ford-c-max-escape-focus-fiesta-transit-transit-connect-expedition-explorer-flex-taurus-4-tasten-schlusselloser-zugang-fernbedienung-cwtwb1u793-pn-5922964-164-r8046-164-r7976-4d63-80bit\/\"  data-wpil-monitor-id=\"357\">Ford C-max<\/a> ENERGI (Elektrofahrzeug)<\/li>\n<li>2015 \u2013 2017 Ford Focus BEV<\/li>\n<li>2020 Ford MaverickHINWEIS: Dies ist nicht austauschbar mit Proxys, die den standardm\u00e4\u00dfigen H75-Notfallschl\u00fcssel verwenden. Stellen Sie sicher, dass der Originalschl\u00fcssel, den Sie ersetzen, einen High Security HU101-Notfallschl\u00fcssel PN: 164-R8022 hat (siehe Produktfoto). Wenn der Originalschl\u00fcssel mit einem Standard H75-Notfallschl\u00fcssel PN: 164-R8041 geliefert wurde, funktioniert dieser Schl\u00fcssel nicht. RSK-FD-HSGLSMarkenneuer Ersatzteil f\u00fcr:\n<p>FCC ID: M3N5WY8609<\/p>\n<p>Chip: Integrierter Platinenchip \/ Gleiche Funktionalit\u00e4t<\/p>\n<p>Frequenz: 315 MHz<\/p>\n<p>Batterie: CR2032<\/p>\n<p>Tasten: Verriegeln, Entriegeln, Panik, Kofferraum, Fernstart<\/p>\n<p>Notfallschl\u00fcssel inklusive: EKB-FD-HS-01 \u2013 * Hochsicherheit<\/p>\n<p>Testschl\u00fcssel: HU101<\/p>\n<p>Ersetzt PN: 164-R7995, CJ5T-15K601-DX, 5923790<\/p>\n<p>Kompatibel mit den folgenden:<\/p>\n<p>2013 \u2013 2016 Ford Escape Titanium<\/p>\n<p>2017 \u2013 2020 Ford Escape<\/p>\n<p>2013 \u2013 2016 Ford Focus SE und Titanium<\/p>\n<p>2017 Ford Focus<\/p>\n<p>2013 \u2013 2017 Ford C-max ENERGI (Elektrofahrzeug)<\/p>\n<p>2015 \u2013 2017 Ford Focus BEV<\/p>\n<p>2020 Ford Maverick<\/p>\n<p>HINWEIS: Dies ist nicht austauschbar mit Proxys, die den standardm\u00e4\u00dfigen H75-Notfallschl\u00fcssel verwenden.<\/p>\n<p>Stellen Sie sicher, dass der Originalschl\u00fcssel, den Sie ersetzen, einen High Security HU101-Notfallschl\u00fcssel PN: 164-R8022 hat (siehe Produktfoto).<\/p>\n<p>Wenn der Originalschl\u00fcssel mit einem Standard H75-Notfallschl\u00fcssel PN: 164-R8041 geliefert wurde, funktioniert dieser Schl\u00fcssel nicht.<\/li>\n<\/ul>\n<h6><strong><b>Lieferumfang:<\/b><\/strong><\/h6>\n<ul>\n<li>Ein neuer Aftermarket <a href=\"https:\/\/keylessbest.com\/de\/product\/2011-2017-ford-fiesta-3-tasten-keyless-entry-fernbedienung-kr55wk47899-pn164-r8042-fernbedienung-164-r8043-klinge-164-r8042-164-r8039-5913139-5914117-4d63-80bit__trashed\/\"  data-wpil-monitor-id=\"355\">schl\u00fcsselloser Fernbedienungsschl\u00fcssel<\/a><\/li>\n<li>Einen kostenlosen Ersatz-Notfall-Einf\u00fcgeschl\u00fcssel f\u00fcr den Aftermarket<\/li>\n<li>Alle Sender werden mit einer Batterie geliefert<\/li>\n<li>Alle Einheiten werden vor dem Versand getestet<\/li>\n<li>2-Jahres 100% Zufriedenheitsgarantie und Garantie<\/li>\n<\/ul>\n<h6><strong><b>Hinweis:<\/b><\/strong><\/h6>\n<ul>\n<li>Der 2013-2020 Ford Smart <a href=\"https:\/\/keylessbest.com\/de\/product\/2009-2014-toyota-avalon-camry-corolla-3-tasten-schlusselloser-zugang-fernbedienung-hyq14aem-pn-89904-0r060-89904-60770-89904-0r090-89904-42140__trashed\/\" data-wpil-monitor-id=\"351\">schl\u00fcsselloser Zugangsschl\u00fcsselanh\u00e4nger<\/a> Ersatz \u2013 ohne Logo, mit einem ungeschnittenen Notfallschl\u00fcssel inklusive.<\/li>\n<li>Wir schneiden oder programmieren den Fernschl\u00fcssel nicht. F\u00fcr die Preisgestaltung wenden Sie sich bitte an den \u00f6rtlichen Schl\u00fcsseldienst oder H\u00e4ndler.<\/li>\n<li>Dieser Sender ist kompatibel mit Fahrzeugen, die \u00fcber einen Dashboard-Start\/Stopp-Knopf oder Drehknauf-Z\u00fcndung verf\u00fcgen, zusammen mit einem Proxy <a href=\"https:\/\/keylessbest.com\/de\/product\/2016-2022-chevrolet-volt-cruze-neues-modell-traverse-camaro-malibu-cruze-xl8-systeme-nur-blazer-sonic-4-tasten-schlusselloser-zugang-fernbedienung-hyq4ea-pn-1350877113584504-13529660-46\/\" data-wpil-monitor-id=\"354\">Schl\u00fcsselloses Zugangssystem<\/a>.<\/li>\n<li>Der Preis gilt f\u00fcr einen kompletten <a href=\"https:\/\/keylessbest.com\/de\/product\/2015-2021-jeep-renegade-5-tasten-schlusselloser-zugang-fernbedienung-m3n-40821302-ersetzt-pn-6mp33dx9aa-id-47-4a__trashed\/\" data-wpil-monitor-id=\"352\">schl\u00fcssellosen Entry-Remote-Ersatz<\/a>, inklusive Notfallschl\u00fcssel.<\/li>\n<li>Daher empfehlen wir dringend, dass Sie Ihre <a href=\"https:\/\/keylessbest.com\/de\/wie-man-den-schlusselanhanger-schnell-einfach-diy-schritte-fur-jedes-auto-programmiert\/\" data-wpil-monitor-id=\"353\">KEY FOB programmieren lassen<\/a> von einem professionellen Schlosser oder H\u00e4ndler.<\/li>\n<\/ul>\n<h6><strong>Programmierressourcen:<\/strong><\/h6>\n<p><a href=\"http:\/\/programyourfob.com\/?list_9\/\" target=\"_blank\" rel=\"noopener\">http:\/\/programyourfob.com\/?list_9\/<\/a><\/p>\n<p>Vielen Dank, dass Sie uns gew\u00e4hlt haben.<\/p>\n<p>Wir sind einer der professionellsten Hersteller von Autoschl\u00fcsseln, schl\u00fcssellosen Zugangssystemen, <a href=\"https:\/\/keylessbest.com\/de\/product\/2019-2023-dodge-ram-pickup-2500-3500-4500-5500-3-tasten-schlusselloser-zugang-fernbedienung-gq4-76t-teilenummer-68374994ab-68538050aa-68475385aa-4a\/\" data-wpil-monitor-id=\"350\">Autoschl\u00fcssel-Fernbedienung<\/a>, Transponderschips, Schl\u00fcsselprogrammierer, Geh\u00e4use f\u00fcr Autoschl\u00fcssel, Autoschl\u00f6sser, Schlosserwerkzeuge und so weiter. Dar\u00fcber hinaus verf\u00fcgt unser Unternehmen \u00fcber ein professionelles Team und eine Produktionslinie. Au\u00dferdem spezialisieren wir uns auf die Herstellung verschiedener Autoschl\u00fcssel, Geh\u00e4use f\u00fcr Autoschl\u00fcssel und Schlosserwerkzeuge. Wir k\u00fcmmern uns auch um Entwicklung, Herstellung und Gro\u00dfhandel von Auto-Sicherheits- und Schutzprodukten.<\/p>\n<p>Wettbewerbsf\u00e4hige Preise und engagierte Dienstleistungen helfen Ihnen, einen guten Markt zu erschlie\u00dfen. Au\u00dferdem bieten \u00fcber 10 junge und energische Vertriebsteams schnellen, professionellen und freundlichen Service jederzeit. Zus\u00e4tzlich werden alle unsere Produkte direkt aus dem Lager in Deutschland, Kanada und Mexiko versendet. Die Waren, die Sie gekauft haben, werden innerhalb von 48 Stunden nach Bestellung verpackt und versendet. Mehr als 100% unserer Produkte sind auf Lager, und der Bestand ist ausreichend.<\/p>","protected":false},"excerpt":{"rendered":"<ul>\n<li style=\"font-size: 16px;\">SKU: CA-FD561<\/li>\n<li style=\"font-size: 16px;\">FCC ID: M3N5WY8609<\/li>\n<li style=\"font-size: 16px;\">PN: 164-R7995, CJ5T-15K601-DX, 5923790<\/li>\n<li style=\"font-size: 16px;\">IC: 7812A-5WY8609<\/li>\n<li>Frequenz: 315MHz<\/li>\n<li>Chip: 83<\/li>\n<li>Testschl\u00fcssel: HU101<\/li>\n<li style=\"font-size: 16px;\">Tasten: Verriegeln, Entriegeln, Panik, Kofferraum, Fernstart<\/li>\n<\/ul>","protected":false},"featured_media":21595,"comment_status":"open","ping_status":"closed","template":"","meta":{"_bst_post_transparent":"default","_bst_post_title":"","_bst_post_layout":"default","_bst_post_sidebar_id":"","_bst_post_content_style":"default","_bst_post_vertical_padding":"default","_bst_post_feature":"","_bst_post_feature_position":"","_bst_post_header":false,"_bst_post_footer":false},"product_brand":[],"product_cat":[15,156],"product_tag":[],"2_year_make_model":[],"class_list":{"0":"post-16161","1":"product","2":"type-product","3":"status-publish","4":"has-post-thumbnail","6":"product_cat-carkeyremote","7":"product_cat-for-ford","9":"first","10":"instock","11":"sale","12":"shipping-taxable","13":"purchasable","14":"product-type-simple","15":"entry","16":"content-bg","17":"loop-entry"},"_links":{"self":[{"href":"https:\/\/keylessbest.com\/de\/wp-json\/wp\/v2\/product\/16161","targetHints":{"allow":["GET"]}}],"collection":[{"href":"https:\/\/keylessbest.com\/de\/wp-json\/wp\/v2\/product"}],"about":[{"href":"https:\/\/keylessbest.com\/de\/wp-json\/wp\/v2\/types\/product"}],"replies":[{"embeddable":true,"href":"https:\/\/keylessbest.com\/de\/wp-json\/wp\/v2\/comments?post=16161"}],"version-history":[{"count":5,"href":"https:\/\/keylessbest.com\/de\/wp-json\/wp\/v2\/product\/16161\/revisions"}],"predecessor-version":[{"id":19603,"href":"https:\/\/keylessbest.com\/de\/wp-json\/wp\/v2\/product\/16161\/revisions\/19603"}],"wp:featuredmedia":[{"embeddable":true,"href":"https:\/\/keylessbest.com\/de\/wp-json\/wp\/v2\/media\/21595"}],"wp:attachment":[{"href":"https:\/\/keylessbest.com\/de\/wp-json\/wp\/v2\/media?parent=16161"}],"wp:term":[{"taxonomy":"product_brand","embeddable":true,"href":"https:\/\/keylessbest.com\/de\/wp-json\/wp\/v2\/product_brand?post=16161"},{"taxonomy":"product_cat","embeddable":true,"href":"https:\/\/keylessbest.com\/de\/wp-json\/wp\/v2\/product_cat?post=16161"},{"taxonomy":"product_tag","embeddable":true,"href":"https:\/\/keylessbest.com\/de\/wp-json\/wp\/v2\/product_tag?post=16161"},{"taxonomy":"2_year_make_model","embeddable":true,"href":"https:\/\/keylessbest.com\/de\/wp-json\/wp\/v2\/2_year_make_model?post=16161"}],"curies":[{"name":"wp","href":"https:\/\/api.w.org\/{rel}","templated":true}]}}