{"id":16852,"date":"2025-08-19T09:25:16","date_gmt":"2025-08-19T09:25:16","guid":{"rendered":"https:\/\/hanwuji.shengjit.com\/?post_type=product&#038;p=16852"},"modified":"2026-02-12T07:30:12","modified_gmt":"2026-02-12T07:30:12","slug":"2016-2020-mazda-schlusselanhanger-wazske13d02-315mhz-fur-schlussellosen-zugang-beste-2","status":"publish","type":"product","link":"https:\/\/keylessbest.com\/de\/product\/2016-2020-mazda-schlusselanhanger-wazske13d02-315mhz-fur-schlussellosen-zugang-beste-2\/","title":{"rendered":"2016 2020 Mazda Schl\u00fcsselanh\u00e4nger WAZSKE13D02 315MHz f\u00fcr Keylessbest"},"content":{"rendered":"<p>*Die detaillierten Informationen zu diesem schl\u00fcssellosen Fernbedienungsschl\u00fcssel f\u00fcr Mazda von 2016-2020 sind wie folgt. Bitte best\u00e4tigen Sie, dass die folgenden Details mit Ihrem Fahrzeug \u00fcbereinstimmen, bevor Sie bestellen: FCC ID, Teilenummer, Baujahr, IC, Frequenz, Chip und Tasten.<\/p>\n<h6><strong><b>Produktinformationen: <\/b><\/strong><\/h6>\n<ul>\n<li>FCC ID: WAZSKE13D02<\/li>\n<li>PN: GJY9-67-5DY, GJY9-67-5RY<\/li>\n<li>IC: 662F-SKE13D01 662F-SKE13D02<\/li>\n<li>Frequenz: 315MHz<\/li>\n<li>Tasten: Verriegeln, Entriegeln, Klappe, Panik<\/li>\n<\/ul>\n<h6><strong><b>Das Referenzmodell:<\/b><\/strong><\/h6>\n<ul>\n<li>Mazda CX-5 mit elektrischem Heckklappen\u00f6ffner von 2017 \u2013 2020<\/li>\n<li>Mazda CX-9 mit elektrischem Heckklappen\u00f6ffner von 2016 \u2013 2020<\/li>\n<\/ul>\n<h6><strong><b>Lieferumfang:<\/b><\/strong><\/h6>\n<ul>\n<li>Ein neuer schl\u00fcsselloser Fernbedienungsschl\u00fcssel f\u00fcr den Aftermarket<\/li>\n<li>Einen kostenlosen Ersatz-Notfall-Einf\u00fcgeschl\u00fcssel f\u00fcr den Aftermarket<\/li>\n<li>Alle Sender werden mit einer Batterie geliefert<\/li>\n<li>Alle Einheiten werden vor dem Versand getestet<\/li>\n<li>2-Jahres 100% Zufriedenheitsgarantie und Garantie<\/li>\n<\/ul>\n<h6><strong><b>Hinweis:<\/b><\/strong><\/h6>\n<ul>\n<li>Der Ersatz f\u00fcr den Mazda Smart-Schl\u00fcssel-Fob ohne Logo von 2016-2020 \u2013 ohne Logo, mit ungeschnittenem Notfall-Einf\u00fcgekern inklusive.<\/li>\n<li>Wir schneiden oder programmieren den Fernschl\u00fcssel nicht. F\u00fcr die Preisgestaltung wenden Sie sich bitte an den \u00f6rtlichen Schl\u00fcsseldienst oder H\u00e4ndler.<\/li>\n<li>Dieser Sender ist kompatibel mit Fahrzeugen mit einem Armaturenbrett-Start\/Stopp-Knopf oder Drehknauf-Z\u00fcndung,\u00a0\u00a0zusammen mit einem Proxy-Schl\u00fcsselloses-Entry-System.<\/li>\n<li>Preis gilt f\u00fcr einen vollst\u00e4ndigen Ersatz-Remote-Schl\u00fcssel inklusive Notfallschl\u00fcssel.<\/li>\n<li>Daher empfehlen wir dringend, dass Sie Ihren\u00a0SCHL\u00dcSSELANLAGE\u00a0von einem professionellen Schl\u00fcsseldienst oder H\u00e4ndler programmieren lassen.<b><\/b><\/li>\n<\/ul>\n<h6><strong><b>Programmierressourcen\u00a0<\/b><\/strong><\/h6>\n<p><a href=\"http:\/\/programyourfob.com\/?list_23\/\" target=\"_blank\" rel=\"noopener\">http:\/\/programyourfob.com\/?list_23\/<\/a><\/p>\n<p>Vielen Dank, dass Sie sich f\u00fcr uns entschieden haben.<\/p>\n<p>Wir sind einer der professionellsten Hersteller von Autoschl\u00fcsseln, schl\u00fcssellosen Zutrittssystemen, Autoschl\u00fcssel-Fernbedienungen, Transponderschips, Schl\u00fcsselprogrammierern, Autoschl\u00fcsselgeh\u00e4usen, Autoschl\u00f6ssern, Schlosserwerkzeugen und so weiter. Dar\u00fcber hinaus verf\u00fcgt unser Unternehmen \u00fcber ein professionelles Team und eine Produktionslinie. Au\u00dferdem spezialisieren wir uns auf die Herstellung verschiedener Autoschl\u00fcssel, Autoschl\u00fcsselgeh\u00e4use und Schlosserwerkzeuge. Wir k\u00fcmmern uns auch um Entwicklung, Herstellung und Gro\u00dfhandel von Auto-Sicherheits- und Schutzprodukten.<\/p>\n<p>Wettbewerbsf\u00e4hige Preise und engagierte Dienstleistungen helfen Ihnen, einen guten Markt zu erschlie\u00dfen. Au\u00dferdem bieten \u00fcber 10 junge und energische Vertriebsteams schnellen, professionellen und freundlichen Service jederzeit. Zus\u00e4tzlich werden alle unsere Produkte direkt aus dem Lager in Deutschland, Kanada und Mexiko versendet. Die Waren, die Sie gekauft haben, werden innerhalb von 48 Stunden nach Bestellung verpackt und versendet. Mehr als 100% unserer Produkte sind auf Lager, und der Bestand ist ausreichend.<\/p>","protected":false},"excerpt":{"rendered":"<ul>\n<li>SKU: CA-MZ1031<\/li>\n<li>FCC ID: WAZSKE13D02<\/li>\n<li>PN: GJY9-67-5DY, GJY9-67-5RY<\/li>\n<li>IC: 662F-SKE13D01 662F-SKE13D02<\/li>\n<li>Frequenz: 315MHz<\/li>\n<li>Tasten: Verriegeln, Entriegeln, Klappe, Panik<\/li>\n<\/ul>","protected":false},"featured_media":21060,"comment_status":"open","ping_status":"closed","template":"","meta":{"_bst_post_transparent":"default","_bst_post_title":"","_bst_post_layout":"default","_bst_post_sidebar_id":"","_bst_post_content_style":"default","_bst_post_vertical_padding":"default","_bst_post_feature":"","_bst_post_feature_position":"","_bst_post_header":false,"_bst_post_footer":false},"product_brand":[],"product_cat":[15,159],"product_tag":[],"2_year_make_model":[],"class_list":{"0":"post-16852","1":"product","2":"type-product","3":"status-publish","4":"has-post-thumbnail","6":"product_cat-carkeyremote","7":"product_cat-for-mazda","9":"first","10":"instock","11":"sale","12":"shipping-taxable","13":"purchasable","14":"product-type-simple","15":"entry","16":"content-bg","17":"loop-entry"},"_links":{"self":[{"href":"https:\/\/keylessbest.com\/de\/wp-json\/wp\/v2\/product\/16852","targetHints":{"allow":["GET"]}}],"collection":[{"href":"https:\/\/keylessbest.com\/de\/wp-json\/wp\/v2\/product"}],"about":[{"href":"https:\/\/keylessbest.com\/de\/wp-json\/wp\/v2\/types\/product"}],"replies":[{"embeddable":true,"href":"https:\/\/keylessbest.com\/de\/wp-json\/wp\/v2\/comments?post=16852"}],"version-history":[{"count":1,"href":"https:\/\/keylessbest.com\/de\/wp-json\/wp\/v2\/product\/16852\/revisions"}],"predecessor-version":[{"id":19993,"href":"https:\/\/keylessbest.com\/de\/wp-json\/wp\/v2\/product\/16852\/revisions\/19993"}],"wp:featuredmedia":[{"embeddable":true,"href":"https:\/\/keylessbest.com\/de\/wp-json\/wp\/v2\/media\/21060"}],"wp:attachment":[{"href":"https:\/\/keylessbest.com\/de\/wp-json\/wp\/v2\/media?parent=16852"}],"wp:term":[{"taxonomy":"product_brand","embeddable":true,"href":"https:\/\/keylessbest.com\/de\/wp-json\/wp\/v2\/product_brand?post=16852"},{"taxonomy":"product_cat","embeddable":true,"href":"https:\/\/keylessbest.com\/de\/wp-json\/wp\/v2\/product_cat?post=16852"},{"taxonomy":"product_tag","embeddable":true,"href":"https:\/\/keylessbest.com\/de\/wp-json\/wp\/v2\/product_tag?post=16852"},{"taxonomy":"2_year_make_model","embeddable":true,"href":"https:\/\/keylessbest.com\/de\/wp-json\/wp\/v2\/2_year_make_model?post=16852"}],"curies":[{"name":"wp","href":"https:\/\/api.w.org\/{rel}","templated":true}]}}