{"id":17073,"date":"2025-08-19T09:28:52","date_gmt":"2025-08-19T09:28:52","guid":{"rendered":"https:\/\/hanwuji.shengjit.com\/?post_type=product&#038;p=17073"},"modified":"2026-02-12T03:55:40","modified_gmt":"2026-02-12T03:55:40","slug":"2022-2024-acura-rdx-schlusselanhanger-ersatz-433mhz-kr5tp-2","status":"publish","type":"product","link":"https:\/\/keylessbest.com\/de\/product\/2022-2024-acura-rdx-schlusselanhanger-ersatz-433mhz-kr5tp-2\/","title":{"rendered":"2022-2024 Acura RDX Schl\u00fcsselanh\u00e4nger Ersatz 433MHz KR5TP-2"},"content":{"rendered":"<p>*Die detaillierten Informationen zu diesem schl\u00fcssellosen Fernbedienungsschl\u00fcssel f\u00fcr Acura 2021-2022 sind wie folgt. Bitte best\u00e4tigen Sie, dass die folgenden Details mit Ihrem Fahrzeug \u00fcbereinstimmen, bevor Sie bestellen: FCC ID, Teilenummer, Baujahr, IC, Frequenz, Chip und Tasten.<\/p>\n<h6><strong><b>Produktinformationen: <\/b><\/strong><\/h6>\n<ul>\n<li>FCC ID: KR5TP-2<\/li>\n<li>PN: 72147-TJB-A31<\/li>\n<li>IC: 7812D-TP2<\/li>\n<li>Frequenz: 433 MHz<\/li>\n<li>Chip: 47<\/li>\n<li>Testschl\u00fcssel: HU100<\/li>\n<li>Tasten: Sperren, Entsperren, Panik, Klappe<\/li>\n<li>Batterie: CR2032<\/li>\n<\/ul>\n<h6><strong><b>Das Referenzmodell:<\/b><\/strong><\/h6>\n<ul>\n<li>2022 \u2013 2024 Acura RDX<\/li>\n<\/ul>\n<h6><strong><b>Lieferumfang:<\/b><\/strong><\/h6>\n<ul>\n<li>Ein neuer schl\u00fcsselloser Fernbedienungsschl\u00fcssel f\u00fcr den Aftermarket<\/li>\n<li>Einen kostenlosen Ersatz-Notfall-Einf\u00fcgeschl\u00fcssel f\u00fcr den Aftermarket<\/li>\n<li>Alle Sender werden mit einer Batterie geliefert<\/li>\n<li>Alle Einheiten werden vor dem Versand getestet<\/li>\n<li>2-Jahres 100% Zufriedenheitsgarantie und Garantie<\/li>\n<\/ul>\n<h6><strong><b>Hinweis:<\/b><\/strong><\/h6>\n<ul>\n<li>Der Ersatz f\u00fcr den Acura Smart Keyless-Entry-Fob 2022-2024 \u2013 ohne Logo, mit einem ungeschnittenen Notfall-Einsatzschl\u00fcssel.<\/li>\n<li>Wir schneiden oder <a href=\"https:\/\/keylessbest.com\/de\/product\/ezprogrammer-obd-werkzeug-fur-iphone-android-keine-abonnementgebuhr\/\" data-wpil-monitor-id=\"1779\">programmieren den Fernschl\u00fcssel nicht<\/a>.Zus\u00e4tzlich kontaktieren Sie bitte den \u00f6rtlichen Schl\u00fcsseldienst oder H\u00e4ndler f\u00fcr Preise.<\/li>\n<li>Dieser Sender ist kompatibel mit Fahrzeugen, die \u00fcber einen Dashboard-Start\/Stopp-Knopf oder einen Drehknauf-Startmechanismus verf\u00fcgen, sowie mit einem Proxy-Schl\u00fcsselloses-Eintrittssystem.<\/li>\n<li>Der Preis gilt f\u00fcr eine komplette Ersatz-Schl\u00fcsselloseingangsfernbedienung, Notfallschl\u00fcssel inklusive.<\/li>\n<li>Daher empfehlen wir dringend, dass Sie Ihre <a href=\"https:\/\/keylessbest.com\/de\/wie-man-einen-schlusseldienst-findet-um-meinen-schlusselanhanger-zu-programmieren\/\" data-wpil-monitor-id=\"1778\">\u00a0SCHL\u00dcSSELFOB programmierte von einem professionellen Schl\u00fcsseldienst<\/a> oder H\u00e4ndler.<\/li>\n<\/ul>\n<h6><strong><b>Programmierressourcen\u00a0<\/b><\/strong><\/h6>\n<p><a href=\"http:\/\/programyourfob.com\/?list_1\/\" target=\"_blank\" rel=\"noopener\">http:\/\/programyourfob.com\/?list_1\/<\/a><\/p>\n<p>Vielen Dank, dass Sie sich f\u00fcr uns entschieden haben.<\/p>\n<p>Wir sind einer der professionellsten Hersteller von Autoschl\u00fcsseln, schl\u00fcssellosen Zugangssystemen, Autoschl\u00fcssel-Fernbedienungen, Transponderschips, Schl\u00fcsselprogrammierern, Autoschl\u00fcsselgeh\u00e4usen, Autoschl\u00f6ssern, Schlosserwerkzeugen und so weiter. Au\u00dferdem verf\u00fcgt unser Unternehmen \u00fcber ein professionelles Team und eine Produktionslinie. Dar\u00fcber hinaus spezialisieren wir uns auf die Herstellung verschiedener <a href=\"https:\/\/keylessbest.com\/de\/wie-viel-kostet-es-im-jahr-2025-eine-autoschlussel-fob-zu-ersetzen\/\" data-wpil-monitor-id=\"1780\">Autoschl\u00fcssel<\/a>Autoschl\u00fcsselgeh\u00e4use und Schlosserwerkzeuge. Wir \u00fcbernehmen auch Entwicklung, Herstellung und Gro\u00dfhandel von Auto-Sicherheits- und Schutzprodukten.<\/p>\n<p>Wettbewerbsf\u00e4hige Preise und engagierte Dienstleistungen helfen Ihnen, einen guten Markt zu erschlie\u00dfen. Au\u00dferdem bieten \u00fcber 10 junge und energische Vertriebsteams schnellen, professionellen und freundlichen Service jederzeit. Zus\u00e4tzlich werden alle unsere Produkte direkt aus dem Lager in Deutschland, Kanada und Mexiko versendet. Die Waren, die Sie gekauft haben, werden innerhalb von 48 Stunden nach Bestellung verpackt und versendet. Mehr als 100% unserer Produkte sind auf Lager, und der Bestand ist ausreichend.<\/p>","protected":false},"excerpt":{"rendered":"<ul>\n<li>SKU: CA-HD1091<\/li>\n<li>FCC ID: KR5TP-2<\/li>\n<li>PN: 72147-TJB-A31<\/li>\n<li>IC: 7812D-TP2<\/li>\n<li>Frequenz: 433 MHz<\/li>\n<li>Chip: 47<\/li>\n<li>Testschl\u00fcssel: HU100<\/li>\n<li>Tasten: Sperren, Entsperren, Panik, Klappe<\/li>\n<li>Batterie: CR2032<\/li>\n<\/ul>","protected":false},"featured_media":21008,"comment_status":"open","ping_status":"closed","template":"","meta":{"_bst_post_transparent":"default","_bst_post_title":"","_bst_post_layout":"default","_bst_post_sidebar_id":"","_bst_post_content_style":"default","_bst_post_vertical_padding":"default","_bst_post_feature":"","_bst_post_feature_position":"","_bst_post_header":false,"_bst_post_footer":false},"product_brand":[],"product_cat":[15,381],"product_tag":[],"2_year_make_model":[],"class_list":{"0":"post-17073","1":"product","2":"type-product","3":"status-publish","4":"has-post-thumbnail","6":"product_cat-carkeyremote","7":"product_cat-for-acura","9":"first","10":"instock","11":"sale","12":"shipping-taxable","13":"purchasable","14":"product-type-simple","15":"entry","16":"content-bg","17":"loop-entry"},"_links":{"self":[{"href":"https:\/\/keylessbest.com\/de\/wp-json\/wp\/v2\/product\/17073","targetHints":{"allow":["GET"]}}],"collection":[{"href":"https:\/\/keylessbest.com\/de\/wp-json\/wp\/v2\/product"}],"about":[{"href":"https:\/\/keylessbest.com\/de\/wp-json\/wp\/v2\/types\/product"}],"replies":[{"embeddable":true,"href":"https:\/\/keylessbest.com\/de\/wp-json\/wp\/v2\/comments?post=17073"}],"version-history":[{"count":2,"href":"https:\/\/keylessbest.com\/de\/wp-json\/wp\/v2\/product\/17073\/revisions"}],"predecessor-version":[{"id":19725,"href":"https:\/\/keylessbest.com\/de\/wp-json\/wp\/v2\/product\/17073\/revisions\/19725"}],"wp:featuredmedia":[{"embeddable":true,"href":"https:\/\/keylessbest.com\/de\/wp-json\/wp\/v2\/media\/21008"}],"wp:attachment":[{"href":"https:\/\/keylessbest.com\/de\/wp-json\/wp\/v2\/media?parent=17073"}],"wp:term":[{"taxonomy":"product_brand","embeddable":true,"href":"https:\/\/keylessbest.com\/de\/wp-json\/wp\/v2\/product_brand?post=17073"},{"taxonomy":"product_cat","embeddable":true,"href":"https:\/\/keylessbest.com\/de\/wp-json\/wp\/v2\/product_cat?post=17073"},{"taxonomy":"product_tag","embeddable":true,"href":"https:\/\/keylessbest.com\/de\/wp-json\/wp\/v2\/product_tag?post=17073"},{"taxonomy":"2_year_make_model","embeddable":true,"href":"https:\/\/keylessbest.com\/de\/wp-json\/wp\/v2\/2_year_make_model?post=17073"}],"curies":[{"name":"wp","href":"https:\/\/api.w.org\/{rel}","templated":true}]}}