{"id":17473,"date":"2025-08-19T09:41:30","date_gmt":"2025-08-19T09:41:30","guid":{"rendered":"https:\/\/hanwuji.shengjit.com\/?post_type=product&#038;p=17473"},"modified":"2026-02-12T09:21:55","modified_gmt":"2026-02-12T09:21:55","slug":"ford-schlusselanhanger-1999-2016-cwtwb1u345-315mhz-fur-keylessbest","status":"publish","type":"product","link":"https:\/\/keylessbest.com\/de\/product\/ford-schlusselanhanger-1999-2016-cwtwb1u345-315mhz-fur-keylessbest\/","title":{"rendered":"Ford Schl\u00fcsselanh\u00e4nger 1999-2016 CWTWB1U345 315Mhz f\u00fcr keylessbest"},"content":{"rendered":"<p>*Die detaillierten Informationen zu diesem schl\u00fcssellosen Fernbedienungsschl\u00fcssel f\u00fcr Ford Lincoln Mazda Mercury von 1998-2016 sind wie folgt. Bitte best\u00e4tigen Sie, dass die folgenden Details mit Ihrem Fahrzeug \u00fcbereinstimmen, bevor Sie bestellen: FCC-ID, Teilenummer, Baujahr, IC, Frequenz, Chip und Tasten.<\/p>\n<h6><strong><b>Produktinformationen:<\/b><\/strong><\/h6>\n<ul>\n<li>FCC-ID: CWTWB1U345<\/li>\n<li>Frequenz: 315MHz<\/li>\n<\/ul>\n<h6><strong><b>Das Referenzmodell:<\/b><\/strong><\/h6>\n<ul>\n<li>1998 \u2013 2001 Ford F-100 Ranger<\/li>\n<li>1998 \u2013 2016 Ford F-150<\/li>\n<li>2004 Ford F-150 Heritage<\/li>\n<li>1998 \u2013 2009 Ford F-250<\/li>\n<li>1999 \u2013 2016 Ford F-250 Super Duty<\/li>\n<li>1998 \u2013 2016 Ford F-350<\/li>\n<li>1999 \u2013 2016 Ford F-350 Super Duty<\/li>\n<li>1998 \u2013 2016 Ford F-450<\/li>\n<li>1999 \u2013 2016 Ford F-450 Super Duty<\/li>\n<li>2010 \u2013 2016 Ford F-550<\/li>\n<li>1999 \u2013 2016 Ford F-550 Super Duty<\/li>\n<li>2010 \u2013 2016 Ford Flex<\/li>\n<li>1998 \u2013 2016 Ford Expedition<\/li>\n<li>2007 \u2013 2015 Ford Edge<\/li>\n<li>2001 \u2013 2014 Ford Escape<\/li>\n<li>2000 \u2013 2005 Ford Excursion<\/li>\n<li>2002 \u2013 2003 Ford Escort<\/li>\n<li>1998 \u2013 2015 Ford Explorer<\/li>\n<li>2001 \u2013 2010 Ford Explorer Sport Trac<\/li>\n<li>2010 \u2013 2013 Ford Econoline Van<\/li>\n<li>2010 \u2013 2013 Ford Econoline Wagon<\/li>\n<li>2003 \u2013 2014 Ford E-150<\/li>\n<li>2003 \u2013 2005 Ford E-150 Club Wagon<\/li>\n<li>1999 \u2013 2008 Ford E-150 Econoline<\/li>\n<li>1999 \u2013 2002 Ford E-150 Econoline Club Wagon<\/li>\n<li>2004 \u2013 2005 Ford E-250 Super Duty<\/li>\n<li>2003 \u2013 2014 Ford E-250<\/li>\n<li>1999 \u2013 2002 Ford E-250 Econoline<\/li>\n<li>1999 \u2013 2002 Ford E-350 Econoline Club Wagon<\/li>\n<li>1999 \u2013 2014 Ford E-350 Super Duty<\/li>\n<li>2003 \u2013 2005 Ford E-350 Club Wagon<\/li>\n<li>1999 \u2013 2007 Ford E-350 Econoline<\/li>\n<li>2003 \u2013 2014 Ford E-450 Super Duty<\/li>\n<li>1999 \u2013 2002 Ford E-450 Econoline Super Duty<\/li>\n<li>2003 Ford E-550 Super Duty<\/li>\n<li>2002 Ford E-550 Econoline Super Duty<\/li>\n<li>2000 \u2013 2006 Ford Econoline<\/li>\n<li>2006 \u2013 2012 Ford Focus<\/li>\n<li>2006 \u2013 2012 Ford Fusion<\/li>\n<li>2004 \u2013 2007 Ford Freestar<\/li>\n<li>2005 \u2013 2007 Ford Freestyle<\/li>\n<li>1998 \u2013 2012 Ford Ranger<\/li>\n<li>1998 \u2013 2003 Ford Windstar<\/li>\n<li>2008 \u2013 2009 Ford Taurus X<\/li>\n<li>2001 \u2013 2011 Mazda Tribute<\/li>\n<li>2001 \u2013 2010 Mazda B2300<\/li>\n<li>1998 \u2013 2001 Mazda B2500<\/li>\n<li>1998 \u2013 2010 Mazda B4000<\/li>\n<li>1998 \u2013 2009 Mazda B3000<\/li>\n<li>2005 \u2013 2011 Mercury Mariner<\/li>\n<li>1998 \u2013 2010 Mercury Mountaineer<\/li>\n<li>1999 \u2013 2009 Mercury Sable<\/li>\n<li>2004 \u2013 2007 Mercury Monterey<\/li>\n<li>2003 \u2013 2004 Mercury Marauder<\/li>\n<li>2007 \u2013 2016 Lincoln MKZ<\/li>\n<li>2007 \u2013 2013 Lincoln MKX<\/li>\n<li>2002 \u2013 2003 Lincoln Blackwood<\/li>\n<li>2006 \u2013 2008 Lincoln Mark LT<\/li>\n<li>1999 \u2013 2015 Lincoln Navigator<\/li>\n<\/ul>\n<h6><strong><b>Lieferumfang:<\/b><\/strong><\/h6>\n<ul>\n<li>Ein neuer schl\u00fcsselloser Fernbedienungsschl\u00fcssel f\u00fcr den Aftermarket<\/li>\n<li>Einen kostenlosen Ersatz-Notfall-Einf\u00fcgeschl\u00fcssel f\u00fcr den Aftermarket<\/li>\n<li>Alle Sender werden mit einer Batterie geliefert<\/li>\n<li>Alle Einheiten werden vor dem Versand getestet<\/li>\n<li>2-Jahres 100% Zufriedenheitsgarantie und Garantie<\/li>\n<\/ul>\n<h6><strong><b>Hinweis:<\/b><\/strong><\/h6>\n<ul>\n<li>Der 1998-2016 Ford Lincoln Mazda Mercury Smart-Schl\u00fcssel-Entriegelungs-Transponderersatz \u2013 ohne Logo, mit ungeschnittener Notfall-Einf\u00fcgeklemme inklusive.<\/li>\n<li>Wir schneiden oder programmieren den Fernschl\u00fcssel nicht. F\u00fcr die Preisgestaltung wenden Sie sich bitte an den \u00f6rtlichen Schl\u00fcsseldienst oder H\u00e4ndler.<\/li>\n<li>Dieses Transmitter ist kompatibel mit Fahrzeugen mit einem Start\/Stopp-Knopf am Armaturenbrett oder Drehknauf-Z\u00fcndung, sowie einem Proxy-Schl\u00fcsselsystem.<\/li>\n<li>Der Preis gilt f\u00fcr eine komplette Ersatz-Schl\u00fcsselloseingangsfernbedienung, Notfallschl\u00fcssel inklusive.<\/li>\n<li>Daher empfehlen wir dringend, dass Sie Ihren\u00a0SCHL\u00dcSSELANLAGE\u00a0von einem professionellen Schl\u00fcsseldienst oder H\u00e4ndler programmieren lassen.<\/li>\n<\/ul>\n<h6><strong>Programmierressourcen:<\/strong><\/h6>\n<p><a href=\"http:\/\/programyourfob.com\/?list_9\/\" target=\"_blank\" rel=\"noopener\">http:\/\/programyourfob.com\/?list_9\/<\/a><\/p>\n<p><a href=\"http:\/\/programyourfob.com\/?list_22\/\" target=\"_blank\" rel=\"noopener\">http:\/\/programyourfob.com\/?list_22\/<\/a><\/p>\n<p><a href=\"http:\/\/programyourfob.com\/?list_24\/\" target=\"_blank\" rel=\"noopener\">http:\/\/programyourfob.com\/?list_24\/<\/a><\/p>\n<p><a href=\"http:\/\/programyourfob.com\/?list_23\/\" target=\"_blank\" rel=\"noopener\">http:\/\/programyourfob.com\/?list_23\/<\/a><\/p>\n<p>Vielen Dank, dass Sie uns gew\u00e4hlt haben.<\/p>\n<p>Wir sind einer der professionellsten Hersteller von Autoschl\u00fcsseln, schl\u00fcssellosen Systemen, Auto-Remote-Schl\u00fcsseln, Transponderchips, Schl\u00fcsselprogrammierern, Auto-Schl\u00fcsselgeh\u00e4usen, Autoschl\u00f6ssern, Schl\u00fcsseldienstwerkzeugen und so weiter. Au\u00dferdem verf\u00fcgt unser Unternehmen\u00a0\u00a0\u00fcber ein professionelles Team und eine Produktionslinie. Dar\u00fcber hinaus spezialisieren wir uns auf die Herstellung verschiedener Autoschl\u00fcssel, Schl\u00fcsselgeh\u00e4use und Schl\u00fcsseldienstwerkzeuge. Wir k\u00fcmmern uns auch um Entwicklung, Herstellung und Gro\u00dfhandel von Auto-Sicherheits- und Schutzprodukten.<\/p>\n<p>Wettbewerbsf\u00e4hige Preise und engagierte Dienstleistungen helfen Ihnen, einen guten Markt zu erschlie\u00dfen. Au\u00dferdem bieten \u00fcber 10 junge und energische Vertriebsteams schnellen, professionellen und freundlichen Service jederzeit. Zus\u00e4tzlich werden alle unsere Produkte direkt aus dem Lager in Deutschland, Kanada und Mexiko versendet. Die Waren, die Sie gekauft haben, werden innerhalb von 48 Stunden nach Bestellung verpackt und versendet. Mehr als 100% unserer Produkte sind auf Lager, und der Bestand ist ausreichend.<\/p>","protected":false},"excerpt":{"rendered":"<ul>\n<li>FCC-ID: CWTWB1U345<\/li>\n<li>Frequenz: 315MHz<\/li>\n<\/ul>","protected":false},"featured_media":21111,"comment_status":"open","ping_status":"closed","template":"","meta":{"_bst_post_transparent":"default","_bst_post_title":"","_bst_post_layout":"default","_bst_post_sidebar_id":"","_bst_post_content_style":"default","_bst_post_vertical_padding":"default","_bst_post_feature":"","_bst_post_feature_position":"","_bst_post_header":false,"_bst_post_footer":false},"product_brand":[],"product_cat":[15,156,379,159,380],"product_tag":[],"2_year_make_model":[],"class_list":{"0":"post-17473","1":"product","2":"type-product","3":"status-publish","4":"has-post-thumbnail","6":"product_cat-carkeyremote","7":"product_cat-for-ford","8":"product_cat-for-lincoln","9":"product_cat-for-mazda","10":"product_cat-for-mercury","12":"first","13":"instock","14":"sale","15":"shipping-taxable","16":"purchasable","17":"product-type-simple","18":"entry","19":"content-bg","20":"loop-entry"},"_links":{"self":[{"href":"https:\/\/keylessbest.com\/de\/wp-json\/wp\/v2\/product\/17473","targetHints":{"allow":["GET"]}}],"collection":[{"href":"https:\/\/keylessbest.com\/de\/wp-json\/wp\/v2\/product"}],"about":[{"href":"https:\/\/keylessbest.com\/de\/wp-json\/wp\/v2\/types\/product"}],"replies":[{"embeddable":true,"href":"https:\/\/keylessbest.com\/de\/wp-json\/wp\/v2\/comments?post=17473"}],"version-history":[{"count":2,"href":"https:\/\/keylessbest.com\/de\/wp-json\/wp\/v2\/product\/17473\/revisions"}],"predecessor-version":[{"id":19584,"href":"https:\/\/keylessbest.com\/de\/wp-json\/wp\/v2\/product\/17473\/revisions\/19584"}],"wp:featuredmedia":[{"embeddable":true,"href":"https:\/\/keylessbest.com\/de\/wp-json\/wp\/v2\/media\/21111"}],"wp:attachment":[{"href":"https:\/\/keylessbest.com\/de\/wp-json\/wp\/v2\/media?parent=17473"}],"wp:term":[{"taxonomy":"product_brand","embeddable":true,"href":"https:\/\/keylessbest.com\/de\/wp-json\/wp\/v2\/product_brand?post=17473"},{"taxonomy":"product_cat","embeddable":true,"href":"https:\/\/keylessbest.com\/de\/wp-json\/wp\/v2\/product_cat?post=17473"},{"taxonomy":"product_tag","embeddable":true,"href":"https:\/\/keylessbest.com\/de\/wp-json\/wp\/v2\/product_tag?post=17473"},{"taxonomy":"2_year_make_model","embeddable":true,"href":"https:\/\/keylessbest.com\/de\/wp-json\/wp\/v2\/2_year_make_model?post=17473"}],"curies":[{"name":"wp","href":"https:\/\/api.w.org\/{rel}","templated":true}]}}