{"id":17660,"date":"2025-08-19T09:49:18","date_gmt":"2025-08-19T09:49:18","guid":{"rendered":"https:\/\/hanwuji.shengjit.com\/?post_type=product&#038;p=17660"},"modified":"2026-02-25T06:49:50","modified_gmt":"2026-02-25T06:49:50","slug":"2011-2019-ford-schlusselanhanger-5922964-fur-keylessbest","status":"publish","type":"product","link":"https:\/\/keylessbest.com\/de\/product\/2011-2019-ford-schlusselanhanger-5922964-fur-keylessbest\/","title":{"rendered":"2011-2019 Ford Schl\u00fcsselanh\u00e4nger 5922964 f\u00fcr schl\u00fcssellosen Zugang"},"content":{"rendered":"<p>*Die detaillierten Informationen zu diesem Ford-Schl\u00fcssel-Fernbedienungsschl\u00fcssel von 2011-2019 sind wie folgt. Bitte best\u00e4tigen Sie, dass die folgenden Details mit Ihrem Fahrzeug \u00fcbereinstimmen, bevor Sie bestellen: FCC-ID, Teilenummer, Baujahr, IC, Frequenz, Chip und Tasten.<\/p>\n<h6><strong><b>Produktinformationen:<\/b><\/strong><\/h6>\n<ul>\n<li>FCC-ID: CWTWB1U793<\/li>\n<li>PN: 5922964, 164-R8046, 164-R7976<\/li>\n<li>IC: 1788A-FWB1U793<\/li>\n<li>Frequenz: 315MHz<\/li>\n<li>Chip: <a href=\"https:\/\/keylessbest.com\/de\/product\/2001-2017-ford-lincoln-econoline-edge-escape-expedition-explorer-flex-freestar-freestyle-f-150-f-250-350-450-f-550-650-750-fusion-ranger-taurus-x-windstar-mkx-mkz-option-3-tasten-keyless-entry\/\" data-wpil-monitor-id=\"113\">4D63 80Bit<\/a><\/li>\n<li>Tasten: Entriegeln, Verriegeln, Alarm<\/li>\n<\/ul>\n<h6><strong><b>Das Referenzmodell:<\/b><\/strong><\/h6>\n<ul>\n<li>Ford C-Max von 2013 bis 2019<\/li>\n<li>Ford Escape 2013 \u2013 2019<\/li>\n<li>Ford Focus 2012 \u2013 2019<\/li>\n<li>Ford Fiesta 2015 \u2013 2019<\/li>\n<li>2013 &#8211; 2018 <a href=\"https:\/\/keylessbest.com\/de\/product\/2019-2020-ford-transit-transit-connect-4-tasten-schlusselloser-zugang-fernbedienung-n5f-a08taa-pn-164-r8236-4d-63-128-bit-49__trashed\/\" data-wpil-monitor-id=\"112\">Ford Transit<\/a><\/li>\n<li>Ford Transit Connect 2014 \u2013 2018<\/li>\n<li>Ford Expedition 2011 \u2013 2017<\/li>\n<li>2011 &#8211; 2015 <a href=\"https:\/\/keylessbest.com\/de\/product\/2000-2018-ford-lincoln-mazda-mercury-edge-escape-expedition-explorer-explorer-sport-trac-f-150-f-350-flex-focus-fusion-freestar-freestyle-ranger-taurus-x-windstar-mark-lt-mkx-mkz-b-serie-tribute-m\/\" data-wpil-monitor-id=\"115\">Ford Explorer<\/a><\/li>\n<li>Ford Flex 2012 \u2013 2017<\/li>\n<li>Ford Taurus 2012 \u2013 2019<br \/>\nHINWEIS: DAS FERNSTEUERUNGSMODUL MUSS MIT DEM ONBOARD-VERFAHREN GETEILT VON DEM TRANSPONDER PROGRAMMIERT WERDEN.*Ford Transit \u2013 Kofferraumtaste funktioniert auch zum Bet\u00e4tigen der Schiebet\u00fcr<\/li>\n<\/ul>\n<h6><strong><b>Lieferumfang:<\/b><\/strong><\/h6>\n<ul>\n<li>Ein neuer schl\u00fcsselloser Fernbedienungsschl\u00fcssel f\u00fcr den Aftermarket<\/li>\n<li>Einen kostenlosen Ersatz-Notfall-Einf\u00fcgeschl\u00fcssel f\u00fcr den Aftermarket<\/li>\n<li>Alle Sender werden mit einer Batterie geliefert<\/li>\n<li>Alle Einheiten werden vor dem Versand getestet<\/li>\n<li>2-Jahres 100% Zufriedenheitsgarantie und Garantie<\/li>\n<\/ul>\n<h6><strong><b>Hinweis:<\/b><\/strong><\/h6>\n<ul>\n<li>Der 2011-2019 Ford Smart <a href=\"https:\/\/keylessbest.com\/de\/product\/2015-2020-cadillac-ats-ats-v-ct6-ct6-plug-in-cts-cts-v-xts-5-tasten-schlusselverlust-fernbedienung-hyq2eb-pn-13598512-13594029s-13510243-46__trashed\/\" data-wpil-monitor-id=\"108\">schl\u00fcsselloser Zugangsschl\u00fcsselanh\u00e4nger<\/a> Ersatz \u2013 ohne Logo, mit einem ungeschnittenen Notfallschl\u00fcssel inklusive.<\/li>\n<li>Wir schneiden oder programmieren den Fernschl\u00fcssel nicht. F\u00fcr die Preisgestaltung wenden Sie sich bitte an den \u00f6rtlichen Schl\u00fcsseldienst oder H\u00e4ndler.<\/li>\n<li>Dieser Sender ist kompatibel mit Fahrzeugen, die \u00fcber einen Dashboard-Start\/Stopp-Knopf oder Drehknauf-Z\u00fcndung verf\u00fcgen, zusammen mit einem Proxy <a href=\"https:\/\/keylessbest.com\/de\/product\/2007-2013-nissan-rogue-versa-pathfinder-mit-smart-system-3-tasten-schlusselloser-entry-fernbedienung-cwtwbu729-cwtwbu735-cwtwbu624-pn-285e3-em30d-285e3-em31d\/\" data-wpil-monitor-id=\"111\">Schl\u00fcsselloses Zugangssystem<\/a>.<\/li>\n<li>Der Preis gilt f\u00fcr einen kompletten <a href=\"https:\/\/keylessbest.com\/de\/product\/2015-2021-jeep-renegade-5-tasten-schlusselloser-zugang-fernbedienung-m3n-40821302-ersetzt-pn-6mp33dx9aa-id-47-4a__trashed\/\" data-wpil-monitor-id=\"109\">schl\u00fcssellosen Entry-Remote-Ersatz<\/a>, inklusive Notfallschl\u00fcssel.<\/li>\n<li>Daher empfehlen wir dringend, dass Sie Ihre <a href=\"https:\/\/keylessbest.com\/de\/wie-man-den-schlusselanhanger-schnell-einfach-diy-schritte-fur-jedes-auto-programmiert\/\" data-wpil-monitor-id=\"110\">KEY FOB programmieren lassen<\/a> von einem professionellen Schlosser oder H\u00e4ndler.<\/li>\n<\/ul>\n<h6><strong>Programmierressourcen:<\/strong><\/h6>\n<p><a href=\"http:\/\/programyourfob.com\/?list_9\/\" target=\"_blank\" rel=\"noopener\">http:\/\/programyourfob.com\/?list_9\/<\/a><\/p>\n<p>Vielen Dank, dass Sie uns gew\u00e4hlt haben.<\/p>\n<p>Wir sind einer der professionellsten Hersteller von Autoschl\u00fcsseln, schl\u00fcssellosen Zugangssystemen, <a href=\"https:\/\/keylessbest.com\/de\/product\/2020-2021-lexus-rx350-rx350l-rx450-rx450h-rx450hl-nx200t-nx300h-lx570-4-tasten-schlusselloser-zugang-fernbedienung-hyq14flb-pn-89904-48v80-texas-id-h-8a__trashed\/\" data-wpil-monitor-id=\"107\">Autoschl\u00fcssel-Fernbedienung<\/a>, Transponderschips, Schl\u00fcsselprogrammierer, Geh\u00e4use f\u00fcr Autoschl\u00fcssel, Autoschl\u00f6sser, Schlosserwerkzeuge und so weiter. Dar\u00fcber hinaus verf\u00fcgt unser Unternehmen \u00fcber ein professionelles Team und eine Produktionslinie. Au\u00dferdem spezialisieren wir uns auf die Herstellung verschiedener Autoschl\u00fcssel, Geh\u00e4use f\u00fcr Autoschl\u00fcssel und Schlosserwerkzeuge. Wir k\u00fcmmern uns auch um Entwicklung, Herstellung und Gro\u00dfhandel von Auto-Sicherheits- und Schutzprodukten.<\/p>\n<p>Wettbewerbsf\u00e4hige Preise und engagierte Dienstleistungen helfen Ihnen, einen guten Markt zu erschlie\u00dfen. Au\u00dferdem bieten \u00fcber 10 junge und energische Vertriebsteams schnellen, professionellen und freundlichen Service jederzeit. Zus\u00e4tzlich werden alle unsere Produkte direkt aus dem Lager in Deutschland, Kanada und Mexiko versendet. Die Waren, die Sie gekauft haben, werden innerhalb von 48 Stunden nach Bestellung verpackt und versendet. Mehr als 100% unserer Produkte sind auf Lager, und der Bestand ist ausreichend.<\/p>","protected":false},"excerpt":{"rendered":"<ul>\n<li>SKU: CA-FD415<\/li>\n<li>FCC-ID: CWTWB1U793<\/li>\n<li>PN: 5922964, 164-R8046, 164-R7976<\/li>\n<li>IC: 1788A-FWB1U793<\/li>\n<li>Frequenz: 315MHz<\/li>\n<li>Chip: <a href=\"https:\/\/keylessbest.com\/de\/product\/2001-2017-ford-lincoln-econoline-edge-escape-expedition-explorer-flex-freestar-freestyle-f-150-f-250-350-450-f-550-650-750-fusion-ranger-taurus-x-windstar-mkx-mkz-option-3-tasten-keyless-entry\/\"  data-wpil-monitor-id=\"114\">4D63 80Bit<\/a><\/li>\n<li>Tasten: Entriegeln, Verriegeln, Alarm<\/li>\n<\/ul>","protected":false},"featured_media":21600,"comment_status":"open","ping_status":"closed","template":"","meta":{"_bst_post_transparent":"default","_bst_post_title":"","_bst_post_layout":"default","_bst_post_sidebar_id":"","_bst_post_content_style":"default","_bst_post_vertical_padding":"default","_bst_post_feature":"","_bst_post_feature_position":"","_bst_post_header":false,"_bst_post_footer":false},"product_brand":[],"product_cat":[15,156],"product_tag":[],"2_year_make_model":[],"class_list":{"0":"post-17660","1":"product","2":"type-product","3":"status-publish","4":"has-post-thumbnail","6":"product_cat-carkeyremote","7":"product_cat-for-ford","9":"first","10":"instock","11":"sale","12":"shipping-taxable","13":"purchasable","14":"product-type-simple","15":"entry","16":"content-bg","17":"loop-entry"},"_links":{"self":[{"href":"https:\/\/keylessbest.com\/de\/wp-json\/wp\/v2\/product\/17660","targetHints":{"allow":["GET"]}}],"collection":[{"href":"https:\/\/keylessbest.com\/de\/wp-json\/wp\/v2\/product"}],"about":[{"href":"https:\/\/keylessbest.com\/de\/wp-json\/wp\/v2\/types\/product"}],"replies":[{"embeddable":true,"href":"https:\/\/keylessbest.com\/de\/wp-json\/wp\/v2\/comments?post=17660"}],"version-history":[{"count":2,"href":"https:\/\/keylessbest.com\/de\/wp-json\/wp\/v2\/product\/17660\/revisions"}],"predecessor-version":[{"id":19583,"href":"https:\/\/keylessbest.com\/de\/wp-json\/wp\/v2\/product\/17660\/revisions\/19583"}],"wp:featuredmedia":[{"embeddable":true,"href":"https:\/\/keylessbest.com\/de\/wp-json\/wp\/v2\/media\/21600"}],"wp:attachment":[{"href":"https:\/\/keylessbest.com\/de\/wp-json\/wp\/v2\/media?parent=17660"}],"wp:term":[{"taxonomy":"product_brand","embeddable":true,"href":"https:\/\/keylessbest.com\/de\/wp-json\/wp\/v2\/product_brand?post=17660"},{"taxonomy":"product_cat","embeddable":true,"href":"https:\/\/keylessbest.com\/de\/wp-json\/wp\/v2\/product_cat?post=17660"},{"taxonomy":"product_tag","embeddable":true,"href":"https:\/\/keylessbest.com\/de\/wp-json\/wp\/v2\/product_tag?post=17660"},{"taxonomy":"2_year_make_model","embeddable":true,"href":"https:\/\/keylessbest.com\/de\/wp-json\/wp\/v2\/2_year_make_model?post=17660"}],"curies":[{"name":"wp","href":"https:\/\/api.w.org\/{rel}","templated":true}]}}