{"id":17843,"date":"2025-08-19T09:53:01","date_gmt":"2025-08-19T09:53:01","guid":{"rendered":"https:\/\/hanwuji.shengjit.com\/?post_type=product&#038;p=17843"},"modified":"2026-02-12T07:27:56","modified_gmt":"2026-02-12T07:27:56","slug":"2007-2015-toyota-schlusselanhanger-hyq14aab-315mhz-fur-keylessbest-2","status":"publish","type":"product","link":"https:\/\/keylessbest.com\/de\/product\/2007-2015-toyota-schlusselanhanger-hyq14aab-315mhz-fur-keylessbest-2\/","title":{"rendered":"2007-2015 Toyota Schl\u00fcsselanh\u00e4nger HYQ14AAB 315MHz f\u00fcr Keylessbest"},"content":{"rendered":"<p>*Die detaillierten Informationen zu diesem Schl\u00fcssel-Entfernungskopf f\u00fcr Toyota Pontiac von 1998-2008 sind wie folgt. Bitte best\u00e4tigen Sie, dass die folgenden Details mit Ihrem Fahrzeug \u00fcbereinstimmen, bevor Sie bestellen: FCC ID, Teilenummer, Jahr Modell, IC, Frequenz, Chip und Tasten.<\/p>\n<h6><strong><b>Produktinformationen: <\/b><\/strong><\/h6>\n<ul>\n<li>FCC ID: HYQ14AAB<\/li>\n<li>PN: 89904-35030<\/li>\n<li>IC: 89904-47430<\/li>\n<li>Frequenz: 315MHz<\/li>\n<li>Testschl\u00fcssel: LXP90<\/li>\n<li>Tasten: Verriegeln, Entriegeln, Panik<\/li>\n<li>Batterie: CR1632<\/li>\n<\/ul>\n<h6><strong><b>Das Referenzmodell:<\/b><\/strong><\/h6>\n<ul>\n<li>2010 \u2013 2012 Toyota Prius<\/li>\n<li>2011 \u2013 2011 Toyota 4Runner<\/li>\n<li>2007 \u2013 2012 Toyota Avalon LE<\/li>\n<li>2007 \u2013 2011 Toyota Camry<\/li>\n<li>2011 \u2013 2013 Toyota Corolla<\/li>\n<li>2008 \u2013 2012 Toyota RAV4<\/li>\n<li>2007 \u2013 2014 Toyota Highlander<\/li>\n<li>2008- 2015 Toyota LandcruiserWichtige \u00dcberpr\u00fcfung des BOARD-Typs und FCC-ID, sie m\u00fcssen \u00fcbereinstimmen, sonst funktionieren sie nicht*2010-2012 Toyota Rav4 hat 2 m\u00f6gliche Schl\u00fcssel, eine andere Option ist HYQ14AAB mit 0140-Board. Sie sind nicht austauschbar, bitte \u00fcberpr\u00fcfen Sie den ben\u00f6tigten Schl\u00fcssel.**Hinweis: FCC HYQ14AAB mit E-Board ist austauschbar mit FCC ID HYQ14AEM (mit aufgedrucktem PCB)<\/li>\n<\/ul>\n<h6><strong><b>Lieferumfang:<\/b><\/strong><\/h6>\n<ul>\n<li>Ein neuer schl\u00fcsselloser Fernbedienungsschl\u00fcssel f\u00fcr den Aftermarket<\/li>\n<li>Einen kostenlosen Ersatz-Notfall-Einf\u00fcgeschl\u00fcssel f\u00fcr den Aftermarket<\/li>\n<li>Alle Sender werden mit einer Batterie geliefert<\/li>\n<li>Alle Einheiten werden vor dem Versand getestet<\/li>\n<li>2-Jahres 100% Zufriedenheitsgarantie und Garantie<\/li>\n<\/ul>\n<h6><strong><b>Hinweis:<\/b><\/strong><\/h6>\n<ul>\n<li>Der Ersatz f\u00fcr den Toyota Smart-Keyless-Entry-Fob von 2008-2015 \u2013 ohne Logo, mit einem ungeschnittenen Notfall-Einsatzschl\u00fcssel inklusive.<\/li>\n<li>Wir schneiden oder programmieren den Fernschl\u00fcssel nicht. F\u00fcr die Preisgestaltung wenden Sie sich bitte an den \u00f6rtlichen Schl\u00fcsseldienst oder H\u00e4ndler.<\/li>\n<li>Dieser Sender ist kompatibel mit Fahrzeugen, die \u00fcber einen Dashboard-Start\/Stopp-Knopf oder Drehknauf-Z\u00fcndung verf\u00fcgen, sowie einem Proxy-Schl\u00fcsselloses-Entry-System.<\/li>\n<li>Der Preis gilt f\u00fcr eine komplette Ersatz-Schl\u00fcsselloseingangsfernbedienung, Notfallschl\u00fcssel inklusive.<\/li>\n<li>Daher empfehlen wir dringend, dass Sie Ihren\u00a0SCHL\u00dcSSELANLAGE\u00a0von einem professionellen Schl\u00fcsseldienst oder H\u00e4ndler programmieren lassen.<\/li>\n<\/ul>\n<h6><strong><b>Programmierressourcen\u00a0<\/b><\/strong><\/h6>\n<p><a href=\"http:\/\/programyourfob.com\/?list_36\/\" target=\"_blank\" rel=\"noopener\">http:\/\/programyourfob.com\/?list_36\/<\/a><\/p>\n<p>Vielen Dank, dass Sie sich f\u00fcr uns entschieden haben.<\/p>\n<p>Wir sind einer der professionellsten Hersteller von Autoschl\u00fcsseln, schl\u00fcssellosen Systemen, Auto-Remote-Schl\u00fcsseln, Transponderchips, Schl\u00fcsselprogrammierern, Auto-Schl\u00fcsselgeh\u00e4usen, Autoschl\u00f6ssern, Schl\u00fcsseldienstwerkzeugen und so weiter. Au\u00dferdem verf\u00fcgt unser Unternehmen\u00a0\u00a0\u00fcber ein professionelles Team und eine Produktionslinie. Dar\u00fcber hinaus spezialisieren wir uns auf die Herstellung verschiedener Autoschl\u00fcssel, Schl\u00fcsselgeh\u00e4use und Schl\u00fcsseldienstwerkzeuge. Wir k\u00fcmmern uns auch um Entwicklung, Herstellung und Gro\u00dfhandel von Auto-Sicherheits- und Schutzprodukten.<\/p>\n<p>Wettbewerbsf\u00e4hige Preise und engagierte Dienstleistungen helfen Ihnen, einen guten Markt zu erschlie\u00dfen. Au\u00dferdem bieten \u00fcber 10 junge und energische Vertriebsteams schnellen, professionellen und freundlichen Service jederzeit. Zus\u00e4tzlich werden alle unsere Produkte direkt aus dem Lager in Deutschland, Kanada und Mexiko versendet. Die Waren, die Sie gekauft haben, werden innerhalb von 48 Stunden nach Bestellung verpackt und versendet. Mehr als 100% unserer Produkte sind auf Lager, und der Bestand ist ausreichend.<\/p>","protected":false},"excerpt":{"rendered":"<ul>\n<li>SKU: CA-TA1033<\/li>\n<li>FCC ID: HYQ14AAB<\/li>\n<li>PN: 89904-35030<\/li>\n<li>IC: 89904-47430<\/li>\n<li>Frequenz: 315MHz<\/li>\n<li>Testschl\u00fcssel: LXP90<\/li>\n<li>Tasten: Verriegeln, Entriegeln, Panik<\/li>\n<li>Batterie: CR1632<\/li>\n<\/ul>","protected":false},"featured_media":21058,"comment_status":"open","ping_status":"closed","template":"","meta":{"_bst_post_transparent":"default","_bst_post_title":"","_bst_post_layout":"default","_bst_post_sidebar_id":"","_bst_post_content_style":"default","_bst_post_vertical_padding":"default","_bst_post_feature":"","_bst_post_feature_position":"","_bst_post_header":false,"_bst_post_footer":false},"product_brand":[],"product_cat":[15,158],"product_tag":[],"2_year_make_model":[],"class_list":{"0":"post-17843","1":"product","2":"type-product","3":"status-publish","4":"has-post-thumbnail","6":"product_cat-carkeyremote","7":"product_cat-for-toyota","9":"first","10":"instock","11":"sale","12":"shipping-taxable","13":"purchasable","14":"product-type-simple","15":"entry","16":"content-bg","17":"loop-entry"},"_links":{"self":[{"href":"https:\/\/keylessbest.com\/de\/wp-json\/wp\/v2\/product\/17843","targetHints":{"allow":["GET"]}}],"collection":[{"href":"https:\/\/keylessbest.com\/de\/wp-json\/wp\/v2\/product"}],"about":[{"href":"https:\/\/keylessbest.com\/de\/wp-json\/wp\/v2\/types\/product"}],"replies":[{"embeddable":true,"href":"https:\/\/keylessbest.com\/de\/wp-json\/wp\/v2\/comments?post=17843"}],"version-history":[{"count":3,"href":"https:\/\/keylessbest.com\/de\/wp-json\/wp\/v2\/product\/17843\/revisions"}],"predecessor-version":[{"id":19965,"href":"https:\/\/keylessbest.com\/de\/wp-json\/wp\/v2\/product\/17843\/revisions\/19965"}],"wp:featuredmedia":[{"embeddable":true,"href":"https:\/\/keylessbest.com\/de\/wp-json\/wp\/v2\/media\/21058"}],"wp:attachment":[{"href":"https:\/\/keylessbest.com\/de\/wp-json\/wp\/v2\/media?parent=17843"}],"wp:term":[{"taxonomy":"product_brand","embeddable":true,"href":"https:\/\/keylessbest.com\/de\/wp-json\/wp\/v2\/product_brand?post=17843"},{"taxonomy":"product_cat","embeddable":true,"href":"https:\/\/keylessbest.com\/de\/wp-json\/wp\/v2\/product_cat?post=17843"},{"taxonomy":"product_tag","embeddable":true,"href":"https:\/\/keylessbest.com\/de\/wp-json\/wp\/v2\/product_tag?post=17843"},{"taxonomy":"2_year_make_model","embeddable":true,"href":"https:\/\/keylessbest.com\/de\/wp-json\/wp\/v2\/2_year_make_model?post=17843"}],"curies":[{"name":"wp","href":"https:\/\/api.w.org\/{rel}","templated":true}]}}