{"id":17865,"date":"2025-08-19T09:53:24","date_gmt":"2025-08-19T09:53:24","guid":{"rendered":"https:\/\/hanwuji.shengjit.com\/?post_type=product&#038;p=17865"},"modified":"2026-02-13T05:19:58","modified_gmt":"2026-02-13T05:19:58","slug":"2008-2015-toyota-schlusselanhanger-hyq14aem-315mhz-fur-keylessbest","status":"publish","type":"product","link":"https:\/\/keylessbest.com\/de\/product\/2008-2015-toyota-schlusselanhanger-hyq14aem-315mhz-fur-keylessbest\/","title":{"rendered":"2008 2015 Toyota Schl\u00fcsselanh\u00e4nger HYQ14AEM 315MHz f\u00fcr Keylessbest"},"content":{"rendered":"<p>*Die detaillierten Informationen zu diesem Schl\u00fcssel-Entfernungskopf f\u00fcr Toyota Pontiac von 1998-2008 sind wie folgt. Bitte best\u00e4tigen Sie, dass die folgenden Details mit Ihrem Fahrzeug \u00fcbereinstimmen, bevor Sie bestellen: FCC ID, Teilenummer, Jahr Modell, IC, Frequenz, Chip und Tasten.<\/p>\n<h6><strong><b>Produktinformationen:<\/b><\/strong><\/h6>\n<ul>\n<li>FCC ID: HYQ14AEM<\/li>\n<li>PN: 89904-0R060, 89904-60770, 89904-0R090, 89904-42140<\/li>\n<li>IC: 1551A-14AEM<\/li>\n<li>Frequenz: 315MHz<\/li>\n<li>Testschl\u00fcssel: TOY51<\/li>\n<li>Tasten: Verriegeln, Entriegeln, Alarm<\/li>\n<li>Batterie: CR1632<\/li>\n<\/ul>\n<h6><strong><b>Das Referenzmodell:<\/b><\/strong><\/h6>\n<ul>\n<li>2010 \u2013 2012 Toyota Rav 4<\/li>\n<li>2008 \u2013 2015 Toyota Landcruiser<br \/>\nHinweis: Immo-Reset erforderlich. FCC- und Platinen-Nummern mit der Originalschl\u00fcssel abstimmen. Dies ist ein aufbereiteter Smart-Key, er kann in Schwarz oder grau\/silberner H\u00fclle kommen, abh\u00e4ngig von der Materialverf\u00fcgbarkeit*2010-2012 Toyota Rav4 hat 2 m\u00f6gliche Schl\u00fcssel, eine andere Option ist HYQ14AAB mit \u201e# 0140\u201c Platine. Sie sind nicht austauschbar, bitte \u00fcberpr\u00fcfen Sie den ben\u00f6tigten Schl\u00fcssel. Hinweis: Immo-Reset erforderlich. FCC- und Platinen-Nummern mit der Originalschl\u00fcssel abstimmen. Dies ist ein aufbereiteter Smart-Key, er kann in Schwarz oder grau\/silberner H\u00fclle kommen, abh\u00e4ngig von der Materialverf\u00fcgbarkeit<br \/>\n*2010-2012 Toyota Rav4 hat 2 m\u00f6gliche Schl\u00fcssel, eine andere Option ist HYQ14AAB mit \u201e# 0140\u201c Platine. Sie sind nicht austauschbar, bitte \u00fcberpr\u00fcfen Sie den ben\u00f6tigten Schl\u00fcssel.<br \/>\nHinweis: Schl\u00fcssel inklusive, Immo-Reset erforderlich.<br \/>\nBitte beachten Sie, dass dieser Smart Key m\u00f6glicherweise einen einseitigen Hochsicherheits-Einsatz erfordert. Bitte rufen Sie Ihren Kontomanager an, um den einseitigen Einsatz anzufordern. Standardm\u00e4\u00dfig wird dieser Smart Key mit einem doppelseitigen Hochsicherheits-Einsatz geliefert. Elektronik muss die Nummern \u201e6601\u201c oben links auf der Elektronikplatine direkt \u00fcber der Verriegelungstaste haben.<\/li>\n<\/ul>\n<h6><strong><b>Lieferumfang:<\/b><\/strong><\/h6>\n<ul>\n<li>Ein neuer schl\u00fcsselloser Fernbedienungsschl\u00fcssel f\u00fcr den Aftermarket<\/li>\n<li>Einen kostenlosen Ersatz-Notfall-Einf\u00fcgeschl\u00fcssel f\u00fcr den Aftermarket<\/li>\n<li>Alle Sender werden mit einer Batterie geliefert<\/li>\n<li>Alle Einheiten werden vor dem Versand getestet<\/li>\n<li>2-Jahres 100% Zufriedenheitsgarantie und Garantie<\/li>\n<\/ul>\n<h6><strong><b>Hinweis:<\/b><\/strong><\/h6>\n<ul>\n<li>Der Ersatz f\u00fcr den Toyota Smart-Keyless-Entry-Fob von 2008-2015 \u2013 ohne Logo, mit einem ungeschnittenen Notfall-Einsatzschl\u00fcssel inklusive.<\/li>\n<li>Wir schneiden oder programmieren den Fernschl\u00fcssel nicht. F\u00fcr die Preisgestaltung wenden Sie sich bitte an den \u00f6rtlichen Schl\u00fcsseldienst oder H\u00e4ndler.<\/li>\n<li>Dieses Transmitter ist kompatibel mit Fahrzeugen mit einem Start\/Stopp-Knopf am Armaturenbrett oder Drehknauf-Z\u00fcndung, sowie einem Proxy-Schl\u00fcsselsystem.<\/li>\n<li>Der Preis gilt f\u00fcr eine komplette Ersatz-Schl\u00fcsselloseingangsfernbedienung, Notfallschl\u00fcssel inklusive.<\/li>\n<li>Daher empfehlen wir dringend, dass Sie Ihren\u00a0SCHL\u00dcSSELANLAGE\u00a0von einem professionellen Schl\u00fcsseldienst oder H\u00e4ndler programmieren lassen.<\/li>\n<\/ul>\n<h6><strong>Programmierressourcen:<\/strong><\/h6>\n<p><a href=\"http:\/\/programyourfob.com\/?list_36\/\" target=\"_blank\" rel=\"noopener\">http:\/\/programyourfob.com\/?list_36\/<\/a><\/p>\n<p>Vielen Dank, dass Sie uns gew\u00e4hlt haben.<\/p>\n<p>Wir sind einer der professionellsten Hersteller von Autoschl\u00fcsseln, schl\u00fcssellosen Systemen, Auto-Remote-Schl\u00fcsseln, Transponderchips, Schl\u00fcsselprogrammierern, Auto-Schl\u00fcsselgeh\u00e4usen, Autoschl\u00f6ssern, Schl\u00fcsseldienstwerkzeugen und so weiter. Au\u00dferdem verf\u00fcgt unser Unternehmen\u00a0\u00a0\u00fcber ein professionelles Team und eine Produktionslinie. Dar\u00fcber hinaus spezialisieren wir uns auf die Herstellung verschiedener Autoschl\u00fcssel, Schl\u00fcsselgeh\u00e4use und Schl\u00fcsseldienstwerkzeuge. Wir k\u00fcmmern uns auch um Entwicklung, Herstellung und Gro\u00dfhandel von Auto-Sicherheits- und Schutzprodukten.<\/p>\n<p>Wettbewerbsf\u00e4hige Preise und engagierte Dienstleistungen helfen Ihnen, einen guten Markt zu erschlie\u00dfen. Au\u00dferdem bieten \u00fcber 10 junge und energische Vertriebsteams schnellen, professionellen und freundlichen Service jederzeit. Zus\u00e4tzlich werden alle unsere Produkte direkt aus dem Lager in Deutschland, Kanada und Mexiko versendet. Die Waren, die Sie gekauft haben, werden innerhalb von 48 Stunden nach Bestellung verpackt und versendet. Mehr als 100% unserer Produkte sind auf Lager, und der Bestand ist ausreichend.<\/p>","protected":false},"excerpt":{"rendered":"<ul>\n<li>SKU: CA-TA865<\/li>\n<li>FCC ID: HYQ14AEM<\/li>\n<li>PN: 89904-0R060, 89904-60770, 89904-0R090, 89904-42140<\/li>\n<li>IC: 1551A-14AEM<\/li>\n<li>Frequenz: 315MHz<\/li>\n<li>Testschl\u00fcssel: TOY51<\/li>\n<li>Tasten: Verriegeln, Entriegeln, Alarm<\/li>\n<li>Batterie: CR1632<\/li>\n<\/ul>","protected":false},"featured_media":21236,"comment_status":"open","ping_status":"closed","template":"","meta":{"_bst_post_transparent":"default","_bst_post_title":"","_bst_post_layout":"default","_bst_post_sidebar_id":"","_bst_post_content_style":"default","_bst_post_vertical_padding":"default","_bst_post_feature":"","_bst_post_feature_position":"","_bst_post_header":false,"_bst_post_footer":false},"product_brand":[],"product_cat":[15,158],"product_tag":[],"2_year_make_model":[],"class_list":{"0":"post-17865","1":"product","2":"type-product","3":"status-publish","4":"has-post-thumbnail","6":"product_cat-carkeyremote","7":"product_cat-for-toyota","9":"first","10":"instock","11":"sale","12":"shipping-taxable","13":"purchasable","14":"product-type-simple","15":"entry","16":"content-bg","17":"loop-entry"},"_links":{"self":[{"href":"https:\/\/keylessbest.com\/de\/wp-json\/wp\/v2\/product\/17865","targetHints":{"allow":["GET"]}}],"collection":[{"href":"https:\/\/keylessbest.com\/de\/wp-json\/wp\/v2\/product"}],"about":[{"href":"https:\/\/keylessbest.com\/de\/wp-json\/wp\/v2\/types\/product"}],"replies":[{"embeddable":true,"href":"https:\/\/keylessbest.com\/de\/wp-json\/wp\/v2\/comments?post=17865"}],"version-history":[{"count":3,"href":"https:\/\/keylessbest.com\/de\/wp-json\/wp\/v2\/product\/17865\/revisions"}],"predecessor-version":[{"id":19867,"href":"https:\/\/keylessbest.com\/de\/wp-json\/wp\/v2\/product\/17865\/revisions\/19867"}],"wp:featuredmedia":[{"embeddable":true,"href":"https:\/\/keylessbest.com\/de\/wp-json\/wp\/v2\/media\/21236"}],"wp:attachment":[{"href":"https:\/\/keylessbest.com\/de\/wp-json\/wp\/v2\/media?parent=17865"}],"wp:term":[{"taxonomy":"product_brand","embeddable":true,"href":"https:\/\/keylessbest.com\/de\/wp-json\/wp\/v2\/product_brand?post=17865"},{"taxonomy":"product_cat","embeddable":true,"href":"https:\/\/keylessbest.com\/de\/wp-json\/wp\/v2\/product_cat?post=17865"},{"taxonomy":"product_tag","embeddable":true,"href":"https:\/\/keylessbest.com\/de\/wp-json\/wp\/v2\/product_tag?post=17865"},{"taxonomy":"2_year_make_model","embeddable":true,"href":"https:\/\/keylessbest.com\/de\/wp-json\/wp\/v2\/2_year_make_model?post=17865"}],"curies":[{"name":"wp","href":"https:\/\/api.w.org\/{rel}","templated":true}]}}