{"id":17944,"date":"2025-08-19T09:54:51","date_gmt":"2025-08-19T09:54:51","guid":{"rendered":"https:\/\/hanwuji.shengjit.com\/?post_type=product&#038;p=17944"},"modified":"2026-02-12T02:42:00","modified_gmt":"2026-02-12T02:42:00","slug":"2020-2024-cadillac-xt4-xt5-xt6-schlusselanhanger-hyq2es-fur-keylessbest","status":"publish","type":"product","link":"https:\/\/keylessbest.com\/de\/product\/2020-2024-cadillac-xt4-xt5-xt6-schlusselanhanger-hyq2es-fur-keylessbest\/","title":{"rendered":"2020-2024 Cadillac XT4 XT5 XT6 Schl\u00fcsselanh\u00e4nger HYQ2ES f\u00fcr Keylessbest"},"content":{"rendered":"<div class=\"woocommerce\">\n<div class=\"single-product\" data-product-page-preselected-id=\"0\">\n<div><\/div>\n<div class=\"woocommerce-notices-wrapper\"><span style=\"font-family: Poppins; font-size: 24px; font-weight: 600; letter-spacing: 0.4px;\">2020-2024 Cadillac Smart Key \u00dcbersicht<\/span><\/div>\n<div id=\"product-22741\" class=\"product type-product post-22741 status-draft first instock product_cat-uncategorized shipping-taxable product-type-simple\">\n<div class=\"woocommerce-tabs wc-tabs-wrapper\">\n<div id=\"tab-description\" class=\"woocommerce-Tabs-panel woocommerce-Tabs-panel--description panel entry-content wc-tab\" role=\"tabpanel\" aria-labelledby=\"tab-title-description\">\n<p>Ich biete eine zuverl\u00e4ssige <strong>2020-2024 Cadillac XT4 XT5 XT6 Ersatz-Smart-Key<\/strong> entwickelt, um den hohen Anforderungen professioneller Schl\u00fcsseldienstleister und Fahrzeugbesitzer gerecht zu werden. Dieses <strong>HYQ2ES 433MHz Ersatz<\/strong> bietet eine nahtlose Passform f\u00fcr die XT-Serie und stellt sicher, dass Sie eine hochwertige L\u00f6sung erhalten, die die Leistung des Originalequipments erf\u00fcllt.<\/p>\n<ul>\n<li><strong>Nahtlose Integration:<\/strong> Unterst\u00fctzt vollst\u00e4ndig <strong>N\u00e4hezugang<\/strong> und <strong>Fernstart<\/strong> Funktionalit\u00e4t beibeh\u00e4lt.<\/li>\n<li><strong>Robuste Bauweise:<\/strong> Hergestellt aus hochwertigen Materialien, um den Reibungen und St\u00fcrzen im t\u00e4glichen Gebrauch standzuhalten.<\/li>\n<li><strong>Breite Kompatibilit\u00e4t:<\/strong> Eine vielseitige <strong>2020-2024 Cadillac Smart Key<\/strong> L\u00f6sung, die die Modelle XT4, XT5 und XT6 abdeckt.<\/li>\n<\/ul>\n<p>Egal, ob Sie nach einem <strong>Cadillac XT4 Smart-Key Ersatz<\/strong> oder ein <strong>Cadillac XT6 N\u00e4herungsschl\u00fcssel 433MHz<\/strong>suchen, diese Hardware ist pr\u00e4zise entwickelt. Sie \u00fcberbr\u00fcckt die Kluft zwischen Kosteneffizienz und OEM-zuverl\u00e4ssigkeit und ist somit die bevorzugte <strong>Cadillac Startknopf-Schl\u00fcssel<\/strong> f\u00fcr den modernen Markt.<\/p>\n<h2>Hauptmerkmale des HYQ2ES Cadillac 5-Tasten Smart Keys<\/h2>\n<p>Unsere Ersatzschl\u00fcssel f\u00fcr Cadillac von 2020-2024 sind so konzipiert, dass sie den OEM-Standards entsprechen, um die Sicherheit und Zug\u00e4nglichkeit Ihres Fahrzeugs zu gew\u00e4hrleisten. Dies <strong>HYQ2ES 433MHz Fernbedienung<\/strong> verf\u00fcgt \u00fcber eine vollst\u00e4ndige <strong>5-Tasten-Layout<\/strong> entwickelt f\u00fcr den modernen Fahrer. Ob Sie Ihren Motor an einem kalten Morgen vorw\u00e4rmen oder die Heckklappe mit Eink\u00e4ufen in der Hand \u00f6ffnen m\u00f6chten, diese Schl\u00fcsselanh\u00e4nger bieten eine konstante Leistung.<\/p>\n<p>Bei der Bewertung der <a href=\"https:\/\/keylessbest.com\/de\/kosten-fur-den-austausch-des-cadillac-schlussels-2026-oem-vs-aftermarket-leitfaden\/\">Kosten f\u00fcr den Cadillac-Schl\u00fcsselersatz<\/a>, bietet unsere L\u00f6sung eine hohe Zuverl\u00e4ssigkeit zu einem Gro\u00dfhandelspreis, der sowohl f\u00fcr Eigent\u00fcmer als auch f\u00fcr Fachleute sinnvoll ist.<\/p>\n<h3>Leistungs-Highlights<\/h3>\n<ul>\n<li><strong>N\u00e4hezugang:<\/strong> Verf\u00fcgt \u00fcber fortschrittliche smarte Nahbereichstechnologie f\u00fcr nahtloses <strong>Push-to-Start<\/strong> Z\u00fcndung und schl\u00fcssellosen Zugang.<\/li>\n<li><strong>Vollkommene Steuerung:<\/strong> Dedizierte Tasten f\u00fcr Verriegeln, Entriegeln, <strong>Fernstart<\/strong>, Power-Hatch und Panik.<\/li>\n<li><strong>Notzugang:<\/strong> Jede Einheit enth\u00e4lt eine integrierte, ungeschnittene <strong>HU100 Notfallklinge<\/strong> f\u00fcr manuellen T\u00fcrzugang.<\/li>\n<li><strong>Zuverl\u00e4ssige Energie:<\/strong> Wird mitgeliefert und betrieben mit einer standardm\u00e4\u00dfigen, langlebigen <strong>CR2032-Batterie<\/strong>.<\/li>\n<\/ul>\n<h3>Kern-Spezifikationen<\/h3>\n<div class=\"table-responsive\">\n<table class=\"table\">\n<thead>\n<tr>\n<th>Merkmal<\/th>\n<th>Spezifikation<\/th>\n<\/tr>\n<\/thead>\n<tbody>\n<tr>\n<td><strong>Tasten<\/strong><\/td>\n<td>Verriegeln, Entriegeln, Hatch, Panik, Fernstart<\/td>\n<\/tr>\n<tr>\n<td><strong>Frequenz<\/strong><\/td>\n<td>433MHz<\/td>\n<\/tr>\n<tr>\n<td><strong>Schl\u00fcsselblatt<\/strong><\/td>\n<td>HU100 (Uncut)<\/td>\n<\/tr>\n<tr>\n<td><strong>Batterietyp<\/strong><\/td>\n<td>CR2032<\/td>\n<\/tr>\n<tr>\n<td><strong>Technologie<\/strong><\/td>\n<td>Smart Proximity \/ Push-to-Start<\/td>\n<\/tr>\n<\/tbody>\n<\/table>\n<\/div>\n<p>Dieses <strong>Cadillac XT-Serie schl\u00fcsselloser Fernbedienung<\/strong> ist daf\u00fcr gebaut, den t\u00e4glichen Gebrauch zu \u00fcberstehen, w\u00e4hrend die taktile R\u00fcckmeldung und die Signalreichweite erhalten bleiben, die Sie erwarten. Es ist die ideale <strong>Cadillac 5-Tasten-Smart-Key<\/strong> f\u00fcr diejenigen, die keine Kompromisse bei Qualit\u00e4t oder Komfort eingehen m\u00f6chten.<\/p>\n<h2>Technische Daten f\u00fcr den Cadillac XT4 XT5 XT6 HYQ2ES 433Mhz von 2020-2024<\/h2>\n<p>Beim Beschaffen eines <strong>Cadillac XT5 Schl\u00fcsselanh\u00e4ngers HYQ2ES<\/strong>, muss die Hardware exakt sein, um eine nahtlose Fahrzeugkommunikation zu gew\u00e4hrleisten. Ich biete diese Schl\u00fcsselanh\u00e4nger mit dem spezifischen <strong>433MHz<\/strong> Frequenz und <strong>ID47-Chip<\/strong> (Hitag Pro) an, der f\u00fcr die XT-Serie erforderlich ist. Da diese Fernbedienungen intensiven N\u00e4hegebrauch bew\u00e4ltigen, ist es hilfreich zu verstehen <a href=\"https:\/\/keylessbest.com\/de\/wie-oft-den-akku-der-autoschlussel-fob-ersetzen\/\">Wie oft den Akku der Autoschl\u00fcssel-Fob ersetzen<\/a> um die Spitzenleistung des Signals aufrechtzuerhalten und einen Ausschluss zu vermeiden.<\/p>\n<h3>Wichtige technische Daten<\/h3>\n<div class=\"table-responsive\">\n<table class=\"table\">\n<thead>\n<tr>\n<th>Merkmal<\/th>\n<th>Spezifikation<\/th>\n<\/tr>\n<\/thead>\n<tbody>\n<tr>\n<td><strong>FCC-ID<\/strong><\/td>\n<td><strong>HYQ2ES<\/strong><\/td>\n<\/tr>\n<tr>\n<td><strong>Frequenz<\/strong><\/td>\n<td><strong>433MHz<\/strong><\/td>\n<\/tr>\n<tr>\n<td><strong>Teilenummern<\/strong><\/td>\n<td>13522879, 13544052<\/td>\n<\/tr>\n<tr>\n<td><strong>Transponder-Chip<\/strong><\/td>\n<td>ID47 (Hitag Pro \/ PCF79xx)<\/td>\n<\/tr>\n<tr>\n<td><strong>Interner IC<\/strong><\/td>\n<td>1551A-2ES<\/td>\n<\/tr>\n<tr>\n<td><strong>Batterietyp<\/strong><\/td>\n<td>CR2032<\/td>\n<\/tr>\n<tr>\n<td><strong>Notfallklinge<\/strong><\/td>\n<td>HU100 (Uncut)<\/td>\n<\/tr>\n<\/tbody>\n<\/table>\n<\/div>\n<p>My <strong>13522879 Smart-Key-Fob<\/strong> ist eine brandneue Aftermarket-L\u00f6sung, die die gleiche Haltbarkeit und Reichweite wie das Originalwerk bietet. Wenn Sie diese verwenden, um eine verlorene Fernbedienung zu ersetzen, erkl\u00e4rt unser <a href=\"https:\/\/keylessbest.com\/de\/anleitung-zum-starten-eines-autos-mit-fernbedienung-und-schlusselknopf\/\">Anleitung zum Starten eines Autos mit Fernbedienung und Schl\u00fcsselknopf<\/a> wie man das 5-Tasten-Layout effektiv f\u00fcr den t\u00e4glichen Komfort nutzt. Dieses Ger\u00e4t ist darauf ausgelegt, den t\u00e4glichen Verschlei\u00df zu \u00fcberstehen und eine zuverl\u00e4ssige Push-to-Start-Funktion f\u00fcr die gesamte Cadillac XT-Serie zu bieten.<\/p>\n<h2>Fahrzeugkompatibilit\u00e4t f\u00fcr den Cadillac XT4 XT5 XT6 HYQ2ES 433Mhz von 2020-2024<\/h2>\n<p>Wir bieten dies an <strong>HYQ2ES 433MHz Ersatz<\/strong> als eine passgenaue L\u00f6sung f\u00fcr moderne Cadillac-SUVs. Diese <strong>2020-2024 Cadillac Smart Key<\/strong> ist speziell f\u00fcr europ\u00e4ische Modelle konzipiert, die die 433 MHz Frequenz f\u00fcr Ann\u00e4herungs- und Fernstartfunktionen verwenden.<\/p>\n<h3>Best\u00e4tigte Passform<\/h3>\n<div class=\"table-responsive\">\n<table class=\"table\">\n<thead>\n<tr>\n<th>Fahrzeugmodell<\/th>\n<th>Kompatible Jahre<\/th>\n<\/tr>\n<\/thead>\n<tbody>\n<tr>\n<td><strong>Cadillac XT4<\/strong><\/td>\n<td>2020,2021,2022,2023<\/td>\n<\/tr>\n<tr>\n<td><strong>Cadillac XT5<\/strong><\/td>\n<td>2020,2021,2022,2023,2024<\/td>\n<\/tr>\n<tr>\n<td><strong>Cadillac XT6<\/strong><\/td>\n<td>2020,2021,2022,2023,2024<\/td>\n<\/tr>\n<\/tbody>\n<\/table>\n<\/div>\n<p>Bevor Sie Ihre <strong>Cadillac XT4 Smart-Key Ersatz<\/strong> or <strong>Cadillac XT6 N\u00e4herungsschl\u00fcssel 433MHz<\/strong>, ist es unerl\u00e4sslich, die spezifische regionale Frequenz Ihres Fahrzeugs zu \u00fcberpr\u00fcfen. Um sicherzustellen, dass Sie die richtige \u00dcbereinstimmung haben, k\u00f6nnen Sie unserem <a href=\"https:\/\/keylessbest.com\/de\/wo-befindet-sich-die-teilenummer-in-meinem-schlusselanhanger-leitfaden\/\">Wo ist die Teilenummer auf meinem Schl\u00fcsselanh\u00e4nger Guide<\/a> folgen, um die FCC-ID und Teilenummer an Ihrer bestehenden Fernbedienung zu finden. Die korrekte Zuordnung Ihrer <strong>Cadillac XT5 Schl\u00fcsselanh\u00e4ngers HYQ2ES<\/strong> Hardware ist der einzige Weg, um sicherzustellen, dass der Programmierprozess reibungslos mit Ihrem Schl\u00fcsseldienst verl\u00e4uft.<\/p>\n<h2>Programmierung des Cadillac XT4 XT5 XT6 HYQ2ES 433Mhz f\u00fcr Keylessbest 2020-2024<\/h2>\n<p>Einrichtung dieses <strong>Cadillac XT-Serie schl\u00fcsselloser Fernbedienung<\/strong> erfordert eine sichere Verbindung zum Immobilizer-System Ihres Fahrzeugs. Aufgrund der fortschrittlichen Sicherheitsverschl\u00fcsselung in diesen Fahrzeugen der sp\u00e4ten Baureihe ist <strong>manuelle On-Board-Programmierung nicht verf\u00fcgbar<\/strong>. Sie ben\u00f6tigen einen Fachmann, um die Fernbedienung mit Ihrem Fahrzeug zu synchronisieren.<\/p>\n<h3>Pflichtinstallation durch Fachpersonal<\/h3>\n<p>Um sicherzustellen, dass Ihr <strong>Cadillac Smart Key Ersatz<\/strong> funktioniert perfekt, wir ben\u00f6tigen, dass Sie den Schl\u00fcssel zu einem zertifizierten Kfz-Schl\u00fcsseldienst oder einem Cadillac-H\u00e4ndler bringen. Sie verf\u00fcgen \u00fcber die spezielle Diagnosesoftware, die erforderlich ist, um mit dem Steuerger\u00e4t des Fahrzeugs zu kommunizieren. Die meisten Fachleute verwenden die folgenden <strong>OBD-Programmierger\u00e4te<\/strong> f\u00fcr eine erfolgreiche Einrichtung:<\/p>\n<ul>\n<li><strong>Autel IM608<\/strong><\/li>\n<li><strong>Smart Pro<\/strong><\/li>\n<li><strong>Fortschrittliche Diagnostik<\/strong> Werkzeuge<\/li>\n<\/ul>\n<h3>Notzugang und Messerschneiden<\/h3>\n<p>Jede <strong>HYQ2ES 433MHz Ersatz<\/strong> enth\u00e4lt einen ungeschnittenen <strong>HU100 Notfall-Schl\u00fcsselblatt Cadillac<\/strong>. Dieses Blatt muss von einem Fachmann laserge\u00e4tzt werden, um mit den T\u00fcrschl\u00f6ssern Ihres Fahrzeugs \u00fcbereinzustimmen. Dies stellt sicher, dass Sie manuellen Zugriff auf Ihr Fahrzeug haben, auch wenn die Batterie ausf\u00e4llt. Wenn Sie bereits funktionierende Elektronik haben, aber ein besch\u00e4digtes Geh\u00e4use auffrischen m\u00f6chten, finden Sie langlebige Optionen in unserer <a href=\"https:\/\/keylessbest.com\/de\/product-category\/schlusselgehause\/schlusselgehause-2\/\">Premium-Schl\u00fcsselgeh\u00e4use<\/a> Kategorie.<\/p>\n<p>Wir legen Wert auf Zuverl\u00e4ssigkeit und Leistung, sodass Ihre Fernstart- und Ann\u00e4herungsfunktionen nach der Programmierung genau wie das Original funktionieren.<\/p>\n<h2>Warum Keylessbest f\u00fcr Ihren 2020-2024 Cadillac Smart Key w\u00e4hlen?<\/h2>\n<p>Wir bieten professionelle L\u00f6sungen f\u00fcr den <strong>2020-2024 Cadillac XT4, XT5 und XT6 HYQ2ES 433MHz<\/strong> Markt. Unser Fokus liegt auf der Bereitstellung leistungsstarker Hardware, die die Zuverl\u00e4ssigkeit des OEM entspricht, w\u00e4hrend wir die Margen beibehalten, die Sie ben\u00f6tigen. Wir bieten den <a href=\"https:\/\/keylessbest.com\/de\/groshandelsrabatt\/\">besten Gro\u00dfhandelspreisnachlass<\/a> f\u00fcr Kfz-Schl\u00fcsseldienste und Ladenbesitzer, die ihr Inventar mit hochwertigen Produkten aufstocken m\u00f6chten.<\/p>\n<h3>Unser Engagement f\u00fcr Fachleute<\/h3>\n<div class=\"table-responsive\">\n<table class=\"table\">\n<thead>\n<tr>\n<th>Merkmal<\/th>\n<th>Vorteil<\/th>\n<\/tr>\n<\/thead>\n<tbody>\n<tr>\n<td><strong>Gro\u00dfhandelspreise<\/strong><\/td>\n<td>Direkt vom Hersteller, um maximale Kapitalrendite zu erzielen.<\/td>\n<\/tr>\n<tr>\n<td><strong>OEM-Leistung<\/strong><\/td>\n<td>Garantierte Signalstabilit\u00e4t f\u00fcr die schl\u00fcssellose Fernbedienung der Cadillac XT-Serie.<\/td>\n<\/tr>\n<tr>\n<td><strong>Weltweiter Versand<\/strong><\/td>\n<td>Schnelle, zuverl\u00e4ssige Logistik, um Ihr Gesch\u00e4ft am Laufen zu halten.<\/td>\n<\/tr>\n<tr>\n<td><strong>Expertenunterst\u00fctzung<\/strong><\/td>\n<td>Engagierte Unterst\u00fctzung f\u00fcr Schl\u00fcsseldienstpartner und technische Anfragen.<\/td>\n<\/tr>\n<\/tbody>\n<\/table>\n<\/div>\n<ul>\n<li><strong>Zuverl\u00e4ssige Signalst\u00e4rke:<\/strong> Jede <strong>HYQ2ES 433MHz Ersatz<\/strong> wird getestet, um sicherzustellen, dass die N\u00e4he-Reichweite und die Fernstartfunktion jedes Mal perfekt funktionieren.<\/li>\n<li><strong>Professionelle Partnerschaft:<\/strong> Wir verkaufen nicht nur Schl\u00fcssel; wir unterst\u00fctzen Ihr Gesch\u00e4ft mit stabilem Lagerbestand und zuverl\u00e4ssigem <strong>Cadillac 5-Tasten-Smart-Key<\/strong> Bestand.<\/li>\n<li><strong>Effizienz:<\/strong> Wir priorisieren eine schnelle Auftragsabwicklung, weil wir wissen, dass Ihre Kunden nicht warten k\u00f6nnen, um wieder auf die Stra\u00dfe zu kommen.<\/li>\n<\/ul>\n<h2>2020-2024 Cadillac XT4 XT5 XT6 HYQ2ES 433MHz FAQ<\/h2>\n<p>Wir wissen, dass die Beschaffung eines <strong>Cadillac XT4 Smart-Key Ersatz<\/strong> bei all den verschiedenen Frequenzen und Teilenummern verwirrend sein kann. Hier ist eine kurze \u00dcbersicht der h\u00e4ufigsten Fragen, die wir von unseren Schl\u00fcsseldienstpartnern und Besitzern bez\u00fcglich des <strong>HYQ2ES Schl\u00fcsselanh\u00e4ngers Cadillac<\/strong> Serie.<\/p>\n<h3>Kurzanleitung<\/h3>\n<div class=\"table-responsive\">\n<table class=\"table\">\n<thead>\n<tr>\n<th>Frage<\/th>\n<th>Antwort<\/th>\n<\/tr>\n<\/thead>\n<tbody>\n<tr>\n<td><strong>Ist es sofort einsatzbereit?<\/strong><\/td>\n<td>Nein, es muss programmiert werden und die Klinge muss geschnitten werden.<\/td>\n<\/tr>\n<tr>\n<td><strong>Welcher Batterietyp ist das?<\/strong><\/td>\n<td>Eine einzelne <strong>CR2032<\/strong> Knopfzellenbatterie.<\/td>\n<\/tr>\n<tr>\n<td><strong>Kann ich das selbst programmieren?<\/strong><\/td>\n<td>Nein, professionelle OBDII-Ausr\u00fcstung ist erforderlich.<\/td>\n<\/tr>\n<tr>\n<td><strong>Welche Frequenz ben\u00f6tige ich?<\/strong><\/td>\n<td>Dies ist die <strong>433MHz<\/strong> Version; \u00fcberpr\u00fcfen Sie Ihre urspr\u00fcngliche FCC-ID.<\/td>\n<\/tr>\n<\/tbody>\n<\/table>\n<\/div>\n<hr \/>\n<h3>Ist der Schl\u00fcssel sofort einsatzbereit?<\/h3>\n<p>Nein. W\u00e4hrend wir jeden <strong>2020-2024 Cadillac Smart Key<\/strong> mit einer frischen Batterie und der internen Elektronik versenden, ist der Chip \u201eleer\u201c. Sie m\u00fcssen ihn zu einem Profi bringen, um ihn mit dem Wegfahrsperrsystem Ihres Fahrzeugs zu synchronisieren. Wenn Sie neugierig auf die Technik im Inneren sind, k\u00f6nnen Sie unseren <a href=\"https:\/\/keylessbest.com\/de\/what-is-a-key-fob-how-it-works-types-and-replacement-guide-2026\/\">Leitfaden dar\u00fcber, wie Schl\u00fcsselanh\u00e4nger funktionieren<\/a> um den Nahbereichs-Paarungsprozess zu verstehen.<\/p>\n<h3>Unterschied zwischen 433MHz und 315MHz Cadillac-Fernbedienungen?<\/h3>\n<p>Die Frequenz ist die \u201eSprache\u201c, die das Auto und der Schl\u00fcssel verwenden, um zu kommunizieren.<\/p>\n<ul>\n<li><strong>315MHz:<\/strong> Standard f\u00fcr die meisten in Deutschland hergestellten Fahrzeuge.<\/li>\n<li><strong>433MHz:<\/strong> Wird h\u00e4ufig f\u00fcr Exportmodelle oder spezielle neuere XT-Serienausf\u00fchrungen verwendet.<br \/>\nWenn Sie das <strong>HYQ2ES 433MHz Ersatz<\/strong> f\u00fcr ein 315MHz-Fahrzeug kaufen, erkennt das Fahrzeug die Fernbedienung nicht. \u00dcberpr\u00fcfen Sie immer die FCC-ID und Frequenz Ihrer vorhandenen Fernbedienung oder anhand der Fahrgestellnummer.<\/li>\n<\/ul>\n<h3>Wie wechselt man die CR2032-Batterie?<\/h3>\n<p>Der Austausch der Batterie in Ihrem <strong>Cadillac XT-Serie schl\u00fcsselloser Fernbedienung<\/strong> ist einfach:<\/p>\n<ol>\n<li>Entfernen Sie das <strong>HU100 Notfallklinge<\/strong>.<\/li>\n<li>Verwenden Sie die Klinge oder einen kleinen Flachschraubenzieher, um die R\u00fcckabdeckung vorsichtig abzuhebeln.<\/li>\n<li>Entnehmen Sie die alte CR2032 und schieben Sie die neue mit der<\/li>\n<li>Klicken Sie die Abdeckung wieder auf.<\/li>\n<\/ol>\n<h3>Ist professionelle Programmierung immer erforderlich?<\/h3>\n<p>Ja. F\u00fcr die <strong>Cadillac Startknopf-Schl\u00fcssel<\/strong> Systeme, die von 2020-2024 verwendet werden, gibt es keine manuellen \u201eOn-Board\u201c-Programmiersequenzen. Sie m\u00fcssen ein hochwertiges Diagnosetool wie ein Autel IM608 verwenden oder es zu einem H\u00e4ndler bringen, damit die <strong>Cadillac XT6 N\u00e4herungsschl\u00fcssel 433MHz<\/strong> erfolgreich in das Speicher des Fahrzeugs integriert wird. Wir empfehlen, einen qualifizierten Kfz-Schlosser f\u00fcr die besten Preise zu konsultieren.<\/p>\n<h2>Zubeh\u00f6r f\u00fcr Cadillac XT4 XT5 XT6 HYQ2ES 433Mhz von 2020-2024<\/h2>\n<p>Wir bieten eine vollst\u00e4ndige Palette an Support-Produkten f\u00fcr die <strong>Cadillac XT-Serie schl\u00fcsselloser Fernbedienung<\/strong>. Das richtige Zubeh\u00f6r stellt sicher, dass Ihr <strong>HYQ2ES 433MHz Ersatz<\/strong> bleibt langfristig funktionsf\u00e4hig und gesch\u00fctzt.<\/p>\n<ul>\n<li><strong>HU100 Notfall-Schl\u00fcsselbl\u00e4tter<\/strong>: Pr\u00e4zisionsgeschmiedete Stahlklingen f\u00fcr manuelle Backup-Eingabe.<\/li>\n<li><strong>Gro\u00dfpackung CR2032 Batterien<\/strong>: Hochleistungszellen, um Ihre <strong>Cadillac Fernstart-Schl\u00fcsselanh\u00e4nger<\/strong> betrieben zu halten. Es ist immer ratsam, <a href=\"https:\/\/keylessbest.com\/de\/schlusselanhanger-mit-niedriger-batterie-funktioniert-aber-noch-soll-ich-jetzt-austauschen\/\">eine schwache Schl\u00fcsselanh\u00e4nger-Batterie<\/a> zu ersetzen, bevor sie Sie im Stich l\u00e4sst.<\/li>\n<li><strong>Silicone Schutzabdeckungen<\/strong>: Sto\u00dfd\u00e4mpfende H\u00fcllen, um Risse und Kratzer auf den <strong>13522879 Smart-Key-Fob<\/strong>.<\/li>\n<li><strong>OBD Programmierwerkzeugen<\/strong>: Professionelle Ger\u00e4te, die f\u00fcr die Synchronisierung des <strong>Cadillac 5-Tasten-Smart-Key<\/strong> mit dem Fahrzeug entwickelt wurden.<\/li>\n<\/ul>\n<p>Durchst\u00f6bern Sie unser vollst\u00e4ndiges Sortiment an <a href=\"https:\/\/keylessbest.com\/de\/product-category\/autoschlusselfernbedienung\/fur-cadillac\/\">Cadillac Smart Key Ersatz<\/a> Zubeh\u00f6r, um sicherzustellen, dass Sie alles f\u00fcr eine vollst\u00e4ndige Installation haben.<\/p>\n<h2>Verifizierte Bewertungen f\u00fcr Cadillac XT4 XT5 XT6 HYQ2ES 433MHz<\/h2>\n<p>Unser <strong>Cadillac XT4 XT5 XT6 HYQ2ES 433Mhz 2020-2024<\/strong> Ersatzschl\u00fcssel hat sich bei Automobilprofis in Deutschland einen Ruf f\u00fcr Zuverl\u00e4ssigkeit erworben. Nutzer berichten durchgehend, dass die Signalst\u00e4rke f\u00fcr den <strong>Cadillac Fernstart-Schl\u00fcsselanh\u00e4nger<\/strong> die Leistung des originalen Werk-Remote entspricht und so eine nahtlose N\u00e4heingabe jedes Mal gew\u00e4hrleistet, wenn Sie sich Ihrem Fahrzeug n\u00e4hern.<\/p>\n<h3>Echtzeit-Feedback und Erfolg bei Schl\u00fcsseldiensten<\/h3>\n<p>Schl\u00fcsseldienste, die sich auf die Cadillac XT-Serie spezialisiert haben, heben h\u00e4ufig die einfache Programmierung dieses speziellen <strong>HYQ2ES 433MHz Ersatz<\/strong>.<\/p>\n<ul>\n<li><strong>Stabiles Signal:<\/strong> \u201eDie 433-MHz-Frequenz ist absolut zuverl\u00e4ssig. Keine Verbindungsabbr\u00fcche w\u00e4hrend der Programmierung des 2024 XT6.\u201c<\/li>\n<li><strong>OEM-Gef\u00fchl:<\/strong> \u201eKunden lieben die Tastenantwort. Es f\u00fchlt sich nicht wie ein billiges Aftermarket-Teil an.\u201c<\/li>\n<li><strong>Bew\u00e4hrte Ergebnisse:<\/strong> Erfolgsrate von 100% bei Verwendung von Standard-OBD-Tools wie dem Autel IM608 f\u00fcr <strong>Cadillac XT4 Smart-Key Ersatz<\/strong>.<\/li>\n<\/ul>\n<p>Bei der Berechnung der <a href=\"https:\/\/keylessbest.com\/de\/how-much-does-it-cost-to-replace-a-car-key-fob-in-2026\/\">Kosten f\u00fcr den Austausch eines Autoschl\u00fcssels in 2026<\/a>bieten unsere hochwertigen Schl\u00fcssel einen erheblichen Preisvorteil gegen\u00fcber lokalen H\u00e4ndlern. Dieses <strong>2020-2024 Cadillac Smart Key<\/strong> ist so gebaut, dass es t\u00e4glicher Abnutzung standh\u00e4lt und gleichzeitig das Premium-Aussehen und -Gef\u00fchl bewahrt, das Ihr Luxusfahrzeug verdient.<\/p>\n<div id=\"references\" class=\"min-w-0 scroll-mt-8 overflow-hidden\">\n<div class=\"text-[16px]\">\n<h2 id=\"references\" class=\"mb-2 mt-2 scroll-mt-24 font-serif text-[1.714286em] font-semibold border-border-l1 pb-1 border-b overflow-hidden\">Verwandte Quellen<\/h2>\n<\/div>\n<div class=\"flex flex-col gap-2 text-sm leading-relaxed\">\n<div class=\"break-words text-[1em] leading-7\"><a class=\"break-words text-[1em] text-blue-500 hover:underline dark:text-blue-200\" href=\"https:\/\/www.carandtruckremotes.com\/products\/smart-remote-for-cadillac-xt4-xt5-xt6-pn-13522879-aftermarket\" target=\"_blank\" rel=\"noopener noreferrer\">https:\/\/www.carandtruckremotes.com\/products\/smart-remote-for-cadillac-xt4-xt5-xt6-pn-13522879-aftermarket<\/a><\/div>\n<div class=\"break-words text-[1em] leading-7\"><a class=\"break-words text-[1em] text-blue-500 hover:underline dark:text-blue-200\" href=\"https:\/\/www.key4.com\/smart-remote-key-cadillac-13598516-13510245-hyq2eb\" target=\"_blank\" rel=\"noopener noreferrer\">https:\/\/www.key4.com\/smart-remote-key-cadillac-13598516-13510245-hyq2eb<\/a><\/div>\n<div class=\"break-words text-[1em] leading-7\"><a class=\"break-words text-[1em] text-blue-500 hover:underline dark:text-blue-200\" href=\"https:\/\/www.ebay.com\/itm\/325005446964\" target=\"_blank\" rel=\"noopener noreferrer\">https:\/\/www.ebay.com\/itm\/325005446964<\/a><\/div>\n<div class=\"break-words text-[1em] leading-7\"><a class=\"break-words text-[1em] text-blue-500 hover:underline dark:text-blue-200\" href=\"https:\/\/tuwiazowna.pl\/details\/2020-2024-Cadillac-XT4-XT5-XT6-Smart-Key-5B-W-Hatch-Remote\/741491\" target=\"_blank\" rel=\"noopener noreferrer\">https:\/\/tuwiazowna.pl\/details\/2020-2024-Cadillac-XT4-XT5-XT6-Smart-Key-5B-W-Hatch-Remote\/741491<\/a><\/div>\n<div class=\"break-words text-[1em] leading-7\"><a class=\"break-words text-[1em] text-blue-500 hover:underline dark:text-blue-200\" href=\"https:\/\/www.pirouette-editions.fr\/details\/Fob-For-Cadillac-XT4-XT5-XT6-2020-2023-5-button-Smart-Remote\/354916\" target=\"_blank\" rel=\"noopener noreferrer\">https:\/\/www.pirouette-editions.fr\/details\/Fob-For-Cadillac-XT4-XT5-XT6-2020-2023-5-button-Smart-Remote\/354916<\/a><\/div>\n<div class=\"break-words text-[1em] leading-7\"><a class=\"break-words text-[1em] text-blue-500 hover:underline dark:text-blue-200\" href=\"https:\/\/www.autel.com\/u\/cms\/www\/202210\/24020108tdxp.pdf\" target=\"_blank\" rel=\"noopener noreferrer\">https:\/\/www.autel.com\/u\/cms\/www\/202210\/24020108tdxp.pdf<\/a><\/div>\n<div class=\"break-words text-[1em] leading-7\"><a class=\"break-words text-[1em] text-blue-500 hover:underline dark:text-blue-200\" href=\"https:\/\/www.ravecommercial.com\/reviews\/product\/278402\" target=\"_blank\" rel=\"noopener noreferrer\">https:\/\/www.ravecommercial.com\/reviews\/product\/278402<\/a><\/div>\n<\/div>\n<\/div>\n<\/div>\n<\/div>\n<\/div>\n<\/div>\n<\/div>","protected":false},"excerpt":{"rendered":"<ul>\n<li>SKU: CA-CD1190<\/li>\n<li>FCC-ID: HYQ2ES<\/li>\n<li>PN: 13522879, 13544052<\/li>\n<li>IC: 1551A-2ES<\/li>\n<li>Frequenz: 433Mhz<\/li>\n<li>Testschl\u00fcssel: HU100<\/li>\n<li>Tasten: Verriegeln, Entriegeln, Klappe, Panik, Fernstart<\/li>\n<li>Batterie: CR2032<\/li>\n<\/ul>","protected":false},"featured_media":20978,"comment_status":"open","ping_status":"closed","template":"","meta":{"_bst_post_transparent":"default","_bst_post_title":"","_bst_post_layout":"default","_bst_post_sidebar_id":"","_bst_post_content_style":"default","_bst_post_vertical_padding":"default","_bst_post_feature":"","_bst_post_feature_position":"","_bst_post_header":false,"_bst_post_footer":false},"product_brand":[],"product_cat":[15,149],"product_tag":[],"2_year_make_model":[],"class_list":{"0":"post-17944","1":"product","2":"type-product","3":"status-publish","4":"has-post-thumbnail","6":"product_cat-carkeyremote","7":"product_cat-for-cadillac","9":"first","10":"instock","11":"sale","12":"shipping-taxable","13":"purchasable","14":"product-type-simple","15":"entry","16":"content-bg","17":"loop-entry"},"_links":{"self":[{"href":"https:\/\/keylessbest.com\/de\/wp-json\/wp\/v2\/product\/17944","targetHints":{"allow":["GET"]}}],"collection":[{"href":"https:\/\/keylessbest.com\/de\/wp-json\/wp\/v2\/product"}],"about":[{"href":"https:\/\/keylessbest.com\/de\/wp-json\/wp\/v2\/types\/product"}],"replies":[{"embeddable":true,"href":"https:\/\/keylessbest.com\/de\/wp-json\/wp\/v2\/comments?post=17944"}],"version-history":[{"count":4,"href":"https:\/\/keylessbest.com\/de\/wp-json\/wp\/v2\/product\/17944\/revisions"}],"predecessor-version":[{"id":20570,"href":"https:\/\/keylessbest.com\/de\/wp-json\/wp\/v2\/product\/17944\/revisions\/20570"}],"wp:featuredmedia":[{"embeddable":true,"href":"https:\/\/keylessbest.com\/de\/wp-json\/wp\/v2\/media\/20978"}],"wp:attachment":[{"href":"https:\/\/keylessbest.com\/de\/wp-json\/wp\/v2\/media?parent=17944"}],"wp:term":[{"taxonomy":"product_brand","embeddable":true,"href":"https:\/\/keylessbest.com\/de\/wp-json\/wp\/v2\/product_brand?post=17944"},{"taxonomy":"product_cat","embeddable":true,"href":"https:\/\/keylessbest.com\/de\/wp-json\/wp\/v2\/product_cat?post=17944"},{"taxonomy":"product_tag","embeddable":true,"href":"https:\/\/keylessbest.com\/de\/wp-json\/wp\/v2\/product_tag?post=17944"},{"taxonomy":"2_year_make_model","embeddable":true,"href":"https:\/\/keylessbest.com\/de\/wp-json\/wp\/v2\/2_year_make_model?post=17944"}],"curies":[{"name":"wp","href":"https:\/\/api.w.org\/{rel}","templated":true}]}}