{"id":17948,"date":"2025-08-19T09:54:51","date_gmt":"2025-08-19T09:54:51","guid":{"rendered":"https:\/\/hanwuji.shengjit.com\/?post_type=product&#038;p=17948"},"modified":"2026-02-12T02:40:49","modified_gmt":"2026-02-12T02:40:49","slug":"2019-2021-cadillac-xt4-schlusselanhanger-hyq2es-fur-keylessbest","status":"publish","type":"product","link":"https:\/\/keylessbest.com\/de\/product\/2019-2021-cadillac-xt4-schlusselanhanger-hyq2es-fur-keylessbest\/","title":{"rendered":"2019-2021 Cadillac XT4 Schl\u00fcsselanh\u00e4nger HYQ2ES f\u00fcr Keylessbest"},"content":{"rendered":"<div class=\"woocommerce\">\n<div class=\"single-product\" data-product-page-preselected-id=\"0\">\n<div class=\"woocommerce-notices-wrapper\"><\/div>\n<div id=\"product-22747\" class=\"product type-product post-22747 status-draft first instock product_cat-uncategorized shipping-taxable product-type-simple\">\n<div class=\"woocommerce-tabs wc-tabs-wrapper\">\n<div id=\"tab-description\" class=\"woocommerce-Tabs-panel woocommerce-Tabs-panel--description panel entry-content wc-tab\" role=\"tabpanel\" aria-labelledby=\"tab-title-description\">\n<h2>2019 \u2013 2021 Cadillac XT4 HYQ2ES Schl\u00fcsselanh\u00e4nger Ersatz<\/h2>\n<p>Verlieren Ihrer Autoschl\u00fcssel ist eine unmittelbare Stressquelle, aber einen hochwertigen <strong>Cadillac XT4 Smart-Key Ersatz<\/strong> sollte es nicht sein. Ich habe Zuverl\u00e4ssigkeit und Benutzerfreundlichkeit bei diesem <strong>HYQ2ES Nahbereichsschl\u00fcsselanh\u00e4nger<\/strong>besonders f\u00fcr den XT4 von 2019-2021 priorisiert. Dies ist eine vollst\u00e4ndige <strong>Cadillac schl\u00fcssellose Zugangsfernbedienung<\/strong> L\u00f6sung, mit einem langlebigen Geh\u00e4use und interner Elektronik, die die Leistung Ihrer Originalausr\u00fcstung erf\u00fcllt.<\/p>\n<p>Um Ihnen Zeit und zus\u00e4tzliche Fahrten zum Gesch\u00e4ft zu ersparen, ist jeder <strong>XT4 Startknopf-Schl\u00fcssel<\/strong> von Keylessbest mit einem frischen, vorinstallierten <strong>CR2032-Batterie<\/strong> und einem ungeschnittenen <strong>HU100 Notfallklinge<\/strong>.<\/p>\n<h3>Kurze Spezifikationen<\/h3>\n<div class=\"table-responsive\">\n<table class=\"table\">\n<thead>\n<tr>\n<th>Merkmal<\/th>\n<th>Details<\/th>\n<\/tr>\n<\/thead>\n<tbody>\n<tr>\n<td><strong>FCC-ID<\/strong><\/td>\n<td><strong>HYQ2ES<\/strong><\/td>\n<\/tr>\n<tr>\n<td><strong>Frequenz<\/strong><\/td>\n<td>433 MHz<\/td>\n<\/tr>\n<tr>\n<td><strong>IC<\/strong><\/td>\n<td>1551A-2ES<\/td>\n<\/tr>\n<tr>\n<td><strong>Batterietyp<\/strong><\/td>\n<td>CR2032 (Vorinstalliert)<\/td>\n<\/tr>\n<tr>\n<td><strong>Schl\u00fcsselblatt<\/strong><\/td>\n<td>HU100 (Notfall-Ausziehbar)<\/td>\n<\/tr>\n<tr>\n<td><strong>Kompatibilit\u00e4t<\/strong><\/td>\n<td>2019 \u2013 2021 Cadillac XT4<\/td>\n<\/tr>\n<\/tbody>\n<\/table>\n<\/div>\n<p>Egal, ob Sie einen Ersatz oder einen Hauptschl\u00fcssel ben\u00f6tigen <strong>4-Tasten Cadillac Smart-Fob<\/strong>, diese Fernbedienung bietet eine nahtlose Verbindung zu Ihrem Fahrzeug-Sicherheitssystem. Ich stelle sicher, dass jede Einheit getestet wird, um eine starke Signalqualit\u00e4t f\u00fcr Funktionen wie <strong>Fernstart<\/strong> und N\u00e4herkennung, die Ihnen Qualit\u00e4t auf H\u00e4ndlerniveau zu einem Bruchteil der Kosten bietet.<\/p>\n<h2>Robuster 4-Tasten Cadillac XT4 Smart Key Ersatz<\/h2>\n<p>Ich habe daf\u00fcr gesorgt, dass diese <strong>HYQ2ES Nahbereichsschl\u00fcsselanh\u00e4nger<\/strong> die h\u00f6chsten Standards f\u00fcr Haltbarkeit und Leistung erf\u00fcllt. Diese <strong>Cadillac XT4 Smart-Key Ersatz<\/strong> ist kein generischer Backup; es ist ein pr\u00e4zise entwickelter 4<strong>-Tasten Cadillac Smart Fob<\/strong> der so gestaltet ist, dass er das Gewicht und das taktile Gef\u00fchl Ihres Originalzubeh\u00f6rs nachahmt.<\/p>\n<h3>Leistungs- und Designmerkmale<\/h3>\n<ul>\n<li><strong>Robustes Geh\u00e4use:<\/strong> Das Au\u00dfengeh\u00e4use besteht aus hochwertigen Materialien, um Risse und Sto\u00dfsch\u00e4den durch versehentliches Fallen zu widerstehen.<\/li>\n<li><strong>Voller Zugriff:<\/strong> Enth\u00e4lt die wesentliche <strong>Cadillac XT4 Fernstart-Schl\u00fcssel<\/strong> Taste, mit der Sie Ihr Fahrzeug vor dem Verlassen aufw\u00e4rmen oder abk\u00fchlen k\u00f6nnen.<\/li>\n<li><strong>Zuverl\u00e4ssige N\u00e4he:<\/strong> Der interne Sender ist auf maximale Reichweite und Stabilit\u00e4t abgestimmt, sodass Ihr <strong>Cadillac schl\u00fcssellose Zugangsfernbedienung<\/strong> bei jedem Ann\u00e4hern an das Fahrzeug reibungslos funktioniert.<\/li>\n<\/ul>\n<p>Ich biete diese hochwertigen Fernbedienungen \u00fcber unseren <a href=\"https:\/\/keylessbest.com\/de\/keylessbestcarkeyfobshop\/\">Online-Schl\u00fcsselanh\u00e4nger-Shop an<\/a> um Besitzern des XT4 eine zuverl\u00e4ssige Alternative zu \u00fcberh\u00f6hten H\u00e4ndlerpreisen zu bieten. Dieser Ersatz ist f\u00fcr die lange Dauer gebaut, beh\u00e4lt sein Finish und die Signalst\u00e4rke auch nach Jahren t\u00e4glicher Nutzung bei. Wenn Sie unsicher sind, welchen Signaltyp Ihr Fahrzeug hat, k\u00f6nnen Sie unseren <a href=\"https:\/\/keylessbest.com\/de\/so-erkennen-sie-ob-ihr-autoschlussel-315-mhz-oder-433-mhz-ist-visueller-leitfaden\/\">visuellen Leitfaden verwenden, um 315 MHz gegen 433 MHz Schl\u00fcssel zu unterscheiden<\/a> um zu best\u00e4tigen, dass diese 433 MHz Fernbedienung die richtige Passform f\u00fcr Ihren Cadillac ist.<\/p>\n<h2>Technische Spezifikationen f\u00fcr FCC ID HYQ2ES<\/h2>\n<p>Wenn Sie nach einem <strong>XT4 Startknopf-Schl\u00fcssel<\/strong>, ist die interne Hardware das Wichtigste. Ich habe sichergestellt, dass diese Fernbedienung den hohen elektronischen Anforderungen Ihres Fahrzeugs entspricht und die <strong>Philips ID 46 verschl\u00fcsselter Chip<\/strong> f\u00fcr maximale Sicherheit. Sie arbeitet auf einer <strong>433 MHz Frequenz<\/strong>, was sicherstellt, dass Ihre <strong>Cadillac XT4 Fernstart-Schl\u00fcssel<\/strong> Funktionen mit der gleichen Reichweite und Zuverl\u00e4ssigkeit wie das Original funktionieren.<\/p>\n<p>Bevor Sie kaufen, ist es hilfreich, die <a href=\"https:\/\/keylessbest.com\/de\/unterschiede-zwischen-aftermarket-schlusselanhanger-und-oem-sowie-kaufleitfaden\/\">Unterschiede zwischen Aftermarket-Schl\u00fcsselanh\u00e4ngern und OEM zu verstehen<\/a> um zu sehen, warum dieser hochwertige Ersatz die kl\u00fcgste Wahl f\u00fcr Ihr Budget ist.<\/p>\n<div class=\"table-responsive\">\n<table class=\"table\">\n<thead>\n<tr>\n<th>Komponente<\/th>\n<th>Spezifikation<\/th>\n<\/tr>\n<\/thead>\n<tbody>\n<tr>\n<td><strong>FCC-ID<\/strong><\/td>\n<td><strong>HYQ2ES<\/strong><\/td>\n<\/tr>\n<tr>\n<td><strong>Teilenummern<\/strong><\/td>\n<td>13522872, 13591382, 13544051, 13522879<\/td>\n<\/tr>\n<tr>\n<td><strong>Frequenz<\/strong><\/td>\n<td>433 MHz<\/td>\n<\/tr>\n<tr>\n<td><strong>Transponder-Chip<\/strong><\/td>\n<td>Philips ID 46 verschl\u00fcsselt<\/td>\n<\/tr>\n<tr>\n<td><strong>Batterietyp<\/strong><\/td>\n<td><strong>CR2032<\/strong> (Inklusive)<\/td>\n<\/tr>\n<tr>\n<td><strong>Notfallschl\u00fcssel<\/strong><\/td>\n<td>HU100 Klinge<\/td>\n<\/tr>\n<tr>\n<td><strong>IC<\/strong><\/td>\n<td>1551A-2ES<\/td>\n<\/tr>\n<\/tbody>\n<\/table>\n<\/div>\n<p>Dieses<strong>\u00a0Ersatz-Fernbedienung<\/strong> ist daf\u00fcr gebaut, t\u00e4glichen Verschlei\u00df standzuhalten und gleichzeitig ein klares Signal zu gew\u00e4hrleisten. Ich stelle diesen Einheiten eine <strong>vorgeinstallierten CR2032-Batterie<\/strong> und einem ungeschnittenen <strong>Cadillac XT4 Notfall-Schl\u00fcsselblatt<\/strong>zur Verf\u00fcgung, damit Sie alles bereit haben, um den Schlosser direkt aus der Verpackung heraus zu kontaktieren.<\/p>\n<h2>Kompatible Cadillac XT4 HYQ2ES Schl\u00fcsselanh\u00e4nger-Modelle von 2019 \u2013 2021<\/h2>\n<p>Dieses <strong>Cadillac XT4 Smart-Key Ersatz<\/strong> ist speziell f\u00fcr Fahrzeuge mit Startknopf ausgestattet. Um sicherzustellen, dass dies <strong>Keylessbest Cadillac Fernbedienung<\/strong> die richtige \u00dcbereinstimmung f\u00fcr Ihren SUV ist, m\u00fcssen Sie \u00fcberpr\u00fcfen, ob Ihre aktuelle Fernbedienung die gleiche Technologie und Kennungen verwendet. Ich empfehle, die R\u00fcckseite Ihrer Original <strong>Cadillac Ann\u00e4herungsfernbedienung HYQ2ES<\/strong> zu \u00fcberpr\u00fcfen oder im Batteriefach nach der eingravierten FCC-ID zu suchen.<\/p>\n<h3>So best\u00e4tigen Sie die Kompatibilit\u00e4t<\/h3>\n<p>Dieses <strong>XT4 Startknopf-Schl\u00fcssel<\/strong> ist perfekt geeignet f\u00fcr diejenigen, die eine zuverl\u00e4ssige <a href=\"https:\/\/keylessbest.com\/de\/hersteller\/cadillac\/\">Cadillac schl\u00fcssellose Zugangsfernbedienung<\/a> ohne den Preis eines H\u00e4ndlers bezahlen zu m\u00fcssen, suchen. Es unterst\u00fctzt alle Werkstattfunktionen, einschlie\u00dflich der <strong>Cadillac XT4 Fernstart-Schl\u00fcssel<\/strong> und Panikalarm-Funktionen.<\/p>\n<div class=\"table-responsive\">\n<table class=\"table\">\n<thead>\n<tr>\n<th>Merkmal<\/th>\n<th>Erforderliche Spezifikation<\/th>\n<\/tr>\n<\/thead>\n<tbody>\n<tr>\n<td><strong>Modelljahre<\/strong><\/td>\n<td>2019, 2020, 2021<\/td>\n<\/tr>\n<tr>\n<td><strong>Fahrzeugmodell<\/strong><\/td>\n<td>Cadillac XT4<\/td>\n<\/tr>\n<tr>\n<td><strong>FCC-ID<\/strong><\/td>\n<td><strong>HYQ2ES<\/strong><\/td>\n<\/tr>\n<tr>\n<td><strong>Frequenz<\/strong><\/td>\n<td>433 MHz<\/td>\n<\/tr>\n<tr>\n<td><strong>IC<\/strong><\/td>\n<td>1551A-2ES<\/td>\n<\/tr>\n<\/tbody>\n<\/table>\n<\/div>\n<p>Wenn Ihr Fahrzeug in diese Produktionsjahre f\u00e4llt und Ihre bestehende Fernbedienung das 4<strong>-Tasten Cadillac Smart Fob<\/strong> Layout aufweist, ist diese Einheit genau die <strong>Aftermarket Cadillac Smart Key<\/strong> die Sie ben\u00f6tigen. Es ersetzt mehrere Teilenummern, einschlie\u00dflich <strong>13522872<\/strong>, <strong>13591382<\/strong>, und <strong>13544051<\/strong>. \u00dcberpr\u00fcfen Sie immer doppelt, ob Ihre Frequenz 433 MHz betr\u00e4gt, um sicherzustellen, dass das Signal korrekt mit dem Bordcomputer Ihres XT4 kommuniziert.<\/p>\n<h2>So programmieren Sie Ihren Cadillac XT4 HYQ2ES Schl\u00fcsselanh\u00e4nger<\/h2>\n<p>Das Vorbereiten Ihres <strong>Cadillac XT4 Smart-Key Ersatz<\/strong> auf die Stra\u00dfe erfordert zwei spezifische Schritte: professionelle Programmierung und Laser-Schneidarbeiten. Weil die <strong>HYQ2ES Nahbereichsschl\u00fcsselanh\u00e4nger<\/strong> hochsicher verschl\u00fcsselt ist, kann sie nicht mit manuellen \u201eOnboard\u201c-DIY-Methoden programmiert werden.<\/p>\n<h3>Professionelle Programmierung und Laserschneiden<\/h3>\n<p>Ich empfehle, den teuren Service im Autohaus zu \u00fcberspringen und eine seri\u00f6se <strong>Kfz-Schlosser<\/strong>. Die meisten mobilen Schl\u00fcsseldienste verf\u00fcgen \u00fcber die spezialisierten OBDII-Diagnosewerkzeuge, die erforderlich sind, um <strong>Cadillac XT4 Schl\u00fcsselanh\u00e4nger<\/strong> Fernbedienungen schnell und zu einem viel niedrigeren Preis zu programmieren.<\/p>\n<ul>\n<li><strong>Programmierung:<\/strong> Ein Profi wird das <strong>Cadillac schl\u00fcssellose Zugangsfernbedienung<\/strong> mit dem Computersystem Ihres Fahrzeugs synchronisieren.<\/li>\n<li><strong>Schneidarbeiten:<\/strong> Der Schl\u00fcsseldienst wird einen Hochsicherheits-Schneider verwenden, um das <strong>Cadillac XT4 Notfall-Schl\u00fcsselblatt<\/strong> so zu fr\u00e4sen, dass es perfekt zu Ihrem T\u00fcrschloss passt.<\/li>\n<li><strong>Funktionspr\u00fcfung:<\/strong> Stellen Sie sicher, dass der Schl\u00fcsseldienst die <strong>XT4 Startknopf-Schl\u00fcssel<\/strong> und Fernstartfunktionen vor Abschluss der Arbeit vollst\u00e4ndig \u00fcberpr\u00fcft.<\/li>\n<\/ul>\n<p>W\u00e4hrend die Erstinstallation einen Profi erfordert, k\u00f6nnen Sie die routinem\u00e4\u00dfige Wartung selbst erledigen. Zum Beispiel k\u00f6nnen Sie lernen <a href=\"https:\/\/keylessbest.com\/de\/wie-man-die-cadillac-schlussel-fob-batterie-in-5-minuten-austauscht\/\">wie man die Batterie des Cadillac-Schl\u00fcsselanh\u00e4ngers in 5 Minuten austauscht<\/a> Damit Ihr Fernbedienungssignal stets die maximale Signalst\u00e4rke beh\u00e4lt, ohne einen Besuch im Laden.<\/p>\n<h2>Warum ich die Keylessbest Cadillac Fernbedienung empfehle<\/h2>\n<p>Ich stehe hinter unseren Produkten, weil ich glaube, dass Cadillac-Besitzer keine \u201eLuxus\u201c-Preise f\u00fcr ein Standardersatzteil zahlen sollten. Wenn Sie sich f\u00fcr eine entscheiden <strong>Keylessbest Cadillac Fernbedienung<\/strong>, erhalten Sie eine Hochleistungs- <strong>2019 \u2013 2021 Cadillac XT4 HYQ2ES Schl\u00fcsselanh\u00e4nger<\/strong> zu einem Bruchteil der Kosten, die Sie bei einem H\u00e4ndler finden w\u00fcrden.<\/p>\n<ul>\n<li><strong>Enorme Einsparungen:<\/strong> Sparen Sie bis zu 70% im Vergleich zu den Aufschl\u00e4gen lokaler H\u00e4ndler.<\/li>\n<li><strong>Unver\u00e4nderte Qualit\u00e4t:<\/strong> Wir stellen sicher, dass unsere Schl\u00fcsselanh\u00e4nger die urspr\u00fcngliche Signalst\u00e4rke und Zuverl\u00e4ssigkeit auf lange Distanz beibehalten.<\/li>\n<li><strong>Robuste Verarbeitung:<\/strong> Jede <strong>g\u00fcnstiger Cadillac XT4 Ersatzschl\u00fcssel<\/strong> den wir verkaufen, ist so konzipiert, dass er dem t\u00e4glichen Gebrauch standh\u00e4lt, ohne auszufallen.<\/li>\n<\/ul>\n<p>Sie k\u00f6nnen dieses spezielle <strong>Cadillac Ann\u00e4herungsfernbedienung HYQ2ES<\/strong> und andere Zubeh\u00f6rteile im <a href=\"https:\/\/keylessbest.com\/de\/shop\/\">Keylessbest-Shop<\/a>, wo wir Qualit\u00e4t und Kundeneinsparungen \u00fcber alles stellen.<\/p>\n<h2>H\u00e4ufige Fragen zum Cadillac XT4 HYQ2ES Schl\u00fcsselanh\u00e4nger<\/h2>\n<p>Ich bekomme viele Fragen von Besitzern, die nach einem <strong>Cadillac XT4 Smart-Key Ersatz<\/strong>suchen. Hier sind die schnellen Antworten, die Sie brauchen, um wieder auf die Stra\u00dfe zu kommen, ohne den \u00c4rger mit dem H\u00e4ndler.<\/p>\n<h3>Kann ich diese Fernbedienung selbst programmieren?<\/h3>\n<p>F\u00fcr die Modelle von 2019-2021 ist die DIY-Programmierung in der Regel keine Option aufgrund der fortschrittlichen Sicherheitsverschl\u00fcsselung. Sie m\u00fcssen diese <strong>HYQ2ES Nahbereichsschl\u00fcsselanh\u00e4nger<\/strong> zu einem professionellen Kfz-Schl\u00fcsseldienst oder einem H\u00e4ndler bringen, um sie mit Ihrem Fahrzeug zu synchronisieren. Wenn Sie allgemeinere Fragen dazu haben, wie unsere Produkte funktionieren, k\u00f6nnen Sie unsere <a href=\"https:\/\/keylessbest.com\/de\/haufig-faqs\/\">h\u00e4ufig gestellten Fragen<\/a> f\u00fcr weitere Details durchsuchen.<\/p>\n<h3>Welche Batterie verwendet die XT4-Fernbedienung?<\/h3>\n<p>Diese Fernbedienung l\u00e4uft mit einer einzelnen <strong>XT4 Schl\u00fcsselanh\u00e4nger-Batterie CR2032<\/strong>. Einer der besten Vorteile beim Kauf bei mir ist, dass bereits eine frische Batterie vorinstalliert ist, sodass Ihre Fernbedienung sofort einsatzbereit ist, wenn sie ankommt.<\/p>\n<h3>Wie best\u00e4tige ich die Kompatibilit\u00e4t?<\/h3>\n<p>Um sicherzustellen, dass dies die richtige <strong>Cadillac Ann\u00e4herungsfernbedienung HYQ2ES<\/strong> f\u00fcr Ihren XT4 ist, \u00fcberpr\u00fcfen Sie die R\u00fcckseite Ihres aktuellen Schl\u00fcssels oder die interne Leiterplatte auf die FCC-ID. Wenn sie \u00fcbereinstimmt <strong>HYQ2ES<\/strong>, passt diese 4-Tasten-Fernbedienung perfekt.<\/p>\n<p>Wenn Sie sich bez\u00fcglich der Kompatibilit\u00e4t noch unsicher sind oder Hilfe bei der Identifizierung Ihrer Teilenummer ben\u00f6tigen, bitte <a href=\"https:\/\/keylessbest.com\/de\/kontaktieren-sie-uns-keylessbest\/\">kontaktieren Sie unser Support-Team<\/a> f\u00fcr fachkundige Unterst\u00fctzung.<\/p>\n<ul>\n<li><strong>Frequenz:<\/strong> 433 MHz<\/li>\n<li><strong>Chip:<\/strong> Philips ID 46 verschl\u00fcsselt<\/li>\n<li><strong>Notfallklinge:<\/strong> Inklusive (ungeschnitten)<\/li>\n<li><strong>Kompatibilit\u00e4t:<\/strong> Modelle des Cadillac XT4 von 2019, 2020 und 2021<\/li>\n<\/ul>\n<div id=\"references\" class=\"min-w-0 scroll-mt-8 overflow-hidden\">\n<div class=\"text-[16px]\">\n<h2 id=\"references\" class=\"mb-2 mt-2 scroll-mt-24 font-serif text-[1.714286em] font-semibold border-border-l1 pb-1 border-b overflow-hidden\">Verwandte Quellen<\/h2>\n<\/div>\n<div class=\"flex flex-col gap-2 text-sm leading-relaxed\">\n<div class=\"break-words text-[1em] leading-7\"><a class=\"break-words text-[1em] text-blue-500 hover:underline dark:text-blue-200\" href=\"https:\/\/yourcarkeyguys.com\/products\/2020-2025-cadillac-xt4-xt5-xt6-smart-key-5b-hatch-hyq2es\" target=\"_blank\" rel=\"noopener noreferrer\">https:\/\/yourcarkeyguys.com\/products\/2020-2025-cadillac-xt4-xt5-xt6-smart-key-5b-hatch-hyq2es<\/a><\/div>\n<div class=\"break-words text-[1em] leading-7\"><a class=\"break-words text-[1em] text-blue-500 hover:underline dark:text-blue-200\" href=\"https:\/\/www.locksmithkeyless.com\/products\/2020-2024-cadillac-xt4-xt5-xt6-smart-key-5b-w-hatch-remote-start-hyq2es-13522879\" target=\"_blank\" rel=\"noopener noreferrer\">https:\/\/www.locksmithkeyless.com\/products\/2020-2024-cadillac-xt4-xt5-xt6-smart-key-5b-w-hatch-remote-start-hyq2es-13522879<\/a><\/div>\n<div class=\"break-words text-[1em] leading-7\"><a class=\"break-words text-[1em] text-blue-500 hover:underline dark:text-blue-200\" href=\"https:\/\/www.key4.com\/cadillac-xt4-xt5-xt6-smart-remote-key-13544052-hyq2es-refurbished\" target=\"_blank\" rel=\"noopener noreferrer\">https:\/\/www.key4.com\/cadillac-xt4-xt5-xt6-smart-remote-key-13544052-hyq2es-refurbished<\/a><\/div>\n<div class=\"break-words text-[1em] leading-7\"><a class=\"break-words text-[1em] text-blue-500 hover:underline dark:text-blue-200\" href=\"https:\/\/remotesandkeys.com\/products\/2023-cadillac-xt4-smart-key-remote-1053\" target=\"_blank\" rel=\"noopener noreferrer\">https:\/\/remotesandkeys.com\/products\/2023-cadillac-xt4-smart-key-remote-1053<\/a><\/div>\n<div class=\"break-words text-[1em] leading-7\"><a class=\"break-words text-[1em] text-blue-500 hover:underline dark:text-blue-200\" href=\"https:\/\/lost-car-keys-replacement.com\/cadillac\/xt4\/\" target=\"_blank\" rel=\"noopener noreferrer\">https:\/\/lost-car-keys-replacement.com\/cadillac\/xt4\/<\/a><\/div>\n<div class=\"break-words text-[1em] leading-7\"><a class=\"break-words text-[1em] text-blue-500 hover:underline dark:text-blue-200\" href=\"https:\/\/www.youtube.com\/watch?v=NvjajhitLMI\" target=\"_blank\" rel=\"noopener noreferrer\">https:\/\/www.youtube.com\/watch?v=NvjajhitLMI<\/a><\/div>\n<div class=\"break-words text-[1em] leading-7\"><a class=\"break-words text-[1em] text-blue-500 hover:underline dark:text-blue-200\" href=\"https:\/\/www.programyourremote.com\/\" target=\"_blank\" rel=\"noopener noreferrer\">https:\/\/www.programyourremote.com\/<\/a><\/div>\n<div class=\"break-words text-[1em] leading-7\"><a class=\"break-words text-[1em] text-blue-500 hover:underline dark:text-blue-200\" href=\"https:\/\/www.youtube.com\/watch?v=jT4jdpXdopQ\" target=\"_blank\" rel=\"noopener noreferrer\">https:\/\/www.youtube.com\/watch?v=jT4jdpXdopQ<\/a><\/div>\n<div class=\"break-words text-[1em] leading-7\"><a class=\"break-words text-[1em] text-blue-500 hover:underline dark:text-blue-200\" href=\"https:\/\/www.carandtruckremotes.com\/collections\/cadillac-xt4-keyless-entry-remotes\" target=\"_blank\" rel=\"noopener noreferrer\">https:\/\/www.carandtruckremotes.com\/collections\/cadillac-xt4-keyless-entry-remotes<\/a><\/div>\n<div class=\"break-words text-[1em] leading-7\"><a class=\"break-words text-[1em] text-blue-500 hover:underline dark:text-blue-200\" href=\"https:\/\/www.reddit.com\/r\/Costco\/comments\/1o4b7o4\/car_key_fob_replacement_deal\/\" target=\"_blank\" rel=\"noopener noreferrer\">https:\/\/www.reddit.com\/r\/Costco\/comments\/1o4b7o4\/car_key_fob_replacement_deal\/<\/a><\/div>\n<div class=\"break-words text-[1em] leading-7\"><a class=\"break-words text-[1em] text-blue-500 hover:underline dark:text-blue-200\" href=\"https:\/\/www.keylessentryremotefob.com\/shop-by-car-make\/cadillac\/xt4\/\" target=\"_blank\" rel=\"noopener noreferrer\">https:\/\/www.keylessentryremotefob.com\/shop-by-car-make\/cadillac\/xt4\/<\/a><\/div>\n<div class=\"break-words text-[1em] leading-7\"><a class=\"break-words text-[1em] text-blue-500 hover:underline dark:text-blue-200\" href=\"https:\/\/www.youtube\/\" target=\"_blank\" rel=\"noopener noreferrer\">https:\/\/www.youtube<\/a><\/div>\n<\/div>\n<\/div>\n<\/div>\n<\/div>\n<\/div>\n<\/div>\n<\/div>","protected":false},"excerpt":{"rendered":"<ul>\n<li>SKU: CA-CD1191<\/li>\n<li>FCC-ID: HYQ2ES<\/li>\n<li>PN: 13522872, 13591382,13544051<\/li>\n<li>IC: 1551A-2ES<\/li>\n<li>Frequenz: 433MHz<\/li>\n<li>Testschl\u00fcssel: HU100<\/li>\n<li>Tasten: Verriegeln, Entriegeln, Panik, Fernstart<\/li>\n<li>Batterie: CR2032<\/li>\n<\/ul>","protected":false},"featured_media":20977,"comment_status":"open","ping_status":"closed","template":"","meta":{"_bst_post_transparent":"default","_bst_post_title":"","_bst_post_layout":"default","_bst_post_sidebar_id":"","_bst_post_content_style":"default","_bst_post_vertical_padding":"default","_bst_post_feature":"","_bst_post_feature_position":"","_bst_post_header":false,"_bst_post_footer":false},"product_brand":[],"product_cat":[15,149],"product_tag":[],"2_year_make_model":[],"class_list":{"0":"post-17948","1":"product","2":"type-product","3":"status-publish","4":"has-post-thumbnail","6":"product_cat-carkeyremote","7":"product_cat-for-cadillac","8":"pa_make-cadillac","9":"pa_model-ats","10":"pa_model-ct4","11":"pa_model-ct5","12":"pa_model-ct6","13":"pa_model-cts","14":"pa_model-dts","15":"pa_model-srx","16":"pa_model-sts","17":"pa_year-model-244","18":"pa_year-model-245","19":"pa_year-model-246","21":"first","22":"instock","23":"sale","24":"shipping-taxable","25":"purchasable","26":"product-type-simple","27":"entry","28":"content-bg","29":"loop-entry"},"_links":{"self":[{"href":"https:\/\/keylessbest.com\/de\/wp-json\/wp\/v2\/product\/17948","targetHints":{"allow":["GET"]}}],"collection":[{"href":"https:\/\/keylessbest.com\/de\/wp-json\/wp\/v2\/product"}],"about":[{"href":"https:\/\/keylessbest.com\/de\/wp-json\/wp\/v2\/types\/product"}],"replies":[{"embeddable":true,"href":"https:\/\/keylessbest.com\/de\/wp-json\/wp\/v2\/comments?post=17948"}],"version-history":[{"count":4,"href":"https:\/\/keylessbest.com\/de\/wp-json\/wp\/v2\/product\/17948\/revisions"}],"predecessor-version":[{"id":20572,"href":"https:\/\/keylessbest.com\/de\/wp-json\/wp\/v2\/product\/17948\/revisions\/20572"}],"wp:featuredmedia":[{"embeddable":true,"href":"https:\/\/keylessbest.com\/de\/wp-json\/wp\/v2\/media\/20977"}],"wp:attachment":[{"href":"https:\/\/keylessbest.com\/de\/wp-json\/wp\/v2\/media?parent=17948"}],"wp:term":[{"taxonomy":"product_brand","embeddable":true,"href":"https:\/\/keylessbest.com\/de\/wp-json\/wp\/v2\/product_brand?post=17948"},{"taxonomy":"product_cat","embeddable":true,"href":"https:\/\/keylessbest.com\/de\/wp-json\/wp\/v2\/product_cat?post=17948"},{"taxonomy":"product_tag","embeddable":true,"href":"https:\/\/keylessbest.com\/de\/wp-json\/wp\/v2\/product_tag?post=17948"},{"taxonomy":"2_year_make_model","embeddable":true,"href":"https:\/\/keylessbest.com\/de\/wp-json\/wp\/v2\/2_year_make_model?post=17948"}],"curies":[{"name":"wp","href":"https:\/\/api.w.org\/{rel}","templated":true}]}}