{"id":18157,"date":"2025-11-26T03:14:28","date_gmt":"2025-11-26T03:14:28","guid":{"rendered":"https:\/\/keylessbest.com\/?post_type=product&#038;p=18157"},"modified":"2026-02-11T05:31:12","modified_gmt":"2026-02-11T05:31:12","slug":"2004-2013-buick-chevrolet-schlusselanhanger-kobgt04a-fur-keylessbest","status":"publish","type":"product","link":"https:\/\/keylessbest.com\/de\/product\/2004-2013-buick-chevrolet-schlusselanhanger-kobgt04a-fur-keylessbest\/","title":{"rendered":"2004 2013 Buick Chevrolet Schl\u00fcsselanh\u00e4nger KOBGT04A f\u00fcr Keylessbest"},"content":{"rendered":"<p>*Die detaillierten Informationen zu diesem schl\u00fcssellosen Fernbedienungsschl\u00fcssel f\u00fcr Buick Chevrolet Pontiac Saturn von 2004-2013 sind wie folgt. Bitte best\u00e4tigen Sie, dass die folgenden Details mit Ihrem Fahrzeug \u00fcbereinstimmen, bevor Sie bestellen: FCC ID, Teilenummer, Jahr Modell, IC, Frequenz, Chip und Tasten.<\/p>\n<h6><strong><b>Produktinformationen: <\/b><\/strong><\/h6>\n<ul>\n<li>FCC ID: KOBGT04A<\/li>\n<li>PN: 22733524<\/li>\n<li>IC: 3521A-T04A<\/li>\n<li>Frequenz: 315MHz<\/li>\n<li>Tasten: Verriegeln, Entriegeln, Alarm, Kofferraum, Fernstart<\/li>\n<\/ul>\n<h6><strong><b>Das Referenzmodell:<\/b><\/strong><\/h6>\n<ul>\n<li>\n<div>2005 &#8211; 2009 <a href=\"https:\/\/keylessbest.com\/de\/product\/2017-2020-buick-lacrosse-5-tasten-schlusselloser-zugang-fernbedienung-hyq4ea-pn-13508414\/\" data-wpil-monitor-id=\"86\">Buick LaCrosse<\/a><\/div>\n<div><\/div>\n<\/li>\n<li>\n<div>Chevrolet Cobalt 2006 \u2013 2013<\/div>\n<div><\/div>\n<\/li>\n<li>\n<div>2004 &#8211; 2013 <a href=\"https:\/\/keylessbest.com\/de\/product\/2004-2012-buick-chevrolet-pontiac-saturn-allure-lacrosse-malibu-malibu-maxx-cobalt-hhr-g5-g6-grand-prix-solstice-aura-sky-4-tasten-schlussel-fernbedienung-kobgt04a-pn15252034-22733523\/\" data-wpil-monitor-id=\"87\">Chevrolet Malibu<\/a><\/div>\n<div><\/div>\n<\/li>\n<li>\n<div>Pontiac G5 2007 \u2013 2009<\/div>\n<div><\/div>\n<\/li>\n<li>\n<div>Pontiac G6 2005 \u2013 2010<\/div>\n<div><\/div>\n<\/li>\n<li>\n<div>Pontiac Grand Prix 2005 \u2013 2008<\/div>\n<div><\/div>\n<\/li>\n<li>\n<div>Saturn Aura 2007 \u2013 2010<\/div>\n<div><\/div>\n<\/li>\n<li>\n<div>Saturn Sky 2007 \u2013 2010<\/div>\n<\/li>\n<\/ul>\n<h6><strong><b>Lieferumfang:<\/b><\/strong><\/h6>\n<ul>\n<li>Ein neuer Aftermarket <a href=\"https:\/\/keylessbest.com\/de\/product\/2018-2022-toyota-camry-camry-hybrid-corolla-4-tasten-schlusselloser-zugang-fernbedienung-hyq12bfb-pn-89070-06790-h\/\" data-wpil-monitor-id=\"88\">schl\u00fcsselloser Sender<\/a> Handsender<\/li>\n<li>Einen kostenlosen Ersatz-Notfall-Einf\u00fcgeschl\u00fcssel f\u00fcr den Aftermarket<\/li>\n<li>Alle Sender werden mit einer Batterie geliefert<\/li>\n<li>Alle Einheiten werden vor dem Versand getestet<\/li>\n<li>2-Jahres 100% Zufriedenheitsgarantie und Garantie<\/li>\n<\/ul>\n<h6><strong><b>Hinweis:<\/b><\/strong><\/h6>\n<ul>\n<li>Der schl\u00fcssellose Zugangsschl\u00fcsselersatz f\u00fcr Buick Chevrolet Pontiac Saturn von 2004-2013 \u2013 ohne Logo, mit einem ungeschnittenen Notfall-Einsatzschl\u00fcssel inklusive.<\/li>\n<li>Wir schneiden oder programmieren den Fernschl\u00fcssel nicht. F\u00fcr die Preisgestaltung wenden Sie sich bitte an den \u00f6rtlichen Schl\u00fcsseldienst oder H\u00e4ndler.<\/li>\n<li>Dieser Sender ist kompatibel mit Fahrzeugen, die \u00fcber einen Dashboard-Druckknopf zum Starten\/Stoppen oder einen Drehknopf verf\u00fcgen, sowie \u00fcber ein Proxy- <a href=\"https:\/\/keylessbest.com\/de\/product\/2016-2022-chevrolet-volt-cruze-neues-modell-traverse-camaro-malibu-cruze-xl8-systeme-nur-blazer-sonic-4-tasten-schlusselloser-zugang-fernbedienung-hyq4ea-pn-1350877113584504-13529660-46\/\" data-wpil-monitor-id=\"85\">schl\u00fcsselloses Zugangssystem<\/a> System.<\/li>\n<li>Der Preis gilt f\u00fcr einen kompletten <a href=\"https:\/\/keylessbest.com\/de\/product\/2005-2007-cadillac-sts-5-tasten-schlusselloser-zugang-fernbedienung-m3n65981403-ersetzt-pn-15212382__trashed\/\" data-wpil-monitor-id=\"83\">schl\u00fcssellosen Entry-Remote-Ersatz<\/a>, inklusive Notfallschl\u00fcssel.<\/li>\n<li>Daher empfehlen wir dringend, dass Sie Ihren\u00a0<a href=\"https:\/\/keylessbest.com\/de\/wie-man-den-schlusselanhanger-schnell-einfach-diy-schritte-fur-jedes-auto-programmiert\/\" data-wpil-monitor-id=\"84\">KEY FOB programmieren lassen<\/a> von einem professionellen Schlosser oder H\u00e4ndler.<\/li>\n<\/ul>\n<h6><strong><b>Programmierressourcen\u00a0<\/b><\/strong><\/h6>\n<p><a href=\"https:\/\/programyourfob.com\/?list_4\/\" target=\"_blank\" rel=\"noopener\">https:\/\/programyourfob.com\/?list_4\/<\/a><\/p>\n<p><a href=\"https:\/\/programyourfob.com\/?list_6\/\" target=\"_blank\" rel=\"noopener\">https:\/\/programyourfob.com\/?list_6\/<\/a><\/p>\n<p><a href=\"https:\/\/programyourfob.com\/?list_30\/\" target=\"_blank\" rel=\"noopener\">https:\/\/programyourfob.com\/?list_30\/<\/a><\/p>\n<p><a href=\"https:\/\/programyourfob.com\/?list_32\/\" target=\"_blank\" rel=\"noopener\">https:\/\/programyourfob.com\/?list_32\/<\/a><\/p>\n<p>Vielen Dank, dass Sie sich f\u00fcr uns entschieden haben.<\/p>\n<p>Wir sind einer der professionellsten Hersteller von Autoschl\u00fcsseln, schl\u00fcssellosen Zugangssystemen, <a href=\"https:\/\/keylessbest.com\/de\/product\/2010-2018-porsche-911-boxster-cayenne-cayman-macan-panamera-3-tasten-schlusselloser-zugang-fernbedienung-kr55wk50138-teilenummer-7pp959753ak-7pp-959-753-ak-7pp-959-753-bl-7pp-959-753-bq-7pp-959-753-n\/\" data-wpil-monitor-id=\"82\">Autoschl\u00fcssel-Fernbedienung<\/a>, Transponderchips, Schl\u00fcsselprogrammierger\u00e4te, Autoschl\u00fcsselgeh\u00e4use, Autoschl\u00f6sser, Schlosserwerkzeuge usw. Dar\u00fcber hinaus verf\u00fcgt unser Unternehmen \u00fcber ein professionelles Team und eine Produktionslinie. Au\u00dferdem sind wir auf die Herstellung verschiedener Autoschl\u00fcssel, Autoschl\u00fcsselgeh\u00e4use und Schlosserwerkzeuge spezialisiert. Wir k\u00fcmmern uns auch um die Entwicklung, Herstellung und den Gro\u00dfhandel von Auto-Sicherheits- und Schutzprodukten.<\/p>\n<p>Wettbewerbsf\u00e4hige Preise und engagierte Dienstleistungen helfen Ihnen, einen guten Markt zu erschlie\u00dfen. Au\u00dferdem bieten \u00fcber 10 junge und energische Vertriebsteams schnellen, professionellen und freundlichen Service jederzeit. Zus\u00e4tzlich werden alle unsere Produkte direkt aus dem Lager in Deutschland, Kanada und Mexiko versendet. Die Waren, die Sie gekauft haben, werden innerhalb von 48 Stunden nach Bestellung verpackt und versendet. Mehr als 100% unserer Produkte sind auf Lager, und der Bestand ist ausreichend.<\/p>","protected":false},"excerpt":{"rendered":"<ul>\n<li>SKU: CA-GM011<\/li>\n<li>FCC ID: KOBGT04A<\/li>\n<li>PN: 22733524<\/li>\n<li>IC: 3521A-T04A<\/li>\n<li>Frequenz: 315MHz<\/li>\n<li>Tasten: Verriegeln, Entriegeln, Alarm, Kofferraum, Fernstart<\/li>\n<\/ul>","protected":false},"featured_media":20815,"comment_status":"open","ping_status":"closed","template":"","meta":{"_bst_post_transparent":"default","_bst_post_title":"","_bst_post_layout":"default","_bst_post_sidebar_id":"","_bst_post_content_style":"default","_bst_post_vertical_padding":"default","_bst_post_feature":"","_bst_post_feature_position":"","_bst_post_header":false,"_bst_post_footer":false},"product_brand":[],"product_cat":[150,15,151,373,167],"product_tag":[],"2_year_make_model":[],"class_list":{"0":"post-18157","1":"product","2":"type-product","3":"status-publish","4":"has-post-thumbnail","6":"product_cat-for-chevrolet","7":"product_cat-carkeyremote","8":"product_cat-for-buick","9":"product_cat-for-pontiac","10":"product_cat-for-subaru","12":"first","13":"instock","14":"sale","15":"shipping-taxable","16":"purchasable","17":"product-type-simple","18":"entry","19":"content-bg","20":"loop-entry"},"_links":{"self":[{"href":"https:\/\/keylessbest.com\/de\/wp-json\/wp\/v2\/product\/18157","targetHints":{"allow":["GET"]}}],"collection":[{"href":"https:\/\/keylessbest.com\/de\/wp-json\/wp\/v2\/product"}],"about":[{"href":"https:\/\/keylessbest.com\/de\/wp-json\/wp\/v2\/types\/product"}],"replies":[{"embeddable":true,"href":"https:\/\/keylessbest.com\/de\/wp-json\/wp\/v2\/comments?post=18157"}],"version-history":[{"count":4,"href":"https:\/\/keylessbest.com\/de\/wp-json\/wp\/v2\/product\/18157\/revisions"}],"predecessor-version":[{"id":19445,"href":"https:\/\/keylessbest.com\/de\/wp-json\/wp\/v2\/product\/18157\/revisions\/19445"}],"wp:featuredmedia":[{"embeddable":true,"href":"https:\/\/keylessbest.com\/de\/wp-json\/wp\/v2\/media\/20815"}],"wp:attachment":[{"href":"https:\/\/keylessbest.com\/de\/wp-json\/wp\/v2\/media?parent=18157"}],"wp:term":[{"taxonomy":"product_brand","embeddable":true,"href":"https:\/\/keylessbest.com\/de\/wp-json\/wp\/v2\/product_brand?post=18157"},{"taxonomy":"product_cat","embeddable":true,"href":"https:\/\/keylessbest.com\/de\/wp-json\/wp\/v2\/product_cat?post=18157"},{"taxonomy":"product_tag","embeddable":true,"href":"https:\/\/keylessbest.com\/de\/wp-json\/wp\/v2\/product_tag?post=18157"},{"taxonomy":"2_year_make_model","embeddable":true,"href":"https:\/\/keylessbest.com\/de\/wp-json\/wp\/v2\/2_year_make_model?post=18157"}],"curies":[{"name":"wp","href":"https:\/\/api.w.org\/{rel}","templated":true}]}}