{"id":18274,"date":"2025-09-03T02:54:44","date_gmt":"2025-09-03T02:54:44","guid":{"rendered":"https:\/\/keylessbest.com\/?post_type=product&#038;p=18274"},"modified":"2026-04-04T19:28:43","modified_gmt":"2026-04-04T19:28:43","slug":"2013-2020-lexus-schlusselanhanger-hyq14fba-315mhz-fur-keylessbest","status":"publish","type":"product","link":"https:\/\/keylessbest.com\/de\/product\/2013-2020-lexus-schlusselanhanger-hyq14fba-315mhz-fur-keylessbest\/","title":{"rendered":"2013 2020 Lexus Schl\u00fcsselanh\u00e4nger HYQ14FBA 315MHz f\u00fcr Keylessbest"},"content":{"rendered":"<p>*Die detaillierten Informationen zu diesem Mazda-Schl\u00fcssel-Remote von 2009-2013 sind wie folgt. Bitte best\u00e4tigen Sie, dass die folgenden Details mit Ihrem Fahrzeug \u00fcbereinstimmen, bevor Sie bestellen: FCC ID, Teilenummer, Baujahr, IC, Frequenz, Chip und Tasten.<\/p>\n<h6><strong><b>Produktinformationen: <\/b><\/strong><\/h6>\n<ul>\n<li>FCC ID: HYQ14FBA<\/li>\n<li>PN: 89904-30G90 89904-30K20h 89904-06170 89904-30A91 89904-30A90s 89904-30A31s 89904-30A30s 89904-30m50<\/li>\n<li>IC: 7812A-7393490<\/li>\n<li>Frequenz: 315MHz<\/li>\n<li>Tasten: Verriegeln, Entriegeln, Panik, Klappe<\/li>\n<\/ul>\n<h6><strong><b>Das Referenzmodell:<\/b><\/strong><\/h6>\n<ul>\n<li>2013 \u2013 2018 Lexus ES300h<\/li>\n<li>2013 &#8211; 2017 <a href=\"https:\/\/keylessbest.com\/de\/product\/2009-2013-lexus-es350-gs350-gs460-is250-is350-ls460-ls600h-is-c-gs450h-hs250-hs250h-hyq14aab-pn-89904-50380-4d-dst40__trashed\/\" data-wpil-monitor-id=\"45\">Lexus ES350<\/a><\/li>\n<li>2013 \u2013 2020 Lexus GS350<\/li>\n<li>2013 &#8211; 2016 <a href=\"https:\/\/keylessbest.com\/de\/product\/2005-2008-lexus-es350-is250-is350-gs300-gs350-gs430-gs450h-gs460-ls460-ls600h-4-tasten-schlusselloser-zugang-fernbedienung-hyq14aab-pn-89904-30270-271451-0140\/\" data-wpil-monitor-id=\"47\">Lexus GS450H<\/a><\/li>\n<li>2016 \u2013 2018 Lexus GS-F<\/li>\n<\/ul>\n<h6><strong><b>Lieferumfang:<\/b><\/strong><\/h6>\n<ul>\n<li>Ein neuer Aftermarket <a href=\"https:\/\/keylessbest.com\/de\/product\/2018-2022-toyota-camry-camry-hybrid-corolla-4-tasten-schlusselloser-zugang-fernbedienung-hyq12bfb-pn-89070-06790-h\/\" data-wpil-monitor-id=\"46\">schl\u00fcsselloser Sender<\/a> Handsender<\/li>\n<li>Einen kostenlosen Ersatz-Notfall-Einf\u00fcgeschl\u00fcssel f\u00fcr den Aftermarket<\/li>\n<li>Alle Sender werden mit einer Batterie geliefert<\/li>\n<li>Alle Einheiten werden vor dem Versand getestet<\/li>\n<li>2-Jahres 100% Zufriedenheitsgarantie und Garantie<\/li>\n<\/ul>\n<h6><strong><b>Hinweis:<\/b><\/strong><\/h6>\n<ul>\n<li>Der 2013-2020 Lexus Smart <a href=\"https:\/\/keylessbest.com\/de\/product\/2008-2015-cadillac-sts-cts-5-tasten-schlussel-loseinheit-fernbedienung-m3n5wy7777a-pn-25943676-25943677-46\/\" data-wpil-monitor-id=\"42\">schl\u00fcsselloser Zugangsschl\u00fcsselanh\u00e4nger<\/a> Ersatz \u2013 ohne Logo, mit einem ungeschnittenen Notfallschl\u00fcssel inklusive.<\/li>\n<li>Wir schneiden oder programmieren den Fernschl\u00fcssel nicht. F\u00fcr die Preisgestaltung wenden Sie sich bitte an den \u00f6rtlichen Schl\u00fcsseldienst oder H\u00e4ndler.<\/li>\n<li>Dieser Sender ist kompatibel mit Fahrzeugen, die \u00fcber einen Dashboard-Druckknopf zum Starten\/Stoppen oder einen Drehknopf verf\u00fcgen, sowie \u00fcber ein Proxy- <a href=\"https:\/\/keylessbest.com\/de\/product\/2016-2022-chevrolet-volt-cruze-neues-modell-traverse-camaro-malibu-cruze-xl8-systeme-nur-blazer-sonic-4-tasten-schlusselloser-zugang-fernbedienung-hyq4ea-pn-1350877113584504-13529660-46\/\" data-wpil-monitor-id=\"44\">schl\u00fcsselloses Zugangssystem<\/a> System.<\/li>\n<li>Der Preis gilt f\u00fcr einen kompletten <a href=\"https:\/\/keylessbest.com\/de\/product\/2005-2007-cadillac-sts-5-tasten-schlusselloser-zugang-fernbedienung-m3n65981403-ersetzt-pn-15212382__trashed\/\" data-wpil-monitor-id=\"41\">schl\u00fcssellosen Entry-Remote-Ersatz<\/a>, inklusive Notfallschl\u00fcssel.<\/li>\n<li>Daher empfehlen wir dringend, dass Sie Ihren\u00a0<a href=\"https:\/\/keylessbest.com\/de\/wie-man-den-schlusselanhanger-schnell-einfach-diy-schritte-fur-jedes-auto-programmiert\/\" data-wpil-monitor-id=\"43\">KEY FOB programmieren lassen<\/a> von einem professionellen Schlosser oder H\u00e4ndler.<\/li>\n<\/ul>\n<h6><strong><b>Programmierressourcen\u00a0<\/b><\/strong><\/h6>\n<p><a href=\"https:\/\/programyourfob.com\/?list_21\/\" target=\"_blank\" rel=\"noopener\">https:\/\/programyourfob.com\/?list_21\/<\/a><\/p>\n<p>Vielen Dank, dass Sie sich f\u00fcr uns entschieden haben.<\/p>\n<p>Wir sind einer der professionellsten Hersteller von Autoschl\u00fcsseln, schl\u00fcssellosen Zugangssystemen, <a href=\"https:\/\/keylessbest.com\/de\/product\/2010-2018-porsche-911-boxster-cayenne-cayman-macan-panamera-3-tasten-schlusselloser-zugang-fernbedienung-kr55wk50138-teilenummer-7pp959753ak-7pp-959-753-ak-7pp-959-753-bl-7pp-959-753-bq-7pp-959-753-n\/\" data-wpil-monitor-id=\"40\">Autoschl\u00fcssel-Fernbedienung<\/a>, Transponderchips, Schl\u00fcsselprogrammierger\u00e4te, Autoschl\u00fcsselgeh\u00e4use, Autoschl\u00f6sser, Schlosserwerkzeuge usw. Dar\u00fcber hinaus verf\u00fcgt unser Unternehmen \u00fcber ein professionelles Team und eine Produktionslinie. Au\u00dferdem sind wir auf die Herstellung verschiedener Autoschl\u00fcssel, Autoschl\u00fcsselgeh\u00e4use und Schlosserwerkzeuge spezialisiert. Wir k\u00fcmmern uns auch um die Entwicklung, Herstellung und den Gro\u00dfhandel von Auto-Sicherheits- und Schutzprodukten.<\/p>\n<p>Wettbewerbsf\u00e4hige Preise und engagierte Dienstleistungen helfen Ihnen, einen guten Markt zu erschlie\u00dfen. Au\u00dferdem bieten \u00fcber 10 junge und energische Vertriebsteams schnellen, professionellen und freundlichen Service jederzeit. Zus\u00e4tzlich werden alle unsere Produkte direkt aus dem Lager in Deutschland, Kanada und Mexiko versendet. Die Waren, die Sie gekauft haben, werden innerhalb von 48 Stunden nach Bestellung verpackt und versendet. Mehr als 100% unserer Produkte sind auf Lager, und der Bestand ist ausreichend.<\/p>","protected":false},"excerpt":{"rendered":"<ul>\n<li>Artikelnummer: CA-TA545<\/li>\n<li>FCC ID: HYQ14FBA<\/li>\n<li>PN: 89904-30G90 89904-30K20h 89904-06170 89904-30A91 89904-30A90s 89904-30A31s 89904-30A30s 89904-30m50<\/li>\n<li>IC: 7812A-7393490<\/li>\n<li>Frequenz: 315MHz<\/li>\n<li>Tasten: Verriegeln, Entriegeln, Panik, Klappe<\/li>\n<\/ul>","protected":false},"featured_media":18280,"comment_status":"open","ping_status":"closed","template":"","meta":{"_bst_post_transparent":"default","_bst_post_title":"","_bst_post_layout":"default","_bst_post_sidebar_id":"","_bst_post_content_style":"default","_bst_post_vertical_padding":"default","_bst_post_feature":"","_bst_post_feature_position":"","_bst_post_header":false,"_bst_post_footer":false},"product_brand":[],"product_cat":[384],"product_tag":[],"2_year_make_model":[],"class_list":{"0":"post-18274","1":"product","2":"type-product","3":"status-publish","4":"has-post-thumbnail","6":"product_cat-for-lexus","8":"first","9":"instock","10":"sale","11":"shipping-taxable","12":"purchasable","13":"product-type-simple","14":"entry","15":"content-bg","16":"loop-entry"},"_links":{"self":[{"href":"https:\/\/keylessbest.com\/de\/wp-json\/wp\/v2\/product\/18274","targetHints":{"allow":["GET"]}}],"collection":[{"href":"https:\/\/keylessbest.com\/de\/wp-json\/wp\/v2\/product"}],"about":[{"href":"https:\/\/keylessbest.com\/de\/wp-json\/wp\/v2\/types\/product"}],"replies":[{"embeddable":true,"href":"https:\/\/keylessbest.com\/de\/wp-json\/wp\/v2\/comments?post=18274"}],"version-history":[{"count":4,"href":"https:\/\/keylessbest.com\/de\/wp-json\/wp\/v2\/product\/18274\/revisions"}],"predecessor-version":[{"id":19837,"href":"https:\/\/keylessbest.com\/de\/wp-json\/wp\/v2\/product\/18274\/revisions\/19837"}],"wp:featuredmedia":[{"embeddable":true,"href":"https:\/\/keylessbest.com\/de\/wp-json\/wp\/v2\/media\/18280"}],"wp:attachment":[{"href":"https:\/\/keylessbest.com\/de\/wp-json\/wp\/v2\/media?parent=18274"}],"wp:term":[{"taxonomy":"product_brand","embeddable":true,"href":"https:\/\/keylessbest.com\/de\/wp-json\/wp\/v2\/product_brand?post=18274"},{"taxonomy":"product_cat","embeddable":true,"href":"https:\/\/keylessbest.com\/de\/wp-json\/wp\/v2\/product_cat?post=18274"},{"taxonomy":"product_tag","embeddable":true,"href":"https:\/\/keylessbest.com\/de\/wp-json\/wp\/v2\/product_tag?post=18274"},{"taxonomy":"2_year_make_model","embeddable":true,"href":"https:\/\/keylessbest.com\/de\/wp-json\/wp\/v2\/2_year_make_model?post=18274"}],"curies":[{"name":"wp","href":"https:\/\/api.w.org\/{rel}","templated":true}]}}