{"id":18330,"date":"2025-09-10T01:27:30","date_gmt":"2025-09-10T01:27:30","guid":{"rendered":"https:\/\/keylessbest.com\/?post_type=product&#038;p=18330"},"modified":"2026-02-24T09:43:12","modified_gmt":"2026-02-24T09:43:12","slug":"2018-2021-hyundai-schlusselanhanger-ersatz-434mhz-95440-j0100","status":"publish","type":"product","link":"https:\/\/keylessbest.com\/de\/product\/2018-2021-hyundai-schlusselanhanger-ersatz-434mhz-95440-j0100\/","title":{"rendered":"2018-2021 Hyundai Schl\u00fcsselanh\u00e4nger Ersatz 434MHz 95440-J0100"},"content":{"rendered":"<p>*Die detaillierten Informationen zu diesem Hyundai-Schl\u00fcssel-Remote 2020-2021 sind wie folgt. Bitte best\u00e4tigen Sie, dass die folgenden Details mit Ihrem Fahrzeug \u00fcbereinstimmen, bevor Sie bestellen: FCC ID, Teilenummer, Baujahr, IC, Frequenz, Chip und Tasten.<\/p>\n<h6><strong><b>Produktinformationen: <\/b><\/strong><\/h6>\n<ul>\n<li>FCC ID: NYOSYEC4FOB1608<\/li>\n<li>PN: 95440-J0100<\/li>\n<li>IC: 3109A-SYECFOB1608<\/li>\n<li>Frequenz: 434MHz<\/li>\n<li>Chip: 6A<\/li>\n<li>Test-Schl\u00fcssel: KK12<\/li>\n<li>Tasten: Verriegeln, Entriegeln, Panik, Klappe<\/li>\n<li>Batterie: CR2032<\/li>\n<\/ul>\n<h6><strong><b>Das Referenzmodell:<\/b><\/strong><\/h6>\n<ul>\n<li>2018 \u2013 2021 Hyundai Accent Limited BITTE PART # GEM\u00c4SS DER FAHRZEUG-IDENTIFIKATIONSNUMMER # \u00dcBERPR\u00dcFEN. BESTIMMTE HYUNDAI \/ KIA FAHRZEUGE K\u00d6NNEN ZWEI M\u00d6GLICHE FERNBEDIENUNGEN HABEN<\/li>\n<\/ul>\n<h6><strong><b>Lieferumfang:<\/b><\/strong><\/h6>\n<ul>\n<li>Ein neuer schl\u00fcsselloser Fernbedienungsschl\u00fcssel f\u00fcr den Aftermarket<\/li>\n<li>Einen kostenlosen Ersatz-Notfall-Einf\u00fcgeschl\u00fcssel f\u00fcr den Aftermarket<\/li>\n<li>Alle Sender werden mit einer Batterie geliefert<\/li>\n<li>Alle Einheiten werden vor dem Versand getestet<\/li>\n<li>2-Jahres 100% Zufriedenheitsgarantie und Garantie<\/li>\n<\/ul>\n<h6><strong><b>Hinweis:<\/b><\/strong><\/h6>\n<ul>\n<li>Der Hyundai Smart von 2018-2021 <a href=\"https:\/\/keylessbest.com\/de\/product\/2018-2024-land-rover-range-rover-sport-discovery-range-rover-evoque-defender-5-tasten-schlusselloser-zugang-fernbedienung-k0bjxf18a-pn-lr116873-lr116872\/\" data-wpil-monitor-id=\"18\">schl\u00fcsselloser Zugangsschl\u00fcsselanh\u00e4nger<\/a> Ersatz \u2013 ohne Logo, mit einem ungeschnittenen Notfallschl\u00fcssel inklusive.<\/li>\n<li>Wir schneiden oder programmieren den Fernschl\u00fcssel nicht. F\u00fcr die Preisgestaltung wenden Sie sich bitte an den \u00f6rtlichen Schl\u00fcsseldienst oder H\u00e4ndler.<\/li>\n<li>Dieser Sender ist kompatibel mit Fahrzeugen, die \u00fcber einen Dashboard-Start\/Stopp-Knopf oder Drehknauf-Startsystem verf\u00fcgen, sowie mit einem Proxy-Schl\u00fcsselloses-Eintrittssystem.<\/li>\n<li>Der Preis gilt f\u00fcr einen kompletten <a href=\"https:\/\/keylessbest.com\/de\/product\/2005-2007-cadillac-sts-5-tasten-schlusselloser-zugang-fernbedienung-m3n65981403-ersetzt-pn-15212382__trashed\/\" data-wpil-monitor-id=\"17\">schl\u00fcssellosen Entry-Remote-Ersatz<\/a>, inklusive Notfallschl\u00fcssel.<\/li>\n<li>Daher empfehlen wir dringend, dass Sie Ihren\u00a0SCHL\u00dcSSELANLAGE\u00a0von einem professionellen Schl\u00fcsseldienst oder H\u00e4ndler programmieren lassen.<\/li>\n<\/ul>\n<h6><strong><b>Programmierressourcen\u00a0<\/b><\/strong><\/h6>\n<p><a href=\"https:\/\/programyourfob.com\/?list_14\/\" target=\"_blank\" rel=\"noopener\">https:\/\/programyourfob.com\/?list_14\/<\/a><\/p>\n<p>Vielen Dank, dass Sie sich f\u00fcr uns entschieden haben.<\/p>\n<p>Wir sind einer der professionellsten Hersteller von Autoschl\u00fcsseln, schl\u00fcssellosen Zugangssystemen, <a href=\"https:\/\/keylessbest.com\/de\/product\/2010-2018-porsche-911-boxster-cayenne-cayman-macan-panamera-3-tasten-schlusselloser-zugang-fernbedienung-kr55wk50138-teilenummer-7pp959753ak-7pp-959-753-ak-7pp-959-753-bl-7pp-959-753-bq-7pp-959-753-n\/\" data-wpil-monitor-id=\"16\">Autoschl\u00fcssel-Fernbedienung<\/a>, Transponderchips, Schl\u00fcsselprogrammierger\u00e4te, Autoschl\u00fcsselgeh\u00e4use, Autoschl\u00f6sser, Schlosserwerkzeuge usw. Dar\u00fcber hinaus verf\u00fcgt unser Unternehmen \u00fcber ein professionelles Team und eine Produktionslinie. Au\u00dferdem sind wir auf die Herstellung verschiedener Autoschl\u00fcssel, Autoschl\u00fcsselgeh\u00e4use und Schlosserwerkzeuge spezialisiert. Wir k\u00fcmmern uns auch um die Entwicklung, Herstellung und den Gro\u00dfhandel von Auto-Sicherheits- und Schutzprodukten.<\/p>\n<p>Wettbewerbsf\u00e4hige Preise und engagierte Dienstleistungen helfen Ihnen, einen guten Markt zu erschlie\u00dfen. Au\u00dferdem bieten \u00fcber 10 junge und energische Vertriebsteams schnellen, professionellen und freundlichen Service jederzeit. Zus\u00e4tzlich werden alle unsere Produkte direkt aus dem Lager in Deutschland, Kanada und Mexiko versendet. Die Waren, die Sie gekauft haben, werden innerhalb von 48 Stunden nach Bestellung verpackt und versendet. Mehr als 100% unserer Produkte sind auf Lager, und der Bestand ist ausreichend.<\/p>","protected":false},"excerpt":{"rendered":"<ul>\n<li>SKU:CA-HY1101<\/li>\n<li>FCC ID: NYOSYEC4FOB1608<\/li>\n<li>PN: 95440-J0100<\/li>\n<li>IC: 3109A-SYECFOB1608<\/li>\n<li>Frequenz: 434MHz<\/li>\n<li>Chip: 6A<\/li>\n<li>Test-Schl\u00fcssel: KK12<\/li>\n<li>Tasten: Verriegeln, Entriegeln, Panik, Klappe<\/li>\n<li>Batterie: CR2032<\/li>\n<\/ul>","protected":false},"featured_media":20992,"comment_status":"open","ping_status":"closed","template":"","meta":{"_bst_post_transparent":"default","_bst_post_title":"","_bst_post_layout":"default","_bst_post_sidebar_id":"","_bst_post_content_style":"default","_bst_post_vertical_padding":"default","_bst_post_feature":"","_bst_post_feature_position":"","_bst_post_header":false,"_bst_post_footer":false},"product_brand":[],"product_cat":[168,15],"product_tag":[],"2_year_make_model":[],"class_list":{"0":"post-18330","1":"product","2":"type-product","3":"status-publish","4":"has-post-thumbnail","6":"product_cat-for-hyundai","7":"product_cat-carkeyremote","9":"first","10":"instock","11":"sale","12":"shipping-taxable","13":"purchasable","14":"product-type-simple","15":"entry","16":"content-bg","17":"loop-entry"},"_links":{"self":[{"href":"https:\/\/keylessbest.com\/de\/wp-json\/wp\/v2\/product\/18330","targetHints":{"allow":["GET"]}}],"collection":[{"href":"https:\/\/keylessbest.com\/de\/wp-json\/wp\/v2\/product"}],"about":[{"href":"https:\/\/keylessbest.com\/de\/wp-json\/wp\/v2\/types\/product"}],"replies":[{"embeddable":true,"href":"https:\/\/keylessbest.com\/de\/wp-json\/wp\/v2\/comments?post=18330"}],"version-history":[{"count":4,"href":"https:\/\/keylessbest.com\/de\/wp-json\/wp\/v2\/product\/18330\/revisions"}],"predecessor-version":[{"id":20509,"href":"https:\/\/keylessbest.com\/de\/wp-json\/wp\/v2\/product\/18330\/revisions\/20509"}],"wp:featuredmedia":[{"embeddable":true,"href":"https:\/\/keylessbest.com\/de\/wp-json\/wp\/v2\/media\/20992"}],"wp:attachment":[{"href":"https:\/\/keylessbest.com\/de\/wp-json\/wp\/v2\/media?parent=18330"}],"wp:term":[{"taxonomy":"product_brand","embeddable":true,"href":"https:\/\/keylessbest.com\/de\/wp-json\/wp\/v2\/product_brand?post=18330"},{"taxonomy":"product_cat","embeddable":true,"href":"https:\/\/keylessbest.com\/de\/wp-json\/wp\/v2\/product_cat?post=18330"},{"taxonomy":"product_tag","embeddable":true,"href":"https:\/\/keylessbest.com\/de\/wp-json\/wp\/v2\/product_tag?post=18330"},{"taxonomy":"2_year_make_model","embeddable":true,"href":"https:\/\/keylessbest.com\/de\/wp-json\/wp\/v2\/2_year_make_model?post=18330"}],"curies":[{"name":"wp","href":"https:\/\/api.w.org\/{rel}","templated":true}]}}