{"id":19226,"date":"2025-12-09T08:06:21","date_gmt":"2025-12-09T08:06:21","guid":{"rendered":"https:\/\/keylessbest.com\/?post_type=product&#038;p=19226"},"modified":"2026-01-05T08:40:23","modified_gmt":"2026-01-05T08:40:23","slug":"lithducell-elektrische-zellen-und-batterien-langlebige-energiespeicherung","status":"publish","type":"product","link":"https:\/\/keylessbest.com\/de\/product\/lithducell-elektrische-zellen-und-batterien-langlebige-energiespeicherung\/","title":{"rendered":"Lithdurcell Elektrische Zellen und Batterien - Lithium-Ionen-Batterien Langlebige Energiespeicherung"},"content":{"rendered":"<p>Marke: Lithdurcell<\/p>\n<p>\u3010Warum Lithdurcell w\u00e4hlen\u3011<\/p>\n<p>\u2705 Lithium-Ionen-Batterien<\/p>\n<p>\u2705 Graphenverst\u00e4rkte Langlebigkeit<\/p>\n<p>\u2705 Extreme Temperaturbest\u00e4ndigkeit<\/p>\n<p>\u2705 Problemloses Ersatzset<\/p>\n<p>\u2705 Breite Kompatibilit\u00e4t<\/p>\n<p>\u2705 Neu aufgewertete Qualit\u00e4t<\/p>\n<p>\u3010Was Sie erhalten\u3011 4 x Lithdurcell Batterien 1 x Professionelles Schl\u00fcsselanh\u00e4nger-Demontagewerkzeug 1 x Sch\u00fctzende Aufbewahrungsbox<\/p>\n<p>\u3010Hinweis\u3011 Bitte best\u00e4tigen Sie das Batteriemodell Ihres Autoschl\u00fcssels vor dem Kauf<\/p>","protected":false},"excerpt":{"rendered":"<p>Marke: Lithdurcell \u3010Warum Lithdurcell w\u00e4hlen\u3011 \u2705 Lithium-Ionen-Batterien \u2705 Graphen-verbesserte Langlebigkeit \u2705 Extreme Temperaturbest\u00e4ndigkeit \u2705 Problemloses Ersatzset \u2705 Breite Kompatibilit\u00e4t \u2705 Neu aufger\u00fcstete Qualit\u00e4t \u3010Was Sie erhalten\u3011 4 x Lithdurcell Batterien 1 x Professionelles Werkzeug zum Zerlegen des Schl\u00fcsselanh\u00e4ngers 1 x Schutzaufbewahrungsetui \u3010Hinweis\u3011 Bitte best\u00e4tigen Sie das Batteriemodell Ihres Autoschl\u00fcssels\u2026<\/p>","protected":false},"featured_media":19211,"comment_status":"open","ping_status":"closed","template":"","meta":{"_bst_post_transparent":"default","_bst_post_title":"","_bst_post_layout":"default","_bst_post_sidebar_id":"","_bst_post_content_style":"default","_bst_post_vertical_padding":"default","_bst_post_feature":"","_bst_post_feature_position":"","_bst_post_header":false,"_bst_post_footer":false},"product_brand":[],"product_cat":[15],"product_tag":[],"2_year_make_model":[],"class_list":{"0":"post-19226","1":"product","2":"type-product","3":"status-publish","4":"has-post-thumbnail","6":"product_cat-carkeyremote","8":"first","9":"instock","10":"sale","11":"shipping-taxable","12":"purchasable","13":"product-type-simple","14":"entry","15":"content-bg","16":"loop-entry"},"_links":{"self":[{"href":"https:\/\/keylessbest.com\/de\/wp-json\/wp\/v2\/product\/19226","targetHints":{"allow":["GET"]}}],"collection":[{"href":"https:\/\/keylessbest.com\/de\/wp-json\/wp\/v2\/product"}],"about":[{"href":"https:\/\/keylessbest.com\/de\/wp-json\/wp\/v2\/types\/product"}],"replies":[{"embeddable":true,"href":"https:\/\/keylessbest.com\/de\/wp-json\/wp\/v2\/comments?post=19226"}],"version-history":[{"count":4,"href":"https:\/\/keylessbest.com\/de\/wp-json\/wp\/v2\/product\/19226\/revisions"}],"predecessor-version":[{"id":19324,"href":"https:\/\/keylessbest.com\/de\/wp-json\/wp\/v2\/product\/19226\/revisions\/19324"}],"wp:featuredmedia":[{"embeddable":true,"href":"https:\/\/keylessbest.com\/de\/wp-json\/wp\/v2\/media\/19211"}],"wp:attachment":[{"href":"https:\/\/keylessbest.com\/de\/wp-json\/wp\/v2\/media?parent=19226"}],"wp:term":[{"taxonomy":"product_brand","embeddable":true,"href":"https:\/\/keylessbest.com\/de\/wp-json\/wp\/v2\/product_brand?post=19226"},{"taxonomy":"product_cat","embeddable":true,"href":"https:\/\/keylessbest.com\/de\/wp-json\/wp\/v2\/product_cat?post=19226"},{"taxonomy":"product_tag","embeddable":true,"href":"https:\/\/keylessbest.com\/de\/wp-json\/wp\/v2\/product_tag?post=19226"},{"taxonomy":"2_year_make_model","embeddable":true,"href":"https:\/\/keylessbest.com\/de\/wp-json\/wp\/v2\/2_year_make_model?post=19226"}],"curies":[{"name":"wp","href":"https:\/\/api.w.org\/{rel}","templated":true}]}}