{"id":19244,"date":"2025-12-09T10:15:16","date_gmt":"2025-12-09T10:15:16","guid":{"rendered":"https:\/\/keylessbest.com\/?post_type=product&#038;p=19244"},"modified":"2026-01-05T08:39:33","modified_gmt":"2026-01-05T08:39:33","slug":"ezprogrammer-obd-werkzeug-fur-iphone-android-keine-abonnementgebuhr","status":"publish","type":"product","link":"https:\/\/keylessbest.com\/de\/product\/ezprogrammer-obd-werkzeug-fur-iphone-android-keine-abonnementgebuhr\/","title":{"rendered":"EZprogrammer OBD-Tool f\u00fcr iPhone &amp; Android \u2013 Programmer-Kit Ersatz Professionelles Fernschl\u00fcssel-Programmierger\u00e4t"},"content":{"rendered":"<div class=\"auto-hide-last-sibling-br paragraph-pP9ZLC paragraph-element br-paragraph-space\">\n<h2 class=\"ace-line heading-h3\" dir=\"auto\" data-node=\"true\"><span data-leaf=\"true\"><span class=\"lb\">Kernprodukt-Positionierung<\/span><\/span><span data-string=\"true\" data-enter=\"true\" data-leaf=\"true\">\u200b<\/span><\/h2>\n<div class=\"ace-line\" dir=\"auto\" data-node=\"true\"><span data-leaf=\"true\"><span class=\"lb\">Dieses <\/span><\/span><span data-leaf=\"true\"><span class=\"lb\">selbstentwickelte OBD-Elektronikschl\u00fcssel<\/span><\/span><span data-leaf=\"true\"><span class=\"lb\"> ist speziell f\u00fcr Szenarien der Fahrzeugschl\u00fcsselzuordnung konzipiert. Es integriert mehrere Kernfunktionen, einschlie\u00dflich Codierung\/Decodierung, schl\u00fcsselloses Systemsteuerung, Sensorsanpassung und elektronische Programmierung, und ist ein praktisches und technologisch innovatives Fahrzeug-Elektronikzubeh\u00f6r. Vollst\u00e4ndig kompatibel mit den Schl\u00fcsselzuordnungsanforderungen der meisten Fahrzeugmodelle, zeichnet es sich durch einfache Bedienung und stabile Leistung aus.<\/span><\/span><span data-string=\"true\" data-enter=\"true\" data-leaf=\"true\">\u200b<\/span><\/div>\n<div class=\"ace-line heading-h3\" dir=\"auto\" data-node=\"true\"><span data-leaf=\"true\"><span class=\"lb\">Highlights der Kernfunktion (Abdeckung aller registrierten Unterklassen)<\/span><\/span><\/div>\n<div class=\"ace-line heading-h3\" dir=\"auto\" data-node=\"true\"><span data-string=\"true\" data-enter=\"true\" data-leaf=\"true\">\u200b<\/span><\/div>\n<div class=\"ace-line ol-idWwqImJqr list-div list-start-number1\" dir=\"auto\" data-node=\"true\">\n<ol class=\"list-number1 r-list r-list-number\" start=\"1\" data-origin-start=\"1\" data-start=\"1\">\n<li data-start=\"1\"><span data-leaf=\"true\"><span class=\"lb\">Intelligente Codierungs- &amp; Programmierf\u00e4higkeit<\/span><\/span><span data-leaf=\"true\"><span class=\"lb\">: Ausgestattet mit Hochleistungs-Halbleiterchips und professionellen Codierungs-\/Decodierungsger\u00e4ten unterst\u00fctzt es den vollst\u00e4ndigen Prozess des Lesens, Codierens und Programmierens von Transponder-Schl\u00fcsseln. In Kombination mit pr\u00e4zisen Codierern (einschlie\u00dflich magnetischer Codierer) gew\u00e4hrleistet es stabile Signal\u00fcbertragung und branchenf\u00fchrende Passgenauigkeit.<\/span><\/span><span data-string=\"true\" data-enter=\"true\" data-leaf=\"true\">\u200b<\/span><\/li>\n<\/ol>\n<\/div>\n<div class=\"ace-line ol-id5G9mt5ws list-div\" dir=\"auto\" data-node=\"true\">\n<ol class=\"list-number1 r-list r-list-number\" start=\"2\" data-origin-start=\"2\" data-start=\"2\">\n<li data-start=\"2\"><span data-leaf=\"true\"><span class=\"lb\">Integration des schl\u00fcssellosen Systems<\/span><\/span><span data-leaf=\"true\"><span class=\"lb\">: Integriert Fahrzeugschl\u00fcsselloseintrittssysteme und schl\u00fcssellose Z\u00fcndsysteme, bestehend aus Mikroprozessoren, elektronischen Signalempf\u00e4ngern und Schl\u00fcsselanh\u00e4ngern mit elektronischen Signaltranspondern\/Responder. Es ist auch kompatibel mit elektronischen Schl\u00fcsselkarten und Fernbedienungstransmittern, erm\u00f6glicht kontaktloses Entriegeln und Starten f\u00fcr ein intelligentes Erlebnis.<\/span><\/span><span data-string=\"true\" data-enter=\"true\" data-leaf=\"true\">\u200b<\/span><\/li>\n<\/ol>\n<\/div>\n<div class=\"ace-line ol-idAbwNzslj list-div\" dir=\"auto\" data-node=\"true\">\n<ol class=\"list-number1 r-list r-list-number\" start=\"3\" data-origin-start=\"3\" data-start=\"3\">\n<li data-start=\"3\"><span data-leaf=\"true\"><span class=\"lb\">Elektronische Steuerungs- &amp; Anpassungsfunktionen<\/span><\/span><span data-leaf=\"true\"><span class=\"lb\">: Verf\u00fcgt \u00fcber einen unabh\u00e4ngigen elektronischen Controller, der den Betriebsstatus des Motors \u00fcberwacht, die Z\u00fcndleistung durch Neuberechnung der Sensorsignale optimiert und diese an die urspr\u00fcngliche Fahrzeugelektronik zur\u00fcckf\u00fchrt. Es passt sich an Sensoren und Detektoreinheiten an, um die Bet\u00e4tigung und den Betrieb der Fahrzeugsicherheitsausr\u00fcstung zu steuern, und unterst\u00fctzt die elektronische Antriebssteuerung von elektronisch betriebenen T\u00fcrverriegelungen.<\/span><\/span><span data-string=\"true\" data-enter=\"true\" data-leaf=\"true\">\u200b<\/span><\/li>\n<\/ol>\n<\/div>\n<div class=\"ace-line ol-idkeghWM4O list-div\" dir=\"auto\" data-node=\"true\">\n<ol class=\"list-number1 r-list r-list-number\" start=\"4\" data-origin-start=\"4\" data-start=\"4\">\n<li data-start=\"4\"><span data-leaf=\"true\"><span class=\"lb\">Vorteile der Mehrszenario-Anpassung<\/span><\/span><span data-leaf=\"true\"><span class=\"lb\">: Kompatibel mit Testanforderungen im Zusammenhang mit Automatikgetriebe- und Bremssystemen, ausgestattet mit Decodierungsinstrumenten und Programmierger\u00e4ten, die f\u00fcr die elektronische Schl\u00fcsselzuordnung erforderlich sind. Von Chip-Operationen bis hin zur Systemanpassung erf\u00fcllt es umfassend die Kernanforderungen der Fahrzeugschl\u00fcsselzuordnung und ist f\u00fcr die meisten g\u00e4ngigen Fahrzeugmodelle geeignet.<\/span><\/span><span data-string=\"true\" data-enter=\"true\" data-leaf=\"true\">\u200b<\/span><\/li>\n<\/ol>\n<\/div>\n<h2 class=\"ace-line heading-h3\" dir=\"auto\" data-node=\"true\"><span data-leaf=\"true\"><span class=\"lb\">Vorteile des Kernprodukts<\/span><\/span><span data-string=\"true\" data-enter=\"true\" data-leaf=\"true\">\u200b<\/span><\/h2>\n<div class=\"ace-line list-div\" dir=\"auto\" data-node=\"true\">\n<ul class=\"list-bullet1 r-list r-list-bullet\">\n<li><span data-leaf=\"true\"><span class=\"lb\">Selbstentwickeltes Design: Kerntechnologien sind unabh\u00e4ngig steuerbar, tiefgehend optimiert f\u00fcr Szenarien der Schl\u00fcsselzuordnung, decken alle registrierten Unterklassen ab, um sowohl Konformit\u00e4t als auch Praktikabilit\u00e4t zu gew\u00e4hrleisten.<\/span><\/span><span data-string=\"true\" data-enter=\"true\" data-leaf=\"true\">\u200b<\/span><\/li>\n<\/ul>\n<\/div>\n<div class=\"ace-line list-div\" dir=\"auto\" data-node=\"true\">\n<ul class=\"list-bullet1 r-list r-list-bullet\">\n<li><span data-leaf=\"true\"><span class=\"lb\">Hochpr\u00e4zise Passgenauigkeit: Pr\u00e4zise und effiziente Codierung\/Decodierung, mit Sensors und elektronischen Steuerger\u00e4ten, die synergistisch arbeiten, um einen stabilen Betrieb nach der Schl\u00fcsselzuordnung zu garantieren.<\/span><\/span><span data-string=\"true\" data-enter=\"true\" data-leaf=\"true\">\u200b<\/span><\/li>\n<\/ul>\n<\/div>\n<div class=\"ace-line list-div\" dir=\"auto\" data-node=\"true\">\n<ul class=\"list-bullet1 r-list r-list-bullet\">\n<li><span data-leaf=\"true\"><span class=\"lb\">Multifunktionale Integration: Kombiniert Codierung\/Programmierung, schl\u00fcssellosen Steuerung, elektronische Tests und intelligente Anpassung in einem Ger\u00e4t und bietet eine All-in-One-L\u00f6sung f\u00fcr die Fahrzeugschl\u00fcsselzuordnung, ohne dass zus\u00e4tzliche Ger\u00e4te erforderlich sind.<\/span><\/span><\/li>\n<\/ul>\n<\/div>\n<\/div>","protected":false},"excerpt":{"rendered":"<p>Kernproduktpositionierung\u200b Dieses selbstentwickelte OBD-Elektronikschloss ist speziell f\u00fcr Szenarien der Fahrzeugschl\u00fcsselzuordnung konzipiert. Es integriert mehrere Kernfunktionen, einschlie\u00dflich Codierung\/Decodierung, schl\u00fcsselloses Systemsteuerung, Sensorsanpassung und elektronische Programmierung. Es ist ein praktisches und technologisch innovatives Fahrzeug-Elektronikzubeh\u00f6r. Vollst\u00e4ndig kompatibel mit den Schl\u00fcsselzuordnungsanforderungen der meisten Fahrzeugmodelle, zeichnet es sich durch einfache Bedienung und\u2026<\/p>","protected":false},"featured_media":19247,"comment_status":"open","ping_status":"closed","template":"","meta":{"_bst_post_transparent":"default","_bst_post_title":"","_bst_post_layout":"default","_bst_post_sidebar_id":"","_bst_post_content_style":"default","_bst_post_vertical_padding":"default","_bst_post_feature":"","_bst_post_feature_position":"","_bst_post_header":false,"_bst_post_footer":false},"product_brand":[],"product_cat":[15],"product_tag":[],"2_year_make_model":[],"class_list":{"0":"post-19244","1":"product","2":"type-product","3":"status-publish","4":"has-post-thumbnail","6":"product_cat-carkeyremote","8":"first","9":"instock","10":"sale","11":"shipping-taxable","12":"purchasable","13":"product-type-simple","14":"entry","15":"content-bg","16":"loop-entry"},"_links":{"self":[{"href":"https:\/\/keylessbest.com\/de\/wp-json\/wp\/v2\/product\/19244","targetHints":{"allow":["GET"]}}],"collection":[{"href":"https:\/\/keylessbest.com\/de\/wp-json\/wp\/v2\/product"}],"about":[{"href":"https:\/\/keylessbest.com\/de\/wp-json\/wp\/v2\/types\/product"}],"replies":[{"embeddable":true,"href":"https:\/\/keylessbest.com\/de\/wp-json\/wp\/v2\/comments?post=19244"}],"version-history":[{"count":7,"href":"https:\/\/keylessbest.com\/de\/wp-json\/wp\/v2\/product\/19244\/revisions"}],"predecessor-version":[{"id":19287,"href":"https:\/\/keylessbest.com\/de\/wp-json\/wp\/v2\/product\/19244\/revisions\/19287"}],"wp:featuredmedia":[{"embeddable":true,"href":"https:\/\/keylessbest.com\/de\/wp-json\/wp\/v2\/media\/19247"}],"wp:attachment":[{"href":"https:\/\/keylessbest.com\/de\/wp-json\/wp\/v2\/media?parent=19244"}],"wp:term":[{"taxonomy":"product_brand","embeddable":true,"href":"https:\/\/keylessbest.com\/de\/wp-json\/wp\/v2\/product_brand?post=19244"},{"taxonomy":"product_cat","embeddable":true,"href":"https:\/\/keylessbest.com\/de\/wp-json\/wp\/v2\/product_cat?post=19244"},{"taxonomy":"product_tag","embeddable":true,"href":"https:\/\/keylessbest.com\/de\/wp-json\/wp\/v2\/product_tag?post=19244"},{"taxonomy":"2_year_make_model","embeddable":true,"href":"https:\/\/keylessbest.com\/de\/wp-json\/wp\/v2\/2_year_make_model?post=19244"}],"curies":[{"name":"wp","href":"https:\/\/api.w.org\/{rel}","templated":true}]}}