{"id":19576,"date":"2025-12-15T08:00:03","date_gmt":"2025-12-15T08:00:03","guid":{"rendered":"https:\/\/keylessbest.com\/?post_type=product&#038;p=19576"},"modified":"2026-02-11T07:02:56","modified_gmt":"2026-02-11T07:02:56","slug":"2005-2009-chrysler-schlusselanhanger-3521a-t04b-fur-keylessbest","status":"publish","type":"product","link":"https:\/\/keylessbest.com\/de\/product\/2005-2009-chrysler-schlusselanhanger-3521a-t04b-fur-keylessbest\/","title":{"rendered":"2005-2009 Chrysler Schl\u00fcsselanh\u00e4nger 3521A-T04B f\u00fcr Keylessbest"},"content":{"rendered":"","protected":false},"excerpt":{"rendered":"","protected":false},"featured_media":20848,"comment_status":"open","ping_status":"closed","template":"","meta":{"_bst_post_transparent":"default","_bst_post_title":"","_bst_post_layout":"default","_bst_post_sidebar_id":"","_bst_post_content_style":"default","_bst_post_vertical_padding":"default","_bst_post_feature":"","_bst_post_feature_position":"","_bst_post_header":false,"_bst_post_footer":false},"product_brand":[],"product_cat":[15,155,153,154],"product_tag":[],"2_year_make_model":[],"class_list":{"0":"post-19576","1":"product","2":"type-product","3":"status-publish","4":"has-post-thumbnail","6":"product_cat-carkeyremote","7":"product_cat-for-chrysler","8":"product_cat-for-dodge","9":"product_cat-for-jeep","11":"first","12":"instock","13":"sale","14":"shipping-taxable","15":"purchasable","16":"product-type-simple","17":"entry","18":"content-bg","19":"loop-entry"},"_links":{"self":[{"href":"https:\/\/keylessbest.com\/de\/wp-json\/wp\/v2\/product\/19576","targetHints":{"allow":["GET"]}}],"collection":[{"href":"https:\/\/keylessbest.com\/de\/wp-json\/wp\/v2\/product"}],"about":[{"href":"https:\/\/keylessbest.com\/de\/wp-json\/wp\/v2\/types\/product"}],"replies":[{"embeddable":true,"href":"https:\/\/keylessbest.com\/de\/wp-json\/wp\/v2\/comments?post=19576"}],"version-history":[{"count":1,"href":"https:\/\/keylessbest.com\/de\/wp-json\/wp\/v2\/product\/19576\/revisions"}],"predecessor-version":[{"id":19578,"href":"https:\/\/keylessbest.com\/de\/wp-json\/wp\/v2\/product\/19576\/revisions\/19578"}],"wp:featuredmedia":[{"embeddable":true,"href":"https:\/\/keylessbest.com\/de\/wp-json\/wp\/v2\/media\/20848"}],"wp:attachment":[{"href":"https:\/\/keylessbest.com\/de\/wp-json\/wp\/v2\/media?parent=19576"}],"wp:term":[{"taxonomy":"product_brand","embeddable":true,"href":"https:\/\/keylessbest.com\/de\/wp-json\/wp\/v2\/product_brand?post=19576"},{"taxonomy":"product_cat","embeddable":true,"href":"https:\/\/keylessbest.com\/de\/wp-json\/wp\/v2\/product_cat?post=19576"},{"taxonomy":"product_tag","embeddable":true,"href":"https:\/\/keylessbest.com\/de\/wp-json\/wp\/v2\/product_tag?post=19576"},{"taxonomy":"2_year_make_model","embeddable":true,"href":"https:\/\/keylessbest.com\/de\/wp-json\/wp\/v2\/2_year_make_model?post=19576"}],"curies":[{"name":"wp","href":"https:\/\/api.w.org\/{rel}","templated":true}]}}