{"id":21840,"date":"2026-03-09T08:56:44","date_gmt":"2026-03-09T08:56:44","guid":{"rendered":"https:\/\/keylessbest.com\/?post_type=product&#038;p=21840"},"modified":"2026-03-09T08:56:44","modified_gmt":"2026-03-09T08:56:44","slug":"2021-2024-lexus-key-fob-hyq14flb-for-keylessbest","status":"publish","type":"product","link":"https:\/\/keylessbest.com\/de\/product\/2021-2024-lexus-key-fob-hyq14flb-for-keylessbest\/","title":{"rendered":"2021-2024 Lexus Key Fob HYQ14FLB for keylessbest"},"content":{"rendered":"<p>CA-TA256<br \/>\n*Die detaillierten Informationen zu diesem Hyundai-Schl\u00fcssel-Remote 2020-2021 sind wie folgt. Bitte best\u00e4tigen Sie, dass die folgenden Details mit Ihrem Fahrzeug \u00fcbereinstimmen, bevor Sie bestellen: FCC ID, Teilenummer, Baujahr, IC, Frequenz, Chip und Tasten.<br \/>\nProduktinformationen:<br \/>\n\uf0b7FCC ID: HYQ14FLB<br \/>\n\uf0b7PN: 89904-53E70 89904-53E71<br \/>\n\uf0b7IC: 1551A-14FLB<br \/>\n\uf0b7Frequency:315MHz<br \/>\n\uf0b7Chip:8A<br \/>\n\uf0b7Buttons:Lock, Unlock, Hatch, Panic<br \/>\nDas Referenzmodell:<br \/>\n\uf0b72021-2024 Lexus IS250<br \/>\n\uf0b72021-2024 Lexus RC<br \/>\nLieferumfang:<br \/>\n\uf0b7A new aftermarket keyless remote fob<br \/>\n\uf0b7A free aftermarket emergency insert key<br \/>\n\uf0b7All transmitters come with a battery<br \/>\n\uf0b7All units are tested prior to shipping<br \/>\n\uf0b72-year 100% satisfaction guarantee and warranty<br \/>\nHinweis:<br \/>\n\uf0b7The\u00a0 2021-2024 Lexus smart keyless entry fob replacement \u2013 \u00a0\u00a0without \u00a0a \u00a0logo, with \u00a0an \u00a0uncut emergency \u00a0insert \u00a0key included.<br \/>\nWir schneiden oder programmieren den Fernschl\u00fcssel nicht. F\u00fcr die Preisgestaltung wenden Sie sich bitte an den \u00f6rtlichen Schl\u00fcsseldienst oder H\u00e4ndler.<br \/>\nDieser Sender ist kompatibel mit Fahrzeugen mit einem Armaturenbrett-Start\/Stopp-Knopf oder Drehknauf-Z\u00fcndung,\u00a0\u00a0zusammen mit einem Proxy-Schl\u00fcsselloses-Entry-System.<br \/>\nDer Preis \u00a0\u00a0ist f\u00fcr einen vollst\u00e4ndigen \u00a0\u00a0Ersatz \u00a0\u00a0schl\u00fcsselloses Entry-Remote, Notfallschl\u00fcssel inklusive.<br \/>\nDaher empfehlen wir dringend, dass Sie Ihren\u00a0SCHL\u00dcSSELANLAGE\u00a0von einem professionellen Schl\u00fcsseldienst oder H\u00e4ndler programmieren lassen.<br \/>\nProgrammierressourcen\u00a0<br \/>\nVielen Dank, dass Sie sich f\u00fcr uns entschieden haben.<br \/>\nWir sind einer der professionellsten Hersteller von Autoschl\u00fcsseln, schl\u00fcssellosen Zutrittssystemen, Autoschl\u00fcssel-Fernbedienungen, Transponderschips, Schl\u00fcsselprogrammierern, Autoschl\u00fcsselgeh\u00e4usen, Autoschl\u00f6ssern, Schlosserwerkzeugen und so weiter. Dar\u00fcber hinaus verf\u00fcgt unser Unternehmen \u00fcber ein professionelles Team und eine Produktionslinie. Au\u00dferdem spezialisieren wir uns auf die Herstellung verschiedener Autoschl\u00fcssel, Autoschl\u00fcsselgeh\u00e4use und Schlosserwerkzeuge. Wir k\u00fcmmern uns auch um Entwicklung, Herstellung und Gro\u00dfhandel von Auto-Sicherheits- und Schutzprodukten.<br \/>\nWettbewerbsf\u00e4hige Preise und engagierte Dienstleistungen helfen Ihnen, einen guten Markt zu erschlie\u00dfen. Au\u00dferdem bieten \u00fcber 10 junge und energische Vertriebsteams schnellen, professionellen und freundlichen Service jederzeit. Zus\u00e4tzlich werden alle unsere Produkte direkt aus dem Lager in Deutschland, Kanada und Mexiko versendet. Die Waren, die Sie gekauft haben, werden innerhalb von 48 Stunden nach Bestellung verpackt und versendet. Mehr als 100% unserer Produkte sind auf Lager, und der Bestand ist ausreichend.<\/p>","protected":false},"excerpt":{"rendered":"<p>\uf0b7FCC ID: HYQ14FLB<br \/>\n\uf0b7PN: 89904-53E70 89904-53E71<br \/>\n\uf0b7IC: 1551A-14FLB<br \/>\n\uf0b7Frequency:315MHz<br \/>\n\uf0b7Chip:8A<br \/>\n\uf0b7Buttons:Lock, Unlock, Hatch, Panic<\/p>","protected":false},"featured_media":21841,"comment_status":"open","ping_status":"closed","template":"","meta":{"_bst_post_transparent":"default","_bst_post_title":"","_bst_post_layout":"default","_bst_post_sidebar_id":"","_bst_post_content_style":"default","_bst_post_vertical_padding":"default","_bst_post_feature":"","_bst_post_feature_position":"","_bst_post_header":false,"_bst_post_footer":false},"product_brand":[],"product_cat":[15,384],"product_tag":[],"2_year_make_model":[],"class_list":{"0":"post-21840","1":"product","2":"type-product","3":"status-publish","4":"has-post-thumbnail","6":"product_cat-carkeyremote","7":"product_cat-for-lexus","9":"first","10":"instock","11":"sale","12":"shipping-taxable","13":"purchasable","14":"product-type-simple","15":"entry","16":"content-bg","17":"loop-entry"},"_links":{"self":[{"href":"https:\/\/keylessbest.com\/de\/wp-json\/wp\/v2\/product\/21840","targetHints":{"allow":["GET"]}}],"collection":[{"href":"https:\/\/keylessbest.com\/de\/wp-json\/wp\/v2\/product"}],"about":[{"href":"https:\/\/keylessbest.com\/de\/wp-json\/wp\/v2\/types\/product"}],"replies":[{"embeddable":true,"href":"https:\/\/keylessbest.com\/de\/wp-json\/wp\/v2\/comments?post=21840"}],"version-history":[{"count":3,"href":"https:\/\/keylessbest.com\/de\/wp-json\/wp\/v2\/product\/21840\/revisions"}],"predecessor-version":[{"id":21847,"href":"https:\/\/keylessbest.com\/de\/wp-json\/wp\/v2\/product\/21840\/revisions\/21847"}],"wp:featuredmedia":[{"embeddable":true,"href":"https:\/\/keylessbest.com\/de\/wp-json\/wp\/v2\/media\/21841"}],"wp:attachment":[{"href":"https:\/\/keylessbest.com\/de\/wp-json\/wp\/v2\/media?parent=21840"}],"wp:term":[{"taxonomy":"product_brand","embeddable":true,"href":"https:\/\/keylessbest.com\/de\/wp-json\/wp\/v2\/product_brand?post=21840"},{"taxonomy":"product_cat","embeddable":true,"href":"https:\/\/keylessbest.com\/de\/wp-json\/wp\/v2\/product_cat?post=21840"},{"taxonomy":"product_tag","embeddable":true,"href":"https:\/\/keylessbest.com\/de\/wp-json\/wp\/v2\/product_tag?post=21840"},{"taxonomy":"2_year_make_model","embeddable":true,"href":"https:\/\/keylessbest.com\/de\/wp-json\/wp\/v2\/2_year_make_model?post=21840"}],"curies":[{"name":"wp","href":"https:\/\/api.w.org\/{rel}","templated":true}]}}