{"id":22276,"date":"2026-04-08T03:25:20","date_gmt":"2026-04-08T03:25:20","guid":{"rendered":"https:\/\/keylessbest.com\/?post_type=product&#038;p=22276"},"modified":"2026-04-08T03:25:21","modified_gmt":"2026-04-08T03:25:21","slug":"2021-kia-stinger-key-fob-433mhz-95440-j5700","status":"publish","type":"product","link":"https:\/\/keylessbest.com\/de\/product\/2021-kia-stinger-key-fob-433mhz-95440-j5700\/","title":{"rendered":"2021 KIA Stinger Key Fob 433MHz 95440-J5700"},"content":{"rendered":"<p>*The detailed information of this 2021 KIA Stinger\u00a0keyless remote fob is as follows. Please confirm the following details match your vehicle before ordering: FCC ID , Part Number,Year,Model,IC ,Frequency,Chip, and Buttons.<\/p>\n<h6><strong><b>Produktinformationen: <\/b><\/strong><strong><b>\u00a0\u00a0\u00a0\u00a0\u00a0\u00a0\u00a0\u00a0\u00a0\u00a0\u00a0\u00a0\u00a0<\/b><\/strong><\/h6>\n<ul>\n<li>PN: 95440-J5700<\/li>\n<li>Frequenz: 433MHz<\/li>\n<\/ul>\n<h6><strong><b>Das Referenzmodell:<\/b><\/strong><\/h6>\n<ul>\n<li>2021 KIA Stinger<\/li>\n<\/ul>\n<h6><strong><b>Lieferumfang:<\/b><\/strong><\/h6>\n<ul>\n<li>Ein neuer schl\u00fcsselloser Fernbedienungsschl\u00fcssel f\u00fcr den Aftermarket<\/li>\n<li>Einen kostenlosen Ersatz-Notfall-Einf\u00fcgeschl\u00fcssel f\u00fcr den Aftermarket<\/li>\n<li>Alle Sender werden mit einer Batterie geliefert<\/li>\n<li>Alle Einheiten werden vor dem Versand getestet<\/li>\n<li>2-Jahres 100% Zufriedenheitsgarantie und Garantie<\/li>\n<\/ul>\n<h6><strong><b>Hinweis:<\/b><\/strong><\/h6>\n<ul>\n<li>The 2021 KIA Stingersmart keyless entry fob replacement \u2013 without a logo, with an uncut emergency insert key included.<\/li>\n<li>Wir schneiden oder programmieren den Fernschl\u00fcssel nicht. F\u00fcr die Preisgestaltung wenden Sie sich bitte an den \u00f6rtlichen Schl\u00fcsseldienst oder H\u00e4ndler.<\/li>\n<li>Dieser Sender ist kompatibel mit Fahrzeugen, die \u00fcber einen Dashboard-Start\/Stopp-Knopf oder Drehknauf-Startsystem verf\u00fcgen, sowie mit einem Proxy-Schl\u00fcsselloses-Eintrittssystem.<\/li>\n<li>Der Preis gilt f\u00fcr eine komplette Ersatz-Schl\u00fcsselloseingangsfernbedienung, Notfallschl\u00fcssel inklusive.<\/li>\n<li>Daher empfehlen wir dringend, dass Sie Ihren\u00a0SCHL\u00dcSSELANLAGE\u00a0von einem professionellen Schl\u00fcsseldienst oder H\u00e4ndler programmieren lassen.<\/li>\n<\/ul>\n<h6><strong><b>Programmierressourcen\u00a0<\/b><\/strong><\/h6>\n<p>Vielen Dank, dass Sie sich f\u00fcr uns entschieden haben.<\/p>\n<p>Wir sind einer der professionellsten Hersteller von Autoschl\u00fcsseln, schl\u00fcssellosen Systemen, Auto-Remote-Schl\u00fcsseln, Transponderchips, Schl\u00fcsselprogrammierern, Auto-Schl\u00fcsselgeh\u00e4usen, Autoschl\u00f6ssern, Schl\u00fcsseldienstwerkzeugen und so weiter. Au\u00dferdem verf\u00fcgt unser Unternehmen\u00a0\u00a0\u00fcber ein professionelles Team und eine Produktionslinie. Dar\u00fcber hinaus spezialisieren wir uns auf die Herstellung verschiedener Autoschl\u00fcssel, Schl\u00fcsselgeh\u00e4use und Schl\u00fcsseldienstwerkzeuge. Wir k\u00fcmmern uns auch um Entwicklung, Herstellung und Gro\u00dfhandel von Auto-Sicherheits- und Schutzprodukten.<\/p>\n<p>Wettbewerbsf\u00e4hige Preise und engagierte Dienstleistungen helfen Ihnen, einen guten Markt zu erschlie\u00dfen. Au\u00dferdem bieten \u00fcber 10 junge und energische Vertriebsteams schnellen, professionellen und freundlichen Service jederzeit. Zus\u00e4tzlich werden alle unsere Produkte direkt aus dem Lager in Deutschland, Kanada und Mexiko versendet. Die Waren, die Sie gekauft haben, werden innerhalb von 48 Stunden nach Bestellung verpackt und versendet. Mehr als 100% unserer Produkte sind auf Lager, und der Bestand ist ausreichend.<\/p>\n<p>&nbsp;<\/p>","protected":false},"excerpt":{"rendered":"<p>*The detailed information of this 2021 KIA Stinger\u00a0keyless remote fob is as follows. Please confirm the following details match your vehicle before ordering: FCC ID , Part Number,Year,Model,IC ,Frequency,Chip, and Buttons. Product Information: \u00a0\u00a0\u00a0\u00a0\u00a0\u00a0\u00a0\u00a0\u00a0\u00a0\u00a0\u00a0\u00a0 PN: 95440-J5700 Frequency:433MHz The reference\u00a0model\uff1a 2021 KIA Stinger Package Inclusions: A new aftermarket keyless remote fob A free aftermarket emergency insert&#8230;<\/p>","protected":false},"featured_media":22271,"comment_status":"open","ping_status":"closed","template":"","meta":{"_bst_post_transparent":"default","_bst_post_title":"","_bst_post_layout":"default","_bst_post_sidebar_id":"","_bst_post_content_style":"default","_bst_post_vertical_padding":"default","_bst_post_feature":"","_bst_post_feature_position":"","_bst_post_header":false,"_bst_post_footer":false},"product_brand":[],"product_cat":[15,168],"product_tag":[],"2_year_make_model":[],"class_list":{"0":"post-22276","1":"product","2":"type-product","3":"status-publish","4":"has-post-thumbnail","6":"product_cat-carkeyremote","7":"product_cat-for-hyundai","9":"first","10":"instock","11":"sale","12":"shipping-taxable","13":"purchasable","14":"product-type-simple","15":"entry","16":"content-bg","17":"loop-entry"},"_links":{"self":[{"href":"https:\/\/keylessbest.com\/de\/wp-json\/wp\/v2\/product\/22276","targetHints":{"allow":["GET"]}}],"collection":[{"href":"https:\/\/keylessbest.com\/de\/wp-json\/wp\/v2\/product"}],"about":[{"href":"https:\/\/keylessbest.com\/de\/wp-json\/wp\/v2\/types\/product"}],"replies":[{"embeddable":true,"href":"https:\/\/keylessbest.com\/de\/wp-json\/wp\/v2\/comments?post=22276"}],"version-history":[{"count":2,"href":"https:\/\/keylessbest.com\/de\/wp-json\/wp\/v2\/product\/22276\/revisions"}],"predecessor-version":[{"id":22278,"href":"https:\/\/keylessbest.com\/de\/wp-json\/wp\/v2\/product\/22276\/revisions\/22278"}],"wp:featuredmedia":[{"embeddable":true,"href":"https:\/\/keylessbest.com\/de\/wp-json\/wp\/v2\/media\/22271"}],"wp:attachment":[{"href":"https:\/\/keylessbest.com\/de\/wp-json\/wp\/v2\/media?parent=22276"}],"wp:term":[{"taxonomy":"product_brand","embeddable":true,"href":"https:\/\/keylessbest.com\/de\/wp-json\/wp\/v2\/product_brand?post=22276"},{"taxonomy":"product_cat","embeddable":true,"href":"https:\/\/keylessbest.com\/de\/wp-json\/wp\/v2\/product_cat?post=22276"},{"taxonomy":"product_tag","embeddable":true,"href":"https:\/\/keylessbest.com\/de\/wp-json\/wp\/v2\/product_tag?post=22276"},{"taxonomy":"2_year_make_model","embeddable":true,"href":"https:\/\/keylessbest.com\/de\/wp-json\/wp\/v2\/2_year_make_model?post=22276"}],"curies":[{"name":"wp","href":"https:\/\/api.w.org\/{rel}","templated":true}]}}