{"id":11233,"date":"2023-07-08T05:53:03","date_gmt":"2023-07-08T05:53:03","guid":{"rendered":"https:\/\/demos.coderplace.com\/woo\/WCM02\/WCM02045\/WP01\/?page_id=11233"},"modified":"2025-07-31T07:21:19","modified_gmt":"2025-07-31T07:21:19","slug":"politicas-de-compra-segura","status":"publish","type":"page","link":"https:\/\/keylessbest.com\/es\/politicas-de-compra-segura\/","title":{"rendered":"Compra segura y pol\u00edticas"},"content":{"rendered":"<div data-elementor-type=\"wp-page\" data-elementor-id=\"11233\" class=\"elementor elementor-11233\" data-elementor-post-type=\"page\">\n\t\t\t\t<div class=\"elementor-element elementor-element-de0e684 e-flex e-con-boxed e-con e-parent\" data-id=\"de0e684\" data-element_type=\"container\">\n\t\t\t\t\t<div class=\"e-con-inner\">\n\t\t\t\t<div class=\"elementor-element elementor-element-eed2eaf elementor-widget elementor-widget-text-editor\" data-id=\"eed2eaf\" data-element_type=\"widget\" data-widget_type=\"text-editor.default\">\n\t\t\t\t\t\t\t\t\t<p><strong>Para garantizar la seguridad y privacidad de su informaci\u00f3n personal y la seguridad de su tarjeta de cr\u00e9dito.<\/strong><\/p><p><strong>Para lograr este nivel de seguridad, empleamos tecnolog\u00edas de cifrado est\u00e1ndar de la industria, incluyendo pero no limit\u00e1ndose a conexiones SSL durante el proceso de compra, para proteger su n\u00famero de tarjeta de cr\u00e9dito y otros datos del consumidor cuando se intercambian con nuestro sitio web.<\/strong><\/p><p><strong>Su informaci\u00f3n de tarjeta de cr\u00e9dito siempre est\u00e1 segura. Los pedidos son procesados por la Divisi\u00f3n de Servicios Comerciales de Bank of America (proveedor de pagos con tarjeta de cr\u00e9dito de Yahoo Store). Puede comprar en nuestro sitio web con confianza, ya que est\u00e1 certificado con seguridad 100% y utiliza tecnolog\u00eda de seguridad SSL para garantizar que su informaci\u00f3n est\u00e9 segura. Durante el proceso de compra, la informaci\u00f3n de su tarjeta de cr\u00e9dito est\u00e1 protegida mediante una conexi\u00f3n SSL. Adem\u00e1s, solo almacenamos su n\u00famero de tarjeta en archivo durante 4 semanas desde la fecha de compra. No conservamos su n\u00famero de tarjeta por m\u00e1s tiempo que eso. No necesitamos su n\u00famero de tarjeta de cr\u00e9dito, por lo que no lo retenemos. Esto reduce en gran medida el riesgo de que su informaci\u00f3n de tarjeta de cr\u00e9dito sea robada.<\/strong><\/p><p><strong>Cuando compra un producto, recopilamos su informaci\u00f3n personal como nombre, direcci\u00f3n y detalles de pago. Tambi\u00e9n podemos necesitar solicitar informaci\u00f3n sobre su veh\u00edculo. Es posible que usemos esta informaci\u00f3n para contactarlo y ayudar a procesar su pedido de manera oportuna. No vendemos ni compartimos informaci\u00f3n personal con nadie a menos que sea necesario para cumplir con obligaciones legales.<\/strong><\/p>\t\t\t\t\t\t\t\t<\/div>\n\t\t\t\t\t<\/div>\n\t\t\t\t<\/div>\n\t\t\t\t<\/div>","protected":false},"excerpt":{"rendered":"<p>To ensure the security and privacy of your personal information and the safety of your credit card. To achieve this level of security, we employ industry-standard encryption technologies, including but not limited to SSL connections during checkout, to protect your credit card number and other consumer data when exchanged with our website. Your credit card&#8230;<\/p>","protected":false},"author":1,"featured_media":0,"parent":0,"menu_order":0,"comment_status":"closed","ping_status":"closed","template":"","meta":{"_bst_post_transparent":"","_bst_post_title":"hide","_bst_post_layout":"fullwidth","_bst_post_sidebar_id":"","_bst_post_content_style":"unboxed","_bst_post_vertical_padding":"hide","_bst_post_feature":"hide","_bst_post_feature_position":"","_bst_post_header":false,"_bst_post_footer":false,"footnotes":""},"class_list":["post-11233","page","type-page","status-publish","hentry"],"_links":{"self":[{"href":"https:\/\/keylessbest.com\/es\/wp-json\/wp\/v2\/pages\/11233","targetHints":{"allow":["GET"]}}],"collection":[{"href":"https:\/\/keylessbest.com\/es\/wp-json\/wp\/v2\/pages"}],"about":[{"href":"https:\/\/keylessbest.com\/es\/wp-json\/wp\/v2\/types\/page"}],"author":[{"embeddable":true,"href":"https:\/\/keylessbest.com\/es\/wp-json\/wp\/v2\/users\/1"}],"replies":[{"embeddable":true,"href":"https:\/\/keylessbest.com\/es\/wp-json\/wp\/v2\/comments?post=11233"}],"version-history":[{"count":4,"href":"https:\/\/keylessbest.com\/es\/wp-json\/wp\/v2\/pages\/11233\/revisions"}],"predecessor-version":[{"id":13641,"href":"https:\/\/keylessbest.com\/es\/wp-json\/wp\/v2\/pages\/11233\/revisions\/13641"}],"wp:attachment":[{"href":"https:\/\/keylessbest.com\/es\/wp-json\/wp\/v2\/media?parent=11233"}],"curies":[{"name":"wp","href":"https:\/\/api.w.org\/{rel}","templated":true}]}}