{"id":13523,"date":"2025-07-18T03:30:00","date_gmt":"2025-07-18T03:30:00","guid":{"rendered":"https:\/\/hanwuji.shengjit.com\/?page_id=13523"},"modified":"2025-07-29T10:52:12","modified_gmt":"2025-07-29T10:52:12","slug":"preguntas-frecuentes-2","status":"publish","type":"page","link":"https:\/\/keylessbest.com\/es\/preguntas-frecuentes-2\/","title":{"rendered":"Preguntas frecuentes"},"content":{"rendered":"<div data-elementor-type=\"wp-page\" data-elementor-id=\"13523\" class=\"elementor elementor-13523\" data-elementor-post-type=\"page\">\n\t\t\t\t<div class=\"elementor-element elementor-element-8c36c7c e-flex e-con-boxed e-con e-parent\" data-id=\"8c36c7c\" data-element_type=\"container\">\n\t\t\t\t\t<div class=\"e-con-inner\">\n\t\t\t\t<div class=\"elementor-element elementor-element-88c91b6 elementor-widget elementor-widget-heading\" data-id=\"88c91b6\" data-element_type=\"widget\" data-widget_type=\"heading.default\">\n\t\t\t\t\t<h2 class=\"elementor-heading-title elementor-size-default\">P: \u00bfTe preguntas qu\u00e9 llavero necesitas? <\/h2>\t\t\t\t<\/div>\n\t\t\t\t<div class=\"elementor-element elementor-element-ee6740e elementor-widget elementor-widget-text-editor\" data-id=\"ee6740e\" data-element_type=\"widget\" data-widget_type=\"text-editor.default\">\n\t\t\t\t\t\t\t\t\t<p>R: Hemos simplificado el proceso para ti. Solo busca usando el a\u00f1o, la marca y el modelo de tu veh\u00edculo. En caso de que tu b\u00fasqueda arroje varias opciones de llaveros, simplemente coincide el dise\u00f1o de botones de tu remoto actual con los de los resultados de b\u00fasqueda. Y aunque elijas el incorrecto, es muy probable que cualquiera de los llaveros listados sea compatible con tu veh\u00edculo.<\/p>\t\t\t\t\t\t\t\t<\/div>\n\t\t\t\t\t<\/div>\n\t\t\t\t<\/div>\n\t\t<div class=\"elementor-element elementor-element-98463d3 e-flex e-con-boxed e-con e-parent\" data-id=\"98463d3\" data-element_type=\"container\">\n\t\t\t\t\t<div class=\"e-con-inner\">\n\t\t\t\t<div class=\"elementor-element elementor-element-5404164 elementor-widget elementor-widget-heading\" data-id=\"5404164\" data-element_type=\"widget\" data-widget_type=\"heading.default\">\n\t\t\t\t\t<h2 class=\"elementor-heading-title elementor-size-default\">P: \u00bfC\u00f3mo puedo programar mi remoto para que funcione con mi veh\u00edculo?<\/h2>\t\t\t\t<\/div>\n\t\t\t\t<div class=\"elementor-element elementor-element-c309721 elementor-widget elementor-widget-text-editor\" data-id=\"c309721\" data-element_type=\"widget\" data-widget_type=\"text-editor.default\">\n\t\t\t\t\t\t\t\t\t<p>R: Cada llavero necesita ser programado para tu veh\u00edculo espec\u00edfico antes de que pueda funcionar. Hay dos formas de hacerlo:<\/p><p>Auto-Programaci\u00f3n<br \/>Si el llavero de tu veh\u00edculo soporta la auto-programaci\u00f3n, solo sigue las instrucciones proporcionadas por el fabricante. El proceso puede ser un poco complicado, as\u00ed que t\u00f3mate tu tiempo y aseg\u00farate de seguir cada paso con precisi\u00f3n.<\/p><p>Programaci\u00f3n Profesional<br \/>Ciertos veh\u00edculos requieren equipo especializado para programar el llavero. En estos casos, deber\u00e1s acudir a un profesional programador\u2014esto puede ser un concesionario, un cerrajero o un mec\u00e1nico.<\/p>\t\t\t\t\t\t\t\t<\/div>\n\t\t\t\t\t<\/div>\n\t\t\t\t<\/div>\n\t\t<div class=\"elementor-element elementor-element-b7223a6 e-flex e-con-boxed e-con e-parent\" data-id=\"b7223a6\" data-element_type=\"container\">\n\t\t\t\t\t<div class=\"e-con-inner\">\n\t\t\t\t<div class=\"elementor-element elementor-element-7bf0a11 elementor-widget elementor-widget-heading\" data-id=\"7bf0a11\" data-element_type=\"widget\" data-widget_type=\"heading.default\">\n\t\t\t\t\t<h2 class=\"elementor-heading-title elementor-size-default\">P: \u00bfTienes problemas para programar tu remoto por tu cuenta?<\/h2>\t\t\t\t<\/div>\n\t\t\t\t<div class=\"elementor-element elementor-element-053a419 elementor-widget elementor-widget-text-editor\" data-id=\"053a419\" data-element_type=\"widget\" data-widget_type=\"text-editor.default\">\n\t\t\t\t\t\t\t\t\t<p>R: Primero, aseg\u00farate de que tu veh\u00edculo entre con \u00e9xito en modo de programaci\u00f3n\u2014lo sabr\u00e1s cuando las cerraduras hagan un ciclo, la bocina emita un pitido, o las luces parpadeen. Si eso no sucede, intenta reactivar el modo\u2014tener el timing correcto es clave aqu\u00ed.<\/p><p>Si el veh\u00edculo est\u00e1 en modo de programaci\u00f3n pero el remoto a\u00fan no se sincroniza:<\/p><ul><li>Verifica la bater\u00eda del llavero.<\/li><li>Revisa la orientaci\u00f3n de la bater\u00eda (aseg\u00farate de que el lado positivo est\u00e9 alineado con el s\u00edmbolo '+').<\/li><li>Confirma que los n\u00fameros de pieza en la parte trasera del llavero coincidan con los de un remoto que ya funciona. Si no, env\u00eda un correo a xxxx.<\/li><\/ul><p>\u00bfA\u00fan no funciona? Desconecta la bater\u00eda de tu coche durante 10 minutos, vuelve a conectarla y luego inicia el proceso de programaci\u00f3n nuevamente.<\/p>\t\t\t\t\t\t\t\t<\/div>\n\t\t\t\t\t<\/div>\n\t\t\t\t<\/div>\n\t\t<div class=\"elementor-element elementor-element-f4ecbea e-flex e-con-boxed e-con e-parent\" data-id=\"f4ecbea\" data-element_type=\"container\">\n\t\t\t\t\t<div class=\"e-con-inner\">\n\t\t\t\t<div class=\"elementor-element elementor-element-ed63757 elementor-widget elementor-widget-heading\" data-id=\"ed63757\" data-element_type=\"widget\" data-widget_type=\"heading.default\">\n\t\t\t\t\t<h2 class=\"elementor-heading-title elementor-size-default\">P: Llam\u00e9 a mi concesionario y me dijeron que mi remoto SOLO puede ser programado usando sus ordenadores o herramientas\u2014y que costar\u00e1 una fortuna. \u00bfHay alguna forma de programarlo sin gastar mucho?<\/h2>\t\t\t\t<\/div>\n\t\t\t\t<div class=\"elementor-element elementor-element-57edee9 elementor-widget elementor-widget-text-editor\" data-id=\"57edee9\" data-element_type=\"widget\" data-widget_type=\"text-editor.default\">\n\t\t\t\t\t\t\t\t\t<p>En algunas ocasiones, puedes programarlo t\u00fa mismo sin necesidad de herramientas o habilidades t\u00e9cnicas especiales. Normalmente, todo lo que necesitar\u00e1s es el mando a distancia, tu llave de encendido y tu veh\u00edculo. Para mandos donde la auto-programaci\u00f3n es posible, proporcionamos instrucciones de programaci\u00f3n gratuitas.<\/p>\t\t\t\t\t\t\t\t<\/div>\n\t\t\t\t\t<\/div>\n\t\t\t\t<\/div>\n\t\t<div class=\"elementor-element elementor-element-acea352 e-flex e-con-boxed e-con e-parent\" data-id=\"acea352\" data-element_type=\"container\">\n\t\t\t\t\t<div class=\"e-con-inner\">\n\t\t\t\t<div class=\"elementor-element elementor-element-ae6fd4d elementor-widget elementor-widget-heading\" data-id=\"ae6fd4d\" data-element_type=\"widget\" data-widget_type=\"heading.default\">\n\t\t\t\t\t<h2 class=\"elementor-heading-title elementor-size-default\">P: \u00bfC\u00f3mo puedes saber si la bater\u00eda de tu llavero est\u00e1 bajando de nivel?<\/h2>\t\t\t\t<\/div>\n\t\t\t\t<div class=\"elementor-element elementor-element-b44f7b6 elementor-widget elementor-widget-text-editor\" data-id=\"b44f7b6\" data-element_type=\"widget\" data-widget_type=\"text-editor.default\">\n\t\t\t\t\t\t\t\t\t<p>R: Hay algunas se\u00f1ales evidentes de que la bater\u00eda de tu llavero se est\u00e1 agotando: puede que tengas que presionar los botones varias veces antes de que respondan, o que la se\u00f1al del llavero no llegue tan lejos como antes al veh\u00edculo. Lamentablemente, la mayor\u00eda de los llaveros no tienen un indicador incorporado para alertarte cuando la bater\u00eda est\u00e1 baja\u2014por eso es recomendable tener una bater\u00eda de repuesto a mano, por si la actual se agota inesperadamente.<\/p>\t\t\t\t\t\t\t\t<\/div>\n\t\t\t\t\t<\/div>\n\t\t\t\t<\/div>\n\t\t\t\t<\/div>","protected":false},"excerpt":{"rendered":"<p>Q: Wondering which key fob you require? A: We\u2019ve simplified the process for you. Just search using your vehicle\u2019s year, make, and model. In case your search yields multiple key fob options, simply match the button layout of your current remote with those in the search results. And even if you happen to choose the&#8230;<\/p>","protected":false},"author":1,"featured_media":0,"parent":0,"menu_order":0,"comment_status":"closed","ping_status":"closed","template":"","meta":{"_bst_post_transparent":"","_bst_post_title":"hide","_bst_post_layout":"fullwidth","_bst_post_sidebar_id":"","_bst_post_content_style":"unboxed","_bst_post_vertical_padding":"hide","_bst_post_feature":"hide","_bst_post_feature_position":"","_bst_post_header":false,"_bst_post_footer":false,"footnotes":""},"class_list":["post-13523","page","type-page","status-publish","hentry"],"_links":{"self":[{"href":"https:\/\/keylessbest.com\/es\/wp-json\/wp\/v2\/pages\/13523","targetHints":{"allow":["GET"]}}],"collection":[{"href":"https:\/\/keylessbest.com\/es\/wp-json\/wp\/v2\/pages"}],"about":[{"href":"https:\/\/keylessbest.com\/es\/wp-json\/wp\/v2\/types\/page"}],"author":[{"embeddable":true,"href":"https:\/\/keylessbest.com\/es\/wp-json\/wp\/v2\/users\/1"}],"replies":[{"embeddable":true,"href":"https:\/\/keylessbest.com\/es\/wp-json\/wp\/v2\/comments?post=13523"}],"version-history":[{"count":4,"href":"https:\/\/keylessbest.com\/es\/wp-json\/wp\/v2\/pages\/13523\/revisions"}],"predecessor-version":[{"id":13605,"href":"https:\/\/keylessbest.com\/es\/wp-json\/wp\/v2\/pages\/13523\/revisions\/13605"}],"wp:attachment":[{"href":"https:\/\/keylessbest.com\/es\/wp-json\/wp\/v2\/media?parent=13523"}],"curies":[{"name":"wp","href":"https:\/\/api.w.org\/{rel}","templated":true}]}}