{"id":13526,"date":"2025-07-18T03:30:43","date_gmt":"2025-07-18T03:30:43","guid":{"rendered":"https:\/\/hanwuji.shengjit.com\/?page_id=13526"},"modified":"2025-07-31T07:18:17","modified_gmt":"2025-07-31T07:18:17","slug":"descuento-mayorista","status":"publish","type":"page","link":"https:\/\/keylessbest.com\/es\/descuento-mayorista\/","title":{"rendered":"Descuento mayorista"},"content":{"rendered":"<div data-elementor-type=\"wp-page\" data-elementor-id=\"13526\" class=\"elementor elementor-13526\" data-elementor-post-type=\"page\">\n\t\t\t\t<div class=\"elementor-element elementor-element-d3f44a4 e-flex e-con-boxed e-con e-parent\" data-id=\"d3f44a4\" data-element_type=\"container\">\n\t\t\t\t\t<div class=\"e-con-inner\">\n\t\t\t\t<div class=\"elementor-element elementor-element-b26c60a elementor-widget elementor-widget-text-editor\" data-id=\"b26c60a\" data-element_type=\"widget\" data-widget_type=\"text-editor.default\">\n\t\t\t\t\t\t\t\t\t<p><strong>Formulario de pago<\/strong><\/p><p><strong>Aceptamos VISA, MasterCard, American Express, Discover (incluyendo tarjetas de cr\u00e9dito\/d\u00e9bito) y PayPal. Puede realizar pedidos en l\u00ednea a trav\u00e9s de nuestra red segura, y el pago con PayPal no requiere proporcionar informaci\u00f3n de la tarjeta.<\/strong><br \/><strong>Los pagos con tarjeta de cr\u00e9dito son procesados por Bank of America, y los pagos con PayPal son gestionados por PayPal (una filial de eBay), sin divulgaci\u00f3n de informaci\u00f3n de pago.<\/strong><\/p><p><strong>Garant\u00eda de seguridad<\/strong><br \/><strong>Utilizamos tecnolog\u00eda de cifrado SSL para proteger la informaci\u00f3n del usuario y prevenir p\u00e9rdidas, uso indebido o manipulaci\u00f3n. El proceso de pago est\u00e1 encriptado por Yahoo y Equifax, y el sitio web es probado diariamente por Norton Secured y VeriSign para garantizar una compra segura.<\/strong><\/p>\t\t\t\t\t\t\t\t<\/div>\n\t\t\t\t\t<\/div>\n\t\t\t\t<\/div>\n\t\t\t\t<\/div>","protected":false},"excerpt":{"rendered":"<p>Payment Form We accept VISA, MasterCard, American Express, Discover (including credit\/debit cards), and PayPal. You can place orders online through our secure network, and PayPal checkout does not require providing card information.Credit card payments are processed by Bank of America, and PayPal payments are processed by PayPal (a subsidiary of eBay), with no disclosure of&#8230;<\/p>","protected":false},"author":1,"featured_media":0,"parent":0,"menu_order":0,"comment_status":"closed","ping_status":"closed","template":"","meta":{"_bst_post_transparent":"","_bst_post_title":"hide","_bst_post_layout":"fullwidth","_bst_post_sidebar_id":"","_bst_post_content_style":"unboxed","_bst_post_vertical_padding":"hide","_bst_post_feature":"hide","_bst_post_feature_position":"","_bst_post_header":false,"_bst_post_footer":false,"footnotes":""},"class_list":["post-13526","page","type-page","status-publish","hentry"],"_links":{"self":[{"href":"https:\/\/keylessbest.com\/es\/wp-json\/wp\/v2\/pages\/13526","targetHints":{"allow":["GET"]}}],"collection":[{"href":"https:\/\/keylessbest.com\/es\/wp-json\/wp\/v2\/pages"}],"about":[{"href":"https:\/\/keylessbest.com\/es\/wp-json\/wp\/v2\/types\/page"}],"author":[{"embeddable":true,"href":"https:\/\/keylessbest.com\/es\/wp-json\/wp\/v2\/users\/1"}],"replies":[{"embeddable":true,"href":"https:\/\/keylessbest.com\/es\/wp-json\/wp\/v2\/comments?post=13526"}],"version-history":[{"count":10,"href":"https:\/\/keylessbest.com\/es\/wp-json\/wp\/v2\/pages\/13526\/revisions"}],"predecessor-version":[{"id":13634,"href":"https:\/\/keylessbest.com\/es\/wp-json\/wp\/v2\/pages\/13526\/revisions\/13634"}],"wp:attachment":[{"href":"https:\/\/keylessbest.com\/es\/wp-json\/wp\/v2\/media?parent=13526"}],"curies":[{"name":"wp","href":"https:\/\/api.w.org\/{rel}","templated":true}]}}